{"id":28836,"date":"2024-06-04T14:23:24","date_gmt":"2024-06-04T12:23:24","guid":{"rendered":"https:\/\/dev-proone.ch\/panier\/"},"modified":"2024-10-03T16:27:38","modified_gmt":"2024-10-03T14:27:38","slug":"merkliste","status":"publish","type":"page","link":"https:\/\/pro-one.ch\/de\/merkliste\/","title":{"rendered":"Merkliste"},"content":{"rendered":"\n<div data-block-name=\"woocommerce\/cart\" class=\"wp-block-woocommerce-cart alignwide is-loading wc-block-cart\">\n<div data-block-name=\"woocommerce\/filled-cart-block\" class=\"wp-block-woocommerce-filled-cart-block\">\n<div data-block-name=\"woocommerce\/cart-items-block\" class=\"wp-block-woocommerce-cart-items-block\">\n<div data-block-name=\"woocommerce\/cart-line-items-block\" class=\"wp-block-woocommerce-cart-line-items-block\"><\/div>\n\n\n\n<div data-block-name=\"woocommerce\/cart-cross-sells-block\" class=\"wp-block-woocommerce-cart-cross-sells-block\">\n<h2 class=\"wp-block-heading has-large-font-size\">\u00c7a peut vous int\u00e9resser&#8230;<\/h2>\n\n\n\n<div data-block-name=\"woocommerce\/cart-cross-sells-products-block\" class=\"wp-block-woocommerce-cart-cross-sells-products-block\"><\/div>\n<\/div>\n<\/div>\n\n\n\n<div data-block-name=\"woocommerce\/cart-totals-block\" class=\"wp-block-woocommerce-cart-totals-block\">\n<div data-block-name=\"woocommerce\/cart-order-summary-block\" class=\"wp-block-woocommerce-cart-order-summary-block\">\n<div data-block-name=\"woocommerce\/cart-order-summary-heading-block\" data-content=\"Total panier\" class=\"wp-block-woocommerce-cart-order-summary-heading-block\"><\/div>\n\n\n\n<div data-block-name=\"woocommerce\/cart-order-summary-coupon-form-block\" class=\"wp-block-woocommerce-cart-order-summary-coupon-form-block\"><\/div>\n\n\n\n<div data-block-name=\"woocommerce\/cart-order-summary-totals-block\" class=\"wp-block-woocommerce-cart-order-summary-totals-block\">\n<div data-block-name=\"woocommerce\/cart-order-summary-subtotal-block\" class=\"wp-block-woocommerce-cart-order-summary-subtotal-block\"><\/div>\n\n\n\n<div data-block-name=\"woocommerce\/cart-order-summary-fee-block\" class=\"wp-block-woocommerce-cart-order-summary-fee-block\"><\/div>\n\n\n\n<div data-block-name=\"woocommerce\/cart-order-summary-discount-block\" class=\"wp-block-woocommerce-cart-order-summary-discount-block\"><\/div>\n\n\n\n<div data-block-name=\"woocommerce\/cart-order-summary-shipping-block\" class=\"wp-block-woocommerce-cart-order-summary-shipping-block\"><\/div>\n\n\n\n<div data-block-name=\"woocommerce\/cart-order-summary-taxes-block\" class=\"wp-block-woocommerce-cart-order-summary-taxes-block\"><\/div>\n<\/div>\n<\/div>\n\n\n\n<div data-block-name=\"woocommerce\/cart-express-payment-block\" class=\"wp-block-woocommerce-cart-express-payment-block\"><\/div>\n\n\n\n<div data-block-name=\"woocommerce\/proceed-to-checkout-block\" class=\"wp-block-woocommerce-proceed-to-checkout-block\"><\/div>\n\n\n\n<div data-block-name=\"woocommerce\/cart-accepted-payment-methods-block\" class=\"wp-block-woocommerce-cart-accepted-payment-methods-block\"><\/div>\n<\/div>\n<\/div>\n\n\n\n<div data-block-name=\"woocommerce\/empty-cart-block\" class=\"wp-block-woocommerce-empty-cart-block\">\n<h2 class=\"wp-block-heading has-text-align-center with-empty-cart-icon wc-block-cart__empty-cart__title\">Votre panier est actuellement vide\u00a0!<\/h2>\n\n\n\n<p class=\"has-text-align-center\"><a href=\"https:\/\/dev-proone.ch\/shop\/\">Parcourir la boutique<\/a><\/p>\n\n\n\n<hr class=\"wp-block-separator has-alpha-channel-opacity is-style-dots\"\/>\n\n\n\n<h2 class=\"wp-block-heading has-text-align-center\">Nouveau dans la boutique<\/h2>\n\n\n<div data-block-name=\"woocommerce\/product-new\" data-columns=\"4\" data-rows=\"1\" class=\"wc-block-grid wp-block-product-new wp-block-woocommerce-product-new wc-block-product-new has-4-columns\"><ul class=\"wc-block-grid__products\"><li class=\"wc-block-grid__product\">\n\t\t\t\t<a href=\"https:\/\/pro-one.ch\/de\/produkte\/proone-schuhreiniger-edi\/\" class=\"wc-block-grid__product-link\">\n\t\t\t\t\t\n\t\t\t\t\t<div class=\"wc-block-grid__product-image\"><img fetchpriority=\"high\" decoding=\"async\" width=\"300\" height=\"300\" src=\"https:\/\/pro-one.ch\/wp-content\/uploads\/2026\/04\/9225388-300x300.jpg\" class=\"attachment-woocommerce_thumbnail size-woocommerce_thumbnail\" alt=\"ProOne Schuhreiniger Edi\" srcset=\"https:\/\/pro-one.ch\/wp-content\/uploads\/2026\/04\/9225388-300x300.jpg 300w, https:\/\/pro-one.ch\/wp-content\/uploads\/2026\/04\/9225388-150x150.jpg 150w, https:\/\/pro-one.ch\/wp-content\/uploads\/2026\/04\/9225388-100x100.jpg 100w\" sizes=\"(max-width: 300px) 100vw, 300px\" \/><\/div>\n\t\t\t\t\t<div class=\"wc-block-grid__product-title\">ProOne Schuhreiniger Edi<\/div>\n\t\t\t\t<\/a>\n\t\t\t\t<div class=\"wc-block-grid__product-price price\"><span class=\"woocommerce-Price-amount amount\"><span class=\"woocommerce-Price-currencySymbol\">&#067;&#072;&#070;<\/span>&nbsp;119.00<\/span><\/div>\n\t\t\t\t\n\t\t\t\t<div class=\"wp-block-button wc-block-grid__product-add-to-cart\"><a href=\"\/de\/wp-json\/wp\/v2\/pages\/28836?add-to-cart=87471\" aria-label=\"In den Warenkorb legen: \u201eProOne Schuhreiniger Edi\u201c\" data-quantity=\"1\" data-product_id=\"87471\" data-product_sku=\"\" data-price=\"119\" rel=\"nofollow\" class=\"wp-block-button__link  add_to_cart_button ajax_add_to_cart\">Merken<\/a><\/div>\n\t\t\t<\/li><li class=\"wc-block-grid__product\">\n\t\t\t\t<a href=\"https:\/\/pro-one.ch\/de\/produkte\/construboard-bauplatte\/\" class=\"wc-block-grid__product-link\">\n\t\t\t\t\t\n\t\t\t\t\t<div class=\"wc-block-grid__product-image\"><img decoding=\"async\" width=\"300\" height=\"300\" src=\"https:\/\/pro-one.ch\/wp-content\/uploads\/2026\/04\/9242506.jpg-300x300.jpg\" class=\"attachment-woocommerce_thumbnail size-woocommerce_thumbnail\" alt=\"ConstruBoard Bauplatte\" srcset=\"https:\/\/pro-one.ch\/wp-content\/uploads\/2026\/04\/9242506.jpg-300x300.jpg 300w, https:\/\/pro-one.ch\/wp-content\/uploads\/2026\/04\/9242506.jpg-150x150.jpg 150w, https:\/\/pro-one.ch\/wp-content\/uploads\/2026\/04\/9242506.jpg-100x100.jpg 100w\" sizes=\"(max-width: 300px) 100vw, 300px\" \/><\/div>\n\t\t\t\t\t<div class=\"wc-block-grid__product-title\">ConstruBoard Bauplatte<\/div>\n\t\t\t\t<\/a>\n\t\t\t\t<div class=\"wc-block-grid__product-price price\"><span class=\"woocommerce-Price-amount amount\" aria-hidden=\"true\"><span class=\"woocommerce-Price-currencySymbol\">&#067;&#072;&#070;<\/span>&nbsp;33.40<\/span> <span aria-hidden=\"true\"> \u2013 <\/span> <span class=\"woocommerce-Price-amount amount\" aria-hidden=\"true\"><span class=\"woocommerce-Price-currencySymbol\">&#067;&#072;&#070;<\/span>&nbsp;59.90<\/span><span class=\"screen-reader-text\">Preisspanne: &#067;&#072;&#070;&nbsp;33.40 bis &#067;&#072;&#070;&nbsp;59.90<\/span><\/div>\n\t\t\t\t\n\t\t\t\t<div class=\"wp-block-button wc-block-grid__product-add-to-cart\"><a href=\"https:\/\/pro-one.ch\/de\/produkte\/construboard-bauplatte\/\" aria-label=\"W\u00e4hle Optionen f\u00fcr \u201eConstruBoard Bauplatte\u201c\" data-quantity=\"1\" data-product_id=\"87428\" data-product_sku=\"\" data-price=\"33.4\" rel=\"nofollow\" class=\"wp-block-button__link  add_to_cart_button\">Ausf\u00fchrung w\u00e4hlen<\/a><\/div>\n\t\t\t<\/li><li class=\"wc-block-grid__product\">\n\t\t\t\t<a href=\"https:\/\/pro-one.ch\/de\/produkte\/portabler-stromverteiler\/\" class=\"wc-block-grid__product-link\">\n\t\t\t\t\t\n\t\t\t\t\t<div class=\"wc-block-grid__product-image\"><img decoding=\"async\" width=\"300\" height=\"300\" src=\"https:\/\/pro-one.ch\/wp-content\/uploads\/products\/9211712-300x300.jpg\" class=\"attachment-woocommerce_thumbnail size-woocommerce_thumbnail\" alt=\"Portabler Stromverteiler\" srcset=\"https:\/\/pro-one.ch\/wp-content\/uploads\/products\/9211712-300x300.jpg 300w, https:\/\/pro-one.ch\/wp-content\/uploads\/products\/9211712-150x150.jpg 150w, https:\/\/pro-one.ch\/wp-content\/uploads\/products\/9211712-100x100.jpg 100w\" sizes=\"(max-width: 300px) 100vw, 300px\" \/><\/div>\n\t\t\t\t\t<div class=\"wc-block-grid__product-title\">Portabler Stromverteiler<\/div>\n\t\t\t\t<\/a>\n\t\t\t\t<div class=\"wc-block-grid__product-price price\"><span class=\"woocommerce-Price-amount amount\"><span class=\"woocommerce-Price-currencySymbol\">&#067;&#072;&#070;<\/span>&nbsp;114.00<\/span><\/div>\n\t\t\t\t\n\t\t\t\t<div class=\"wp-block-button wc-block-grid__product-add-to-cart\"><a href=\"\/de\/wp-json\/wp\/v2\/pages\/28836?add-to-cart=87421\" aria-label=\"In den Warenkorb legen: \u201ePortabler Stromverteiler\u201c\" data-quantity=\"1\" data-product_id=\"87421\" data-product_sku=\"\" data-price=\"114\" rel=\"nofollow\" class=\"wp-block-button__link  add_to_cart_button ajax_add_to_cart\">Merken<\/a><\/div>\n\t\t\t<\/li><li class=\"wc-block-grid__product\">\n\t\t\t\t<a href=\"https:\/\/pro-one.ch\/de\/produkte\/intense-anti-schmutz-impraegnierung-fuer-porenarme-oberflaechen-2\/\" class=\"wc-block-grid__product-link\">\n\t\t\t\t\t\n\t\t\t\t\t<div class=\"wc-block-grid__product-image\"><img loading=\"lazy\" decoding=\"async\" width=\"300\" height=\"300\" src=\"https:\/\/pro-one.ch\/wp-content\/uploads\/products\/9148776-300x300.jpg\" class=\"attachment-woocommerce_thumbnail size-woocommerce_thumbnail\" alt=\"INTENSE Anti-Schmutz Impr\u00e4gnierung f\u00fcr porenarme Oberfl\u00e4chen\" srcset=\"https:\/\/pro-one.ch\/wp-content\/uploads\/products\/9148776-300x300.jpg 300w, https:\/\/pro-one.ch\/wp-content\/uploads\/products\/9148776-150x150.jpg 150w, https:\/\/pro-one.ch\/wp-content\/uploads\/products\/9148776-100x100.jpg 100w\" sizes=\"(max-width: 300px) 100vw, 300px\" \/><\/div>\n\t\t\t\t\t<div class=\"wc-block-grid__product-title\">INTENSE Anti-Schmutz Impr\u00e4gnierung f\u00fcr porenarme Oberfl\u00e4chen<\/div>\n\t\t\t\t<\/a>\n\t\t\t\t<div class=\"wc-block-grid__product-price price\"><span class=\"woocommerce-Price-amount amount\" aria-hidden=\"true\"><span class=\"woocommerce-Price-currencySymbol\">&#067;&#072;&#070;<\/span>&nbsp;48.60<\/span> <span aria-hidden=\"true\"> \u2013 <\/span> <span class=\"woocommerce-Price-amount amount\" aria-hidden=\"true\"><span class=\"woocommerce-Price-currencySymbol\">&#067;&#072;&#070;<\/span>&nbsp;62.40<\/span><span class=\"screen-reader-text\">Preisspanne: &#067;&#072;&#070;&nbsp;48.60 bis &#067;&#072;&#070;&nbsp;62.40<\/span><\/div>\n\t\t\t\t\n\t\t\t\t<div class=\"wp-block-button wc-block-grid__product-add-to-cart\"><a href=\"https:\/\/pro-one.ch\/de\/produkte\/intense-anti-schmutz-impraegnierung-fuer-porenarme-oberflaechen-2\/\" aria-label=\"W\u00e4hle Optionen f\u00fcr \u201eINTENSE Anti-Schmutz Impr\u00e4gnierung f\u00fcr porenarme Oberfl\u00e4chen\u201c\" data-quantity=\"1\" data-product_id=\"84257\" data-product_sku=\"9148776\" data-price=\"48.6\" rel=\"nofollow\" class=\"wp-block-button__link  add_to_cart_button\">Ausf\u00fchrung w\u00e4hlen<\/a><\/div>\n\t\t\t<\/li><\/ul><\/div><\/div>\n<\/div>\n","protected":false},"excerpt":{"rendered":"","protected":false},"author":1,"featured_media":0,"parent":0,"menu_order":0,"comment_status":"closed","ping_status":"closed","template":"","meta":{"footnotes":""},"class_list":["post-28836","page","type-page","status-publish","hentry"],"yoast_head":"<!-- This site is optimized with the Yoast SEO plugin v27.0 - https:\/\/yoast.com\/product\/yoast-seo-wordpress\/ -->\n<title>Merkliste - proone<\/title>\n<meta name=\"robots\" content=\"index, follow, max-snippet:-1, max-image-preview:large, max-video-preview:-1\" \/>\n<link rel=\"canonical\" href=\"https:\/\/pro-one.ch\/de\/merkliste\/\" \/>\n<meta property=\"og:locale\" content=\"de_DE\" \/>\n<meta property=\"og:type\" content=\"article\" \/>\n<meta property=\"og:title\" content=\"Merkliste - proone\" \/>\n<meta property=\"og:url\" content=\"https:\/\/pro-one.ch\/de\/merkliste\/\" \/>\n<meta property=\"og:site_name\" content=\"proone\" \/>\n<meta property=\"article:modified_time\" content=\"2024-10-03T14:27:38+00:00\" \/>\n<meta name=\"twitter:card\" content=\"summary_large_image\" \/>\n<script type=\"application\/ld+json\" class=\"yoast-schema-graph\">{\"@context\":\"https:\/\/schema.org\",\"@graph\":[{\"@type\":\"WebPage\",\"@id\":\"https:\/\/pro-one.ch\/de\/merkliste\/\",\"url\":\"https:\/\/pro-one.ch\/de\/merkliste\/\",\"name\":\"Merkliste - proone\",\"isPartOf\":{\"@id\":\"https:\/\/pro-one.ch\/de\/#website\"},\"datePublished\":\"2024-06-04T12:23:24+00:00\",\"dateModified\":\"2024-10-03T14:27:38+00:00\",\"breadcrumb\":{\"@id\":\"https:\/\/pro-one.ch\/de\/merkliste\/#breadcrumb\"},\"inLanguage\":\"de\",\"potentialAction\":[{\"@type\":\"ReadAction\",\"target\":[\"https:\/\/pro-one.ch\/de\/merkliste\/\"]}]},{\"@type\":\"BreadcrumbList\",\"@id\":\"https:\/\/pro-one.ch\/de\/merkliste\/#breadcrumb\",\"itemListElement\":[{\"@type\":\"ListItem\",\"position\":1,\"name\":\"Accueil\",\"item\":\"https:\/\/pro-one.ch\/de\/\"},{\"@type\":\"ListItem\",\"position\":2,\"name\":\"Merkliste\"}]},{\"@type\":\"WebSite\",\"@id\":\"https:\/\/pro-one.ch\/de\/#website\",\"url\":\"https:\/\/pro-one.ch\/de\/\",\"name\":\"proone\",\"description\":\"\",\"potentialAction\":[{\"@type\":\"SearchAction\",\"target\":{\"@type\":\"EntryPoint\",\"urlTemplate\":\"https:\/\/pro-one.ch\/de\/?s={search_term_string}\"},\"query-input\":{\"@type\":\"PropertyValueSpecification\",\"valueRequired\":true,\"valueName\":\"search_term_string\"}}],\"inLanguage\":\"de\"}]}<\/script>\n<!-- \/ Yoast SEO plugin. -->","yoast_head_json":{"title":"Merkliste - proone","robots":{"index":"index","follow":"follow","max-snippet":"max-snippet:-1","max-image-preview":"max-image-preview:large","max-video-preview":"max-video-preview:-1"},"canonical":"https:\/\/pro-one.ch\/de\/merkliste\/","og_locale":"de_DE","og_type":"article","og_title":"Merkliste - proone","og_url":"https:\/\/pro-one.ch\/de\/merkliste\/","og_site_name":"proone","article_modified_time":"2024-10-03T14:27:38+00:00","twitter_card":"summary_large_image","schema":{"@context":"https:\/\/schema.org","@graph":[{"@type":"WebPage","@id":"https:\/\/pro-one.ch\/de\/merkliste\/","url":"https:\/\/pro-one.ch\/de\/merkliste\/","name":"Merkliste - proone","isPartOf":{"@id":"https:\/\/pro-one.ch\/de\/#website"},"datePublished":"2024-06-04T12:23:24+00:00","dateModified":"2024-10-03T14:27:38+00:00","breadcrumb":{"@id":"https:\/\/pro-one.ch\/de\/merkliste\/#breadcrumb"},"inLanguage":"de","potentialAction":[{"@type":"ReadAction","target":["https:\/\/pro-one.ch\/de\/merkliste\/"]}]},{"@type":"BreadcrumbList","@id":"https:\/\/pro-one.ch\/de\/merkliste\/#breadcrumb","itemListElement":[{"@type":"ListItem","position":1,"name":"Accueil","item":"https:\/\/pro-one.ch\/de\/"},{"@type":"ListItem","position":2,"name":"Merkliste"}]},{"@type":"WebSite","@id":"https:\/\/pro-one.ch\/de\/#website","url":"https:\/\/pro-one.ch\/de\/","name":"proone","description":"","potentialAction":[{"@type":"SearchAction","target":{"@type":"EntryPoint","urlTemplate":"https:\/\/pro-one.ch\/de\/?s={search_term_string}"},"query-input":{"@type":"PropertyValueSpecification","valueRequired":true,"valueName":"search_term_string"}}],"inLanguage":"de"}]}},"_links":{"self":[{"href":"https:\/\/pro-one.ch\/de\/wp-json\/wp\/v2\/pages\/28836","targetHints":{"allow":["GET"]}}],"collection":[{"href":"https:\/\/pro-one.ch\/de\/wp-json\/wp\/v2\/pages"}],"about":[{"href":"https:\/\/pro-one.ch\/de\/wp-json\/wp\/v2\/types\/page"}],"author":[{"embeddable":true,"href":"https:\/\/pro-one.ch\/de\/wp-json\/wp\/v2\/users\/1"}],"replies":[{"embeddable":true,"href":"https:\/\/pro-one.ch\/de\/wp-json\/wp\/v2\/comments?post=28836"}],"version-history":[{"count":3,"href":"https:\/\/pro-one.ch\/de\/wp-json\/wp\/v2\/pages\/28836\/revisions"}],"predecessor-version":[{"id":52413,"href":"https:\/\/pro-one.ch\/de\/wp-json\/wp\/v2\/pages\/28836\/revisions\/52413"}],"wp:attachment":[{"href":"https:\/\/pro-one.ch\/de\/wp-json\/wp\/v2\/media?parent=28836"}],"curies":[{"name":"wp","href":"https:\/\/api.w.org\/{rel}","templated":true}]}}