{"id":33411,"date":"2024-08-30T08:47:38","date_gmt":"2024-08-30T06:47:38","guid":{"rendered":"https:\/\/dev-proone.ch\/?page_id=33411"},"modified":"2024-10-14T15:40:37","modified_gmt":"2024-10-14T13:40:37","slug":"standorte","status":"publish","type":"page","link":"https:\/\/pro-one.ch\/de\/standorte\/","title":{"rendered":"Standorte"},"content":{"rendered":"\t\t<div data-elementor-type=\"wp-page\" data-elementor-id=\"33411\" class=\"elementor elementor-33411\">\n\t\t\t\t<div class=\"elementor-element elementor-element-50f4ed0 e-flex e-con-boxed e-con e-parent\" data-id=\"50f4ed0\" data-element_type=\"container\" data-e-type=\"container\" data-settings=\"{&quot;jet_parallax_layout_list&quot;:[]}\">\n\t\t\t\t\t<div class=\"e-con-inner\">\n\t\t\t\t<div class=\"elementor-element elementor-element-81d66c6 elementor-widget elementor-widget-text-editor\" data-id=\"81d66c6\" data-element_type=\"widget\" data-e-type=\"widget\" data-widget_type=\"text-editor.default\">\n\t\t\t\t<div class=\"elementor-widget-container\">\n\t\t\t\t\t\t\t\t\t<h1>Standorte<\/h1>\t\t\t\t\t\t\t\t<\/div>\n\t\t\t\t<\/div>\n\t\t<div class=\"elementor-element elementor-element-13aeea3 e-con-full e-flex e-con e-child\" data-id=\"13aeea3\" data-element_type=\"container\" data-e-type=\"container\" data-settings=\"{&quot;jet_parallax_layout_list&quot;:[]}\">\n\t\t<div class=\"elementor-element elementor-element-0f45738 e-con-full e-flex e-con e-child\" data-id=\"0f45738\" data-element_type=\"container\" data-e-type=\"container\" data-settings=\"{&quot;jet_parallax_layout_list&quot;:[]}\">\n\t\t\t\t<div class=\"elementor-element elementor-element-7ceb958 elementor-widget elementor-widget-text-editor\" data-id=\"7ceb958\" data-element_type=\"widget\" data-e-type=\"widget\" data-widget_type=\"text-editor.default\">\n\t\t\t\t<div class=\"elementor-widget-container\">\n\t\t\t\t\t\t\t\t\t<p class=\"p1\">Besuchen Sie unsere Standorte, um kompetente Beratung und pers\u00f6nliche Unterst\u00fctzung zu erhalten. Finden Sie hier die n\u00e4chstgelegene Filiale und lassen Sie sich von unseren Experten vor Ort weiterhelfen.<\/p>\t\t\t\t\t\t\t\t<\/div>\n\t\t\t\t<\/div>\n\t\t\t\t<\/div>\n\t\t<div class=\"elementor-element elementor-element-614dcb1 e-con-full e-flex e-con e-child\" data-id=\"614dcb1\" data-element_type=\"container\" data-e-type=\"container\" data-settings=\"{&quot;jet_parallax_layout_list&quot;:[]}\">\n\t\t\t\t<div class=\"elementor-element elementor-element-3a68f13 elementor-widget elementor-widget-text-editor\" data-id=\"3a68f13\" data-element_type=\"widget\" data-e-type=\"widget\" data-widget_type=\"text-editor.default\">\n\t\t\t\t<div class=\"elementor-widget-container\">\n\t\t\t\t\t\t\t\t\t<p>ProOne ist exklusiv erh\u00e4ltlich bei:<\/p>\t\t\t\t\t\t\t\t<\/div>\n\t\t\t\t<\/div>\n\t\t<div class=\"elementor-element elementor-element-ec3eb0e e-con-full e-flex e-con e-child\" data-id=\"ec3eb0e\" data-element_type=\"container\" data-e-type=\"container\" data-settings=\"{&quot;jet_parallax_layout_list&quot;:[]}\">\n\t\t\t\t<div class=\"elementor-element elementor-element-6553a6a elementor-widget elementor-widget-image\" data-id=\"6553a6a\" data-element_type=\"widget\" data-e-type=\"widget\" data-widget_type=\"image.default\">\n\t\t\t\t<div class=\"elementor-widget-container\">\n\t\t\t\t\t\t\t\t\t\t\t\t\t\t\t\t<a href=\"https:\/\/www.baubedarf-richner-miauton.ch\/de\/ueber-uns\/\" target=\"_blank\">\n\t\t\t\t\t\t\t<img decoding=\"async\" width=\"800\" height=\"53\" src=\"https:\/\/pro-one.ch\/wp-content\/uploads\/2024\/10\/baubedarf-logo-1024x68.png\" class=\"attachment-large size-large wp-image-52585\" alt=\"\" srcset=\"https:\/\/pro-one.ch\/wp-content\/uploads\/2024\/10\/baubedarf-logo-1024x68.png 1024w, https:\/\/pro-one.ch\/wp-content\/uploads\/2024\/10\/baubedarf-logo-300x20.png 300w, https:\/\/pro-one.ch\/wp-content\/uploads\/2024\/10\/baubedarf-logo-768x51.png 768w, https:\/\/pro-one.ch\/wp-content\/uploads\/2024\/10\/baubedarf-logo-600x40.png 600w, https:\/\/pro-one.ch\/wp-content\/uploads\/2024\/10\/baubedarf-logo.png 1173w\" sizes=\"(max-width: 800px) 100vw, 800px\" \/>\t\t\t\t\t\t\t\t<\/a>\n\t\t\t\t\t\t\t\t\t\t\t\t\t\t\t<\/div>\n\t\t\t\t<\/div>\n\t\t\t\t<div class=\"elementor-element elementor-element-a5e5217 elementor-widget elementor-widget-image\" data-id=\"a5e5217\" data-element_type=\"widget\" data-e-type=\"widget\" data-widget_type=\"image.default\">\n\t\t\t\t<div class=\"elementor-widget-container\">\n\t\t\t\t\t\t\t\t\t\t\t\t\t\t\t\t<a href=\"https:\/\/www.getaz-miauton.ch\/fr\/portrait\/\" target=\"_blank\">\n\t\t\t\t\t\t\t<img fetchpriority=\"high\" decoding=\"async\" width=\"800\" height=\"122\" src=\"https:\/\/pro-one.ch\/wp-content\/uploads\/2024\/10\/getaz-miauton-logo.png\" class=\"attachment-large size-large wp-image-52582\" alt=\"\" srcset=\"https:\/\/pro-one.ch\/wp-content\/uploads\/2024\/10\/getaz-miauton-logo.png 895w, https:\/\/pro-one.ch\/wp-content\/uploads\/2024\/10\/getaz-miauton-logo-300x46.png 300w, https:\/\/pro-one.ch\/wp-content\/uploads\/2024\/10\/getaz-miauton-logo-768x117.png 768w, https:\/\/pro-one.ch\/wp-content\/uploads\/2024\/10\/getaz-miauton-logo-600x91.png 600w\" sizes=\"(max-width: 800px) 100vw, 800px\" \/>\t\t\t\t\t\t\t\t<\/a>\n\t\t\t\t\t\t\t\t\t\t\t\t\t\t\t<\/div>\n\t\t\t\t<\/div>\n\t\t\t\t<div class=\"elementor-element elementor-element-dd5edaf elementor-widget elementor-widget-image\" data-id=\"dd5edaf\" data-element_type=\"widget\" data-e-type=\"widget\" data-widget_type=\"image.default\">\n\t\t\t\t<div class=\"elementor-widget-container\">\n\t\t\t\t\t\t\t\t\t\t\t\t\t\t\t\t<a href=\"https:\/\/www.reguscireco.ch\/it\/chi-siamo\/\" target=\"_blank\">\n\t\t\t\t\t\t\t<img decoding=\"async\" width=\"727\" height=\"78\" src=\"https:\/\/pro-one.ch\/wp-content\/uploads\/2024\/10\/reguscireco-logo.png\" class=\"attachment-large size-large wp-image-52579\" alt=\"\" srcset=\"https:\/\/pro-one.ch\/wp-content\/uploads\/2024\/10\/reguscireco-logo.png 727w, https:\/\/pro-one.ch\/wp-content\/uploads\/2024\/10\/reguscireco-logo-300x32.png 300w, https:\/\/pro-one.ch\/wp-content\/uploads\/2024\/10\/reguscireco-logo-600x64.png 600w\" sizes=\"(max-width: 727px) 100vw, 727px\" \/>\t\t\t\t\t\t\t\t<\/a>\n\t\t\t\t\t\t\t\t\t\t\t\t\t\t\t<\/div>\n\t\t\t\t<\/div>\n\t\t\t\t<\/div>\n\t\t\t\t<\/div>\n\t\t\t\t<\/div>\n\t\t\t\t<div class=\"elementor-element elementor-element-17b632a elementor-widget elementor-widget-button\" data-id=\"17b632a\" data-element_type=\"widget\" data-e-type=\"widget\" data-widget_type=\"button.default\">\n\t\t\t\t<div class=\"elementor-widget-container\">\n\t\t\t\t\t\t\t\t\t<div class=\"elementor-button-wrapper\">\n\t\t\t\t\t<a class=\"elementor-button elementor-button-link elementor-size-sm\" href=\"\/de\/standorte\/\">\n\t\t\t\t\t\t<span class=\"elementor-button-content-wrapper\">\n\t\t\t\t\t\t\t\t\t<span class=\"elementor-button-text\">Alle Standorte<\/span>\n\t\t\t\t\t<\/span>\n\t\t\t\t\t<\/a>\n\t\t\t\t<\/div>\n\t\t\t\t\t\t\t\t<\/div>\n\t\t\t\t<\/div>\n\t\t\t\t\t<\/div>\n\t\t\t\t<\/div>\n\t\t<div class=\"elementor-element elementor-element-5738391 e-flex e-con-boxed e-con e-parent\" data-id=\"5738391\" data-element_type=\"container\" data-e-type=\"container\" data-settings=\"{&quot;jet_parallax_layout_list&quot;:[]}\">\n\t\t\t\t\t<div class=\"e-con-inner\">\n\t\t\t\t<div class=\"elementor-element elementor-element-d480091 elementor-widget elementor-widget-html\" data-id=\"d480091\" data-element_type=\"widget\" data-e-type=\"widget\" data-widget_type=\"html.default\">\n\t\t\t\t<div class=\"elementor-widget-container\">\n\t\t\t\t\t<script>\n    \n    document.getElementById(\"loader\").style.display = \"block\";\n\nfunction hideLoader() {\n  document.getElementById(\"loader\").style.display = \"none\";\n  document.getElementById(\"myIframe\").style.display = \"block\";\n}\n<\/script>\n\n<style>\n\n\/*  debut loader *\/\n@keyframes spin {\n  0% { transform: rotate(0deg); }\n  100% { transform: rotate(360deg); }\n}\n\n#loader {\n  border: 8px solid rgba(255, 255, 255, 0.3);\n  border-top: 8px solid #3498db;\n  border-radius: 50%;\n  width: 50px;\n  height: 50px;\n  animation: spin 1s linear infinite;\n}\n\niframe {\n  display: none;\n}\n\n\/*   fin loader*\/\n.iframe-container {\n    position: relative;\n    width: 100%;\n    height: 100%;\n    overflow: hidden;\n    margin: 0px;\n}\n\n.iframe-container iframe {\n    padding: 0px;\n    width: 100%;\n    margin-left: 0px;\n    margin-top: 0px;\n    border: none; \/* Supprime les bordures *\/\n \n    transform: translateY(0px); \/* D\u00e9cale le contenu vers le haut pour masquer la barre de navigation *\/\n    pointer-events: none; \/* D\u00e9sactive les interactions de la souris *\/\n}\n\n\/* Ajustement pour iPad (environ 768px \u00e0 1024px) *\/\n@media only screen and (min-width: 768px) and (max-width: 1024px) {\n    .iframe-container iframe {\n        margin-left: 0px; \/* Ajuste la marge pour iPad *\/\n    }\n}\n\n\/* Ajustement pour les mobiles (moins de 768px) *\/\n@media only screen and (max-width: 767px) {\n    .iframe-container iframe {\n        margin-left: 0px; \/* Ajuste la marge pour les mobiles *\/\n    }\n}\n\n.iframe-container:hover iframe {\n    pointer-events: auto; \/* R\u00e9active les interactions de la souris quand on n'est pas sur la zone masqu\u00e9e *\/\n}\n<\/style>\n\n<div id=\"loader\">\n  <p><\/p>\n<\/div>\n\n<div class=\"iframe-container\">\n    <iframe id=\"myIframe\" src=\"https:\/\/www.baubedarf-richner-miauton.ch\/de\/dienstleistungen\/proone-standorte\" style=\"border:0px #ffffff none;\" onload=\"hideLoader()\" name=\"myiFrame\" scrolling=\"no\" frameborder=\"1\" marginheight=\"0px\" marginwidth=\"0px\" height=\"1900px\" width=\"100%\" allowfullscreen=\"\"><\/iframe>\n<\/div>\n\n\t\t\t\t<\/div>\n\t\t\t\t<\/div>\n\t\t\t\t\t<\/div>\n\t\t\t\t<\/div>\n\t\t\t\t<\/div>\n\t\t","protected":false},"excerpt":{"rendered":"<p>Standorte Besuchen Sie unsere Standorte, um kompetente Beratung und pers\u00f6nliche Unterst\u00fctzung zu erhalten. Finden Sie hier die n\u00e4chstgelegene Filiale und lassen Sie sich von unseren Experten vor Ort weiterhelfen. ProOne ist exklusiv erh\u00e4ltlich bei: Alle Standorte<\/p>\n","protected":false},"author":1,"featured_media":0,"parent":0,"menu_order":0,"comment_status":"closed","ping_status":"closed","template":"","meta":{"footnotes":""},"class_list":["post-33411","page","type-page","status-publish","hentry"],"yoast_head":"<!-- This site is optimized with the Yoast SEO plugin v27.0 - https:\/\/yoast.com\/product\/yoast-seo-wordpress\/ -->\n<title>Standorte - proone<\/title>\n<meta name=\"robots\" content=\"index, follow, max-snippet:-1, max-image-preview:large, max-video-preview:-1\" \/>\n<link rel=\"canonical\" href=\"https:\/\/pro-one.ch\/de\/standorte\/\" \/>\n<meta property=\"og:locale\" content=\"de_DE\" \/>\n<meta property=\"og:type\" content=\"article\" \/>\n<meta property=\"og:title\" content=\"Standorte - proone\" \/>\n<meta property=\"og:description\" content=\"Standorte Besuchen Sie unsere Standorte, um kompetente Beratung und pers\u00f6nliche Unterst\u00fctzung zu erhalten. Finden Sie hier die n\u00e4chstgelegene Filiale und lassen Sie sich von unseren Experten vor Ort weiterhelfen. ProOne ist exklusiv erh\u00e4ltlich bei: Alle Standorte\" \/>\n<meta property=\"og:url\" content=\"https:\/\/pro-one.ch\/de\/standorte\/\" \/>\n<meta property=\"og:site_name\" content=\"proone\" \/>\n<meta property=\"article:modified_time\" content=\"2024-10-14T13:40:37+00:00\" \/>\n<meta property=\"og:image\" content=\"http:\/\/pro-one.ch\/wp-content\/uploads\/2024\/10\/baubedarf-logo-1024x68.png\" \/>\n<meta name=\"twitter:card\" content=\"summary_large_image\" \/>\n<meta name=\"twitter:label1\" content=\"Gesch\u00e4tzte Lesezeit\" \/>\n\t<meta name=\"twitter:data1\" content=\"1\u00a0Minute\" \/>\n<script type=\"application\/ld+json\" class=\"yoast-schema-graph\">{\"@context\":\"https:\/\/schema.org\",\"@graph\":[{\"@type\":\"WebPage\",\"@id\":\"https:\/\/pro-one.ch\/de\/standorte\/\",\"url\":\"https:\/\/pro-one.ch\/de\/standorte\/\",\"name\":\"Standorte - proone\",\"isPartOf\":{\"@id\":\"https:\/\/pro-one.ch\/de\/#website\"},\"primaryImageOfPage\":{\"@id\":\"https:\/\/pro-one.ch\/de\/standorte\/#primaryimage\"},\"image\":{\"@id\":\"https:\/\/pro-one.ch\/de\/standorte\/#primaryimage\"},\"thumbnailUrl\":\"http:\/\/pro-one.ch\/wp-content\/uploads\/2024\/10\/baubedarf-logo-1024x68.png\",\"datePublished\":\"2024-08-30T06:47:38+00:00\",\"dateModified\":\"2024-10-14T13:40:37+00:00\",\"breadcrumb\":{\"@id\":\"https:\/\/pro-one.ch\/de\/standorte\/#breadcrumb\"},\"inLanguage\":\"de\",\"potentialAction\":[{\"@type\":\"ReadAction\",\"target\":[\"https:\/\/pro-one.ch\/de\/standorte\/\"]}]},{\"@type\":\"ImageObject\",\"inLanguage\":\"de\",\"@id\":\"https:\/\/pro-one.ch\/de\/standorte\/#primaryimage\",\"url\":\"http:\/\/pro-one.ch\/wp-content\/uploads\/2024\/10\/baubedarf-logo-1024x68.png\",\"contentUrl\":\"http:\/\/pro-one.ch\/wp-content\/uploads\/2024\/10\/baubedarf-logo-1024x68.png\"},{\"@type\":\"BreadcrumbList\",\"@id\":\"https:\/\/pro-one.ch\/de\/standorte\/#breadcrumb\",\"itemListElement\":[{\"@type\":\"ListItem\",\"position\":1,\"name\":\"Accueil\",\"item\":\"https:\/\/pro-one.ch\/de\/\"},{\"@type\":\"ListItem\",\"position\":2,\"name\":\"Standorte\"}]},{\"@type\":\"WebSite\",\"@id\":\"https:\/\/pro-one.ch\/de\/#website\",\"url\":\"https:\/\/pro-one.ch\/de\/\",\"name\":\"proone\",\"description\":\"\",\"potentialAction\":[{\"@type\":\"SearchAction\",\"target\":{\"@type\":\"EntryPoint\",\"urlTemplate\":\"https:\/\/pro-one.ch\/de\/?s={search_term_string}\"},\"query-input\":{\"@type\":\"PropertyValueSpecification\",\"valueRequired\":true,\"valueName\":\"search_term_string\"}}],\"inLanguage\":\"de\"}]}<\/script>\n<!-- \/ Yoast SEO plugin. -->","yoast_head_json":{"title":"Standorte - proone","robots":{"index":"index","follow":"follow","max-snippet":"max-snippet:-1","max-image-preview":"max-image-preview:large","max-video-preview":"max-video-preview:-1"},"canonical":"https:\/\/pro-one.ch\/de\/standorte\/","og_locale":"de_DE","og_type":"article","og_title":"Standorte - proone","og_description":"Standorte Besuchen Sie unsere Standorte, um kompetente Beratung und pers\u00f6nliche Unterst\u00fctzung zu erhalten. Finden Sie hier die n\u00e4chstgelegene Filiale und lassen Sie sich von unseren Experten vor Ort weiterhelfen. ProOne ist exklusiv erh\u00e4ltlich bei: Alle Standorte","og_url":"https:\/\/pro-one.ch\/de\/standorte\/","og_site_name":"proone","article_modified_time":"2024-10-14T13:40:37+00:00","og_image":[{"url":"http:\/\/pro-one.ch\/wp-content\/uploads\/2024\/10\/baubedarf-logo-1024x68.png","type":"","width":"","height":""}],"twitter_card":"summary_large_image","twitter_misc":{"Gesch\u00e4tzte Lesezeit":"1\u00a0Minute"},"schema":{"@context":"https:\/\/schema.org","@graph":[{"@type":"WebPage","@id":"https:\/\/pro-one.ch\/de\/standorte\/","url":"https:\/\/pro-one.ch\/de\/standorte\/","name":"Standorte - proone","isPartOf":{"@id":"https:\/\/pro-one.ch\/de\/#website"},"primaryImageOfPage":{"@id":"https:\/\/pro-one.ch\/de\/standorte\/#primaryimage"},"image":{"@id":"https:\/\/pro-one.ch\/de\/standorte\/#primaryimage"},"thumbnailUrl":"http:\/\/pro-one.ch\/wp-content\/uploads\/2024\/10\/baubedarf-logo-1024x68.png","datePublished":"2024-08-30T06:47:38+00:00","dateModified":"2024-10-14T13:40:37+00:00","breadcrumb":{"@id":"https:\/\/pro-one.ch\/de\/standorte\/#breadcrumb"},"inLanguage":"de","potentialAction":[{"@type":"ReadAction","target":["https:\/\/pro-one.ch\/de\/standorte\/"]}]},{"@type":"ImageObject","inLanguage":"de","@id":"https:\/\/pro-one.ch\/de\/standorte\/#primaryimage","url":"http:\/\/pro-one.ch\/wp-content\/uploads\/2024\/10\/baubedarf-logo-1024x68.png","contentUrl":"http:\/\/pro-one.ch\/wp-content\/uploads\/2024\/10\/baubedarf-logo-1024x68.png"},{"@type":"BreadcrumbList","@id":"https:\/\/pro-one.ch\/de\/standorte\/#breadcrumb","itemListElement":[{"@type":"ListItem","position":1,"name":"Accueil","item":"https:\/\/pro-one.ch\/de\/"},{"@type":"ListItem","position":2,"name":"Standorte"}]},{"@type":"WebSite","@id":"https:\/\/pro-one.ch\/de\/#website","url":"https:\/\/pro-one.ch\/de\/","name":"proone","description":"","potentialAction":[{"@type":"SearchAction","target":{"@type":"EntryPoint","urlTemplate":"https:\/\/pro-one.ch\/de\/?s={search_term_string}"},"query-input":{"@type":"PropertyValueSpecification","valueRequired":true,"valueName":"search_term_string"}}],"inLanguage":"de"}]}},"_links":{"self":[{"href":"https:\/\/pro-one.ch\/de\/wp-json\/wp\/v2\/pages\/33411","targetHints":{"allow":["GET"]}}],"collection":[{"href":"https:\/\/pro-one.ch\/de\/wp-json\/wp\/v2\/pages"}],"about":[{"href":"https:\/\/pro-one.ch\/de\/wp-json\/wp\/v2\/types\/page"}],"author":[{"embeddable":true,"href":"https:\/\/pro-one.ch\/de\/wp-json\/wp\/v2\/users\/1"}],"replies":[{"embeddable":true,"href":"https:\/\/pro-one.ch\/de\/wp-json\/wp\/v2\/comments?post=33411"}],"version-history":[{"count":149,"href":"https:\/\/pro-one.ch\/de\/wp-json\/wp\/v2\/pages\/33411\/revisions"}],"predecessor-version":[{"id":52839,"href":"https:\/\/pro-one.ch\/de\/wp-json\/wp\/v2\/pages\/33411\/revisions\/52839"}],"wp:attachment":[{"href":"https:\/\/pro-one.ch\/de\/wp-json\/wp\/v2\/media?parent=33411"}],"curies":[{"name":"wp","href":"https:\/\/api.w.org\/{rel}","templated":true}]}}