{"id":44029,"date":"2024-09-11T23:02:23","date_gmt":"2024-09-11T21:02:23","guid":{"rendered":"https:\/\/dev-proone.ch\/?page_id=44029"},"modified":"2024-10-14T15:40:20","modified_gmt":"2024-10-14T13:40:20","slug":"vergleichsliste","status":"publish","type":"page","link":"https:\/\/pro-one.ch\/de\/vergleichsliste\/","title":{"rendered":"Vergleichsliste"},"content":{"rendered":"\t\t<div data-elementor-type=\"wp-page\" data-elementor-id=\"44029\" class=\"elementor elementor-44029\">\n\t\t\t\t<div class=\"elementor-element elementor-element-3a2e197 e-flex e-con-boxed e-con e-parent\" data-id=\"3a2e197\" data-element_type=\"container\" data-e-type=\"container\" data-settings=\"{&quot;jet_parallax_layout_list&quot;:[]}\">\n\t\t\t\t\t<div class=\"e-con-inner\">\n\t\t\t\t<div class=\"elementor-element elementor-element-be98a15 elementor-widget elementor-widget-text-editor\" data-id=\"be98a15\" data-element_type=\"widget\" data-e-type=\"widget\" data-widget_type=\"text-editor.default\">\n\t\t\t\t<div class=\"elementor-widget-container\">\n\t\t\t\t\t\t\t\t\t<h1>Vergleichsliste<\/h1>\t\t\t\t\t\t\t\t<\/div>\n\t\t\t\t<\/div>\n\t\t\t\t<div class=\"elementor-element elementor-element-c38255f elementor-widget elementor-widget-jet-compare\" data-id=\"c38255f\" data-element_type=\"widget\" data-e-type=\"widget\" data-widget_type=\"jet-compare.default\">\n\t\t\t\t<div class=\"elementor-widget-container\">\n\t\t\t\t\t<div class=\"jet-cw jet-compare\">\n\t\t\t<div class=\"jet-compare-table__wrapper\" data-widget-type=\"jet-compare\" data-widget-id=\"c38255f\">\n\t\t\t\t<h5 class=\"jet-compare-table-empty\">Sie haben keine Vergleichslisten. F\u00fcgen Sie Produkte zum Vergleich hinzu. <\/h5>\n\t\t\t<\/div>\n\n\t\t\t<\/div>\t\t\t\t<\/div>\n\t\t\t\t<\/div>\n\t\t<div class=\"elementor-element elementor-element-11cc762 e-con-full conditionnel e-flex e-con e-child\" data-id=\"11cc762\" data-element_type=\"container\" data-e-type=\"container\" data-settings=\"{&quot;jet_parallax_layout_list&quot;:[]}\">\n\t\t\t\t<div class=\"elementor-element elementor-element-5ad7777 conditionnel elementor-widget elementor-widget-text-editor\" data-id=\"5ad7777\" data-element_type=\"widget\" data-e-type=\"widget\" data-widget_type=\"text-editor.default\">\n\t\t\t\t<div class=\"elementor-widget-container\">\n\t\t\t\t\t\t\t\t\t<p class=\"p1\">Auf der Produktseite klicken Sie auf das Symbol \u201eVergleichen\u201c, <br \/>um zwei oder drei Produkte zum Vergleichen auszuw\u00e4hlen.<\/p>\t\t\t\t\t\t\t\t<\/div>\n\t\t\t\t<\/div>\n\t\t\t\t<div class=\"elementor-element elementor-element-88357a2 elementor-widget elementor-widget-button\" data-id=\"88357a2\" data-element_type=\"widget\" data-e-type=\"widget\" data-widget_type=\"button.default\">\n\t\t\t\t<div class=\"elementor-widget-container\">\n\t\t\t\t\t\t\t\t\t<div class=\"elementor-button-wrapper\">\n\t\t\t\t\t<a class=\"elementor-button elementor-button-link elementor-size-sm\" href=\"\/de\/sortiment\/\">\n\t\t\t\t\t\t<span class=\"elementor-button-content-wrapper\">\n\t\t\t\t\t\t\t\t\t<span class=\"elementor-button-text\">&lt; Produkte ausw\u00e4hlen<\/span>\n\t\t\t\t\t<\/span>\n\t\t\t\t\t<\/a>\n\t\t\t\t<\/div>\n\t\t\t\t\t\t\t\t<\/div>\n\t\t\t\t<\/div>\n\t\t\t\t<div class=\"elementor-element elementor-element-a91280c elementor-widget elementor-widget-image\" data-id=\"a91280c\" data-element_type=\"widget\" data-e-type=\"widget\" data-widget_type=\"image.default\">\n\t\t\t\t<div class=\"elementor-widget-container\">\n\t\t\t\t\t\t\t\t\t\t\t\t\t\t\t<img fetchpriority=\"high\" decoding=\"async\" width=\"319\" height=\"328\" src=\"https:\/\/pro-one.ch\/wp-content\/uploads\/2024\/09\/product-vergleichen.jpg\" class=\"attachment-full size-full wp-image-44239\" alt=\"\" srcset=\"https:\/\/pro-one.ch\/wp-content\/uploads\/2024\/09\/product-vergleichen.jpg 319w, https:\/\/pro-one.ch\/wp-content\/uploads\/2024\/09\/product-vergleichen-292x300.jpg 292w\" sizes=\"(max-width: 319px) 100vw, 319px\" \/>\t\t\t\t\t\t\t\t\t\t\t\t\t\t\t<\/div>\n\t\t\t\t<\/div>\n\t\t\t\t<\/div>\n\t\t\t\t<div class=\"elementor-element elementor-element-2c10361 elementor-widget elementor-widget-html\" data-id=\"2c10361\" data-element_type=\"widget\" data-e-type=\"widget\" data-widget_type=\"html.default\">\n\t\t\t\t<div class=\"elementor-widget-container\">\n\t\t\t\t\t\n\n<script>\n    \/\/ V\u00e9rifier si la page contient une balise <table>\n    if (document.querySelector('table')) {\n        \/\/ S\u00e9lectionner tous les \u00e9l\u00e9ments avec la classe 'conditionnel'\n        let elements = document.querySelectorAll('.conditionnel');\n        \/\/ Masquer chaque \u00e9l\u00e9ment de la classe\n        elements.forEach(function(element) {\n            element.style.display = 'none';\n        });\n    }\n<\/script>\t\t\t\t<\/div>\n\t\t\t\t<\/div>\n\t\t\t\t\t<\/div>\n\t\t\t\t<\/div>\n\t\t\t\t<\/div>\n\t\t","protected":false},"excerpt":{"rendered":"<p>Vergleichsliste Sie haben keine Vergleichslisten. F\u00fcgen Sie Produkte zum Vergleich hinzu. Auf der Produktseite klicken Sie auf das Symbol \u201eVergleichen\u201c, um zwei oder drei Produkte zum Vergleichen auszuw\u00e4hlen. < Produkte ausw\u00e4hlen\n<\/p>\n","protected":false},"author":1,"featured_media":0,"parent":0,"menu_order":0,"comment_status":"closed","ping_status":"closed","template":"","meta":{"footnotes":""},"class_list":["post-44029","page","type-page","status-publish","hentry"],"yoast_head":"<!-- This site is optimized with the Yoast SEO plugin v27.0 - https:\/\/yoast.com\/product\/yoast-seo-wordpress\/ -->\n<title>Vergleichsliste - proone<\/title>\n<meta name=\"robots\" content=\"index, follow, max-snippet:-1, max-image-preview:large, max-video-preview:-1\" \/>\n<link rel=\"canonical\" href=\"https:\/\/pro-one.ch\/de\/vergleichsliste\/\" \/>\n<meta property=\"og:locale\" content=\"de_DE\" \/>\n<meta property=\"og:type\" content=\"article\" \/>\n<meta property=\"og:title\" content=\"Vergleichsliste - proone\" \/>\n<meta property=\"og:description\" content=\"Vergleichsliste Sie haben keine Vergleichslisten. F\u00fcgen Sie Produkte zum Vergleich hinzu. Auf der Produktseite klicken Sie auf das Symbol \u201eVergleichen\u201c, um zwei oder drei Produkte zum Vergleichen auszuw\u00e4hlen. &lt; Produkte ausw\u00e4hlen\" \/>\n<meta property=\"og:url\" content=\"https:\/\/pro-one.ch\/de\/vergleichsliste\/\" \/>\n<meta property=\"og:site_name\" content=\"proone\" \/>\n<meta property=\"article:modified_time\" content=\"2024-10-14T13:40:20+00:00\" \/>\n<meta property=\"og:image\" content=\"http:\/\/pro-one.ch\/wp-content\/uploads\/2024\/09\/product-vergleichen.jpg\" \/>\n<meta name=\"twitter:card\" content=\"summary_large_image\" \/>\n<meta name=\"twitter:label1\" content=\"Gesch\u00e4tzte Lesezeit\" \/>\n\t<meta name=\"twitter:data1\" content=\"1\u00a0Minute\" \/>\n<script type=\"application\/ld+json\" class=\"yoast-schema-graph\">{\"@context\":\"https:\/\/schema.org\",\"@graph\":[{\"@type\":\"WebPage\",\"@id\":\"https:\/\/pro-one.ch\/de\/vergleichsliste\/\",\"url\":\"https:\/\/pro-one.ch\/de\/vergleichsliste\/\",\"name\":\"Vergleichsliste - proone\",\"isPartOf\":{\"@id\":\"https:\/\/pro-one.ch\/de\/#website\"},\"primaryImageOfPage\":{\"@id\":\"https:\/\/pro-one.ch\/de\/vergleichsliste\/#primaryimage\"},\"image\":{\"@id\":\"https:\/\/pro-one.ch\/de\/vergleichsliste\/#primaryimage\"},\"thumbnailUrl\":\"http:\/\/pro-one.ch\/wp-content\/uploads\/2024\/09\/product-vergleichen.jpg\",\"datePublished\":\"2024-09-11T21:02:23+00:00\",\"dateModified\":\"2024-10-14T13:40:20+00:00\",\"breadcrumb\":{\"@id\":\"https:\/\/pro-one.ch\/de\/vergleichsliste\/#breadcrumb\"},\"inLanguage\":\"de\",\"potentialAction\":[{\"@type\":\"ReadAction\",\"target\":[\"https:\/\/pro-one.ch\/de\/vergleichsliste\/\"]}]},{\"@type\":\"ImageObject\",\"inLanguage\":\"de\",\"@id\":\"https:\/\/pro-one.ch\/de\/vergleichsliste\/#primaryimage\",\"url\":\"http:\/\/pro-one.ch\/wp-content\/uploads\/2024\/09\/product-vergleichen.jpg\",\"contentUrl\":\"http:\/\/pro-one.ch\/wp-content\/uploads\/2024\/09\/product-vergleichen.jpg\"},{\"@type\":\"BreadcrumbList\",\"@id\":\"https:\/\/pro-one.ch\/de\/vergleichsliste\/#breadcrumb\",\"itemListElement\":[{\"@type\":\"ListItem\",\"position\":1,\"name\":\"Accueil\",\"item\":\"https:\/\/pro-one.ch\/de\/\"},{\"@type\":\"ListItem\",\"position\":2,\"name\":\"Vergleichsliste\"}]},{\"@type\":\"WebSite\",\"@id\":\"https:\/\/pro-one.ch\/de\/#website\",\"url\":\"https:\/\/pro-one.ch\/de\/\",\"name\":\"proone\",\"description\":\"\",\"potentialAction\":[{\"@type\":\"SearchAction\",\"target\":{\"@type\":\"EntryPoint\",\"urlTemplate\":\"https:\/\/pro-one.ch\/de\/?s={search_term_string}\"},\"query-input\":{\"@type\":\"PropertyValueSpecification\",\"valueRequired\":true,\"valueName\":\"search_term_string\"}}],\"inLanguage\":\"de\"}]}<\/script>\n<!-- \/ Yoast SEO plugin. -->","yoast_head_json":{"title":"Vergleichsliste - proone","robots":{"index":"index","follow":"follow","max-snippet":"max-snippet:-1","max-image-preview":"max-image-preview:large","max-video-preview":"max-video-preview:-1"},"canonical":"https:\/\/pro-one.ch\/de\/vergleichsliste\/","og_locale":"de_DE","og_type":"article","og_title":"Vergleichsliste - proone","og_description":"Vergleichsliste Sie haben keine Vergleichslisten. F\u00fcgen Sie Produkte zum Vergleich hinzu. Auf der Produktseite klicken Sie auf das Symbol \u201eVergleichen\u201c, um zwei oder drei Produkte zum Vergleichen auszuw\u00e4hlen. < Produkte ausw\u00e4hlen","og_url":"https:\/\/pro-one.ch\/de\/vergleichsliste\/","og_site_name":"proone","article_modified_time":"2024-10-14T13:40:20+00:00","og_image":[{"url":"http:\/\/pro-one.ch\/wp-content\/uploads\/2024\/09\/product-vergleichen.jpg","type":"","width":"","height":""}],"twitter_card":"summary_large_image","twitter_misc":{"Gesch\u00e4tzte Lesezeit":"1\u00a0Minute"},"schema":{"@context":"https:\/\/schema.org","@graph":[{"@type":"WebPage","@id":"https:\/\/pro-one.ch\/de\/vergleichsliste\/","url":"https:\/\/pro-one.ch\/de\/vergleichsliste\/","name":"Vergleichsliste - proone","isPartOf":{"@id":"https:\/\/pro-one.ch\/de\/#website"},"primaryImageOfPage":{"@id":"https:\/\/pro-one.ch\/de\/vergleichsliste\/#primaryimage"},"image":{"@id":"https:\/\/pro-one.ch\/de\/vergleichsliste\/#primaryimage"},"thumbnailUrl":"http:\/\/pro-one.ch\/wp-content\/uploads\/2024\/09\/product-vergleichen.jpg","datePublished":"2024-09-11T21:02:23+00:00","dateModified":"2024-10-14T13:40:20+00:00","breadcrumb":{"@id":"https:\/\/pro-one.ch\/de\/vergleichsliste\/#breadcrumb"},"inLanguage":"de","potentialAction":[{"@type":"ReadAction","target":["https:\/\/pro-one.ch\/de\/vergleichsliste\/"]}]},{"@type":"ImageObject","inLanguage":"de","@id":"https:\/\/pro-one.ch\/de\/vergleichsliste\/#primaryimage","url":"http:\/\/pro-one.ch\/wp-content\/uploads\/2024\/09\/product-vergleichen.jpg","contentUrl":"http:\/\/pro-one.ch\/wp-content\/uploads\/2024\/09\/product-vergleichen.jpg"},{"@type":"BreadcrumbList","@id":"https:\/\/pro-one.ch\/de\/vergleichsliste\/#breadcrumb","itemListElement":[{"@type":"ListItem","position":1,"name":"Accueil","item":"https:\/\/pro-one.ch\/de\/"},{"@type":"ListItem","position":2,"name":"Vergleichsliste"}]},{"@type":"WebSite","@id":"https:\/\/pro-one.ch\/de\/#website","url":"https:\/\/pro-one.ch\/de\/","name":"proone","description":"","potentialAction":[{"@type":"SearchAction","target":{"@type":"EntryPoint","urlTemplate":"https:\/\/pro-one.ch\/de\/?s={search_term_string}"},"query-input":{"@type":"PropertyValueSpecification","valueRequired":true,"valueName":"search_term_string"}}],"inLanguage":"de"}]}},"_links":{"self":[{"href":"https:\/\/pro-one.ch\/de\/wp-json\/wp\/v2\/pages\/44029","targetHints":{"allow":["GET"]}}],"collection":[{"href":"https:\/\/pro-one.ch\/de\/wp-json\/wp\/v2\/pages"}],"about":[{"href":"https:\/\/pro-one.ch\/de\/wp-json\/wp\/v2\/types\/page"}],"author":[{"embeddable":true,"href":"https:\/\/pro-one.ch\/de\/wp-json\/wp\/v2\/users\/1"}],"replies":[{"embeddable":true,"href":"https:\/\/pro-one.ch\/de\/wp-json\/wp\/v2\/comments?post=44029"}],"version-history":[{"count":107,"href":"https:\/\/pro-one.ch\/de\/wp-json\/wp\/v2\/pages\/44029\/revisions"}],"predecessor-version":[{"id":52836,"href":"https:\/\/pro-one.ch\/de\/wp-json\/wp\/v2\/pages\/44029\/revisions\/52836"}],"wp:attachment":[{"href":"https:\/\/pro-one.ch\/de\/wp-json\/wp\/v2\/media?parent=44029"}],"curies":[{"name":"wp","href":"https:\/\/api.w.org\/{rel}","templated":true}]}}