{"id":82736,"date":"2025-11-17T08:26:22","date_gmt":"2025-11-17T07:26:22","guid":{"rendered":"https:\/\/pro-one.ch\/produkte\/innendispersion-weiss-matt\/"},"modified":"2025-11-17T09:53:16","modified_gmt":"2025-11-17T08:53:16","slug":"innendispersion-weiss-matt","status":"publish","type":"product","link":"https:\/\/pro-one.ch\/de\/produkte\/innendispersion-weiss-matt\/","title":{"rendered":"Innendispersion weiss matt"},"content":{"rendered":"<p>\u2022 Auf mineralischen Rohstoffen aufgebaute, tuchmatte<br \/>\nInnenfarbe f\u00fcr Decken und W\u00e4nde<br \/>\n\u2022 Verd\u00fcnnbar, l\u00f6semittelfrei<br \/>\n\u2022 Hoch wasserdampfdurchl\u00e4ssig<br \/>\n\u2022 Mit Siliziumverbindungen modifiziert<br \/>\n\u2022 Geeignet f\u00fcr Weissputz und Spachteluntergr\u00fcnde,<br \/>\nZementputz, Kalkabrieb, Beton, Kunststoffputz und<br \/>\ntragf\u00e4hige Altanstriche<br \/>\n\u2022 Nassabrieb ISO 11998 Klasse 1<br \/>\n\u2022 Kontrastverh\u00e4ltnis (Deckverm\u00f6gen) Klasse 1<br \/>\n\u2022 22 kg Gebinde<\/p>\n","protected":false},"excerpt":{"rendered":"<p>\u2022 Auf mineralischen Rohstoffen aufgebaute, tuchmatte<br \/>\nInnenfarbe f\u00fcr Decken und W\u00e4nde<br \/>\n\u2022 Verd\u00fcnnbar, l\u00f6semittelfrei<br \/>\n\u2022 Hoch wasserdampfdurchl\u00e4ssig<br \/>\n\u2022 Mit Siliziumverbindungen modifiziert<br \/>\n\u2022 Geeignet f\u00fcr Weissputz und Spachteluntergr\u00fcnde,<br \/>\nZementputz, Kalkabrieb, Beton, Kunststoffputz und<br \/>\ntragf\u00e4hige Altanstriche<br \/>\n\u2022 Nassabrieb ISO 11998 Klasse 1<br \/>\n\u2022 Kontrastverh\u00e4ltnis (Deckverm\u00f6gen) Klasse 1<br \/>\n\u2022 22 kg Gebinde<\/p>\n","protected":false},"featured_media":30718,"template":"","meta":[],"product_brand":[],"product_cat":[52],"product_tag":[],"class_list":{"0":"post-82736","1":"product","2":"type-product","3":"status-publish","4":"has-post-thumbnail","6":"product_cat-dichten-kleben-streichen","8":"first","9":"instock","10":"purchasable","11":"product-type-simple"},"yoast_head":"<!-- This site is optimized with the Yoast SEO plugin v27.0 - https:\/\/yoast.com\/product\/yoast-seo-wordpress\/ -->\n<title>Innendispersion weiss matt - proone<\/title>\n<meta name=\"robots\" content=\"index, follow, max-snippet:-1, max-image-preview:large, max-video-preview:-1\" \/>\n<link rel=\"canonical\" href=\"https:\/\/pro-one.ch\/de\/produkte\/innendispersion-weiss-matt\/\" \/>\n<meta property=\"og:locale\" content=\"de_DE\" \/>\n<meta property=\"og:type\" content=\"article\" \/>\n<meta property=\"og:title\" content=\"Innendispersion weiss matt - proone\" \/>\n<meta property=\"og:description\" content=\"\u2022 Auf mineralischen Rohstoffen aufgebaute, tuchmatte Innenfarbe f\u00fcr Decken und W\u00e4nde \u2022 Verd\u00fcnnbar, l\u00f6semittelfrei \u2022 Hoch wasserdampfdurchl\u00e4ssig \u2022 Mit Siliziumverbindungen modifiziert \u2022 Geeignet f\u00fcr Weissputz und Spachteluntergr\u00fcnde, Zementputz, Kalkabrieb, Beton, Kunststoffputz und tragf\u00e4hige Altanstriche \u2022 Nassabrieb ISO 11998 Klasse 1 \u2022 Kontrastverh\u00e4ltnis (Deckverm\u00f6gen) Klasse 1 \u2022 22 kg Gebinde\" \/>\n<meta property=\"og:url\" content=\"https:\/\/pro-one.ch\/de\/produkte\/innendispersion-weiss-matt\/\" \/>\n<meta property=\"og:site_name\" content=\"proone\" \/>\n<meta property=\"article:modified_time\" content=\"2025-11-17T08:53:16+00:00\" \/>\n<meta property=\"og:image\" content=\"https:\/\/pro-one.ch\/wp-content\/uploads\/products\/6376690-scaled.jpg\" \/>\n\t<meta property=\"og:image:width\" content=\"1920\" \/>\n\t<meta property=\"og:image:height\" content=\"1681\" \/>\n\t<meta property=\"og:image:type\" content=\"image\/jpeg\" \/>\n<meta name=\"twitter:card\" content=\"summary_large_image\" \/>\n<script type=\"application\/ld+json\" class=\"yoast-schema-graph\">{\"@context\":\"https:\/\/schema.org\",\"@graph\":[{\"@type\":\"WebPage\",\"@id\":\"https:\/\/pro-one.ch\/de\/produkte\/innendispersion-weiss-matt\/\",\"url\":\"https:\/\/pro-one.ch\/de\/produkte\/innendispersion-weiss-matt\/\",\"name\":\"Innendispersion weiss matt - proone\",\"isPartOf\":{\"@id\":\"https:\/\/pro-one.ch\/de\/#website\"},\"primaryImageOfPage\":{\"@id\":\"https:\/\/pro-one.ch\/de\/produkte\/innendispersion-weiss-matt\/#primaryimage\"},\"image\":{\"@id\":\"https:\/\/pro-one.ch\/de\/produkte\/innendispersion-weiss-matt\/#primaryimage\"},\"thumbnailUrl\":\"https:\/\/pro-one.ch\/wp-content\/uploads\/products\/6376690-scaled.jpg\",\"datePublished\":\"2025-11-17T07:26:22+00:00\",\"dateModified\":\"2025-11-17T08:53:16+00:00\",\"breadcrumb\":{\"@id\":\"https:\/\/pro-one.ch\/de\/produkte\/innendispersion-weiss-matt\/#breadcrumb\"},\"inLanguage\":\"de\",\"potentialAction\":[{\"@type\":\"ReadAction\",\"target\":[\"https:\/\/pro-one.ch\/de\/produkte\/innendispersion-weiss-matt\/\"]}]},{\"@type\":\"ImageObject\",\"inLanguage\":\"de\",\"@id\":\"https:\/\/pro-one.ch\/de\/produkte\/innendispersion-weiss-matt\/#primaryimage\",\"url\":\"https:\/\/pro-one.ch\/wp-content\/uploads\/products\/6376690-scaled.jpg\",\"contentUrl\":\"https:\/\/pro-one.ch\/wp-content\/uploads\/products\/6376690-scaled.jpg\",\"width\":1920,\"height\":1681},{\"@type\":\"BreadcrumbList\",\"@id\":\"https:\/\/pro-one.ch\/de\/produkte\/innendispersion-weiss-matt\/#breadcrumb\",\"itemListElement\":[{\"@type\":\"ListItem\",\"position\":1,\"name\":\"Accueil\",\"item\":\"https:\/\/pro-one.ch\/de\/\"},{\"@type\":\"ListItem\",\"position\":2,\"name\":\"Sortiment\",\"item\":\"https:\/\/pro-one.ch\/de\/sortiment\/\"},{\"@type\":\"ListItem\",\"position\":3,\"name\":\"Innendispersion weiss matt\"}]},{\"@type\":\"WebSite\",\"@id\":\"https:\/\/pro-one.ch\/de\/#website\",\"url\":\"https:\/\/pro-one.ch\/de\/\",\"name\":\"proone\",\"description\":\"\",\"potentialAction\":[{\"@type\":\"SearchAction\",\"target\":{\"@type\":\"EntryPoint\",\"urlTemplate\":\"https:\/\/pro-one.ch\/de\/?s={search_term_string}\"},\"query-input\":{\"@type\":\"PropertyValueSpecification\",\"valueRequired\":true,\"valueName\":\"search_term_string\"}}],\"inLanguage\":\"de\"}]}<\/script>\n<!-- \/ Yoast SEO plugin. -->","yoast_head_json":{"title":"Innendispersion weiss matt - proone","robots":{"index":"index","follow":"follow","max-snippet":"max-snippet:-1","max-image-preview":"max-image-preview:large","max-video-preview":"max-video-preview:-1"},"canonical":"https:\/\/pro-one.ch\/de\/produkte\/innendispersion-weiss-matt\/","og_locale":"de_DE","og_type":"article","og_title":"Innendispersion weiss matt - proone","og_description":"\u2022 Auf mineralischen Rohstoffen aufgebaute, tuchmatte Innenfarbe f\u00fcr Decken und W\u00e4nde \u2022 Verd\u00fcnnbar, l\u00f6semittelfrei \u2022 Hoch wasserdampfdurchl\u00e4ssig \u2022 Mit Siliziumverbindungen modifiziert \u2022 Geeignet f\u00fcr Weissputz und Spachteluntergr\u00fcnde, Zementputz, Kalkabrieb, Beton, Kunststoffputz und tragf\u00e4hige Altanstriche \u2022 Nassabrieb ISO 11998 Klasse 1 \u2022 Kontrastverh\u00e4ltnis (Deckverm\u00f6gen) Klasse 1 \u2022 22 kg Gebinde","og_url":"https:\/\/pro-one.ch\/de\/produkte\/innendispersion-weiss-matt\/","og_site_name":"proone","article_modified_time":"2025-11-17T08:53:16+00:00","og_image":[{"width":1920,"height":1681,"url":"https:\/\/pro-one.ch\/wp-content\/uploads\/products\/6376690-scaled.jpg","type":"image\/jpeg"}],"twitter_card":"summary_large_image","schema":{"@context":"https:\/\/schema.org","@graph":[{"@type":"WebPage","@id":"https:\/\/pro-one.ch\/de\/produkte\/innendispersion-weiss-matt\/","url":"https:\/\/pro-one.ch\/de\/produkte\/innendispersion-weiss-matt\/","name":"Innendispersion weiss matt - proone","isPartOf":{"@id":"https:\/\/pro-one.ch\/de\/#website"},"primaryImageOfPage":{"@id":"https:\/\/pro-one.ch\/de\/produkte\/innendispersion-weiss-matt\/#primaryimage"},"image":{"@id":"https:\/\/pro-one.ch\/de\/produkte\/innendispersion-weiss-matt\/#primaryimage"},"thumbnailUrl":"https:\/\/pro-one.ch\/wp-content\/uploads\/products\/6376690-scaled.jpg","datePublished":"2025-11-17T07:26:22+00:00","dateModified":"2025-11-17T08:53:16+00:00","breadcrumb":{"@id":"https:\/\/pro-one.ch\/de\/produkte\/innendispersion-weiss-matt\/#breadcrumb"},"inLanguage":"de","potentialAction":[{"@type":"ReadAction","target":["https:\/\/pro-one.ch\/de\/produkte\/innendispersion-weiss-matt\/"]}]},{"@type":"ImageObject","inLanguage":"de","@id":"https:\/\/pro-one.ch\/de\/produkte\/innendispersion-weiss-matt\/#primaryimage","url":"https:\/\/pro-one.ch\/wp-content\/uploads\/products\/6376690-scaled.jpg","contentUrl":"https:\/\/pro-one.ch\/wp-content\/uploads\/products\/6376690-scaled.jpg","width":1920,"height":1681},{"@type":"BreadcrumbList","@id":"https:\/\/pro-one.ch\/de\/produkte\/innendispersion-weiss-matt\/#breadcrumb","itemListElement":[{"@type":"ListItem","position":1,"name":"Accueil","item":"https:\/\/pro-one.ch\/de\/"},{"@type":"ListItem","position":2,"name":"Sortiment","item":"https:\/\/pro-one.ch\/de\/sortiment\/"},{"@type":"ListItem","position":3,"name":"Innendispersion weiss matt"}]},{"@type":"WebSite","@id":"https:\/\/pro-one.ch\/de\/#website","url":"https:\/\/pro-one.ch\/de\/","name":"proone","description":"","potentialAction":[{"@type":"SearchAction","target":{"@type":"EntryPoint","urlTemplate":"https:\/\/pro-one.ch\/de\/?s={search_term_string}"},"query-input":{"@type":"PropertyValueSpecification","valueRequired":true,"valueName":"search_term_string"}}],"inLanguage":"de"}]}},"_links":{"self":[{"href":"https:\/\/pro-one.ch\/de\/wp-json\/wp\/v2\/product\/82736","targetHints":{"allow":["GET"]}}],"collection":[{"href":"https:\/\/pro-one.ch\/de\/wp-json\/wp\/v2\/product"}],"about":[{"href":"https:\/\/pro-one.ch\/de\/wp-json\/wp\/v2\/types\/product"}],"wp:featuredmedia":[{"embeddable":true,"href":"https:\/\/pro-one.ch\/de\/wp-json\/wp\/v2\/media\/30718"}],"wp:attachment":[{"href":"https:\/\/pro-one.ch\/de\/wp-json\/wp\/v2\/media?parent=82736"}],"wp:term":[{"taxonomy":"product_brand","embeddable":true,"href":"https:\/\/pro-one.ch\/de\/wp-json\/wp\/v2\/product_brand?post=82736"},{"taxonomy":"product_cat","embeddable":true,"href":"https:\/\/pro-one.ch\/de\/wp-json\/wp\/v2\/product_cat?post=82736"},{"taxonomy":"product_tag","embeddable":true,"href":"https:\/\/pro-one.ch\/de\/wp-json\/wp\/v2\/product_tag?post=82736"}],"curies":[{"name":"wp","href":"https:\/\/api.w.org\/{rel}","templated":true}]}}