{"id":82764,"date":"2025-11-17T08:26:49","date_gmt":"2025-11-17T07:26:49","guid":{"rendered":"https:\/\/pro-one.ch\/produkte\/vergussmoertel-grout4-2\/"},"modified":"2025-11-17T09:53:32","modified_gmt":"2025-11-17T08:53:32","slug":"vergussmoertel-grout4-2","status":"publish","type":"product","link":"https:\/\/pro-one.ch\/de\/produkte\/vergussmoertel-grout4-2\/","title":{"rendered":"Vergussm\u00f6rtel GROUT4"},"content":{"rendered":"<p>\u2022 Hydraulisch erh\u00e4rtender, zement\u00e4rer Werktrockenm\u00f6rtel.<br \/>\n\u2022 Zum Vergiessen von Ankern, Bolzen, Pfeilern, Schienen und anderen Stahlkonstruktionen<br \/>\nsowie Aussparungen und Anschl\u00fcssen.<br \/>\n\u2022 F\u00fcr Boden, innen und aussen. Wasserundurchl\u00e4ssig, chloridfrei,<br \/>\nschwindkompensiert, quellend (spielfreier Verguss) und korrosionssch\u00fctzend.<br \/>\n\u2022 Sack \u00e0 25 kg<\/p>\n","protected":false},"excerpt":{"rendered":"<p>\u2022 Hydraulisch erh\u00e4rtender, zement\u00e4rer Werktrockenm\u00f6rtel.<br \/>\n\u2022 Zum Vergiessen von Ankern, Bolzen, Pfeilern, Schienen und anderen Stahlkonstruktionen<br \/>\nsowie Aussparungen und Anschl\u00fcssen.<br \/>\n\u2022 F\u00fcr Boden, innen und aussen. Wasserundurchl\u00e4ssig, chloridfrei,<br \/>\nschwindkompensiert, quellend (spielfreier Verguss) und korrosionssch\u00fctzend.<br \/>\n\u2022 Sack \u00e0 25 kg<\/p>\n","protected":false},"featured_media":30940,"template":"","meta":[],"product_brand":[],"product_cat":[48],"product_tag":[],"class_list":{"0":"post-82764","1":"product","2":"type-product","3":"status-publish","4":"has-post-thumbnail","6":"product_cat-baustoffe","8":"first","9":"instock","10":"purchasable","11":"product-type-simple"},"yoast_head":"<!-- This site is optimized with the Yoast SEO plugin v27.0 - https:\/\/yoast.com\/product\/yoast-seo-wordpress\/ -->\n<title>Vergussm\u00f6rtel GROUT4 - proone<\/title>\n<meta name=\"robots\" content=\"index, follow, max-snippet:-1, max-image-preview:large, max-video-preview:-1\" \/>\n<link rel=\"canonical\" href=\"https:\/\/pro-one.ch\/de\/produkte\/vergussmoertel-grout4-2\/\" \/>\n<meta property=\"og:locale\" content=\"de_DE\" \/>\n<meta property=\"og:type\" content=\"article\" \/>\n<meta property=\"og:title\" content=\"Vergussm\u00f6rtel GROUT4 - proone\" \/>\n<meta property=\"og:description\" content=\"\u2022 Hydraulisch erh\u00e4rtender, zement\u00e4rer Werktrockenm\u00f6rtel. \u2022 Zum Vergiessen von Ankern, Bolzen, Pfeilern, Schienen und anderen Stahlkonstruktionen sowie Aussparungen und Anschl\u00fcssen. \u2022 F\u00fcr Boden, innen und aussen. Wasserundurchl\u00e4ssig, chloridfrei, schwindkompensiert, quellend (spielfreier Verguss) und korrosionssch\u00fctzend. \u2022 Sack \u00e0 25 kg\" \/>\n<meta property=\"og:url\" content=\"https:\/\/pro-one.ch\/de\/produkte\/vergussmoertel-grout4-2\/\" \/>\n<meta property=\"og:site_name\" content=\"proone\" \/>\n<meta property=\"article:modified_time\" content=\"2025-11-17T08:53:32+00:00\" \/>\n<meta property=\"og:image\" content=\"https:\/\/pro-one.ch\/wp-content\/uploads\/products\/4483980-scaled.jpg\" \/>\n\t<meta property=\"og:image:width\" content=\"1097\" \/>\n\t<meta property=\"og:image:height\" content=\"1920\" \/>\n\t<meta property=\"og:image:type\" content=\"image\/jpeg\" \/>\n<meta name=\"twitter:card\" content=\"summary_large_image\" \/>\n<script type=\"application\/ld+json\" class=\"yoast-schema-graph\">{\"@context\":\"https:\/\/schema.org\",\"@graph\":[{\"@type\":\"WebPage\",\"@id\":\"https:\/\/pro-one.ch\/de\/produkte\/vergussmoertel-grout4-2\/\",\"url\":\"https:\/\/pro-one.ch\/de\/produkte\/vergussmoertel-grout4-2\/\",\"name\":\"Vergussm\u00f6rtel GROUT4 - proone\",\"isPartOf\":{\"@id\":\"https:\/\/pro-one.ch\/de\/#website\"},\"primaryImageOfPage\":{\"@id\":\"https:\/\/pro-one.ch\/de\/produkte\/vergussmoertel-grout4-2\/#primaryimage\"},\"image\":{\"@id\":\"https:\/\/pro-one.ch\/de\/produkte\/vergussmoertel-grout4-2\/#primaryimage\"},\"thumbnailUrl\":\"https:\/\/pro-one.ch\/wp-content\/uploads\/products\/4483980-scaled.jpg\",\"datePublished\":\"2025-11-17T07:26:49+00:00\",\"dateModified\":\"2025-11-17T08:53:32+00:00\",\"breadcrumb\":{\"@id\":\"https:\/\/pro-one.ch\/de\/produkte\/vergussmoertel-grout4-2\/#breadcrumb\"},\"inLanguage\":\"de\",\"potentialAction\":[{\"@type\":\"ReadAction\",\"target\":[\"https:\/\/pro-one.ch\/de\/produkte\/vergussmoertel-grout4-2\/\"]}]},{\"@type\":\"ImageObject\",\"inLanguage\":\"de\",\"@id\":\"https:\/\/pro-one.ch\/de\/produkte\/vergussmoertel-grout4-2\/#primaryimage\",\"url\":\"https:\/\/pro-one.ch\/wp-content\/uploads\/products\/4483980-scaled.jpg\",\"contentUrl\":\"https:\/\/pro-one.ch\/wp-content\/uploads\/products\/4483980-scaled.jpg\",\"width\":1097,\"height\":1920},{\"@type\":\"BreadcrumbList\",\"@id\":\"https:\/\/pro-one.ch\/de\/produkte\/vergussmoertel-grout4-2\/#breadcrumb\",\"itemListElement\":[{\"@type\":\"ListItem\",\"position\":1,\"name\":\"Accueil\",\"item\":\"https:\/\/pro-one.ch\/de\/\"},{\"@type\":\"ListItem\",\"position\":2,\"name\":\"Sortiment\",\"item\":\"https:\/\/pro-one.ch\/de\/sortiment\/\"},{\"@type\":\"ListItem\",\"position\":3,\"name\":\"Vergussm\u00f6rtel GROUT4\"}]},{\"@type\":\"WebSite\",\"@id\":\"https:\/\/pro-one.ch\/de\/#website\",\"url\":\"https:\/\/pro-one.ch\/de\/\",\"name\":\"proone\",\"description\":\"\",\"potentialAction\":[{\"@type\":\"SearchAction\",\"target\":{\"@type\":\"EntryPoint\",\"urlTemplate\":\"https:\/\/pro-one.ch\/de\/?s={search_term_string}\"},\"query-input\":{\"@type\":\"PropertyValueSpecification\",\"valueRequired\":true,\"valueName\":\"search_term_string\"}}],\"inLanguage\":\"de\"}]}<\/script>\n<!-- \/ Yoast SEO plugin. -->","yoast_head_json":{"title":"Vergussm\u00f6rtel GROUT4 - proone","robots":{"index":"index","follow":"follow","max-snippet":"max-snippet:-1","max-image-preview":"max-image-preview:large","max-video-preview":"max-video-preview:-1"},"canonical":"https:\/\/pro-one.ch\/de\/produkte\/vergussmoertel-grout4-2\/","og_locale":"de_DE","og_type":"article","og_title":"Vergussm\u00f6rtel GROUT4 - proone","og_description":"\u2022 Hydraulisch erh\u00e4rtender, zement\u00e4rer Werktrockenm\u00f6rtel. \u2022 Zum Vergiessen von Ankern, Bolzen, Pfeilern, Schienen und anderen Stahlkonstruktionen sowie Aussparungen und Anschl\u00fcssen. \u2022 F\u00fcr Boden, innen und aussen. Wasserundurchl\u00e4ssig, chloridfrei, schwindkompensiert, quellend (spielfreier Verguss) und korrosionssch\u00fctzend. \u2022 Sack \u00e0 25 kg","og_url":"https:\/\/pro-one.ch\/de\/produkte\/vergussmoertel-grout4-2\/","og_site_name":"proone","article_modified_time":"2025-11-17T08:53:32+00:00","og_image":[{"width":1097,"height":1920,"url":"https:\/\/pro-one.ch\/wp-content\/uploads\/products\/4483980-scaled.jpg","type":"image\/jpeg"}],"twitter_card":"summary_large_image","schema":{"@context":"https:\/\/schema.org","@graph":[{"@type":"WebPage","@id":"https:\/\/pro-one.ch\/de\/produkte\/vergussmoertel-grout4-2\/","url":"https:\/\/pro-one.ch\/de\/produkte\/vergussmoertel-grout4-2\/","name":"Vergussm\u00f6rtel GROUT4 - proone","isPartOf":{"@id":"https:\/\/pro-one.ch\/de\/#website"},"primaryImageOfPage":{"@id":"https:\/\/pro-one.ch\/de\/produkte\/vergussmoertel-grout4-2\/#primaryimage"},"image":{"@id":"https:\/\/pro-one.ch\/de\/produkte\/vergussmoertel-grout4-2\/#primaryimage"},"thumbnailUrl":"https:\/\/pro-one.ch\/wp-content\/uploads\/products\/4483980-scaled.jpg","datePublished":"2025-11-17T07:26:49+00:00","dateModified":"2025-11-17T08:53:32+00:00","breadcrumb":{"@id":"https:\/\/pro-one.ch\/de\/produkte\/vergussmoertel-grout4-2\/#breadcrumb"},"inLanguage":"de","potentialAction":[{"@type":"ReadAction","target":["https:\/\/pro-one.ch\/de\/produkte\/vergussmoertel-grout4-2\/"]}]},{"@type":"ImageObject","inLanguage":"de","@id":"https:\/\/pro-one.ch\/de\/produkte\/vergussmoertel-grout4-2\/#primaryimage","url":"https:\/\/pro-one.ch\/wp-content\/uploads\/products\/4483980-scaled.jpg","contentUrl":"https:\/\/pro-one.ch\/wp-content\/uploads\/products\/4483980-scaled.jpg","width":1097,"height":1920},{"@type":"BreadcrumbList","@id":"https:\/\/pro-one.ch\/de\/produkte\/vergussmoertel-grout4-2\/#breadcrumb","itemListElement":[{"@type":"ListItem","position":1,"name":"Accueil","item":"https:\/\/pro-one.ch\/de\/"},{"@type":"ListItem","position":2,"name":"Sortiment","item":"https:\/\/pro-one.ch\/de\/sortiment\/"},{"@type":"ListItem","position":3,"name":"Vergussm\u00f6rtel GROUT4"}]},{"@type":"WebSite","@id":"https:\/\/pro-one.ch\/de\/#website","url":"https:\/\/pro-one.ch\/de\/","name":"proone","description":"","potentialAction":[{"@type":"SearchAction","target":{"@type":"EntryPoint","urlTemplate":"https:\/\/pro-one.ch\/de\/?s={search_term_string}"},"query-input":{"@type":"PropertyValueSpecification","valueRequired":true,"valueName":"search_term_string"}}],"inLanguage":"de"}]}},"_links":{"self":[{"href":"https:\/\/pro-one.ch\/de\/wp-json\/wp\/v2\/product\/82764","targetHints":{"allow":["GET"]}}],"collection":[{"href":"https:\/\/pro-one.ch\/de\/wp-json\/wp\/v2\/product"}],"about":[{"href":"https:\/\/pro-one.ch\/de\/wp-json\/wp\/v2\/types\/product"}],"wp:featuredmedia":[{"embeddable":true,"href":"https:\/\/pro-one.ch\/de\/wp-json\/wp\/v2\/media\/30940"}],"wp:attachment":[{"href":"https:\/\/pro-one.ch\/de\/wp-json\/wp\/v2\/media?parent=82764"}],"wp:term":[{"taxonomy":"product_brand","embeddable":true,"href":"https:\/\/pro-one.ch\/de\/wp-json\/wp\/v2\/product_brand?post=82764"},{"taxonomy":"product_cat","embeddable":true,"href":"https:\/\/pro-one.ch\/de\/wp-json\/wp\/v2\/product_cat?post=82764"},{"taxonomy":"product_tag","embeddable":true,"href":"https:\/\/pro-one.ch\/de\/wp-json\/wp\/v2\/product_tag?post=82764"}],"curies":[{"name":"wp","href":"https:\/\/api.w.org\/{rel}","templated":true}]}}