{"id":82766,"date":"2025-11-17T08:26:49","date_gmt":"2025-11-17T07:26:49","guid":{"rendered":"https:\/\/pro-one.ch\/produkte\/kaltasphalt-005\/"},"modified":"2025-11-17T09:53:36","modified_gmt":"2025-11-17T08:53:36","slug":"kaltasphalt-005","status":"publish","type":"product","link":"https:\/\/pro-one.ch\/de\/produkte\/kaltasphalt-005\/","title":{"rendered":"Kaltasphalt 005"},"content":{"rendered":"<p>\u2022 Bitumenhaltiges, kalt einbauf\u00e4higes Asphaltmischgut.<br \/>\n\u2022 Zum Ausbessern von kleinfl\u00e4chigen Oberfl\u00e4chensch\u00e4den in Asphalt und<br \/>\nBetonfl\u00e4chen, Schlagl\u00f6chern, Frostsch\u00e4den.<br \/>\n\u2022 F\u00fcr Boden, frei von Teerbestandteilen, sofort belastbar, plastische Endh\u00e4rte, gebrauchsfertig und sehr lange haltbar.<br \/>\n\u2022 Eimer \u00e0 25 kg<\/p>\n","protected":false},"excerpt":{"rendered":"<p>\u2022 Bitumenhaltiges, kalt einbauf\u00e4higes Asphaltmischgut.<br \/>\n\u2022 Zum Ausbessern von kleinfl\u00e4chigen Oberfl\u00e4chensch\u00e4den in Asphalt und<br \/>\nBetonfl\u00e4chen, Schlagl\u00f6chern, Frostsch\u00e4den.<br \/>\n\u2022 F\u00fcr Boden, frei von Teerbestandteilen, sofort belastbar, plastische Endh\u00e4rte, gebrauchsfertig und sehr lange haltbar.<br \/>\n\u2022 Eimer \u00e0 25 kg<\/p>\n","protected":false},"featured_media":30943,"template":"","meta":[],"product_brand":[],"product_cat":[48],"product_tag":[],"class_list":{"0":"post-82766","1":"product","2":"type-product","3":"status-publish","4":"has-post-thumbnail","6":"product_cat-baustoffe","8":"first","9":"instock","10":"purchasable","11":"product-type-simple"},"yoast_head":"<!-- This site is optimized with the Yoast SEO plugin v27.0 - https:\/\/yoast.com\/product\/yoast-seo-wordpress\/ -->\n<title>Kaltasphalt 005 - proone<\/title>\n<meta name=\"robots\" content=\"index, follow, max-snippet:-1, max-image-preview:large, max-video-preview:-1\" \/>\n<link rel=\"canonical\" href=\"https:\/\/pro-one.ch\/de\/produkte\/kaltasphalt-005\/\" \/>\n<meta property=\"og:locale\" content=\"de_DE\" \/>\n<meta property=\"og:type\" content=\"article\" \/>\n<meta property=\"og:title\" content=\"Kaltasphalt 005 - proone\" \/>\n<meta property=\"og:description\" content=\"\u2022 Bitumenhaltiges, kalt einbauf\u00e4higes Asphaltmischgut. \u2022 Zum Ausbessern von kleinfl\u00e4chigen Oberfl\u00e4chensch\u00e4den in Asphalt und Betonfl\u00e4chen, Schlagl\u00f6chern, Frostsch\u00e4den. \u2022 F\u00fcr Boden, frei von Teerbestandteilen, sofort belastbar, plastische Endh\u00e4rte, gebrauchsfertig und sehr lange haltbar. \u2022 Eimer \u00e0 25 kg\" \/>\n<meta property=\"og:url\" content=\"https:\/\/pro-one.ch\/de\/produkte\/kaltasphalt-005\/\" \/>\n<meta property=\"og:site_name\" content=\"proone\" \/>\n<meta property=\"article:modified_time\" content=\"2025-11-17T08:53:36+00:00\" \/>\n<meta property=\"og:image\" content=\"https:\/\/pro-one.ch\/wp-content\/uploads\/products\/4483979-scaled.jpg\" \/>\n\t<meta property=\"og:image:width\" content=\"1920\" \/>\n\t<meta property=\"og:image:height\" content=\"1536\" \/>\n\t<meta property=\"og:image:type\" content=\"image\/jpeg\" \/>\n<meta name=\"twitter:card\" content=\"summary_large_image\" \/>\n<script type=\"application\/ld+json\" class=\"yoast-schema-graph\">{\"@context\":\"https:\/\/schema.org\",\"@graph\":[{\"@type\":\"WebPage\",\"@id\":\"https:\/\/pro-one.ch\/de\/produkte\/kaltasphalt-005\/\",\"url\":\"https:\/\/pro-one.ch\/de\/produkte\/kaltasphalt-005\/\",\"name\":\"Kaltasphalt 005 - proone\",\"isPartOf\":{\"@id\":\"https:\/\/pro-one.ch\/de\/#website\"},\"primaryImageOfPage\":{\"@id\":\"https:\/\/pro-one.ch\/de\/produkte\/kaltasphalt-005\/#primaryimage\"},\"image\":{\"@id\":\"https:\/\/pro-one.ch\/de\/produkte\/kaltasphalt-005\/#primaryimage\"},\"thumbnailUrl\":\"https:\/\/pro-one.ch\/wp-content\/uploads\/products\/4483979-scaled.jpg\",\"datePublished\":\"2025-11-17T07:26:49+00:00\",\"dateModified\":\"2025-11-17T08:53:36+00:00\",\"breadcrumb\":{\"@id\":\"https:\/\/pro-one.ch\/de\/produkte\/kaltasphalt-005\/#breadcrumb\"},\"inLanguage\":\"de\",\"potentialAction\":[{\"@type\":\"ReadAction\",\"target\":[\"https:\/\/pro-one.ch\/de\/produkte\/kaltasphalt-005\/\"]}]},{\"@type\":\"ImageObject\",\"inLanguage\":\"de\",\"@id\":\"https:\/\/pro-one.ch\/de\/produkte\/kaltasphalt-005\/#primaryimage\",\"url\":\"https:\/\/pro-one.ch\/wp-content\/uploads\/products\/4483979-scaled.jpg\",\"contentUrl\":\"https:\/\/pro-one.ch\/wp-content\/uploads\/products\/4483979-scaled.jpg\",\"width\":1920,\"height\":1536},{\"@type\":\"BreadcrumbList\",\"@id\":\"https:\/\/pro-one.ch\/de\/produkte\/kaltasphalt-005\/#breadcrumb\",\"itemListElement\":[{\"@type\":\"ListItem\",\"position\":1,\"name\":\"Accueil\",\"item\":\"https:\/\/pro-one.ch\/de\/\"},{\"@type\":\"ListItem\",\"position\":2,\"name\":\"Sortiment\",\"item\":\"https:\/\/pro-one.ch\/de\/sortiment\/\"},{\"@type\":\"ListItem\",\"position\":3,\"name\":\"Kaltasphalt 005\"}]},{\"@type\":\"WebSite\",\"@id\":\"https:\/\/pro-one.ch\/de\/#website\",\"url\":\"https:\/\/pro-one.ch\/de\/\",\"name\":\"proone\",\"description\":\"\",\"potentialAction\":[{\"@type\":\"SearchAction\",\"target\":{\"@type\":\"EntryPoint\",\"urlTemplate\":\"https:\/\/pro-one.ch\/de\/?s={search_term_string}\"},\"query-input\":{\"@type\":\"PropertyValueSpecification\",\"valueRequired\":true,\"valueName\":\"search_term_string\"}}],\"inLanguage\":\"de\"}]}<\/script>\n<!-- \/ Yoast SEO plugin. -->","yoast_head_json":{"title":"Kaltasphalt 005 - proone","robots":{"index":"index","follow":"follow","max-snippet":"max-snippet:-1","max-image-preview":"max-image-preview:large","max-video-preview":"max-video-preview:-1"},"canonical":"https:\/\/pro-one.ch\/de\/produkte\/kaltasphalt-005\/","og_locale":"de_DE","og_type":"article","og_title":"Kaltasphalt 005 - proone","og_description":"\u2022 Bitumenhaltiges, kalt einbauf\u00e4higes Asphaltmischgut. \u2022 Zum Ausbessern von kleinfl\u00e4chigen Oberfl\u00e4chensch\u00e4den in Asphalt und Betonfl\u00e4chen, Schlagl\u00f6chern, Frostsch\u00e4den. \u2022 F\u00fcr Boden, frei von Teerbestandteilen, sofort belastbar, plastische Endh\u00e4rte, gebrauchsfertig und sehr lange haltbar. \u2022 Eimer \u00e0 25 kg","og_url":"https:\/\/pro-one.ch\/de\/produkte\/kaltasphalt-005\/","og_site_name":"proone","article_modified_time":"2025-11-17T08:53:36+00:00","og_image":[{"width":1920,"height":1536,"url":"https:\/\/pro-one.ch\/wp-content\/uploads\/products\/4483979-scaled.jpg","type":"image\/jpeg"}],"twitter_card":"summary_large_image","schema":{"@context":"https:\/\/schema.org","@graph":[{"@type":"WebPage","@id":"https:\/\/pro-one.ch\/de\/produkte\/kaltasphalt-005\/","url":"https:\/\/pro-one.ch\/de\/produkte\/kaltasphalt-005\/","name":"Kaltasphalt 005 - proone","isPartOf":{"@id":"https:\/\/pro-one.ch\/de\/#website"},"primaryImageOfPage":{"@id":"https:\/\/pro-one.ch\/de\/produkte\/kaltasphalt-005\/#primaryimage"},"image":{"@id":"https:\/\/pro-one.ch\/de\/produkte\/kaltasphalt-005\/#primaryimage"},"thumbnailUrl":"https:\/\/pro-one.ch\/wp-content\/uploads\/products\/4483979-scaled.jpg","datePublished":"2025-11-17T07:26:49+00:00","dateModified":"2025-11-17T08:53:36+00:00","breadcrumb":{"@id":"https:\/\/pro-one.ch\/de\/produkte\/kaltasphalt-005\/#breadcrumb"},"inLanguage":"de","potentialAction":[{"@type":"ReadAction","target":["https:\/\/pro-one.ch\/de\/produkte\/kaltasphalt-005\/"]}]},{"@type":"ImageObject","inLanguage":"de","@id":"https:\/\/pro-one.ch\/de\/produkte\/kaltasphalt-005\/#primaryimage","url":"https:\/\/pro-one.ch\/wp-content\/uploads\/products\/4483979-scaled.jpg","contentUrl":"https:\/\/pro-one.ch\/wp-content\/uploads\/products\/4483979-scaled.jpg","width":1920,"height":1536},{"@type":"BreadcrumbList","@id":"https:\/\/pro-one.ch\/de\/produkte\/kaltasphalt-005\/#breadcrumb","itemListElement":[{"@type":"ListItem","position":1,"name":"Accueil","item":"https:\/\/pro-one.ch\/de\/"},{"@type":"ListItem","position":2,"name":"Sortiment","item":"https:\/\/pro-one.ch\/de\/sortiment\/"},{"@type":"ListItem","position":3,"name":"Kaltasphalt 005"}]},{"@type":"WebSite","@id":"https:\/\/pro-one.ch\/de\/#website","url":"https:\/\/pro-one.ch\/de\/","name":"proone","description":"","potentialAction":[{"@type":"SearchAction","target":{"@type":"EntryPoint","urlTemplate":"https:\/\/pro-one.ch\/de\/?s={search_term_string}"},"query-input":{"@type":"PropertyValueSpecification","valueRequired":true,"valueName":"search_term_string"}}],"inLanguage":"de"}]}},"_links":{"self":[{"href":"https:\/\/pro-one.ch\/de\/wp-json\/wp\/v2\/product\/82766","targetHints":{"allow":["GET"]}}],"collection":[{"href":"https:\/\/pro-one.ch\/de\/wp-json\/wp\/v2\/product"}],"about":[{"href":"https:\/\/pro-one.ch\/de\/wp-json\/wp\/v2\/types\/product"}],"wp:featuredmedia":[{"embeddable":true,"href":"https:\/\/pro-one.ch\/de\/wp-json\/wp\/v2\/media\/30943"}],"wp:attachment":[{"href":"https:\/\/pro-one.ch\/de\/wp-json\/wp\/v2\/media?parent=82766"}],"wp:term":[{"taxonomy":"product_brand","embeddable":true,"href":"https:\/\/pro-one.ch\/de\/wp-json\/wp\/v2\/product_brand?post=82766"},{"taxonomy":"product_cat","embeddable":true,"href":"https:\/\/pro-one.ch\/de\/wp-json\/wp\/v2\/product_cat?post=82766"},{"taxonomy":"product_tag","embeddable":true,"href":"https:\/\/pro-one.ch\/de\/wp-json\/wp\/v2\/product_tag?post=82766"}],"curies":[{"name":"wp","href":"https:\/\/api.w.org\/{rel}","templated":true}]}}