{"id":82817,"date":"2025-11-17T08:27:33","date_gmt":"2025-11-17T07:27:33","guid":{"rendered":"https:\/\/pro-one.ch\/produkte\/geotextil-trenn-und-filtervlies-1-7-mm-10-kn-m-150g\/"},"modified":"2025-11-17T09:53:53","modified_gmt":"2025-11-17T08:53:53","slug":"geotextil-trenn-und-filtervlies-1-7-mm-10-kn-m-150g","status":"publish","type":"product","link":"https:\/\/pro-one.ch\/de\/produkte\/geotextil-trenn-und-filtervlies-1-7-mm-10-kn-m-150g\/","title":{"rendered":"Geotextil Trenn- und Filtervlies \n1.7 mm, 10 kN\/m 150g"},"content":{"rendered":"<p>\u2022 Das flexible Material passt sich problemlos den Unregelm\u00e4ssigkeiten im Gel\u00e4nde an.<br \/>\n\u2022 Dank seiner Konzeption vereinigt es gute Reisskr\u00e4fte mit besten hydraulischen Eigenschaften.<br \/>\n\u2022 Verhindert, dass sich Feinanteile zweier \u00fcbereinander liegender Schichten vermischen.<br \/>\n\u2022 Verhindert die innere Erosion des Bodens in der Fliessrichtung senkrecht zum Geotextil und gew\u00e4hRolleeistet einen druckfreien Wasserdurchfluss.<br \/>\n\u2022 Es eignet sich f\u00fcr die L\u00f6sung s\u00e4mtlicher Anwendungen im Erd\u2022 und Tiefbau.<br \/>\n\u2022 Gewicht 150 g\/m2<\/p>\n","protected":false},"excerpt":{"rendered":"<p>\u2022 Das flexible Material passt sich problemlos den Unregelm\u00e4ssigkeiten im Gel\u00e4nde an.<br \/>\n\u2022 Dank seiner Konzeption vereinigt es gute Reisskr\u00e4fte mit besten hydraulischen Eigenschaften.<br \/>\n\u2022 Verhindert, dass sich Feinanteile zweier \u00fcbereinander liegender Schichten vermischen.<br \/>\n\u2022 Verhindert die innere Erosion des Bodens in der Fliessrichtung senkrecht zum Geotextil und gew\u00e4hRolleeistet einen druckfreien Wasserdurchfluss.<br \/>\n\u2022 Es eignet sich f\u00fcr die L\u00f6sung s\u00e4mtlicher Anwendungen im Erd\u2022 und Tiefbau.<br \/>\n\u2022 Gewicht 150 g\/m2<\/p>\n","protected":false},"featured_media":30721,"template":"","meta":[],"product_brand":[],"product_cat":[48],"product_tag":[],"class_list":{"0":"post-82817","1":"product","2":"type-product","3":"status-publish","4":"has-post-thumbnail","6":"product_cat-baustoffe","8":"first","9":"instock","10":"purchasable","11":"product-type-variable"},"yoast_head":"<!-- This site is optimized with the Yoast SEO plugin v27.5 - https:\/\/yoast.com\/product\/yoast-seo-wordpress\/ -->\n<title>Geotextil Trenn- und Filtervlies 1.7 mm, 10 kN\/m 150g - proone<\/title>\n<meta name=\"robots\" content=\"index, follow, max-snippet:-1, max-image-preview:large, max-video-preview:-1\" \/>\n<link rel=\"canonical\" href=\"https:\/\/pro-one.ch\/de\/produkte\/geotextil-trenn-und-filtervlies-1-7-mm-10-kn-m-150g\/\" \/>\n<meta property=\"og:locale\" content=\"de_DE\" \/>\n<meta property=\"og:type\" content=\"article\" \/>\n<meta property=\"og:title\" content=\"Geotextil Trenn- und Filtervlies 1.7 mm, 10 kN\/m 150g - proone\" \/>\n<meta property=\"og:description\" content=\"\u2022 Das flexible Material passt sich problemlos den Unregelm\u00e4ssigkeiten im Gel\u00e4nde an. \u2022 Dank seiner Konzeption vereinigt es gute Reisskr\u00e4fte mit besten hydraulischen Eigenschaften. \u2022 Verhindert, dass sich Feinanteile zweier \u00fcbereinander liegender Schichten vermischen. \u2022 Verhindert die innere Erosion des Bodens in der Fliessrichtung senkrecht zum Geotextil und gew\u00e4hRolleeistet einen druckfreien Wasserdurchfluss. \u2022 Es eignet sich f\u00fcr die L\u00f6sung s\u00e4mtlicher Anwendungen im Erd\u2022 und Tiefbau. \u2022 Gewicht 150 g\/m2\" \/>\n<meta property=\"og:url\" content=\"https:\/\/pro-one.ch\/de\/produkte\/geotextil-trenn-und-filtervlies-1-7-mm-10-kn-m-150g\/\" \/>\n<meta property=\"og:site_name\" content=\"proone\" \/>\n<meta property=\"article:modified_time\" content=\"2025-11-17T08:53:53+00:00\" \/>\n<meta property=\"og:image\" content=\"https:\/\/pro-one.ch\/wp-content\/uploads\/products\/6243920.jpg\" \/>\n\t<meta property=\"og:image:width\" content=\"960\" \/>\n\t<meta property=\"og:image:height\" content=\"1776\" \/>\n\t<meta property=\"og:image:type\" content=\"image\/jpeg\" \/>\n<meta name=\"twitter:card\" content=\"summary_large_image\" \/>\n<script type=\"application\/ld+json\" class=\"yoast-schema-graph\">{\"@context\":\"https:\\\/\\\/schema.org\",\"@graph\":[{\"@type\":\"WebPage\",\"@id\":\"https:\\\/\\\/pro-one.ch\\\/de\\\/produkte\\\/geotextil-trenn-und-filtervlies-1-7-mm-10-kn-m-150g\\\/\",\"url\":\"https:\\\/\\\/pro-one.ch\\\/de\\\/produkte\\\/geotextil-trenn-und-filtervlies-1-7-mm-10-kn-m-150g\\\/\",\"name\":\"Geotextil Trenn- und Filtervlies 1.7 mm, 10 kN\\\/m 150g - proone\",\"isPartOf\":{\"@id\":\"https:\\\/\\\/pro-one.ch\\\/de\\\/#website\"},\"primaryImageOfPage\":{\"@id\":\"https:\\\/\\\/pro-one.ch\\\/de\\\/produkte\\\/geotextil-trenn-und-filtervlies-1-7-mm-10-kn-m-150g\\\/#primaryimage\"},\"image\":{\"@id\":\"https:\\\/\\\/pro-one.ch\\\/de\\\/produkte\\\/geotextil-trenn-und-filtervlies-1-7-mm-10-kn-m-150g\\\/#primaryimage\"},\"thumbnailUrl\":\"https:\\\/\\\/pro-one.ch\\\/wp-content\\\/uploads\\\/products\\\/6243920.jpg\",\"datePublished\":\"2025-11-17T07:27:33+00:00\",\"dateModified\":\"2025-11-17T08:53:53+00:00\",\"breadcrumb\":{\"@id\":\"https:\\\/\\\/pro-one.ch\\\/de\\\/produkte\\\/geotextil-trenn-und-filtervlies-1-7-mm-10-kn-m-150g\\\/#breadcrumb\"},\"inLanguage\":\"de\",\"potentialAction\":[{\"@type\":\"ReadAction\",\"target\":[\"https:\\\/\\\/pro-one.ch\\\/de\\\/produkte\\\/geotextil-trenn-und-filtervlies-1-7-mm-10-kn-m-150g\\\/\"]}]},{\"@type\":\"ImageObject\",\"inLanguage\":\"de\",\"@id\":\"https:\\\/\\\/pro-one.ch\\\/de\\\/produkte\\\/geotextil-trenn-und-filtervlies-1-7-mm-10-kn-m-150g\\\/#primaryimage\",\"url\":\"https:\\\/\\\/pro-one.ch\\\/wp-content\\\/uploads\\\/products\\\/6243920.jpg\",\"contentUrl\":\"https:\\\/\\\/pro-one.ch\\\/wp-content\\\/uploads\\\/products\\\/6243920.jpg\",\"width\":960,\"height\":1776},{\"@type\":\"BreadcrumbList\",\"@id\":\"https:\\\/\\\/pro-one.ch\\\/de\\\/produkte\\\/geotextil-trenn-und-filtervlies-1-7-mm-10-kn-m-150g\\\/#breadcrumb\",\"itemListElement\":[{\"@type\":\"ListItem\",\"position\":1,\"name\":\"Accueil\",\"item\":\"https:\\\/\\\/pro-one.ch\\\/de\\\/\"},{\"@type\":\"ListItem\",\"position\":2,\"name\":\"Sortiment\",\"item\":\"https:\\\/\\\/pro-one.ch\\\/de\\\/sortiment\\\/\"},{\"@type\":\"ListItem\",\"position\":3,\"name\":\"Geotextil Trenn- und Filtervlies 1.7 mm, 10 kN\\\/m 150g\"}]},{\"@type\":\"WebSite\",\"@id\":\"https:\\\/\\\/pro-one.ch\\\/de\\\/#website\",\"url\":\"https:\\\/\\\/pro-one.ch\\\/de\\\/\",\"name\":\"proone\",\"description\":\"\",\"potentialAction\":[{\"@type\":\"SearchAction\",\"target\":{\"@type\":\"EntryPoint\",\"urlTemplate\":\"https:\\\/\\\/pro-one.ch\\\/de\\\/?s={search_term_string}\"},\"query-input\":{\"@type\":\"PropertyValueSpecification\",\"valueRequired\":true,\"valueName\":\"search_term_string\"}}],\"inLanguage\":\"de\"}]}<\/script>\n<!-- \/ Yoast SEO plugin. -->","yoast_head_json":{"title":"Geotextil Trenn- und Filtervlies 1.7 mm, 10 kN\/m 150g - proone","robots":{"index":"index","follow":"follow","max-snippet":"max-snippet:-1","max-image-preview":"max-image-preview:large","max-video-preview":"max-video-preview:-1"},"canonical":"https:\/\/pro-one.ch\/de\/produkte\/geotextil-trenn-und-filtervlies-1-7-mm-10-kn-m-150g\/","og_locale":"de_DE","og_type":"article","og_title":"Geotextil Trenn- und Filtervlies 1.7 mm, 10 kN\/m 150g - proone","og_description":"\u2022 Das flexible Material passt sich problemlos den Unregelm\u00e4ssigkeiten im Gel\u00e4nde an. \u2022 Dank seiner Konzeption vereinigt es gute Reisskr\u00e4fte mit besten hydraulischen Eigenschaften. \u2022 Verhindert, dass sich Feinanteile zweier \u00fcbereinander liegender Schichten vermischen. \u2022 Verhindert die innere Erosion des Bodens in der Fliessrichtung senkrecht zum Geotextil und gew\u00e4hRolleeistet einen druckfreien Wasserdurchfluss. \u2022 Es eignet sich f\u00fcr die L\u00f6sung s\u00e4mtlicher Anwendungen im Erd\u2022 und Tiefbau. \u2022 Gewicht 150 g\/m2","og_url":"https:\/\/pro-one.ch\/de\/produkte\/geotextil-trenn-und-filtervlies-1-7-mm-10-kn-m-150g\/","og_site_name":"proone","article_modified_time":"2025-11-17T08:53:53+00:00","og_image":[{"width":960,"height":1776,"url":"https:\/\/pro-one.ch\/wp-content\/uploads\/products\/6243920.jpg","type":"image\/jpeg"}],"twitter_card":"summary_large_image","schema":{"@context":"https:\/\/schema.org","@graph":[{"@type":"WebPage","@id":"https:\/\/pro-one.ch\/de\/produkte\/geotextil-trenn-und-filtervlies-1-7-mm-10-kn-m-150g\/","url":"https:\/\/pro-one.ch\/de\/produkte\/geotextil-trenn-und-filtervlies-1-7-mm-10-kn-m-150g\/","name":"Geotextil Trenn- und Filtervlies 1.7 mm, 10 kN\/m 150g - proone","isPartOf":{"@id":"https:\/\/pro-one.ch\/de\/#website"},"primaryImageOfPage":{"@id":"https:\/\/pro-one.ch\/de\/produkte\/geotextil-trenn-und-filtervlies-1-7-mm-10-kn-m-150g\/#primaryimage"},"image":{"@id":"https:\/\/pro-one.ch\/de\/produkte\/geotextil-trenn-und-filtervlies-1-7-mm-10-kn-m-150g\/#primaryimage"},"thumbnailUrl":"https:\/\/pro-one.ch\/wp-content\/uploads\/products\/6243920.jpg","datePublished":"2025-11-17T07:27:33+00:00","dateModified":"2025-11-17T08:53:53+00:00","breadcrumb":{"@id":"https:\/\/pro-one.ch\/de\/produkte\/geotextil-trenn-und-filtervlies-1-7-mm-10-kn-m-150g\/#breadcrumb"},"inLanguage":"de","potentialAction":[{"@type":"ReadAction","target":["https:\/\/pro-one.ch\/de\/produkte\/geotextil-trenn-und-filtervlies-1-7-mm-10-kn-m-150g\/"]}]},{"@type":"ImageObject","inLanguage":"de","@id":"https:\/\/pro-one.ch\/de\/produkte\/geotextil-trenn-und-filtervlies-1-7-mm-10-kn-m-150g\/#primaryimage","url":"https:\/\/pro-one.ch\/wp-content\/uploads\/products\/6243920.jpg","contentUrl":"https:\/\/pro-one.ch\/wp-content\/uploads\/products\/6243920.jpg","width":960,"height":1776},{"@type":"BreadcrumbList","@id":"https:\/\/pro-one.ch\/de\/produkte\/geotextil-trenn-und-filtervlies-1-7-mm-10-kn-m-150g\/#breadcrumb","itemListElement":[{"@type":"ListItem","position":1,"name":"Accueil","item":"https:\/\/pro-one.ch\/de\/"},{"@type":"ListItem","position":2,"name":"Sortiment","item":"https:\/\/pro-one.ch\/de\/sortiment\/"},{"@type":"ListItem","position":3,"name":"Geotextil Trenn- und Filtervlies 1.7 mm, 10 kN\/m 150g"}]},{"@type":"WebSite","@id":"https:\/\/pro-one.ch\/de\/#website","url":"https:\/\/pro-one.ch\/de\/","name":"proone","description":"","potentialAction":[{"@type":"SearchAction","target":{"@type":"EntryPoint","urlTemplate":"https:\/\/pro-one.ch\/de\/?s={search_term_string}"},"query-input":{"@type":"PropertyValueSpecification","valueRequired":true,"valueName":"search_term_string"}}],"inLanguage":"de"}]}},"_links":{"self":[{"href":"https:\/\/pro-one.ch\/de\/wp-json\/wp\/v2\/product\/82817","targetHints":{"allow":["GET"]}}],"collection":[{"href":"https:\/\/pro-one.ch\/de\/wp-json\/wp\/v2\/product"}],"about":[{"href":"https:\/\/pro-one.ch\/de\/wp-json\/wp\/v2\/types\/product"}],"wp:featuredmedia":[{"embeddable":true,"href":"https:\/\/pro-one.ch\/de\/wp-json\/wp\/v2\/media\/30721"}],"wp:attachment":[{"href":"https:\/\/pro-one.ch\/de\/wp-json\/wp\/v2\/media?parent=82817"}],"wp:term":[{"taxonomy":"product_brand","embeddable":true,"href":"https:\/\/pro-one.ch\/de\/wp-json\/wp\/v2\/product_brand?post=82817"},{"taxonomy":"product_cat","embeddable":true,"href":"https:\/\/pro-one.ch\/de\/wp-json\/wp\/v2\/product_cat?post=82817"},{"taxonomy":"product_tag","embeddable":true,"href":"https:\/\/pro-one.ch\/de\/wp-json\/wp\/v2\/product_tag?post=82817"}],"curies":[{"name":"wp","href":"https:\/\/api.w.org\/{rel}","templated":true}]}}