{"id":82866,"date":"2025-11-17T08:28:06","date_gmt":"2025-11-17T07:28:06","guid":{"rendered":"https:\/\/pro-one.ch\/produkte\/1-schichtplatte-eiche-keilgezinkt\/"},"modified":"2025-11-17T09:54:03","modified_gmt":"2025-11-17T08:54:03","slug":"1-schichtplatte-eiche-keilgezinkt","status":"publish","type":"product","link":"https:\/\/pro-one.ch\/de\/produkte\/1-schichtplatte-eiche-keilgezinkt\/","title":{"rendered":"1-Schichtplatte Eiche keilgezinkt"},"content":{"rendered":"<p>&#8211; Holzart: Eiche<br \/>\n&#8211; Keilgezinkte Lamellen<br \/>\n&#8211; Qualit\u00e4t Vorderseite: fehlerfrei und eher homogen, Punkt\u00e4ste werden toleriert.<br \/>\n&#8211; Qualit\u00e4t R\u00fcckseite: kleine \u00c4ste unter 20 mm, leichte Spuren von Splintholz werden toleriert.<br \/>\n&#8211; Splintholz wird toleriert<br \/>\n&#8211; Endbearbeitung: geschliffen mit 100er K\u00f6rnung&#8220;<br \/>\n&#8211; Kleber Typ: D3,<br \/>\n&#8211; Formaldehyd: Klasse E1<\/p>\n","protected":false},"excerpt":{"rendered":"<p>&#8211; Holzart: Eiche<br \/>\n&#8211; Keilgezinkte Lamellen<br \/>\n&#8211; Qualit\u00e4t Vorderseite: fehlerfrei und eher homogen, Punkt\u00e4ste werden toleriert.<br \/>\n&#8211; Qualit\u00e4t R\u00fcckseite: kleine \u00c4ste unter 20 mm, leichte Spuren von Splintholz werden toleriert.<br \/>\n&#8211; Splintholz wird toleriert<br \/>\n&#8211; Endbearbeitung: geschliffen mit 100er K\u00f6rnung&#8220;<br \/>\n&#8211; Kleber Typ: D3,<br \/>\n&#8211; Formaldehyd: Klasse E1<\/p>\n","protected":false},"featured_media":67607,"template":"","meta":[],"product_brand":[],"product_cat":[134],"product_tag":[],"class_list":{"0":"post-82866","1":"product","2":"type-product","3":"status-publish","4":"has-post-thumbnail","6":"product_cat-holz","8":"first","9":"instock","10":"purchasable","11":"product-type-variable"},"yoast_head":"<!-- This site is optimized with the Yoast SEO plugin v27.0 - https:\/\/yoast.com\/product\/yoast-seo-wordpress\/ -->\n<title>1-Schichtplatte Eiche keilgezinkt - proone<\/title>\n<meta name=\"robots\" content=\"index, follow, max-snippet:-1, max-image-preview:large, max-video-preview:-1\" \/>\n<link rel=\"canonical\" href=\"https:\/\/pro-one.ch\/de\/produkte\/1-schichtplatte-eiche-keilgezinkt\/\" \/>\n<meta property=\"og:locale\" content=\"de_DE\" \/>\n<meta property=\"og:type\" content=\"article\" \/>\n<meta property=\"og:title\" content=\"1-Schichtplatte Eiche keilgezinkt - proone\" \/>\n<meta property=\"og:description\" content=\"- Holzart: Eiche - Keilgezinkte Lamellen - Qualit\u00e4t Vorderseite: fehlerfrei und eher homogen, Punkt\u00e4ste werden toleriert. - Qualit\u00e4t R\u00fcckseite: kleine \u00c4ste unter 20 mm, leichte Spuren von Splintholz werden toleriert. - Splintholz wird toleriert - Endbearbeitung: geschliffen mit 100er K\u00f6rnung&quot; - Kleber Typ: D3, - Formaldehyd: Klasse E1\" \/>\n<meta property=\"og:url\" content=\"https:\/\/pro-one.ch\/de\/produkte\/1-schichtplatte-eiche-keilgezinkt\/\" \/>\n<meta property=\"og:site_name\" content=\"proone\" \/>\n<meta property=\"article:modified_time\" content=\"2025-11-17T08:54:03+00:00\" \/>\n<meta property=\"og:image\" content=\"https:\/\/pro-one.ch\/wp-content\/uploads\/products\/9125973.jpg\" \/>\n\t<meta property=\"og:image:width\" content=\"2101\" \/>\n\t<meta property=\"og:image:height\" content=\"1024\" \/>\n\t<meta property=\"og:image:type\" content=\"image\/jpeg\" \/>\n<meta name=\"twitter:card\" content=\"summary_large_image\" \/>\n<script type=\"application\/ld+json\" class=\"yoast-schema-graph\">{\"@context\":\"https:\/\/schema.org\",\"@graph\":[{\"@type\":\"WebPage\",\"@id\":\"https:\/\/pro-one.ch\/de\/produkte\/1-schichtplatte-eiche-keilgezinkt\/\",\"url\":\"https:\/\/pro-one.ch\/de\/produkte\/1-schichtplatte-eiche-keilgezinkt\/\",\"name\":\"1-Schichtplatte Eiche keilgezinkt - proone\",\"isPartOf\":{\"@id\":\"https:\/\/pro-one.ch\/de\/#website\"},\"primaryImageOfPage\":{\"@id\":\"https:\/\/pro-one.ch\/de\/produkte\/1-schichtplatte-eiche-keilgezinkt\/#primaryimage\"},\"image\":{\"@id\":\"https:\/\/pro-one.ch\/de\/produkte\/1-schichtplatte-eiche-keilgezinkt\/#primaryimage\"},\"thumbnailUrl\":\"https:\/\/pro-one.ch\/wp-content\/uploads\/products\/9125973.jpg\",\"datePublished\":\"2025-11-17T07:28:06+00:00\",\"dateModified\":\"2025-11-17T08:54:03+00:00\",\"breadcrumb\":{\"@id\":\"https:\/\/pro-one.ch\/de\/produkte\/1-schichtplatte-eiche-keilgezinkt\/#breadcrumb\"},\"inLanguage\":\"de\",\"potentialAction\":[{\"@type\":\"ReadAction\",\"target\":[\"https:\/\/pro-one.ch\/de\/produkte\/1-schichtplatte-eiche-keilgezinkt\/\"]}]},{\"@type\":\"ImageObject\",\"inLanguage\":\"de\",\"@id\":\"https:\/\/pro-one.ch\/de\/produkte\/1-schichtplatte-eiche-keilgezinkt\/#primaryimage\",\"url\":\"https:\/\/pro-one.ch\/wp-content\/uploads\/products\/9125973.jpg\",\"contentUrl\":\"https:\/\/pro-one.ch\/wp-content\/uploads\/products\/9125973.jpg\",\"width\":2101,\"height\":1024},{\"@type\":\"BreadcrumbList\",\"@id\":\"https:\/\/pro-one.ch\/de\/produkte\/1-schichtplatte-eiche-keilgezinkt\/#breadcrumb\",\"itemListElement\":[{\"@type\":\"ListItem\",\"position\":1,\"name\":\"Accueil\",\"item\":\"https:\/\/pro-one.ch\/de\/\"},{\"@type\":\"ListItem\",\"position\":2,\"name\":\"Sortiment\",\"item\":\"https:\/\/pro-one.ch\/de\/sortiment\/\"},{\"@type\":\"ListItem\",\"position\":3,\"name\":\"1-Schichtplatte Eiche keilgezinkt\"}]},{\"@type\":\"WebSite\",\"@id\":\"https:\/\/pro-one.ch\/de\/#website\",\"url\":\"https:\/\/pro-one.ch\/de\/\",\"name\":\"proone\",\"description\":\"\",\"potentialAction\":[{\"@type\":\"SearchAction\",\"target\":{\"@type\":\"EntryPoint\",\"urlTemplate\":\"https:\/\/pro-one.ch\/de\/?s={search_term_string}\"},\"query-input\":{\"@type\":\"PropertyValueSpecification\",\"valueRequired\":true,\"valueName\":\"search_term_string\"}}],\"inLanguage\":\"de\"}]}<\/script>\n<!-- \/ Yoast SEO plugin. -->","yoast_head_json":{"title":"1-Schichtplatte Eiche keilgezinkt - proone","robots":{"index":"index","follow":"follow","max-snippet":"max-snippet:-1","max-image-preview":"max-image-preview:large","max-video-preview":"max-video-preview:-1"},"canonical":"https:\/\/pro-one.ch\/de\/produkte\/1-schichtplatte-eiche-keilgezinkt\/","og_locale":"de_DE","og_type":"article","og_title":"1-Schichtplatte Eiche keilgezinkt - proone","og_description":"- Holzart: Eiche - Keilgezinkte Lamellen - Qualit\u00e4t Vorderseite: fehlerfrei und eher homogen, Punkt\u00e4ste werden toleriert. - Qualit\u00e4t R\u00fcckseite: kleine \u00c4ste unter 20 mm, leichte Spuren von Splintholz werden toleriert. - Splintholz wird toleriert - Endbearbeitung: geschliffen mit 100er K\u00f6rnung\" - Kleber Typ: D3, - Formaldehyd: Klasse E1","og_url":"https:\/\/pro-one.ch\/de\/produkte\/1-schichtplatte-eiche-keilgezinkt\/","og_site_name":"proone","article_modified_time":"2025-11-17T08:54:03+00:00","og_image":[{"width":2101,"height":1024,"url":"https:\/\/pro-one.ch\/wp-content\/uploads\/products\/9125973.jpg","type":"image\/jpeg"}],"twitter_card":"summary_large_image","schema":{"@context":"https:\/\/schema.org","@graph":[{"@type":"WebPage","@id":"https:\/\/pro-one.ch\/de\/produkte\/1-schichtplatte-eiche-keilgezinkt\/","url":"https:\/\/pro-one.ch\/de\/produkte\/1-schichtplatte-eiche-keilgezinkt\/","name":"1-Schichtplatte Eiche keilgezinkt - proone","isPartOf":{"@id":"https:\/\/pro-one.ch\/de\/#website"},"primaryImageOfPage":{"@id":"https:\/\/pro-one.ch\/de\/produkte\/1-schichtplatte-eiche-keilgezinkt\/#primaryimage"},"image":{"@id":"https:\/\/pro-one.ch\/de\/produkte\/1-schichtplatte-eiche-keilgezinkt\/#primaryimage"},"thumbnailUrl":"https:\/\/pro-one.ch\/wp-content\/uploads\/products\/9125973.jpg","datePublished":"2025-11-17T07:28:06+00:00","dateModified":"2025-11-17T08:54:03+00:00","breadcrumb":{"@id":"https:\/\/pro-one.ch\/de\/produkte\/1-schichtplatte-eiche-keilgezinkt\/#breadcrumb"},"inLanguage":"de","potentialAction":[{"@type":"ReadAction","target":["https:\/\/pro-one.ch\/de\/produkte\/1-schichtplatte-eiche-keilgezinkt\/"]}]},{"@type":"ImageObject","inLanguage":"de","@id":"https:\/\/pro-one.ch\/de\/produkte\/1-schichtplatte-eiche-keilgezinkt\/#primaryimage","url":"https:\/\/pro-one.ch\/wp-content\/uploads\/products\/9125973.jpg","contentUrl":"https:\/\/pro-one.ch\/wp-content\/uploads\/products\/9125973.jpg","width":2101,"height":1024},{"@type":"BreadcrumbList","@id":"https:\/\/pro-one.ch\/de\/produkte\/1-schichtplatte-eiche-keilgezinkt\/#breadcrumb","itemListElement":[{"@type":"ListItem","position":1,"name":"Accueil","item":"https:\/\/pro-one.ch\/de\/"},{"@type":"ListItem","position":2,"name":"Sortiment","item":"https:\/\/pro-one.ch\/de\/sortiment\/"},{"@type":"ListItem","position":3,"name":"1-Schichtplatte Eiche keilgezinkt"}]},{"@type":"WebSite","@id":"https:\/\/pro-one.ch\/de\/#website","url":"https:\/\/pro-one.ch\/de\/","name":"proone","description":"","potentialAction":[{"@type":"SearchAction","target":{"@type":"EntryPoint","urlTemplate":"https:\/\/pro-one.ch\/de\/?s={search_term_string}"},"query-input":{"@type":"PropertyValueSpecification","valueRequired":true,"valueName":"search_term_string"}}],"inLanguage":"de"}]}},"_links":{"self":[{"href":"https:\/\/pro-one.ch\/de\/wp-json\/wp\/v2\/product\/82866","targetHints":{"allow":["GET"]}}],"collection":[{"href":"https:\/\/pro-one.ch\/de\/wp-json\/wp\/v2\/product"}],"about":[{"href":"https:\/\/pro-one.ch\/de\/wp-json\/wp\/v2\/types\/product"}],"wp:featuredmedia":[{"embeddable":true,"href":"https:\/\/pro-one.ch\/de\/wp-json\/wp\/v2\/media\/67607"}],"wp:attachment":[{"href":"https:\/\/pro-one.ch\/de\/wp-json\/wp\/v2\/media?parent=82866"}],"wp:term":[{"taxonomy":"product_brand","embeddable":true,"href":"https:\/\/pro-one.ch\/de\/wp-json\/wp\/v2\/product_brand?post=82866"},{"taxonomy":"product_cat","embeddable":true,"href":"https:\/\/pro-one.ch\/de\/wp-json\/wp\/v2\/product_cat?post=82866"},{"taxonomy":"product_tag","embeddable":true,"href":"https:\/\/pro-one.ch\/de\/wp-json\/wp\/v2\/product_tag?post=82866"}],"curies":[{"name":"wp","href":"https:\/\/api.w.org\/{rel}","templated":true}]}}