{"id":82920,"date":"2025-11-17T08:28:56","date_gmt":"2025-11-17T07:28:56","guid":{"rendered":"https:\/\/pro-one.ch\/produkte\/kabelrolle-kompakt-outdoor-ip55\/"},"modified":"2025-11-17T09:54:17","modified_gmt":"2025-11-17T08:54:17","slug":"kabelrolle-kompakt-outdoor-ip55","status":"publish","type":"product","link":"https:\/\/pro-one.ch\/de\/produkte\/kabelrolle-kompakt-outdoor-ip55\/","title":{"rendered":"Kabelrolle kompakt Outdoor IP55"},"content":{"rendered":"<p>\u2022 Kabelrolle f\u00fcr den harten Einsatz auf Baustellen, im Werkstatt und<br \/>\ngewerblichen Bereich.<br \/>\n\u2022 10 Meter Kabel<br \/>\n\u2022 Extra stabiles Stahlrohrgestell<br \/>\n\u2022 Stecker und Steckdosen mit Schutzart IP55.<br \/>\nmit selbstschliessenden Deckeln<br \/>\n\u2022 \u00dcberhitzungsschutz, Kontroll-Leuchte bei \u00dcberhitzung und \u00dcbetrbelastung.<br \/>\n\u2022 Stecker Typ 13\/3, 2300V, 10A<br \/>\n\u2022 3 Steckdosen T13\/3, 230V, 10A<br \/>\n\u2022 Kabel T N07V3V3-F 3G1,5 Gr\u00fcn<\/p>\n","protected":false},"excerpt":{"rendered":"<p>\u2022 Kabelrolle f\u00fcr den harten Einsatz auf Baustellen, im Werkstatt und<br \/>\ngewerblichen Bereich.<br \/>\n\u2022 10 Meter Kabel<br \/>\n\u2022 Extra stabiles Stahlrohrgestell<br \/>\n\u2022 Stecker und Steckdosen mit Schutzart IP55.<br \/>\nmit selbstschliessenden Deckeln<br \/>\n\u2022 \u00dcberhitzungsschutz, Kontroll-Leuchte bei \u00dcberhitzung und \u00dcbetrbelastung.<br \/>\n\u2022 Stecker Typ 13\/3, 2300V, 10A<br \/>\n\u2022 3 Steckdosen T13\/3, 230V, 10A<br \/>\n\u2022 Kabel T N07V3V3-F 3G1,5 Gr\u00fcn<\/p>\n","protected":false},"featured_media":30298,"template":"","meta":[],"product_brand":[],"product_cat":[49],"product_tag":[],"class_list":{"0":"post-82920","1":"product","2":"type-product","3":"status-publish","4":"has-post-thumbnail","6":"product_cat-werkzeuge","8":"first","9":"instock","10":"purchasable","11":"product-type-simple"},"yoast_head":"<!-- This site is optimized with the Yoast SEO plugin v27.0 - https:\/\/yoast.com\/product\/yoast-seo-wordpress\/ -->\n<title>Kabelrolle kompakt Outdoor IP55 - proone<\/title>\n<meta name=\"robots\" content=\"index, follow, max-snippet:-1, max-image-preview:large, max-video-preview:-1\" \/>\n<link rel=\"canonical\" href=\"https:\/\/pro-one.ch\/de\/produkte\/kabelrolle-kompakt-outdoor-ip55\/\" \/>\n<meta property=\"og:locale\" content=\"de_DE\" \/>\n<meta property=\"og:type\" content=\"article\" \/>\n<meta property=\"og:title\" content=\"Kabelrolle kompakt Outdoor IP55 - proone\" \/>\n<meta property=\"og:description\" content=\"\u2022 Kabelrolle f\u00fcr den harten Einsatz auf Baustellen, im Werkstatt und gewerblichen Bereich. \u2022 10 Meter Kabel \u2022 Extra stabiles Stahlrohrgestell \u2022 Stecker und Steckdosen mit Schutzart IP55. mit selbstschliessenden Deckeln \u2022 \u00dcberhitzungsschutz, Kontroll-Leuchte bei \u00dcberhitzung und \u00dcbetrbelastung. \u2022 Stecker Typ 13\/3, 2300V, 10A \u2022 3 Steckdosen T13\/3, 230V, 10A \u2022 Kabel T N07V3V3-F 3G1,5 Gr\u00fcn\" \/>\n<meta property=\"og:url\" content=\"https:\/\/pro-one.ch\/de\/produkte\/kabelrolle-kompakt-outdoor-ip55\/\" \/>\n<meta property=\"og:site_name\" content=\"proone\" \/>\n<meta property=\"article:modified_time\" content=\"2025-11-17T08:54:17+00:00\" \/>\n<meta property=\"og:image\" content=\"https:\/\/pro-one.ch\/wp-content\/uploads\/products\/8145690-scaled.jpg\" \/>\n\t<meta property=\"og:image:width\" content=\"1552\" \/>\n\t<meta property=\"og:image:height\" content=\"1920\" \/>\n\t<meta property=\"og:image:type\" content=\"image\/jpeg\" \/>\n<meta name=\"twitter:card\" content=\"summary_large_image\" \/>\n<script type=\"application\/ld+json\" class=\"yoast-schema-graph\">{\"@context\":\"https:\/\/schema.org\",\"@graph\":[{\"@type\":\"WebPage\",\"@id\":\"https:\/\/pro-one.ch\/de\/produkte\/kabelrolle-kompakt-outdoor-ip55\/\",\"url\":\"https:\/\/pro-one.ch\/de\/produkte\/kabelrolle-kompakt-outdoor-ip55\/\",\"name\":\"Kabelrolle kompakt Outdoor IP55 - proone\",\"isPartOf\":{\"@id\":\"https:\/\/pro-one.ch\/de\/#website\"},\"primaryImageOfPage\":{\"@id\":\"https:\/\/pro-one.ch\/de\/produkte\/kabelrolle-kompakt-outdoor-ip55\/#primaryimage\"},\"image\":{\"@id\":\"https:\/\/pro-one.ch\/de\/produkte\/kabelrolle-kompakt-outdoor-ip55\/#primaryimage\"},\"thumbnailUrl\":\"https:\/\/pro-one.ch\/wp-content\/uploads\/products\/8145690-scaled.jpg\",\"datePublished\":\"2025-11-17T07:28:56+00:00\",\"dateModified\":\"2025-11-17T08:54:17+00:00\",\"breadcrumb\":{\"@id\":\"https:\/\/pro-one.ch\/de\/produkte\/kabelrolle-kompakt-outdoor-ip55\/#breadcrumb\"},\"inLanguage\":\"de\",\"potentialAction\":[{\"@type\":\"ReadAction\",\"target\":[\"https:\/\/pro-one.ch\/de\/produkte\/kabelrolle-kompakt-outdoor-ip55\/\"]}]},{\"@type\":\"ImageObject\",\"inLanguage\":\"de\",\"@id\":\"https:\/\/pro-one.ch\/de\/produkte\/kabelrolle-kompakt-outdoor-ip55\/#primaryimage\",\"url\":\"https:\/\/pro-one.ch\/wp-content\/uploads\/products\/8145690-scaled.jpg\",\"contentUrl\":\"https:\/\/pro-one.ch\/wp-content\/uploads\/products\/8145690-scaled.jpg\",\"width\":1552,\"height\":1920,\"caption\":\"1205042831-1\"},{\"@type\":\"BreadcrumbList\",\"@id\":\"https:\/\/pro-one.ch\/de\/produkte\/kabelrolle-kompakt-outdoor-ip55\/#breadcrumb\",\"itemListElement\":[{\"@type\":\"ListItem\",\"position\":1,\"name\":\"Accueil\",\"item\":\"https:\/\/pro-one.ch\/de\/\"},{\"@type\":\"ListItem\",\"position\":2,\"name\":\"Sortiment\",\"item\":\"https:\/\/pro-one.ch\/de\/sortiment\/\"},{\"@type\":\"ListItem\",\"position\":3,\"name\":\"Kabelrolle kompakt Outdoor IP55\"}]},{\"@type\":\"WebSite\",\"@id\":\"https:\/\/pro-one.ch\/de\/#website\",\"url\":\"https:\/\/pro-one.ch\/de\/\",\"name\":\"proone\",\"description\":\"\",\"potentialAction\":[{\"@type\":\"SearchAction\",\"target\":{\"@type\":\"EntryPoint\",\"urlTemplate\":\"https:\/\/pro-one.ch\/de\/?s={search_term_string}\"},\"query-input\":{\"@type\":\"PropertyValueSpecification\",\"valueRequired\":true,\"valueName\":\"search_term_string\"}}],\"inLanguage\":\"de\"}]}<\/script>\n<!-- \/ Yoast SEO plugin. -->","yoast_head_json":{"title":"Kabelrolle kompakt Outdoor IP55 - proone","robots":{"index":"index","follow":"follow","max-snippet":"max-snippet:-1","max-image-preview":"max-image-preview:large","max-video-preview":"max-video-preview:-1"},"canonical":"https:\/\/pro-one.ch\/de\/produkte\/kabelrolle-kompakt-outdoor-ip55\/","og_locale":"de_DE","og_type":"article","og_title":"Kabelrolle kompakt Outdoor IP55 - proone","og_description":"\u2022 Kabelrolle f\u00fcr den harten Einsatz auf Baustellen, im Werkstatt und gewerblichen Bereich. \u2022 10 Meter Kabel \u2022 Extra stabiles Stahlrohrgestell \u2022 Stecker und Steckdosen mit Schutzart IP55. mit selbstschliessenden Deckeln \u2022 \u00dcberhitzungsschutz, Kontroll-Leuchte bei \u00dcberhitzung und \u00dcbetrbelastung. \u2022 Stecker Typ 13\/3, 2300V, 10A \u2022 3 Steckdosen T13\/3, 230V, 10A \u2022 Kabel T N07V3V3-F 3G1,5 Gr\u00fcn","og_url":"https:\/\/pro-one.ch\/de\/produkte\/kabelrolle-kompakt-outdoor-ip55\/","og_site_name":"proone","article_modified_time":"2025-11-17T08:54:17+00:00","og_image":[{"width":1552,"height":1920,"url":"https:\/\/pro-one.ch\/wp-content\/uploads\/products\/8145690-scaled.jpg","type":"image\/jpeg"}],"twitter_card":"summary_large_image","schema":{"@context":"https:\/\/schema.org","@graph":[{"@type":"WebPage","@id":"https:\/\/pro-one.ch\/de\/produkte\/kabelrolle-kompakt-outdoor-ip55\/","url":"https:\/\/pro-one.ch\/de\/produkte\/kabelrolle-kompakt-outdoor-ip55\/","name":"Kabelrolle kompakt Outdoor IP55 - proone","isPartOf":{"@id":"https:\/\/pro-one.ch\/de\/#website"},"primaryImageOfPage":{"@id":"https:\/\/pro-one.ch\/de\/produkte\/kabelrolle-kompakt-outdoor-ip55\/#primaryimage"},"image":{"@id":"https:\/\/pro-one.ch\/de\/produkte\/kabelrolle-kompakt-outdoor-ip55\/#primaryimage"},"thumbnailUrl":"https:\/\/pro-one.ch\/wp-content\/uploads\/products\/8145690-scaled.jpg","datePublished":"2025-11-17T07:28:56+00:00","dateModified":"2025-11-17T08:54:17+00:00","breadcrumb":{"@id":"https:\/\/pro-one.ch\/de\/produkte\/kabelrolle-kompakt-outdoor-ip55\/#breadcrumb"},"inLanguage":"de","potentialAction":[{"@type":"ReadAction","target":["https:\/\/pro-one.ch\/de\/produkte\/kabelrolle-kompakt-outdoor-ip55\/"]}]},{"@type":"ImageObject","inLanguage":"de","@id":"https:\/\/pro-one.ch\/de\/produkte\/kabelrolle-kompakt-outdoor-ip55\/#primaryimage","url":"https:\/\/pro-one.ch\/wp-content\/uploads\/products\/8145690-scaled.jpg","contentUrl":"https:\/\/pro-one.ch\/wp-content\/uploads\/products\/8145690-scaled.jpg","width":1552,"height":1920,"caption":"1205042831-1"},{"@type":"BreadcrumbList","@id":"https:\/\/pro-one.ch\/de\/produkte\/kabelrolle-kompakt-outdoor-ip55\/#breadcrumb","itemListElement":[{"@type":"ListItem","position":1,"name":"Accueil","item":"https:\/\/pro-one.ch\/de\/"},{"@type":"ListItem","position":2,"name":"Sortiment","item":"https:\/\/pro-one.ch\/de\/sortiment\/"},{"@type":"ListItem","position":3,"name":"Kabelrolle kompakt Outdoor IP55"}]},{"@type":"WebSite","@id":"https:\/\/pro-one.ch\/de\/#website","url":"https:\/\/pro-one.ch\/de\/","name":"proone","description":"","potentialAction":[{"@type":"SearchAction","target":{"@type":"EntryPoint","urlTemplate":"https:\/\/pro-one.ch\/de\/?s={search_term_string}"},"query-input":{"@type":"PropertyValueSpecification","valueRequired":true,"valueName":"search_term_string"}}],"inLanguage":"de"}]}},"_links":{"self":[{"href":"https:\/\/pro-one.ch\/de\/wp-json\/wp\/v2\/product\/82920","targetHints":{"allow":["GET"]}}],"collection":[{"href":"https:\/\/pro-one.ch\/de\/wp-json\/wp\/v2\/product"}],"about":[{"href":"https:\/\/pro-one.ch\/de\/wp-json\/wp\/v2\/types\/product"}],"wp:featuredmedia":[{"embeddable":true,"href":"https:\/\/pro-one.ch\/de\/wp-json\/wp\/v2\/media\/30298"}],"wp:attachment":[{"href":"https:\/\/pro-one.ch\/de\/wp-json\/wp\/v2\/media?parent=82920"}],"wp:term":[{"taxonomy":"product_brand","embeddable":true,"href":"https:\/\/pro-one.ch\/de\/wp-json\/wp\/v2\/product_brand?post=82920"},{"taxonomy":"product_cat","embeddable":true,"href":"https:\/\/pro-one.ch\/de\/wp-json\/wp\/v2\/product_cat?post=82920"},{"taxonomy":"product_tag","embeddable":true,"href":"https:\/\/pro-one.ch\/de\/wp-json\/wp\/v2\/product_tag?post=82920"}],"curies":[{"name":"wp","href":"https:\/\/api.w.org\/{rel}","templated":true}]}}