{"id":82926,"date":"2025-11-17T08:28:56","date_gmt":"2025-11-17T07:28:56","guid":{"rendered":"https:\/\/pro-one.ch\/produkte\/kabelrolle-cee-400v\/"},"modified":"2025-11-17T09:54:19","modified_gmt":"2025-11-17T08:54:19","slug":"kabelrolle-cee-400v","status":"publish","type":"product","link":"https:\/\/pro-one.ch\/de\/produkte\/kabelrolle-cee-400v\/","title":{"rendered":"Kabelrolle CEE 400V"},"content":{"rendered":"<p>\u2022 Kabelrolle f\u00fcr den harten Einsatz auf Baustellen, im Werkstatt und<br \/>\ngewerblichen Bereich<br \/>\n\u2022 Trommelk\u00f6rper aus Stahlblech, rostgesch\u00fctzt verzinkt, auf besonders stabilem Tragegestell<br \/>\n\u2022 Ergonomischer Handgriff mit Achse f\u00fcr perfekte Kabelf\u00fchrung beim Auf- und Abrollen<br \/>\n\u2022 \u00dcberhitzungsschutz, Kontroll-Leuchte bei \u00dcberhitzung und \u00dcberbelastung<br \/>\n\u2022 Stecker CEE 5-polig, 400V, 16A mit Phasenwender IP44<br \/>\n\u2022 2 CEE-Steckdosen 5-polig, 400V, 16A IP44<br \/>\n\u2022 1 Steckdose T25\/5, 400V + 230V, 16A IP55<br \/>\n\u2022 Kabel AT-N07V3V3-F 5G2,5 Gr\u00fcn<\/p>\n","protected":false},"excerpt":{"rendered":"<p>\u2022 Kabelrolle f\u00fcr den harten Einsatz auf Baustellen, im Werkstatt und<br \/>\ngewerblichen Bereich<br \/>\n\u2022 Trommelk\u00f6rper aus Stahlblech, rostgesch\u00fctzt verzinkt, auf besonders stabilem Tragegestell<br \/>\n\u2022 Ergonomischer Handgriff mit Achse f\u00fcr perfekte Kabelf\u00fchrung beim Auf- und Abrollen<br \/>\n\u2022 \u00dcberhitzungsschutz, Kontroll-Leuchte bei \u00dcberhitzung und \u00dcberbelastung<br \/>\n\u2022 Stecker CEE 5-polig, 400V, 16A mit Phasenwender IP44<br \/>\n\u2022 2 CEE-Steckdosen 5-polig, 400V, 16A IP44<br \/>\n\u2022 1 Steckdose T25\/5, 400V + 230V, 16A IP55<br \/>\n\u2022 Kabel AT-N07V3V3-F 5G2,5 Gr\u00fcn<\/p>\n","protected":false},"featured_media":30292,"template":"","meta":[],"product_brand":[],"product_cat":[49],"product_tag":[],"class_list":{"0":"post-82926","1":"product","2":"type-product","3":"status-publish","4":"has-post-thumbnail","6":"product_cat-werkzeuge","8":"first","9":"instock","10":"purchasable","11":"product-type-variable"},"yoast_head":"<!-- This site is optimized with the Yoast SEO plugin v27.0 - https:\/\/yoast.com\/product\/yoast-seo-wordpress\/ -->\n<title>Kabelrolle CEE 400V - proone<\/title>\n<meta name=\"robots\" content=\"index, follow, max-snippet:-1, max-image-preview:large, max-video-preview:-1\" \/>\n<link rel=\"canonical\" href=\"https:\/\/pro-one.ch\/de\/produkte\/kabelrolle-cee-400v\/\" \/>\n<meta property=\"og:locale\" content=\"de_DE\" \/>\n<meta property=\"og:type\" content=\"article\" \/>\n<meta property=\"og:title\" content=\"Kabelrolle CEE 400V - proone\" \/>\n<meta property=\"og:description\" content=\"\u2022 Kabelrolle f\u00fcr den harten Einsatz auf Baustellen, im Werkstatt und gewerblichen Bereich \u2022 Trommelk\u00f6rper aus Stahlblech, rostgesch\u00fctzt verzinkt, auf besonders stabilem Tragegestell \u2022 Ergonomischer Handgriff mit Achse f\u00fcr perfekte Kabelf\u00fchrung beim Auf- und Abrollen \u2022 \u00dcberhitzungsschutz, Kontroll-Leuchte bei \u00dcberhitzung und \u00dcberbelastung \u2022 Stecker CEE 5-polig, 400V, 16A mit Phasenwender IP44 \u2022 2 CEE-Steckdosen 5-polig, 400V, 16A IP44 \u2022 1 Steckdose T25\/5, 400V + 230V, 16A IP55 \u2022 Kabel AT-N07V3V3-F 5G2,5 Gr\u00fcn\" \/>\n<meta property=\"og:url\" content=\"https:\/\/pro-one.ch\/de\/produkte\/kabelrolle-cee-400v\/\" \/>\n<meta property=\"og:site_name\" content=\"proone\" \/>\n<meta property=\"article:modified_time\" content=\"2025-11-17T08:54:19+00:00\" \/>\n<meta property=\"og:image\" content=\"https:\/\/pro-one.ch\/wp-content\/uploads\/products\/8145693-scaled.jpg\" \/>\n\t<meta property=\"og:image:width\" content=\"1552\" \/>\n\t<meta property=\"og:image:height\" content=\"1920\" \/>\n\t<meta property=\"og:image:type\" content=\"image\/jpeg\" \/>\n<meta name=\"twitter:card\" content=\"summary_large_image\" \/>\n<script type=\"application\/ld+json\" class=\"yoast-schema-graph\">{\"@context\":\"https:\/\/schema.org\",\"@graph\":[{\"@type\":\"WebPage\",\"@id\":\"https:\/\/pro-one.ch\/de\/produkte\/kabelrolle-cee-400v\/\",\"url\":\"https:\/\/pro-one.ch\/de\/produkte\/kabelrolle-cee-400v\/\",\"name\":\"Kabelrolle CEE 400V - proone\",\"isPartOf\":{\"@id\":\"https:\/\/pro-one.ch\/de\/#website\"},\"primaryImageOfPage\":{\"@id\":\"https:\/\/pro-one.ch\/de\/produkte\/kabelrolle-cee-400v\/#primaryimage\"},\"image\":{\"@id\":\"https:\/\/pro-one.ch\/de\/produkte\/kabelrolle-cee-400v\/#primaryimage\"},\"thumbnailUrl\":\"https:\/\/pro-one.ch\/wp-content\/uploads\/products\/8145693-scaled.jpg\",\"datePublished\":\"2025-11-17T07:28:56+00:00\",\"dateModified\":\"2025-11-17T08:54:19+00:00\",\"breadcrumb\":{\"@id\":\"https:\/\/pro-one.ch\/de\/produkte\/kabelrolle-cee-400v\/#breadcrumb\"},\"inLanguage\":\"de\",\"potentialAction\":[{\"@type\":\"ReadAction\",\"target\":[\"https:\/\/pro-one.ch\/de\/produkte\/kabelrolle-cee-400v\/\"]}]},{\"@type\":\"ImageObject\",\"inLanguage\":\"de\",\"@id\":\"https:\/\/pro-one.ch\/de\/produkte\/kabelrolle-cee-400v\/#primaryimage\",\"url\":\"https:\/\/pro-one.ch\/wp-content\/uploads\/products\/8145693-scaled.jpg\",\"contentUrl\":\"https:\/\/pro-one.ch\/wp-content\/uploads\/products\/8145693-scaled.jpg\",\"width\":1552,\"height\":1920,\"caption\":\"1205042831-1\"},{\"@type\":\"BreadcrumbList\",\"@id\":\"https:\/\/pro-one.ch\/de\/produkte\/kabelrolle-cee-400v\/#breadcrumb\",\"itemListElement\":[{\"@type\":\"ListItem\",\"position\":1,\"name\":\"Accueil\",\"item\":\"https:\/\/pro-one.ch\/de\/\"},{\"@type\":\"ListItem\",\"position\":2,\"name\":\"Sortiment\",\"item\":\"https:\/\/pro-one.ch\/de\/sortiment\/\"},{\"@type\":\"ListItem\",\"position\":3,\"name\":\"Kabelrolle CEE 400V\"}]},{\"@type\":\"WebSite\",\"@id\":\"https:\/\/pro-one.ch\/de\/#website\",\"url\":\"https:\/\/pro-one.ch\/de\/\",\"name\":\"proone\",\"description\":\"\",\"potentialAction\":[{\"@type\":\"SearchAction\",\"target\":{\"@type\":\"EntryPoint\",\"urlTemplate\":\"https:\/\/pro-one.ch\/de\/?s={search_term_string}\"},\"query-input\":{\"@type\":\"PropertyValueSpecification\",\"valueRequired\":true,\"valueName\":\"search_term_string\"}}],\"inLanguage\":\"de\"}]}<\/script>\n<!-- \/ Yoast SEO plugin. -->","yoast_head_json":{"title":"Kabelrolle CEE 400V - proone","robots":{"index":"index","follow":"follow","max-snippet":"max-snippet:-1","max-image-preview":"max-image-preview:large","max-video-preview":"max-video-preview:-1"},"canonical":"https:\/\/pro-one.ch\/de\/produkte\/kabelrolle-cee-400v\/","og_locale":"de_DE","og_type":"article","og_title":"Kabelrolle CEE 400V - proone","og_description":"\u2022 Kabelrolle f\u00fcr den harten Einsatz auf Baustellen, im Werkstatt und gewerblichen Bereich \u2022 Trommelk\u00f6rper aus Stahlblech, rostgesch\u00fctzt verzinkt, auf besonders stabilem Tragegestell \u2022 Ergonomischer Handgriff mit Achse f\u00fcr perfekte Kabelf\u00fchrung beim Auf- und Abrollen \u2022 \u00dcberhitzungsschutz, Kontroll-Leuchte bei \u00dcberhitzung und \u00dcberbelastung \u2022 Stecker CEE 5-polig, 400V, 16A mit Phasenwender IP44 \u2022 2 CEE-Steckdosen 5-polig, 400V, 16A IP44 \u2022 1 Steckdose T25\/5, 400V + 230V, 16A IP55 \u2022 Kabel AT-N07V3V3-F 5G2,5 Gr\u00fcn","og_url":"https:\/\/pro-one.ch\/de\/produkte\/kabelrolle-cee-400v\/","og_site_name":"proone","article_modified_time":"2025-11-17T08:54:19+00:00","og_image":[{"width":1552,"height":1920,"url":"https:\/\/pro-one.ch\/wp-content\/uploads\/products\/8145693-scaled.jpg","type":"image\/jpeg"}],"twitter_card":"summary_large_image","schema":{"@context":"https:\/\/schema.org","@graph":[{"@type":"WebPage","@id":"https:\/\/pro-one.ch\/de\/produkte\/kabelrolle-cee-400v\/","url":"https:\/\/pro-one.ch\/de\/produkte\/kabelrolle-cee-400v\/","name":"Kabelrolle CEE 400V - proone","isPartOf":{"@id":"https:\/\/pro-one.ch\/de\/#website"},"primaryImageOfPage":{"@id":"https:\/\/pro-one.ch\/de\/produkte\/kabelrolle-cee-400v\/#primaryimage"},"image":{"@id":"https:\/\/pro-one.ch\/de\/produkte\/kabelrolle-cee-400v\/#primaryimage"},"thumbnailUrl":"https:\/\/pro-one.ch\/wp-content\/uploads\/products\/8145693-scaled.jpg","datePublished":"2025-11-17T07:28:56+00:00","dateModified":"2025-11-17T08:54:19+00:00","breadcrumb":{"@id":"https:\/\/pro-one.ch\/de\/produkte\/kabelrolle-cee-400v\/#breadcrumb"},"inLanguage":"de","potentialAction":[{"@type":"ReadAction","target":["https:\/\/pro-one.ch\/de\/produkte\/kabelrolle-cee-400v\/"]}]},{"@type":"ImageObject","inLanguage":"de","@id":"https:\/\/pro-one.ch\/de\/produkte\/kabelrolle-cee-400v\/#primaryimage","url":"https:\/\/pro-one.ch\/wp-content\/uploads\/products\/8145693-scaled.jpg","contentUrl":"https:\/\/pro-one.ch\/wp-content\/uploads\/products\/8145693-scaled.jpg","width":1552,"height":1920,"caption":"1205042831-1"},{"@type":"BreadcrumbList","@id":"https:\/\/pro-one.ch\/de\/produkte\/kabelrolle-cee-400v\/#breadcrumb","itemListElement":[{"@type":"ListItem","position":1,"name":"Accueil","item":"https:\/\/pro-one.ch\/de\/"},{"@type":"ListItem","position":2,"name":"Sortiment","item":"https:\/\/pro-one.ch\/de\/sortiment\/"},{"@type":"ListItem","position":3,"name":"Kabelrolle CEE 400V"}]},{"@type":"WebSite","@id":"https:\/\/pro-one.ch\/de\/#website","url":"https:\/\/pro-one.ch\/de\/","name":"proone","description":"","potentialAction":[{"@type":"SearchAction","target":{"@type":"EntryPoint","urlTemplate":"https:\/\/pro-one.ch\/de\/?s={search_term_string}"},"query-input":{"@type":"PropertyValueSpecification","valueRequired":true,"valueName":"search_term_string"}}],"inLanguage":"de"}]}},"_links":{"self":[{"href":"https:\/\/pro-one.ch\/de\/wp-json\/wp\/v2\/product\/82926","targetHints":{"allow":["GET"]}}],"collection":[{"href":"https:\/\/pro-one.ch\/de\/wp-json\/wp\/v2\/product"}],"about":[{"href":"https:\/\/pro-one.ch\/de\/wp-json\/wp\/v2\/types\/product"}],"wp:featuredmedia":[{"embeddable":true,"href":"https:\/\/pro-one.ch\/de\/wp-json\/wp\/v2\/media\/30292"}],"wp:attachment":[{"href":"https:\/\/pro-one.ch\/de\/wp-json\/wp\/v2\/media?parent=82926"}],"wp:term":[{"taxonomy":"product_brand","embeddable":true,"href":"https:\/\/pro-one.ch\/de\/wp-json\/wp\/v2\/product_brand?post=82926"},{"taxonomy":"product_cat","embeddable":true,"href":"https:\/\/pro-one.ch\/de\/wp-json\/wp\/v2\/product_cat?post=82926"},{"taxonomy":"product_tag","embeddable":true,"href":"https:\/\/pro-one.ch\/de\/wp-json\/wp\/v2\/product_tag?post=82926"}],"curies":[{"name":"wp","href":"https:\/\/api.w.org\/{rel}","templated":true}]}}