{"id":83178,"date":"2025-11-17T08:32:26","date_gmt":"2025-11-17T07:32:26","guid":{"rendered":"https:\/\/pro-one.ch\/produkte\/staubschutztuer-pro-typ-magnet-2\/"},"modified":"2025-11-17T09:55:45","modified_gmt":"2025-11-17T08:55:45","slug":"staubschutztuer-pro-typ-magnet-2","status":"publish","type":"product","link":"https:\/\/pro-one.ch\/de\/produkte\/staubschutztuer-pro-typ-magnet-2\/","title":{"rendered":"Staubschutzt\u00fcr Pro Typ Magnet"},"content":{"rendered":"<p>\u2022 Mit der vormontierten Staubschutzt\u00fcr Pro Typ Magnet erstellen Sie einfach und rasch eine Schmutzschleuse zwischen R\u00e4umen.<br \/>\n\u2022 Der aufgen\u00e4hte Reissverschluss gew\u00e4hrleistet eine dauerhafte Verbindung.<br \/>\n\u2022 Die schwellenlose Folient\u00fcr garantiert eine optimale Befahrbarkeit.<br \/>\n\u2022 Die Folient\u00fcr ist f\u00fcr alle T\u00fcren bis zu einer H\u00f6he von 2,1 m und einer Breite von 1,1 m geeignet und kann mehrfach verwendet werden.<br \/>\n\u2022 Rundum staubdicht<br \/>\n\u2022 Verschluss Magnetisch<\/p>\n","protected":false},"excerpt":{"rendered":"<p>\u2022 Mit der vormontierten Staubschutzt\u00fcr Pro Typ Magnet erstellen Sie einfach und rasch eine Schmutzschleuse zwischen R\u00e4umen.<br \/>\n\u2022 Der aufgen\u00e4hte Reissverschluss gew\u00e4hrleistet eine dauerhafte Verbindung.<br \/>\n\u2022 Die schwellenlose Folient\u00fcr garantiert eine optimale Befahrbarkeit.<br \/>\n\u2022 Die Folient\u00fcr ist f\u00fcr alle T\u00fcren bis zu einer H\u00f6he von 2,1 m und einer Breite von 1,1 m geeignet und kann mehrfach verwendet werden.<br \/>\n\u2022 Rundum staubdicht<br \/>\n\u2022 Verschluss Magnetisch<\/p>\n","protected":false},"featured_media":30487,"template":"","meta":[],"product_brand":[],"product_cat":[49],"product_tag":[],"class_list":{"0":"post-83178","1":"product","2":"type-product","3":"status-publish","4":"has-post-thumbnail","6":"product_cat-werkzeuge","8":"first","9":"instock","10":"purchasable","11":"product-type-simple"},"yoast_head":"<!-- This site is optimized with the Yoast SEO plugin v27.0 - https:\/\/yoast.com\/product\/yoast-seo-wordpress\/ -->\n<title>Staubschutzt\u00fcr Pro Typ Magnet - proone<\/title>\n<meta name=\"robots\" content=\"index, follow, max-snippet:-1, max-image-preview:large, max-video-preview:-1\" \/>\n<link rel=\"canonical\" href=\"https:\/\/pro-one.ch\/de\/produkte\/staubschutztuer-pro-typ-magnet-2\/\" \/>\n<meta property=\"og:locale\" content=\"de_DE\" \/>\n<meta property=\"og:type\" content=\"article\" \/>\n<meta property=\"og:title\" content=\"Staubschutzt\u00fcr Pro Typ Magnet - proone\" \/>\n<meta property=\"og:description\" content=\"\u2022 Mit der vormontierten Staubschutzt\u00fcr Pro Typ Magnet erstellen Sie einfach und rasch eine Schmutzschleuse zwischen R\u00e4umen. \u2022 Der aufgen\u00e4hte Reissverschluss gew\u00e4hrleistet eine dauerhafte Verbindung. \u2022 Die schwellenlose Folient\u00fcr garantiert eine optimale Befahrbarkeit. \u2022 Die Folient\u00fcr ist f\u00fcr alle T\u00fcren bis zu einer H\u00f6he von 2,1 m und einer Breite von 1,1 m geeignet und kann mehrfach verwendet werden. \u2022 Rundum staubdicht \u2022 Verschluss Magnetisch\" \/>\n<meta property=\"og:url\" content=\"https:\/\/pro-one.ch\/de\/produkte\/staubschutztuer-pro-typ-magnet-2\/\" \/>\n<meta property=\"og:site_name\" content=\"proone\" \/>\n<meta property=\"article:modified_time\" content=\"2025-11-17T08:55:45+00:00\" \/>\n<meta property=\"og:image\" content=\"https:\/\/pro-one.ch\/wp-content\/uploads\/products\/7924202.jpg\" \/>\n\t<meta property=\"og:image:width\" content=\"1097\" \/>\n\t<meta property=\"og:image:height\" content=\"1920\" \/>\n\t<meta property=\"og:image:type\" content=\"image\/jpeg\" \/>\n<meta name=\"twitter:card\" content=\"summary_large_image\" \/>\n<script type=\"application\/ld+json\" class=\"yoast-schema-graph\">{\"@context\":\"https:\/\/schema.org\",\"@graph\":[{\"@type\":\"WebPage\",\"@id\":\"https:\/\/pro-one.ch\/de\/produkte\/staubschutztuer-pro-typ-magnet-2\/\",\"url\":\"https:\/\/pro-one.ch\/de\/produkte\/staubschutztuer-pro-typ-magnet-2\/\",\"name\":\"Staubschutzt\u00fcr Pro Typ Magnet - proone\",\"isPartOf\":{\"@id\":\"https:\/\/pro-one.ch\/de\/#website\"},\"primaryImageOfPage\":{\"@id\":\"https:\/\/pro-one.ch\/de\/produkte\/staubschutztuer-pro-typ-magnet-2\/#primaryimage\"},\"image\":{\"@id\":\"https:\/\/pro-one.ch\/de\/produkte\/staubschutztuer-pro-typ-magnet-2\/#primaryimage\"},\"thumbnailUrl\":\"https:\/\/pro-one.ch\/wp-content\/uploads\/products\/7924202.jpg\",\"datePublished\":\"2025-11-17T07:32:26+00:00\",\"dateModified\":\"2025-11-17T08:55:45+00:00\",\"breadcrumb\":{\"@id\":\"https:\/\/pro-one.ch\/de\/produkte\/staubschutztuer-pro-typ-magnet-2\/#breadcrumb\"},\"inLanguage\":\"de\",\"potentialAction\":[{\"@type\":\"ReadAction\",\"target\":[\"https:\/\/pro-one.ch\/de\/produkte\/staubschutztuer-pro-typ-magnet-2\/\"]}]},{\"@type\":\"ImageObject\",\"inLanguage\":\"de\",\"@id\":\"https:\/\/pro-one.ch\/de\/produkte\/staubschutztuer-pro-typ-magnet-2\/#primaryimage\",\"url\":\"https:\/\/pro-one.ch\/wp-content\/uploads\/products\/7924202.jpg\",\"contentUrl\":\"https:\/\/pro-one.ch\/wp-content\/uploads\/products\/7924202.jpg\",\"width\":1097,\"height\":1920},{\"@type\":\"BreadcrumbList\",\"@id\":\"https:\/\/pro-one.ch\/de\/produkte\/staubschutztuer-pro-typ-magnet-2\/#breadcrumb\",\"itemListElement\":[{\"@type\":\"ListItem\",\"position\":1,\"name\":\"Accueil\",\"item\":\"https:\/\/pro-one.ch\/de\/\"},{\"@type\":\"ListItem\",\"position\":2,\"name\":\"Sortiment\",\"item\":\"https:\/\/pro-one.ch\/de\/sortiment\/\"},{\"@type\":\"ListItem\",\"position\":3,\"name\":\"Staubschutzt\u00fcr Pro Typ Magnet\"}]},{\"@type\":\"WebSite\",\"@id\":\"https:\/\/pro-one.ch\/de\/#website\",\"url\":\"https:\/\/pro-one.ch\/de\/\",\"name\":\"proone\",\"description\":\"\",\"potentialAction\":[{\"@type\":\"SearchAction\",\"target\":{\"@type\":\"EntryPoint\",\"urlTemplate\":\"https:\/\/pro-one.ch\/de\/?s={search_term_string}\"},\"query-input\":{\"@type\":\"PropertyValueSpecification\",\"valueRequired\":true,\"valueName\":\"search_term_string\"}}],\"inLanguage\":\"de\"}]}<\/script>\n<!-- \/ Yoast SEO plugin. -->","yoast_head_json":{"title":"Staubschutzt\u00fcr Pro Typ Magnet - proone","robots":{"index":"index","follow":"follow","max-snippet":"max-snippet:-1","max-image-preview":"max-image-preview:large","max-video-preview":"max-video-preview:-1"},"canonical":"https:\/\/pro-one.ch\/de\/produkte\/staubschutztuer-pro-typ-magnet-2\/","og_locale":"de_DE","og_type":"article","og_title":"Staubschutzt\u00fcr Pro Typ Magnet - proone","og_description":"\u2022 Mit der vormontierten Staubschutzt\u00fcr Pro Typ Magnet erstellen Sie einfach und rasch eine Schmutzschleuse zwischen R\u00e4umen. \u2022 Der aufgen\u00e4hte Reissverschluss gew\u00e4hrleistet eine dauerhafte Verbindung. \u2022 Die schwellenlose Folient\u00fcr garantiert eine optimale Befahrbarkeit. \u2022 Die Folient\u00fcr ist f\u00fcr alle T\u00fcren bis zu einer H\u00f6he von 2,1 m und einer Breite von 1,1 m geeignet und kann mehrfach verwendet werden. \u2022 Rundum staubdicht \u2022 Verschluss Magnetisch","og_url":"https:\/\/pro-one.ch\/de\/produkte\/staubschutztuer-pro-typ-magnet-2\/","og_site_name":"proone","article_modified_time":"2025-11-17T08:55:45+00:00","og_image":[{"width":1097,"height":1920,"url":"https:\/\/pro-one.ch\/wp-content\/uploads\/products\/7924202.jpg","type":"image\/jpeg"}],"twitter_card":"summary_large_image","schema":{"@context":"https:\/\/schema.org","@graph":[{"@type":"WebPage","@id":"https:\/\/pro-one.ch\/de\/produkte\/staubschutztuer-pro-typ-magnet-2\/","url":"https:\/\/pro-one.ch\/de\/produkte\/staubschutztuer-pro-typ-magnet-2\/","name":"Staubschutzt\u00fcr Pro Typ Magnet - proone","isPartOf":{"@id":"https:\/\/pro-one.ch\/de\/#website"},"primaryImageOfPage":{"@id":"https:\/\/pro-one.ch\/de\/produkte\/staubschutztuer-pro-typ-magnet-2\/#primaryimage"},"image":{"@id":"https:\/\/pro-one.ch\/de\/produkte\/staubschutztuer-pro-typ-magnet-2\/#primaryimage"},"thumbnailUrl":"https:\/\/pro-one.ch\/wp-content\/uploads\/products\/7924202.jpg","datePublished":"2025-11-17T07:32:26+00:00","dateModified":"2025-11-17T08:55:45+00:00","breadcrumb":{"@id":"https:\/\/pro-one.ch\/de\/produkte\/staubschutztuer-pro-typ-magnet-2\/#breadcrumb"},"inLanguage":"de","potentialAction":[{"@type":"ReadAction","target":["https:\/\/pro-one.ch\/de\/produkte\/staubschutztuer-pro-typ-magnet-2\/"]}]},{"@type":"ImageObject","inLanguage":"de","@id":"https:\/\/pro-one.ch\/de\/produkte\/staubschutztuer-pro-typ-magnet-2\/#primaryimage","url":"https:\/\/pro-one.ch\/wp-content\/uploads\/products\/7924202.jpg","contentUrl":"https:\/\/pro-one.ch\/wp-content\/uploads\/products\/7924202.jpg","width":1097,"height":1920},{"@type":"BreadcrumbList","@id":"https:\/\/pro-one.ch\/de\/produkte\/staubschutztuer-pro-typ-magnet-2\/#breadcrumb","itemListElement":[{"@type":"ListItem","position":1,"name":"Accueil","item":"https:\/\/pro-one.ch\/de\/"},{"@type":"ListItem","position":2,"name":"Sortiment","item":"https:\/\/pro-one.ch\/de\/sortiment\/"},{"@type":"ListItem","position":3,"name":"Staubschutzt\u00fcr Pro Typ Magnet"}]},{"@type":"WebSite","@id":"https:\/\/pro-one.ch\/de\/#website","url":"https:\/\/pro-one.ch\/de\/","name":"proone","description":"","potentialAction":[{"@type":"SearchAction","target":{"@type":"EntryPoint","urlTemplate":"https:\/\/pro-one.ch\/de\/?s={search_term_string}"},"query-input":{"@type":"PropertyValueSpecification","valueRequired":true,"valueName":"search_term_string"}}],"inLanguage":"de"}]}},"_links":{"self":[{"href":"https:\/\/pro-one.ch\/de\/wp-json\/wp\/v2\/product\/83178","targetHints":{"allow":["GET"]}}],"collection":[{"href":"https:\/\/pro-one.ch\/de\/wp-json\/wp\/v2\/product"}],"about":[{"href":"https:\/\/pro-one.ch\/de\/wp-json\/wp\/v2\/types\/product"}],"wp:featuredmedia":[{"embeddable":true,"href":"https:\/\/pro-one.ch\/de\/wp-json\/wp\/v2\/media\/30487"}],"wp:attachment":[{"href":"https:\/\/pro-one.ch\/de\/wp-json\/wp\/v2\/media?parent=83178"}],"wp:term":[{"taxonomy":"product_brand","embeddable":true,"href":"https:\/\/pro-one.ch\/de\/wp-json\/wp\/v2\/product_brand?post=83178"},{"taxonomy":"product_cat","embeddable":true,"href":"https:\/\/pro-one.ch\/de\/wp-json\/wp\/v2\/product_cat?post=83178"},{"taxonomy":"product_tag","embeddable":true,"href":"https:\/\/pro-one.ch\/de\/wp-json\/wp\/v2\/product_tag?post=83178"}],"curies":[{"name":"wp","href":"https:\/\/api.w.org\/{rel}","templated":true}]}}