{"id":84188,"date":"2025-11-17T08:46:43","date_gmt":"2025-11-17T07:46:43","guid":{"rendered":"https:\/\/pro-one.ch\/produkte\/regenjacke-hivis-3-in-1\/"},"modified":"2025-11-17T09:59:01","modified_gmt":"2025-11-17T08:59:01","slug":"regenjacke-hivis-3-in-1","status":"publish","type":"product","link":"https:\/\/pro-one.ch\/de\/produkte\/regenjacke-hivis-3-in-1\/","title":{"rendered":"Regenjacke HiVis 3 in 1"},"content":{"rendered":"<p>Der wasserdichte Parka im 3\u2011in\u20111 Design bietet hohe Sichtbarkeit, zuverl\u00e4ssigen Wetterschutz und durchdachte Details f\u00fcr den professionellen Einsatz.<\/p>\n<p>\u2022  Mit herausnehmbarem Zip\u2011Sweatshirt; drei Trageoptionen<br \/>\n\u2022 Innen geb\u00fcrstet f\u00fcr mehr W\u00e4rme; abnehmbare Kapuze; Kordelzug; abnehmbarer Ausweishalter<br \/>\n\u2022 Kontrastierender Fleecekragen zum Schutz vor Schmutz; verstellbare B\u00fcndchen mit Klettverschluss f\u00fcr einen sicheren Sitz<br \/>\n\u2022 Doppelte N\u00e4hte f\u00fcr erh\u00f6hte Festigkeit und Haltbarkeit<br \/>\n\u2022 300D Oxford Polyester mit fleckabweisender Ausr\u00fcstung und doppelter PU\u2011Beschichtung<br \/>\n\u2022 EN ISO 20471 Klasse 3 und segmentierte Tex\u2011Pro Reflexstreifen f\u00fcr Top\u2011Sichtbarkeit<br \/>\n\u2022 EN 343 3:1 X, 15.000 mm Wassers\u00e4ule; wasserdicht mit verschweissten N\u00e4hten<\/p>\n","protected":false},"excerpt":{"rendered":"<p>Der wasserdichte Parka im 3\u2011in\u20111 Design bietet hohe Sichtbarkeit, zuverl\u00e4ssigen Wetterschutz und durchdachte Details f\u00fcr den professionellen Einsatz.<\/p>\n<p>\u2022  Mit herausnehmbarem Zip\u2011Sweatshirt; drei Trageoptionen<br \/>\n\u2022 Innen geb\u00fcrstet f\u00fcr mehr W\u00e4rme; abnehmbare Kapuze; Kordelzug; abnehmbarer Ausweishalter<br \/>\n\u2022 Kontrastierender Fleecekragen zum Schutz vor Schmutz; verstellbare B\u00fcndchen mit Klettverschluss f\u00fcr einen sicheren Sitz<br \/>\n\u2022 Doppelte N\u00e4hte f\u00fcr erh\u00f6hte Festigkeit und Haltbarkeit<br \/>\n\u2022 300D Oxford Polyester mit fleckabweisender Ausr\u00fcstung und doppelter PU\u2011Beschichtung<br \/>\n\u2022 EN ISO 20471 Klasse 3 und segmentierte Tex\u2011Pro Reflexstreifen f\u00fcr Top\u2011Sichtbarkeit<br \/>\n\u2022 EN 343 3:1 X, 15.000 mm Wassers\u00e4ule; wasserdicht mit verschweissten N\u00e4hten<\/p>\n","protected":false},"featured_media":73116,"template":"","meta":[],"product_brand":[],"product_cat":[74],"product_tag":[],"class_list":{"0":"post-84188","1":"product","2":"type-product","3":"status-publish","4":"has-post-thumbnail","6":"product_cat-arbeitsschutz-und-bekleidung","8":"first","9":"instock","10":"purchasable","11":"product-type-variable"},"yoast_head":"<!-- This site is optimized with the Yoast SEO plugin v27.0 - https:\/\/yoast.com\/product\/yoast-seo-wordpress\/ -->\n<title>Regenjacke HiVis 3 in 1 - proone<\/title>\n<meta name=\"robots\" content=\"index, follow, max-snippet:-1, max-image-preview:large, max-video-preview:-1\" \/>\n<link rel=\"canonical\" href=\"https:\/\/pro-one.ch\/de\/produkte\/regenjacke-hivis-3-in-1\/\" \/>\n<meta property=\"og:locale\" content=\"de_DE\" \/>\n<meta property=\"og:type\" content=\"article\" \/>\n<meta property=\"og:title\" content=\"Regenjacke HiVis 3 in 1 - proone\" \/>\n<meta property=\"og:description\" content=\"Der wasserdichte Parka im 3\u2011in\u20111 Design bietet hohe Sichtbarkeit, zuverl\u00e4ssigen Wetterschutz und durchdachte Details f\u00fcr den professionellen Einsatz. \u2022 Mit herausnehmbarem Zip\u2011Sweatshirt; drei Trageoptionen \u2022 Innen geb\u00fcrstet f\u00fcr mehr W\u00e4rme; abnehmbare Kapuze; Kordelzug; abnehmbarer Ausweishalter \u2022 Kontrastierender Fleecekragen zum Schutz vor Schmutz; verstellbare B\u00fcndchen mit Klettverschluss f\u00fcr einen sicheren Sitz \u2022 Doppelte N\u00e4hte f\u00fcr erh\u00f6hte Festigkeit und Haltbarkeit \u2022 300D Oxford Polyester mit fleckabweisender Ausr\u00fcstung und doppelter PU\u2011Beschichtung \u2022 EN ISO 20471 Klasse 3 und segmentierte Tex\u2011Pro Reflexstreifen f\u00fcr Top\u2011Sichtbarkeit \u2022 EN 343 3:1 X, 15.000 mm Wassers\u00e4ule; wasserdicht mit verschweissten N\u00e4hten\" \/>\n<meta property=\"og:url\" content=\"https:\/\/pro-one.ch\/de\/produkte\/regenjacke-hivis-3-in-1\/\" \/>\n<meta property=\"og:site_name\" content=\"proone\" \/>\n<meta property=\"article:modified_time\" content=\"2025-11-17T08:59:01+00:00\" \/>\n<meta property=\"og:image\" content=\"https:\/\/pro-one.ch\/wp-content\/uploads\/products\/9183635.jpg\" \/>\n\t<meta property=\"og:image:width\" content=\"1990\" \/>\n\t<meta property=\"og:image:height\" content=\"2452\" \/>\n\t<meta property=\"og:image:type\" content=\"image\/jpeg\" \/>\n<meta name=\"twitter:card\" content=\"summary_large_image\" \/>\n<script type=\"application\/ld+json\" class=\"yoast-schema-graph\">{\"@context\":\"https:\/\/schema.org\",\"@graph\":[{\"@type\":\"WebPage\",\"@id\":\"https:\/\/pro-one.ch\/de\/produkte\/regenjacke-hivis-3-in-1\/\",\"url\":\"https:\/\/pro-one.ch\/de\/produkte\/regenjacke-hivis-3-in-1\/\",\"name\":\"Regenjacke HiVis 3 in 1 - proone\",\"isPartOf\":{\"@id\":\"https:\/\/pro-one.ch\/de\/#website\"},\"primaryImageOfPage\":{\"@id\":\"https:\/\/pro-one.ch\/de\/produkte\/regenjacke-hivis-3-in-1\/#primaryimage\"},\"image\":{\"@id\":\"https:\/\/pro-one.ch\/de\/produkte\/regenjacke-hivis-3-in-1\/#primaryimage\"},\"thumbnailUrl\":\"https:\/\/pro-one.ch\/wp-content\/uploads\/products\/9183635.jpg\",\"datePublished\":\"2025-11-17T07:46:43+00:00\",\"dateModified\":\"2025-11-17T08:59:01+00:00\",\"breadcrumb\":{\"@id\":\"https:\/\/pro-one.ch\/de\/produkte\/regenjacke-hivis-3-in-1\/#breadcrumb\"},\"inLanguage\":\"de\",\"potentialAction\":[{\"@type\":\"ReadAction\",\"target\":[\"https:\/\/pro-one.ch\/de\/produkte\/regenjacke-hivis-3-in-1\/\"]}]},{\"@type\":\"ImageObject\",\"inLanguage\":\"de\",\"@id\":\"https:\/\/pro-one.ch\/de\/produkte\/regenjacke-hivis-3-in-1\/#primaryimage\",\"url\":\"https:\/\/pro-one.ch\/wp-content\/uploads\/products\/9183635.jpg\",\"contentUrl\":\"https:\/\/pro-one.ch\/wp-content\/uploads\/products\/9183635.jpg\",\"width\":1990,\"height\":2452},{\"@type\":\"BreadcrumbList\",\"@id\":\"https:\/\/pro-one.ch\/de\/produkte\/regenjacke-hivis-3-in-1\/#breadcrumb\",\"itemListElement\":[{\"@type\":\"ListItem\",\"position\":1,\"name\":\"Accueil\",\"item\":\"https:\/\/pro-one.ch\/de\/\"},{\"@type\":\"ListItem\",\"position\":2,\"name\":\"Sortiment\",\"item\":\"https:\/\/pro-one.ch\/de\/sortiment\/\"},{\"@type\":\"ListItem\",\"position\":3,\"name\":\"Regenjacke HiVis 3 in 1\"}]},{\"@type\":\"WebSite\",\"@id\":\"https:\/\/pro-one.ch\/de\/#website\",\"url\":\"https:\/\/pro-one.ch\/de\/\",\"name\":\"proone\",\"description\":\"\",\"potentialAction\":[{\"@type\":\"SearchAction\",\"target\":{\"@type\":\"EntryPoint\",\"urlTemplate\":\"https:\/\/pro-one.ch\/de\/?s={search_term_string}\"},\"query-input\":{\"@type\":\"PropertyValueSpecification\",\"valueRequired\":true,\"valueName\":\"search_term_string\"}}],\"inLanguage\":\"de\"}]}<\/script>\n<!-- \/ Yoast SEO plugin. -->","yoast_head_json":{"title":"Regenjacke HiVis 3 in 1 - proone","robots":{"index":"index","follow":"follow","max-snippet":"max-snippet:-1","max-image-preview":"max-image-preview:large","max-video-preview":"max-video-preview:-1"},"canonical":"https:\/\/pro-one.ch\/de\/produkte\/regenjacke-hivis-3-in-1\/","og_locale":"de_DE","og_type":"article","og_title":"Regenjacke HiVis 3 in 1 - proone","og_description":"Der wasserdichte Parka im 3\u2011in\u20111 Design bietet hohe Sichtbarkeit, zuverl\u00e4ssigen Wetterschutz und durchdachte Details f\u00fcr den professionellen Einsatz. \u2022 Mit herausnehmbarem Zip\u2011Sweatshirt; drei Trageoptionen \u2022 Innen geb\u00fcrstet f\u00fcr mehr W\u00e4rme; abnehmbare Kapuze; Kordelzug; abnehmbarer Ausweishalter \u2022 Kontrastierender Fleecekragen zum Schutz vor Schmutz; verstellbare B\u00fcndchen mit Klettverschluss f\u00fcr einen sicheren Sitz \u2022 Doppelte N\u00e4hte f\u00fcr erh\u00f6hte Festigkeit und Haltbarkeit \u2022 300D Oxford Polyester mit fleckabweisender Ausr\u00fcstung und doppelter PU\u2011Beschichtung \u2022 EN ISO 20471 Klasse 3 und segmentierte Tex\u2011Pro Reflexstreifen f\u00fcr Top\u2011Sichtbarkeit \u2022 EN 343 3:1 X, 15.000 mm Wassers\u00e4ule; wasserdicht mit verschweissten N\u00e4hten","og_url":"https:\/\/pro-one.ch\/de\/produkte\/regenjacke-hivis-3-in-1\/","og_site_name":"proone","article_modified_time":"2025-11-17T08:59:01+00:00","og_image":[{"width":1990,"height":2452,"url":"https:\/\/pro-one.ch\/wp-content\/uploads\/products\/9183635.jpg","type":"image\/jpeg"}],"twitter_card":"summary_large_image","schema":{"@context":"https:\/\/schema.org","@graph":[{"@type":"WebPage","@id":"https:\/\/pro-one.ch\/de\/produkte\/regenjacke-hivis-3-in-1\/","url":"https:\/\/pro-one.ch\/de\/produkte\/regenjacke-hivis-3-in-1\/","name":"Regenjacke HiVis 3 in 1 - proone","isPartOf":{"@id":"https:\/\/pro-one.ch\/de\/#website"},"primaryImageOfPage":{"@id":"https:\/\/pro-one.ch\/de\/produkte\/regenjacke-hivis-3-in-1\/#primaryimage"},"image":{"@id":"https:\/\/pro-one.ch\/de\/produkte\/regenjacke-hivis-3-in-1\/#primaryimage"},"thumbnailUrl":"https:\/\/pro-one.ch\/wp-content\/uploads\/products\/9183635.jpg","datePublished":"2025-11-17T07:46:43+00:00","dateModified":"2025-11-17T08:59:01+00:00","breadcrumb":{"@id":"https:\/\/pro-one.ch\/de\/produkte\/regenjacke-hivis-3-in-1\/#breadcrumb"},"inLanguage":"de","potentialAction":[{"@type":"ReadAction","target":["https:\/\/pro-one.ch\/de\/produkte\/regenjacke-hivis-3-in-1\/"]}]},{"@type":"ImageObject","inLanguage":"de","@id":"https:\/\/pro-one.ch\/de\/produkte\/regenjacke-hivis-3-in-1\/#primaryimage","url":"https:\/\/pro-one.ch\/wp-content\/uploads\/products\/9183635.jpg","contentUrl":"https:\/\/pro-one.ch\/wp-content\/uploads\/products\/9183635.jpg","width":1990,"height":2452},{"@type":"BreadcrumbList","@id":"https:\/\/pro-one.ch\/de\/produkte\/regenjacke-hivis-3-in-1\/#breadcrumb","itemListElement":[{"@type":"ListItem","position":1,"name":"Accueil","item":"https:\/\/pro-one.ch\/de\/"},{"@type":"ListItem","position":2,"name":"Sortiment","item":"https:\/\/pro-one.ch\/de\/sortiment\/"},{"@type":"ListItem","position":3,"name":"Regenjacke HiVis 3 in 1"}]},{"@type":"WebSite","@id":"https:\/\/pro-one.ch\/de\/#website","url":"https:\/\/pro-one.ch\/de\/","name":"proone","description":"","potentialAction":[{"@type":"SearchAction","target":{"@type":"EntryPoint","urlTemplate":"https:\/\/pro-one.ch\/de\/?s={search_term_string}"},"query-input":{"@type":"PropertyValueSpecification","valueRequired":true,"valueName":"search_term_string"}}],"inLanguage":"de"}]}},"_links":{"self":[{"href":"https:\/\/pro-one.ch\/de\/wp-json\/wp\/v2\/product\/84188","targetHints":{"allow":["GET"]}}],"collection":[{"href":"https:\/\/pro-one.ch\/de\/wp-json\/wp\/v2\/product"}],"about":[{"href":"https:\/\/pro-one.ch\/de\/wp-json\/wp\/v2\/types\/product"}],"wp:featuredmedia":[{"embeddable":true,"href":"https:\/\/pro-one.ch\/de\/wp-json\/wp\/v2\/media\/73116"}],"wp:attachment":[{"href":"https:\/\/pro-one.ch\/de\/wp-json\/wp\/v2\/media?parent=84188"}],"wp:term":[{"taxonomy":"product_brand","embeddable":true,"href":"https:\/\/pro-one.ch\/de\/wp-json\/wp\/v2\/product_brand?post=84188"},{"taxonomy":"product_cat","embeddable":true,"href":"https:\/\/pro-one.ch\/de\/wp-json\/wp\/v2\/product_cat?post=84188"},{"taxonomy":"product_tag","embeddable":true,"href":"https:\/\/pro-one.ch\/de\/wp-json\/wp\/v2\/product_tag?post=84188"}],"curies":[{"name":"wp","href":"https:\/\/api.w.org\/{rel}","templated":true}]}}