{"id":84193,"date":"2025-11-17T08:46:43","date_gmt":"2025-11-17T07:46:43","guid":{"rendered":"https:\/\/pro-one.ch\/produkte\/ueberziehschuhe-uni-2\/"},"modified":"2025-11-17T09:59:02","modified_gmt":"2025-11-17T08:59:02","slug":"ueberziehschuhe-uni-2","status":"publish","type":"product","link":"https:\/\/pro-one.ch\/de\/produkte\/ueberziehschuhe-uni-2\/","title":{"rendered":"\u00dcberziehschuhe UNI"},"content":{"rendered":"<p>\u2022 Aus verst\u00e4rkter Folie, 0,05 mm stark.<br \/>\n\u2022 Einschlupf mit Gummizug versehen.<br \/>\n\u2022 F\u00fcr Operationsr\u00e4ume ebenso gut geeignet, wie als Schmutzsch\u00fctzer<br \/>\nf\u00fcr Industrie und Handwerk.<br \/>\n\u2022 Gr\u00f6sse  ca. 150&#215;360 mm<br \/>\n\u2022 Farbe  blau<br \/>\n\u2022 Beutel zu 100 Stk.<\/p>\n","protected":false},"excerpt":{"rendered":"<p>\u2022 Aus verst\u00e4rkter Folie, 0,05 mm stark.<br \/>\n\u2022 Einschlupf mit Gummizug versehen.<br \/>\n\u2022 F\u00fcr Operationsr\u00e4ume ebenso gut geeignet, wie als Schmutzsch\u00fctzer<br \/>\nf\u00fcr Industrie und Handwerk.<br \/>\n\u2022 Gr\u00f6sse  ca. 150&#215;360 mm<br \/>\n\u2022 Farbe  blau<br \/>\n\u2022 Beutel zu 100 Stk.<\/p>\n","protected":false},"featured_media":30841,"template":"","meta":[],"product_brand":[],"product_cat":[74],"product_tag":[],"class_list":{"0":"post-84193","1":"product","2":"type-product","3":"status-publish","4":"has-post-thumbnail","6":"product_cat-arbeitsschutz-und-bekleidung","8":"first","9":"instock","10":"purchasable","11":"product-type-simple"},"yoast_head":"<!-- This site is optimized with the Yoast SEO plugin v27.0 - https:\/\/yoast.com\/product\/yoast-seo-wordpress\/ -->\n<title>\u00dcberziehschuhe UNI - proone<\/title>\n<meta name=\"robots\" content=\"index, follow, max-snippet:-1, max-image-preview:large, max-video-preview:-1\" \/>\n<link rel=\"canonical\" href=\"https:\/\/pro-one.ch\/de\/produkte\/ueberziehschuhe-uni-2\/\" \/>\n<meta property=\"og:locale\" content=\"de_DE\" \/>\n<meta property=\"og:type\" content=\"article\" \/>\n<meta property=\"og:title\" content=\"\u00dcberziehschuhe UNI - proone\" \/>\n<meta property=\"og:description\" content=\"\u2022 Aus verst\u00e4rkter Folie, 0,05 mm stark. \u2022 Einschlupf mit Gummizug versehen. \u2022 F\u00fcr Operationsr\u00e4ume ebenso gut geeignet, wie als Schmutzsch\u00fctzer f\u00fcr Industrie und Handwerk. \u2022 Gr\u00f6sse ca. 150x360 mm \u2022 Farbe blau \u2022 Beutel zu 100 Stk.\" \/>\n<meta property=\"og:url\" content=\"https:\/\/pro-one.ch\/de\/produkte\/ueberziehschuhe-uni-2\/\" \/>\n<meta property=\"og:site_name\" content=\"proone\" \/>\n<meta property=\"article:modified_time\" content=\"2025-11-17T08:59:02+00:00\" \/>\n<meta property=\"og:image\" content=\"https:\/\/pro-one.ch\/wp-content\/uploads\/products\/5376509.jpg\" \/>\n\t<meta property=\"og:image:width\" content=\"800\" \/>\n\t<meta property=\"og:image:height\" content=\"455\" \/>\n\t<meta property=\"og:image:type\" content=\"image\/jpeg\" \/>\n<meta name=\"twitter:card\" content=\"summary_large_image\" \/>\n<script type=\"application\/ld+json\" class=\"yoast-schema-graph\">{\"@context\":\"https:\/\/schema.org\",\"@graph\":[{\"@type\":\"WebPage\",\"@id\":\"https:\/\/pro-one.ch\/de\/produkte\/ueberziehschuhe-uni-2\/\",\"url\":\"https:\/\/pro-one.ch\/de\/produkte\/ueberziehschuhe-uni-2\/\",\"name\":\"\u00dcberziehschuhe UNI - proone\",\"isPartOf\":{\"@id\":\"https:\/\/pro-one.ch\/de\/#website\"},\"primaryImageOfPage\":{\"@id\":\"https:\/\/pro-one.ch\/de\/produkte\/ueberziehschuhe-uni-2\/#primaryimage\"},\"image\":{\"@id\":\"https:\/\/pro-one.ch\/de\/produkte\/ueberziehschuhe-uni-2\/#primaryimage\"},\"thumbnailUrl\":\"https:\/\/pro-one.ch\/wp-content\/uploads\/products\/5376509.jpg\",\"datePublished\":\"2025-11-17T07:46:43+00:00\",\"dateModified\":\"2025-11-17T08:59:02+00:00\",\"breadcrumb\":{\"@id\":\"https:\/\/pro-one.ch\/de\/produkte\/ueberziehschuhe-uni-2\/#breadcrumb\"},\"inLanguage\":\"de\",\"potentialAction\":[{\"@type\":\"ReadAction\",\"target\":[\"https:\/\/pro-one.ch\/de\/produkte\/ueberziehschuhe-uni-2\/\"]}]},{\"@type\":\"ImageObject\",\"inLanguage\":\"de\",\"@id\":\"https:\/\/pro-one.ch\/de\/produkte\/ueberziehschuhe-uni-2\/#primaryimage\",\"url\":\"https:\/\/pro-one.ch\/wp-content\/uploads\/products\/5376509.jpg\",\"contentUrl\":\"https:\/\/pro-one.ch\/wp-content\/uploads\/products\/5376509.jpg\",\"width\":800,\"height\":455},{\"@type\":\"BreadcrumbList\",\"@id\":\"https:\/\/pro-one.ch\/de\/produkte\/ueberziehschuhe-uni-2\/#breadcrumb\",\"itemListElement\":[{\"@type\":\"ListItem\",\"position\":1,\"name\":\"Accueil\",\"item\":\"https:\/\/pro-one.ch\/de\/\"},{\"@type\":\"ListItem\",\"position\":2,\"name\":\"Sortiment\",\"item\":\"https:\/\/pro-one.ch\/de\/sortiment\/\"},{\"@type\":\"ListItem\",\"position\":3,\"name\":\"\u00dcberziehschuhe UNI\"}]},{\"@type\":\"WebSite\",\"@id\":\"https:\/\/pro-one.ch\/de\/#website\",\"url\":\"https:\/\/pro-one.ch\/de\/\",\"name\":\"proone\",\"description\":\"\",\"potentialAction\":[{\"@type\":\"SearchAction\",\"target\":{\"@type\":\"EntryPoint\",\"urlTemplate\":\"https:\/\/pro-one.ch\/de\/?s={search_term_string}\"},\"query-input\":{\"@type\":\"PropertyValueSpecification\",\"valueRequired\":true,\"valueName\":\"search_term_string\"}}],\"inLanguage\":\"de\"}]}<\/script>\n<!-- \/ Yoast SEO plugin. -->","yoast_head_json":{"title":"\u00dcberziehschuhe UNI - proone","robots":{"index":"index","follow":"follow","max-snippet":"max-snippet:-1","max-image-preview":"max-image-preview:large","max-video-preview":"max-video-preview:-1"},"canonical":"https:\/\/pro-one.ch\/de\/produkte\/ueberziehschuhe-uni-2\/","og_locale":"de_DE","og_type":"article","og_title":"\u00dcberziehschuhe UNI - proone","og_description":"\u2022 Aus verst\u00e4rkter Folie, 0,05 mm stark. \u2022 Einschlupf mit Gummizug versehen. \u2022 F\u00fcr Operationsr\u00e4ume ebenso gut geeignet, wie als Schmutzsch\u00fctzer f\u00fcr Industrie und Handwerk. \u2022 Gr\u00f6sse ca. 150x360 mm \u2022 Farbe blau \u2022 Beutel zu 100 Stk.","og_url":"https:\/\/pro-one.ch\/de\/produkte\/ueberziehschuhe-uni-2\/","og_site_name":"proone","article_modified_time":"2025-11-17T08:59:02+00:00","og_image":[{"width":800,"height":455,"url":"https:\/\/pro-one.ch\/wp-content\/uploads\/products\/5376509.jpg","type":"image\/jpeg"}],"twitter_card":"summary_large_image","schema":{"@context":"https:\/\/schema.org","@graph":[{"@type":"WebPage","@id":"https:\/\/pro-one.ch\/de\/produkte\/ueberziehschuhe-uni-2\/","url":"https:\/\/pro-one.ch\/de\/produkte\/ueberziehschuhe-uni-2\/","name":"\u00dcberziehschuhe UNI - proone","isPartOf":{"@id":"https:\/\/pro-one.ch\/de\/#website"},"primaryImageOfPage":{"@id":"https:\/\/pro-one.ch\/de\/produkte\/ueberziehschuhe-uni-2\/#primaryimage"},"image":{"@id":"https:\/\/pro-one.ch\/de\/produkte\/ueberziehschuhe-uni-2\/#primaryimage"},"thumbnailUrl":"https:\/\/pro-one.ch\/wp-content\/uploads\/products\/5376509.jpg","datePublished":"2025-11-17T07:46:43+00:00","dateModified":"2025-11-17T08:59:02+00:00","breadcrumb":{"@id":"https:\/\/pro-one.ch\/de\/produkte\/ueberziehschuhe-uni-2\/#breadcrumb"},"inLanguage":"de","potentialAction":[{"@type":"ReadAction","target":["https:\/\/pro-one.ch\/de\/produkte\/ueberziehschuhe-uni-2\/"]}]},{"@type":"ImageObject","inLanguage":"de","@id":"https:\/\/pro-one.ch\/de\/produkte\/ueberziehschuhe-uni-2\/#primaryimage","url":"https:\/\/pro-one.ch\/wp-content\/uploads\/products\/5376509.jpg","contentUrl":"https:\/\/pro-one.ch\/wp-content\/uploads\/products\/5376509.jpg","width":800,"height":455},{"@type":"BreadcrumbList","@id":"https:\/\/pro-one.ch\/de\/produkte\/ueberziehschuhe-uni-2\/#breadcrumb","itemListElement":[{"@type":"ListItem","position":1,"name":"Accueil","item":"https:\/\/pro-one.ch\/de\/"},{"@type":"ListItem","position":2,"name":"Sortiment","item":"https:\/\/pro-one.ch\/de\/sortiment\/"},{"@type":"ListItem","position":3,"name":"\u00dcberziehschuhe UNI"}]},{"@type":"WebSite","@id":"https:\/\/pro-one.ch\/de\/#website","url":"https:\/\/pro-one.ch\/de\/","name":"proone","description":"","potentialAction":[{"@type":"SearchAction","target":{"@type":"EntryPoint","urlTemplate":"https:\/\/pro-one.ch\/de\/?s={search_term_string}"},"query-input":{"@type":"PropertyValueSpecification","valueRequired":true,"valueName":"search_term_string"}}],"inLanguage":"de"}]}},"_links":{"self":[{"href":"https:\/\/pro-one.ch\/de\/wp-json\/wp\/v2\/product\/84193","targetHints":{"allow":["GET"]}}],"collection":[{"href":"https:\/\/pro-one.ch\/de\/wp-json\/wp\/v2\/product"}],"about":[{"href":"https:\/\/pro-one.ch\/de\/wp-json\/wp\/v2\/types\/product"}],"wp:featuredmedia":[{"embeddable":true,"href":"https:\/\/pro-one.ch\/de\/wp-json\/wp\/v2\/media\/30841"}],"wp:attachment":[{"href":"https:\/\/pro-one.ch\/de\/wp-json\/wp\/v2\/media?parent=84193"}],"wp:term":[{"taxonomy":"product_brand","embeddable":true,"href":"https:\/\/pro-one.ch\/de\/wp-json\/wp\/v2\/product_brand?post=84193"},{"taxonomy":"product_cat","embeddable":true,"href":"https:\/\/pro-one.ch\/de\/wp-json\/wp\/v2\/product_cat?post=84193"},{"taxonomy":"product_tag","embeddable":true,"href":"https:\/\/pro-one.ch\/de\/wp-json\/wp\/v2\/product_tag?post=84193"}],"curies":[{"name":"wp","href":"https:\/\/api.w.org\/{rel}","templated":true}]}}