{"id":84221,"date":"2025-11-17T08:47:14","date_gmt":"2025-11-17T07:47:14","guid":{"rendered":"https:\/\/pro-one.ch\/produkte\/wasserkastenwuerfel-2\/"},"modified":"2025-11-17T09:59:21","modified_gmt":"2025-11-17T08:59:21","slug":"wasserkastenwuerfel-2","status":"publish","type":"product","link":"https:\/\/pro-one.ch\/de\/produkte\/wasserkastenwuerfel-2\/","title":{"rendered":"Wasserkastenw\u00fcrfel"},"content":{"rendered":"<p>\u2022 F\u00fcr Geberit, TECE und andere Sp\u00fclk\u00e4sten<br \/>\n\u2022 Reinigungsaktive Wasserkastenw\u00fcrfel<br \/>\n\u2022 Auf Basis biologisch abbaubarer Tenside<br \/>\n\u2022 Frische und Sauberkeit bei jeder Sp\u00fclung<br \/>\n\u2022 Einfache und direkte Zuf\u00fchrung in<br \/>\nden Einwurfschacht<br \/>\n\u2022 Sehr ergiebig<br \/>\n\u2022 Gegen 4 Wochen den angenehmen Duft und<br \/>\ndas blaue Wasser geniessen<br \/>\n\u2022 Die elegante und unsichtbare Alternative zum<br \/>\nWC-Aufh\u00e4nger<br \/>\n\u2022 Unbedenklich bei biologischen Kl\u00e4ranlagen<br \/>\n\u2022 Verpackung l\u00f6st sich im Wasser biologisch auf<br \/>\n\u2022 Wenn trocken gelagert \u2013 keine<br \/>\nMindesthaltbarkeit<br \/>\n\u2022 Inhalt 10 St\u00fcck<\/p>\n","protected":false},"excerpt":{"rendered":"<p>\u2022 F\u00fcr Geberit, TECE und andere Sp\u00fclk\u00e4sten<br \/>\n\u2022 Reinigungsaktive Wasserkastenw\u00fcrfel<br \/>\n\u2022 Auf Basis biologisch abbaubarer Tenside<br \/>\n\u2022 Frische und Sauberkeit bei jeder Sp\u00fclung<br \/>\n\u2022 Einfache und direkte Zuf\u00fchrung in<br \/>\nden Einwurfschacht<br \/>\n\u2022 Sehr ergiebig<br \/>\n\u2022 Gegen 4 Wochen den angenehmen Duft und<br \/>\ndas blaue Wasser geniessen<br \/>\n\u2022 Die elegante und unsichtbare Alternative zum<br \/>\nWC-Aufh\u00e4nger<br \/>\n\u2022 Unbedenklich bei biologischen Kl\u00e4ranlagen<br \/>\n\u2022 Verpackung l\u00f6st sich im Wasser biologisch auf<br \/>\n\u2022 Wenn trocken gelagert \u2013 keine<br \/>\nMindesthaltbarkeit<br \/>\n\u2022 Inhalt 10 St\u00fcck<\/p>\n","protected":false},"featured_media":30769,"template":"","meta":[],"product_brand":[],"product_cat":[73],"product_tag":[],"class_list":{"0":"post-84221","1":"product","2":"type-product","3":"status-publish","4":"has-post-thumbnail","6":"product_cat-reinigungsmittel","8":"first","9":"instock","10":"purchasable","11":"product-type-simple"},"yoast_head":"<!-- This site is optimized with the Yoast SEO plugin v27.5 - https:\/\/yoast.com\/product\/yoast-seo-wordpress\/ -->\n<title>Wasserkastenw\u00fcrfel - proone<\/title>\n<meta name=\"robots\" content=\"index, follow, max-snippet:-1, max-image-preview:large, max-video-preview:-1\" \/>\n<link rel=\"canonical\" href=\"https:\/\/pro-one.ch\/de\/produkte\/wasserkastenwuerfel-2\/\" \/>\n<meta property=\"og:locale\" content=\"de_DE\" \/>\n<meta property=\"og:type\" content=\"article\" \/>\n<meta property=\"og:title\" content=\"Wasserkastenw\u00fcrfel - proone\" \/>\n<meta property=\"og:description\" content=\"\u2022 F\u00fcr Geberit, TECE und andere Sp\u00fclk\u00e4sten \u2022 Reinigungsaktive Wasserkastenw\u00fcrfel \u2022 Auf Basis biologisch abbaubarer Tenside \u2022 Frische und Sauberkeit bei jeder Sp\u00fclung \u2022 Einfache und direkte Zuf\u00fchrung in den Einwurfschacht \u2022 Sehr ergiebig \u2022 Gegen 4 Wochen den angenehmen Duft und das blaue Wasser geniessen \u2022 Die elegante und unsichtbare Alternative zum WC-Aufh\u00e4nger \u2022 Unbedenklich bei biologischen Kl\u00e4ranlagen \u2022 Verpackung l\u00f6st sich im Wasser biologisch auf \u2022 Wenn trocken gelagert \u2013 keine Mindesthaltbarkeit \u2022 Inhalt 10 St\u00fcck\" \/>\n<meta property=\"og:url\" content=\"https:\/\/pro-one.ch\/de\/produkte\/wasserkastenwuerfel-2\/\" \/>\n<meta property=\"og:site_name\" content=\"proone\" \/>\n<meta property=\"article:modified_time\" content=\"2025-11-17T08:59:21+00:00\" \/>\n<meta property=\"og:image\" content=\"https:\/\/pro-one.ch\/wp-content\/uploads\/products\/6208659-scaled.jpg\" \/>\n\t<meta property=\"og:image:width\" content=\"1920\" \/>\n\t<meta property=\"og:image:height\" content=\"1599\" \/>\n\t<meta property=\"og:image:type\" content=\"image\/jpeg\" \/>\n<meta name=\"twitter:card\" content=\"summary_large_image\" \/>\n<script type=\"application\/ld+json\" class=\"yoast-schema-graph\">{\"@context\":\"https:\\\/\\\/schema.org\",\"@graph\":[{\"@type\":\"WebPage\",\"@id\":\"https:\\\/\\\/pro-one.ch\\\/de\\\/produkte\\\/wasserkastenwuerfel-2\\\/\",\"url\":\"https:\\\/\\\/pro-one.ch\\\/de\\\/produkte\\\/wasserkastenwuerfel-2\\\/\",\"name\":\"Wasserkastenw\u00fcrfel - proone\",\"isPartOf\":{\"@id\":\"https:\\\/\\\/pro-one.ch\\\/de\\\/#website\"},\"primaryImageOfPage\":{\"@id\":\"https:\\\/\\\/pro-one.ch\\\/de\\\/produkte\\\/wasserkastenwuerfel-2\\\/#primaryimage\"},\"image\":{\"@id\":\"https:\\\/\\\/pro-one.ch\\\/de\\\/produkte\\\/wasserkastenwuerfel-2\\\/#primaryimage\"},\"thumbnailUrl\":\"https:\\\/\\\/pro-one.ch\\\/wp-content\\\/uploads\\\/products\\\/6208659-scaled.jpg\",\"datePublished\":\"2025-11-17T07:47:14+00:00\",\"dateModified\":\"2025-11-17T08:59:21+00:00\",\"breadcrumb\":{\"@id\":\"https:\\\/\\\/pro-one.ch\\\/de\\\/produkte\\\/wasserkastenwuerfel-2\\\/#breadcrumb\"},\"inLanguage\":\"de\",\"potentialAction\":[{\"@type\":\"ReadAction\",\"target\":[\"https:\\\/\\\/pro-one.ch\\\/de\\\/produkte\\\/wasserkastenwuerfel-2\\\/\"]}]},{\"@type\":\"ImageObject\",\"inLanguage\":\"de\",\"@id\":\"https:\\\/\\\/pro-one.ch\\\/de\\\/produkte\\\/wasserkastenwuerfel-2\\\/#primaryimage\",\"url\":\"https:\\\/\\\/pro-one.ch\\\/wp-content\\\/uploads\\\/products\\\/6208659-scaled.jpg\",\"contentUrl\":\"https:\\\/\\\/pro-one.ch\\\/wp-content\\\/uploads\\\/products\\\/6208659-scaled.jpg\",\"width\":1920,\"height\":1599},{\"@type\":\"BreadcrumbList\",\"@id\":\"https:\\\/\\\/pro-one.ch\\\/de\\\/produkte\\\/wasserkastenwuerfel-2\\\/#breadcrumb\",\"itemListElement\":[{\"@type\":\"ListItem\",\"position\":1,\"name\":\"Accueil\",\"item\":\"https:\\\/\\\/pro-one.ch\\\/de\\\/\"},{\"@type\":\"ListItem\",\"position\":2,\"name\":\"Sortiment\",\"item\":\"https:\\\/\\\/pro-one.ch\\\/de\\\/sortiment\\\/\"},{\"@type\":\"ListItem\",\"position\":3,\"name\":\"Wasserkastenw\u00fcrfel\"}]},{\"@type\":\"WebSite\",\"@id\":\"https:\\\/\\\/pro-one.ch\\\/de\\\/#website\",\"url\":\"https:\\\/\\\/pro-one.ch\\\/de\\\/\",\"name\":\"proone\",\"description\":\"\",\"potentialAction\":[{\"@type\":\"SearchAction\",\"target\":{\"@type\":\"EntryPoint\",\"urlTemplate\":\"https:\\\/\\\/pro-one.ch\\\/de\\\/?s={search_term_string}\"},\"query-input\":{\"@type\":\"PropertyValueSpecification\",\"valueRequired\":true,\"valueName\":\"search_term_string\"}}],\"inLanguage\":\"de\"}]}<\/script>\n<!-- \/ Yoast SEO plugin. -->","yoast_head_json":{"title":"Wasserkastenw\u00fcrfel - proone","robots":{"index":"index","follow":"follow","max-snippet":"max-snippet:-1","max-image-preview":"max-image-preview:large","max-video-preview":"max-video-preview:-1"},"canonical":"https:\/\/pro-one.ch\/de\/produkte\/wasserkastenwuerfel-2\/","og_locale":"de_DE","og_type":"article","og_title":"Wasserkastenw\u00fcrfel - proone","og_description":"\u2022 F\u00fcr Geberit, TECE und andere Sp\u00fclk\u00e4sten \u2022 Reinigungsaktive Wasserkastenw\u00fcrfel \u2022 Auf Basis biologisch abbaubarer Tenside \u2022 Frische und Sauberkeit bei jeder Sp\u00fclung \u2022 Einfache und direkte Zuf\u00fchrung in den Einwurfschacht \u2022 Sehr ergiebig \u2022 Gegen 4 Wochen den angenehmen Duft und das blaue Wasser geniessen \u2022 Die elegante und unsichtbare Alternative zum WC-Aufh\u00e4nger \u2022 Unbedenklich bei biologischen Kl\u00e4ranlagen \u2022 Verpackung l\u00f6st sich im Wasser biologisch auf \u2022 Wenn trocken gelagert \u2013 keine Mindesthaltbarkeit \u2022 Inhalt 10 St\u00fcck","og_url":"https:\/\/pro-one.ch\/de\/produkte\/wasserkastenwuerfel-2\/","og_site_name":"proone","article_modified_time":"2025-11-17T08:59:21+00:00","og_image":[{"width":1920,"height":1599,"url":"https:\/\/pro-one.ch\/wp-content\/uploads\/products\/6208659-scaled.jpg","type":"image\/jpeg"}],"twitter_card":"summary_large_image","schema":{"@context":"https:\/\/schema.org","@graph":[{"@type":"WebPage","@id":"https:\/\/pro-one.ch\/de\/produkte\/wasserkastenwuerfel-2\/","url":"https:\/\/pro-one.ch\/de\/produkte\/wasserkastenwuerfel-2\/","name":"Wasserkastenw\u00fcrfel - proone","isPartOf":{"@id":"https:\/\/pro-one.ch\/de\/#website"},"primaryImageOfPage":{"@id":"https:\/\/pro-one.ch\/de\/produkte\/wasserkastenwuerfel-2\/#primaryimage"},"image":{"@id":"https:\/\/pro-one.ch\/de\/produkte\/wasserkastenwuerfel-2\/#primaryimage"},"thumbnailUrl":"https:\/\/pro-one.ch\/wp-content\/uploads\/products\/6208659-scaled.jpg","datePublished":"2025-11-17T07:47:14+00:00","dateModified":"2025-11-17T08:59:21+00:00","breadcrumb":{"@id":"https:\/\/pro-one.ch\/de\/produkte\/wasserkastenwuerfel-2\/#breadcrumb"},"inLanguage":"de","potentialAction":[{"@type":"ReadAction","target":["https:\/\/pro-one.ch\/de\/produkte\/wasserkastenwuerfel-2\/"]}]},{"@type":"ImageObject","inLanguage":"de","@id":"https:\/\/pro-one.ch\/de\/produkte\/wasserkastenwuerfel-2\/#primaryimage","url":"https:\/\/pro-one.ch\/wp-content\/uploads\/products\/6208659-scaled.jpg","contentUrl":"https:\/\/pro-one.ch\/wp-content\/uploads\/products\/6208659-scaled.jpg","width":1920,"height":1599},{"@type":"BreadcrumbList","@id":"https:\/\/pro-one.ch\/de\/produkte\/wasserkastenwuerfel-2\/#breadcrumb","itemListElement":[{"@type":"ListItem","position":1,"name":"Accueil","item":"https:\/\/pro-one.ch\/de\/"},{"@type":"ListItem","position":2,"name":"Sortiment","item":"https:\/\/pro-one.ch\/de\/sortiment\/"},{"@type":"ListItem","position":3,"name":"Wasserkastenw\u00fcrfel"}]},{"@type":"WebSite","@id":"https:\/\/pro-one.ch\/de\/#website","url":"https:\/\/pro-one.ch\/de\/","name":"proone","description":"","potentialAction":[{"@type":"SearchAction","target":{"@type":"EntryPoint","urlTemplate":"https:\/\/pro-one.ch\/de\/?s={search_term_string}"},"query-input":{"@type":"PropertyValueSpecification","valueRequired":true,"valueName":"search_term_string"}}],"inLanguage":"de"}]}},"_links":{"self":[{"href":"https:\/\/pro-one.ch\/de\/wp-json\/wp\/v2\/product\/84221","targetHints":{"allow":["GET"]}}],"collection":[{"href":"https:\/\/pro-one.ch\/de\/wp-json\/wp\/v2\/product"}],"about":[{"href":"https:\/\/pro-one.ch\/de\/wp-json\/wp\/v2\/types\/product"}],"wp:featuredmedia":[{"embeddable":true,"href":"https:\/\/pro-one.ch\/de\/wp-json\/wp\/v2\/media\/30769"}],"wp:attachment":[{"href":"https:\/\/pro-one.ch\/de\/wp-json\/wp\/v2\/media?parent=84221"}],"wp:term":[{"taxonomy":"product_brand","embeddable":true,"href":"https:\/\/pro-one.ch\/de\/wp-json\/wp\/v2\/product_brand?post=84221"},{"taxonomy":"product_cat","embeddable":true,"href":"https:\/\/pro-one.ch\/de\/wp-json\/wp\/v2\/product_cat?post=84221"},{"taxonomy":"product_tag","embeddable":true,"href":"https:\/\/pro-one.ch\/de\/wp-json\/wp\/v2\/product_tag?post=84221"}],"curies":[{"name":"wp","href":"https:\/\/api.w.org\/{rel}","templated":true}]}}