{"id":84231,"date":"2025-11-17T08:47:14","date_gmt":"2025-11-17T07:47:14","guid":{"rendered":"https:\/\/pro-one.ch\/produkte\/bio-bodenreiniger\/"},"modified":"2025-11-17T09:59:30","modified_gmt":"2025-11-17T08:59:30","slug":"bio-bodenreiniger","status":"publish","type":"product","link":"https:\/\/pro-one.ch\/de\/produkte\/bio-bodenreiniger\/","title":{"rendered":"BIO Bodenreiniger"},"content":{"rendered":"<p>\u2022 \u00d6kologischer Hartbodenreiniger auf Seifenbasis f\u00fcr PVC und alle alkalibest\u00e4ndigen Oberfl\u00e4chen<br \/>\n\u2022 Perfekt f\u00fcr die t\u00e4gliche Unterhaltsreinigung und Pflege<br \/>\n\u2022 Hinterl\u00e4sst nach dem Reinigen einen hauchd\u00fcnnen, polierbaren und rutschhemmenden Schutzfilm<br \/>\n\u2022 Inhalt 1 Liter<\/p>\n","protected":false},"excerpt":{"rendered":"<p>\u2022 \u00d6kologischer Hartbodenreiniger auf Seifenbasis f\u00fcr PVC und alle alkalibest\u00e4ndigen Oberfl\u00e4chen<br \/>\n\u2022 Perfekt f\u00fcr die t\u00e4gliche Unterhaltsreinigung und Pflege<br \/>\n\u2022 Hinterl\u00e4sst nach dem Reinigen einen hauchd\u00fcnnen, polierbaren und rutschhemmenden Schutzfilm<br \/>\n\u2022 Inhalt 1 Liter<\/p>\n","protected":false},"featured_media":30538,"template":"","meta":[],"product_brand":[],"product_cat":[73],"product_tag":[],"class_list":{"0":"post-84231","1":"product","2":"type-product","3":"status-publish","4":"has-post-thumbnail","6":"product_cat-reinigungsmittel","8":"first","9":"instock","10":"purchasable","11":"product-type-simple"},"yoast_head":"<!-- This site is optimized with the Yoast SEO plugin v27.5 - https:\/\/yoast.com\/product\/yoast-seo-wordpress\/ -->\n<title>BIO Bodenreiniger - proone<\/title>\n<meta name=\"robots\" content=\"index, follow, max-snippet:-1, max-image-preview:large, max-video-preview:-1\" \/>\n<link rel=\"canonical\" href=\"https:\/\/pro-one.ch\/de\/produkte\/bio-bodenreiniger\/\" \/>\n<meta property=\"og:locale\" content=\"de_DE\" \/>\n<meta property=\"og:type\" content=\"article\" \/>\n<meta property=\"og:title\" content=\"BIO Bodenreiniger - proone\" \/>\n<meta property=\"og:description\" content=\"\u2022 \u00d6kologischer Hartbodenreiniger auf Seifenbasis f\u00fcr PVC und alle alkalibest\u00e4ndigen Oberfl\u00e4chen \u2022 Perfekt f\u00fcr die t\u00e4gliche Unterhaltsreinigung und Pflege \u2022 Hinterl\u00e4sst nach dem Reinigen einen hauchd\u00fcnnen, polierbaren und rutschhemmenden Schutzfilm \u2022 Inhalt 1 Liter\" \/>\n<meta property=\"og:url\" content=\"https:\/\/pro-one.ch\/de\/produkte\/bio-bodenreiniger\/\" \/>\n<meta property=\"og:site_name\" content=\"proone\" \/>\n<meta property=\"article:modified_time\" content=\"2025-11-17T08:59:30+00:00\" \/>\n<meta property=\"og:image\" content=\"https:\/\/pro-one.ch\/wp-content\/uploads\/products\/7796922.jpg\" \/>\n\t<meta property=\"og:image:width\" content=\"1234\" \/>\n\t<meta property=\"og:image:height\" content=\"1920\" \/>\n\t<meta property=\"og:image:type\" content=\"image\/jpeg\" \/>\n<meta name=\"twitter:card\" content=\"summary_large_image\" \/>\n<script type=\"application\/ld+json\" class=\"yoast-schema-graph\">{\"@context\":\"https:\\\/\\\/schema.org\",\"@graph\":[{\"@type\":\"WebPage\",\"@id\":\"https:\\\/\\\/pro-one.ch\\\/de\\\/produkte\\\/bio-bodenreiniger\\\/\",\"url\":\"https:\\\/\\\/pro-one.ch\\\/de\\\/produkte\\\/bio-bodenreiniger\\\/\",\"name\":\"BIO Bodenreiniger - proone\",\"isPartOf\":{\"@id\":\"https:\\\/\\\/pro-one.ch\\\/de\\\/#website\"},\"primaryImageOfPage\":{\"@id\":\"https:\\\/\\\/pro-one.ch\\\/de\\\/produkte\\\/bio-bodenreiniger\\\/#primaryimage\"},\"image\":{\"@id\":\"https:\\\/\\\/pro-one.ch\\\/de\\\/produkte\\\/bio-bodenreiniger\\\/#primaryimage\"},\"thumbnailUrl\":\"https:\\\/\\\/pro-one.ch\\\/wp-content\\\/uploads\\\/products\\\/7796922.jpg\",\"datePublished\":\"2025-11-17T07:47:14+00:00\",\"dateModified\":\"2025-11-17T08:59:30+00:00\",\"breadcrumb\":{\"@id\":\"https:\\\/\\\/pro-one.ch\\\/de\\\/produkte\\\/bio-bodenreiniger\\\/#breadcrumb\"},\"inLanguage\":\"de\",\"potentialAction\":[{\"@type\":\"ReadAction\",\"target\":[\"https:\\\/\\\/pro-one.ch\\\/de\\\/produkte\\\/bio-bodenreiniger\\\/\"]}]},{\"@type\":\"ImageObject\",\"inLanguage\":\"de\",\"@id\":\"https:\\\/\\\/pro-one.ch\\\/de\\\/produkte\\\/bio-bodenreiniger\\\/#primaryimage\",\"url\":\"https:\\\/\\\/pro-one.ch\\\/wp-content\\\/uploads\\\/products\\\/7796922.jpg\",\"contentUrl\":\"https:\\\/\\\/pro-one.ch\\\/wp-content\\\/uploads\\\/products\\\/7796922.jpg\",\"width\":1234,\"height\":1920},{\"@type\":\"BreadcrumbList\",\"@id\":\"https:\\\/\\\/pro-one.ch\\\/de\\\/produkte\\\/bio-bodenreiniger\\\/#breadcrumb\",\"itemListElement\":[{\"@type\":\"ListItem\",\"position\":1,\"name\":\"Accueil\",\"item\":\"https:\\\/\\\/pro-one.ch\\\/de\\\/\"},{\"@type\":\"ListItem\",\"position\":2,\"name\":\"Sortiment\",\"item\":\"https:\\\/\\\/pro-one.ch\\\/de\\\/sortiment\\\/\"},{\"@type\":\"ListItem\",\"position\":3,\"name\":\"BIO Bodenreiniger\"}]},{\"@type\":\"WebSite\",\"@id\":\"https:\\\/\\\/pro-one.ch\\\/de\\\/#website\",\"url\":\"https:\\\/\\\/pro-one.ch\\\/de\\\/\",\"name\":\"proone\",\"description\":\"\",\"potentialAction\":[{\"@type\":\"SearchAction\",\"target\":{\"@type\":\"EntryPoint\",\"urlTemplate\":\"https:\\\/\\\/pro-one.ch\\\/de\\\/?s={search_term_string}\"},\"query-input\":{\"@type\":\"PropertyValueSpecification\",\"valueRequired\":true,\"valueName\":\"search_term_string\"}}],\"inLanguage\":\"de\"}]}<\/script>\n<!-- \/ Yoast SEO plugin. -->","yoast_head_json":{"title":"BIO Bodenreiniger - proone","robots":{"index":"index","follow":"follow","max-snippet":"max-snippet:-1","max-image-preview":"max-image-preview:large","max-video-preview":"max-video-preview:-1"},"canonical":"https:\/\/pro-one.ch\/de\/produkte\/bio-bodenreiniger\/","og_locale":"de_DE","og_type":"article","og_title":"BIO Bodenreiniger - proone","og_description":"\u2022 \u00d6kologischer Hartbodenreiniger auf Seifenbasis f\u00fcr PVC und alle alkalibest\u00e4ndigen Oberfl\u00e4chen \u2022 Perfekt f\u00fcr die t\u00e4gliche Unterhaltsreinigung und Pflege \u2022 Hinterl\u00e4sst nach dem Reinigen einen hauchd\u00fcnnen, polierbaren und rutschhemmenden Schutzfilm \u2022 Inhalt 1 Liter","og_url":"https:\/\/pro-one.ch\/de\/produkte\/bio-bodenreiniger\/","og_site_name":"proone","article_modified_time":"2025-11-17T08:59:30+00:00","og_image":[{"width":1234,"height":1920,"url":"https:\/\/pro-one.ch\/wp-content\/uploads\/products\/7796922.jpg","type":"image\/jpeg"}],"twitter_card":"summary_large_image","schema":{"@context":"https:\/\/schema.org","@graph":[{"@type":"WebPage","@id":"https:\/\/pro-one.ch\/de\/produkte\/bio-bodenreiniger\/","url":"https:\/\/pro-one.ch\/de\/produkte\/bio-bodenreiniger\/","name":"BIO Bodenreiniger - proone","isPartOf":{"@id":"https:\/\/pro-one.ch\/de\/#website"},"primaryImageOfPage":{"@id":"https:\/\/pro-one.ch\/de\/produkte\/bio-bodenreiniger\/#primaryimage"},"image":{"@id":"https:\/\/pro-one.ch\/de\/produkte\/bio-bodenreiniger\/#primaryimage"},"thumbnailUrl":"https:\/\/pro-one.ch\/wp-content\/uploads\/products\/7796922.jpg","datePublished":"2025-11-17T07:47:14+00:00","dateModified":"2025-11-17T08:59:30+00:00","breadcrumb":{"@id":"https:\/\/pro-one.ch\/de\/produkte\/bio-bodenreiniger\/#breadcrumb"},"inLanguage":"de","potentialAction":[{"@type":"ReadAction","target":["https:\/\/pro-one.ch\/de\/produkte\/bio-bodenreiniger\/"]}]},{"@type":"ImageObject","inLanguage":"de","@id":"https:\/\/pro-one.ch\/de\/produkte\/bio-bodenreiniger\/#primaryimage","url":"https:\/\/pro-one.ch\/wp-content\/uploads\/products\/7796922.jpg","contentUrl":"https:\/\/pro-one.ch\/wp-content\/uploads\/products\/7796922.jpg","width":1234,"height":1920},{"@type":"BreadcrumbList","@id":"https:\/\/pro-one.ch\/de\/produkte\/bio-bodenreiniger\/#breadcrumb","itemListElement":[{"@type":"ListItem","position":1,"name":"Accueil","item":"https:\/\/pro-one.ch\/de\/"},{"@type":"ListItem","position":2,"name":"Sortiment","item":"https:\/\/pro-one.ch\/de\/sortiment\/"},{"@type":"ListItem","position":3,"name":"BIO Bodenreiniger"}]},{"@type":"WebSite","@id":"https:\/\/pro-one.ch\/de\/#website","url":"https:\/\/pro-one.ch\/de\/","name":"proone","description":"","potentialAction":[{"@type":"SearchAction","target":{"@type":"EntryPoint","urlTemplate":"https:\/\/pro-one.ch\/de\/?s={search_term_string}"},"query-input":{"@type":"PropertyValueSpecification","valueRequired":true,"valueName":"search_term_string"}}],"inLanguage":"de"}]}},"_links":{"self":[{"href":"https:\/\/pro-one.ch\/de\/wp-json\/wp\/v2\/product\/84231","targetHints":{"allow":["GET"]}}],"collection":[{"href":"https:\/\/pro-one.ch\/de\/wp-json\/wp\/v2\/product"}],"about":[{"href":"https:\/\/pro-one.ch\/de\/wp-json\/wp\/v2\/types\/product"}],"wp:featuredmedia":[{"embeddable":true,"href":"https:\/\/pro-one.ch\/de\/wp-json\/wp\/v2\/media\/30538"}],"wp:attachment":[{"href":"https:\/\/pro-one.ch\/de\/wp-json\/wp\/v2\/media?parent=84231"}],"wp:term":[{"taxonomy":"product_brand","embeddable":true,"href":"https:\/\/pro-one.ch\/de\/wp-json\/wp\/v2\/product_brand?post=84231"},{"taxonomy":"product_cat","embeddable":true,"href":"https:\/\/pro-one.ch\/de\/wp-json\/wp\/v2\/product_cat?post=84231"},{"taxonomy":"product_tag","embeddable":true,"href":"https:\/\/pro-one.ch\/de\/wp-json\/wp\/v2\/product_tag?post=84231"}],"curies":[{"name":"wp","href":"https:\/\/api.w.org\/{rel}","templated":true}]}}