{"id":84320,"date":"2025-11-17T08:26:49","date_gmt":"2025-11-17T07:26:49","guid":{"rendered":"https:\/\/pro-one.ch\/produkte\/beton-de-montage-expressmix-008\/"},"modified":"2025-11-17T09:53:27","modified_gmt":"2025-11-17T08:53:27","slug":"beton-de-montage-expressmix-008","status":"publish","type":"product","link":"https:\/\/pro-one.ch\/fr\/produits\/beton-de-montage-expressmix-008\/","title":{"rendered":"B\u00e9ton de montage ExpressMix 008"},"content":{"rendered":"<p>\u2022 Pour montage et fixation rapide ext\u00e9rieure de cl\u00f4tures<br \/>\nde jardin, s\u00e9choirs \u00e0 linge, abris d&rsquo;autos, jeux, portails,<br \/>\nbancs de jardin etc.<br \/>\n\u2022 Pour l\u2019ext\u00e9rieur<br \/>\n\u2022 Durcissement en 3\u20135 min avec une temp\u00e9rature de 20 \u00b0C<br \/>\n\u2022 Granulom\u00e9trie 0\u20138 mm<br \/>\n\u2022 Seule l&rsquo;humidification de la poudre avec de l&rsquo;eau suffit<br \/>\npour utiliser le produit<br \/>\n\u2022 Sac de 25 kg<\/p>\n","protected":false},"excerpt":{"rendered":"<p>\u2022 Pour montage et fixation rapide ext\u00e9rieure de cl\u00f4tures<br \/>\nde jardin, s\u00e9choirs \u00e0 linge, abris d&rsquo;autos, jeux, portails,<br \/>\nbancs de jardin etc.<br \/>\n\u2022 Pour l\u2019ext\u00e9rieur<br \/>\n\u2022 Durcissement en 3\u20135 min avec une temp\u00e9rature de 20 \u00b0C<br \/>\n\u2022 Granulom\u00e9trie 0\u20138 mm<br \/>\n\u2022 Seule l&rsquo;humidification de la poudre avec de l&rsquo;eau suffit<br \/>\npour utiliser le produit<br \/>\n\u2022 Sac de 25 kg<\/p>\n","protected":false},"featured_media":30607,"template":"","meta":[],"product_brand":[],"product_cat":[76],"product_tag":[],"class_list":{"0":"post-84320","1":"product","2":"type-product","3":"status-publish","4":"has-post-thumbnail","6":"product_cat-materiaux-de-construction","8":"first","9":"instock","10":"purchasable","11":"product-type-simple"},"yoast_head":"<!-- This site is optimized with the Yoast SEO plugin v27.5 - https:\/\/yoast.com\/product\/yoast-seo-wordpress\/ -->\n<title>B\u00e9ton de montage ExpressMix 008 - proone<\/title>\n<meta name=\"robots\" content=\"index, follow, max-snippet:-1, max-image-preview:large, max-video-preview:-1\" \/>\n<link rel=\"canonical\" href=\"https:\/\/pro-one.ch\/fr\/produits\/beton-de-montage-expressmix-008\/\" \/>\n<meta property=\"og:locale\" content=\"fr_FR\" \/>\n<meta property=\"og:type\" content=\"article\" \/>\n<meta property=\"og:title\" content=\"B\u00e9ton de montage ExpressMix 008 - proone\" \/>\n<meta property=\"og:description\" content=\"\u2022 Pour montage et fixation rapide ext\u00e9rieure de cl\u00f4tures de jardin, s\u00e9choirs \u00e0 linge, abris d&#039;autos, jeux, portails, bancs de jardin etc. \u2022 Pour l\u2019ext\u00e9rieur \u2022 Durcissement en 3\u20135 min avec une temp\u00e9rature de 20 \u00b0C \u2022 Granulom\u00e9trie 0\u20138 mm \u2022 Seule l&#039;humidification de la poudre avec de l&#039;eau suffit pour utiliser le produit \u2022 Sac de 25 kg\" \/>\n<meta property=\"og:url\" content=\"https:\/\/pro-one.ch\/fr\/produits\/beton-de-montage-expressmix-008\/\" \/>\n<meta property=\"og:site_name\" content=\"proone\" \/>\n<meta property=\"article:modified_time\" content=\"2025-11-17T08:53:27+00:00\" \/>\n<meta property=\"og:image\" content=\"https:\/\/pro-one.ch\/wp-content\/uploads\/products\/7520342-scaled.jpg\" \/>\n\t<meta property=\"og:image:width\" content=\"1428\" \/>\n\t<meta property=\"og:image:height\" content=\"1920\" \/>\n\t<meta property=\"og:image:type\" content=\"image\/jpeg\" \/>\n<meta name=\"twitter:card\" content=\"summary_large_image\" \/>\n<script type=\"application\/ld+json\" class=\"yoast-schema-graph\">{\"@context\":\"https:\\\/\\\/schema.org\",\"@graph\":[{\"@type\":\"WebPage\",\"@id\":\"https:\\\/\\\/pro-one.ch\\\/fr\\\/produits\\\/beton-de-montage-expressmix-008\\\/\",\"url\":\"https:\\\/\\\/pro-one.ch\\\/fr\\\/produits\\\/beton-de-montage-expressmix-008\\\/\",\"name\":\"B\u00e9ton de montage ExpressMix 008 - proone\",\"isPartOf\":{\"@id\":\"https:\\\/\\\/pro-one.ch\\\/fr\\\/#website\"},\"primaryImageOfPage\":{\"@id\":\"https:\\\/\\\/pro-one.ch\\\/fr\\\/produits\\\/beton-de-montage-expressmix-008\\\/#primaryimage\"},\"image\":{\"@id\":\"https:\\\/\\\/pro-one.ch\\\/fr\\\/produits\\\/beton-de-montage-expressmix-008\\\/#primaryimage\"},\"thumbnailUrl\":\"https:\\\/\\\/pro-one.ch\\\/wp-content\\\/uploads\\\/products\\\/7520342-scaled.jpg\",\"datePublished\":\"2025-11-17T07:26:49+00:00\",\"dateModified\":\"2025-11-17T08:53:27+00:00\",\"breadcrumb\":{\"@id\":\"https:\\\/\\\/pro-one.ch\\\/fr\\\/produits\\\/beton-de-montage-expressmix-008\\\/#breadcrumb\"},\"inLanguage\":\"fr-FR\",\"potentialAction\":[{\"@type\":\"ReadAction\",\"target\":[\"https:\\\/\\\/pro-one.ch\\\/fr\\\/produits\\\/beton-de-montage-expressmix-008\\\/\"]}]},{\"@type\":\"ImageObject\",\"inLanguage\":\"fr-FR\",\"@id\":\"https:\\\/\\\/pro-one.ch\\\/fr\\\/produits\\\/beton-de-montage-expressmix-008\\\/#primaryimage\",\"url\":\"https:\\\/\\\/pro-one.ch\\\/wp-content\\\/uploads\\\/products\\\/7520342-scaled.jpg\",\"contentUrl\":\"https:\\\/\\\/pro-one.ch\\\/wp-content\\\/uploads\\\/products\\\/7520342-scaled.jpg\",\"width\":1428,\"height\":1920},{\"@type\":\"BreadcrumbList\",\"@id\":\"https:\\\/\\\/pro-one.ch\\\/fr\\\/produits\\\/beton-de-montage-expressmix-008\\\/#breadcrumb\",\"itemListElement\":[{\"@type\":\"ListItem\",\"position\":1,\"name\":\"Accueil\",\"item\":\"https:\\\/\\\/pro-one.ch\\\/fr\\\/\"},{\"@type\":\"ListItem\",\"position\":2,\"name\":\"Assortiment\",\"item\":\"https:\\\/\\\/pro-one.ch\\\/fr\\\/assortiment\\\/\"},{\"@type\":\"ListItem\",\"position\":3,\"name\":\"B\u00e9ton de montage ExpressMix 008\"}]},{\"@type\":\"WebSite\",\"@id\":\"https:\\\/\\\/pro-one.ch\\\/fr\\\/#website\",\"url\":\"https:\\\/\\\/pro-one.ch\\\/fr\\\/\",\"name\":\"proone\",\"description\":\"\",\"potentialAction\":[{\"@type\":\"SearchAction\",\"target\":{\"@type\":\"EntryPoint\",\"urlTemplate\":\"https:\\\/\\\/pro-one.ch\\\/fr\\\/?s={search_term_string}\"},\"query-input\":{\"@type\":\"PropertyValueSpecification\",\"valueRequired\":true,\"valueName\":\"search_term_string\"}}],\"inLanguage\":\"fr-FR\"}]}<\/script>\n<!-- \/ Yoast SEO plugin. -->","yoast_head_json":{"title":"B\u00e9ton de montage ExpressMix 008 - proone","robots":{"index":"index","follow":"follow","max-snippet":"max-snippet:-1","max-image-preview":"max-image-preview:large","max-video-preview":"max-video-preview:-1"},"canonical":"https:\/\/pro-one.ch\/fr\/produits\/beton-de-montage-expressmix-008\/","og_locale":"fr_FR","og_type":"article","og_title":"B\u00e9ton de montage ExpressMix 008 - proone","og_description":"\u2022 Pour montage et fixation rapide ext\u00e9rieure de cl\u00f4tures de jardin, s\u00e9choirs \u00e0 linge, abris d'autos, jeux, portails, bancs de jardin etc. \u2022 Pour l\u2019ext\u00e9rieur \u2022 Durcissement en 3\u20135 min avec une temp\u00e9rature de 20 \u00b0C \u2022 Granulom\u00e9trie 0\u20138 mm \u2022 Seule l'humidification de la poudre avec de l'eau suffit pour utiliser le produit \u2022 Sac de 25 kg","og_url":"https:\/\/pro-one.ch\/fr\/produits\/beton-de-montage-expressmix-008\/","og_site_name":"proone","article_modified_time":"2025-11-17T08:53:27+00:00","og_image":[{"width":1428,"height":1920,"url":"https:\/\/pro-one.ch\/wp-content\/uploads\/products\/7520342-scaled.jpg","type":"image\/jpeg"}],"twitter_card":"summary_large_image","schema":{"@context":"https:\/\/schema.org","@graph":[{"@type":"WebPage","@id":"https:\/\/pro-one.ch\/fr\/produits\/beton-de-montage-expressmix-008\/","url":"https:\/\/pro-one.ch\/fr\/produits\/beton-de-montage-expressmix-008\/","name":"B\u00e9ton de montage ExpressMix 008 - proone","isPartOf":{"@id":"https:\/\/pro-one.ch\/fr\/#website"},"primaryImageOfPage":{"@id":"https:\/\/pro-one.ch\/fr\/produits\/beton-de-montage-expressmix-008\/#primaryimage"},"image":{"@id":"https:\/\/pro-one.ch\/fr\/produits\/beton-de-montage-expressmix-008\/#primaryimage"},"thumbnailUrl":"https:\/\/pro-one.ch\/wp-content\/uploads\/products\/7520342-scaled.jpg","datePublished":"2025-11-17T07:26:49+00:00","dateModified":"2025-11-17T08:53:27+00:00","breadcrumb":{"@id":"https:\/\/pro-one.ch\/fr\/produits\/beton-de-montage-expressmix-008\/#breadcrumb"},"inLanguage":"fr-FR","potentialAction":[{"@type":"ReadAction","target":["https:\/\/pro-one.ch\/fr\/produits\/beton-de-montage-expressmix-008\/"]}]},{"@type":"ImageObject","inLanguage":"fr-FR","@id":"https:\/\/pro-one.ch\/fr\/produits\/beton-de-montage-expressmix-008\/#primaryimage","url":"https:\/\/pro-one.ch\/wp-content\/uploads\/products\/7520342-scaled.jpg","contentUrl":"https:\/\/pro-one.ch\/wp-content\/uploads\/products\/7520342-scaled.jpg","width":1428,"height":1920},{"@type":"BreadcrumbList","@id":"https:\/\/pro-one.ch\/fr\/produits\/beton-de-montage-expressmix-008\/#breadcrumb","itemListElement":[{"@type":"ListItem","position":1,"name":"Accueil","item":"https:\/\/pro-one.ch\/fr\/"},{"@type":"ListItem","position":2,"name":"Assortiment","item":"https:\/\/pro-one.ch\/fr\/assortiment\/"},{"@type":"ListItem","position":3,"name":"B\u00e9ton de montage ExpressMix 008"}]},{"@type":"WebSite","@id":"https:\/\/pro-one.ch\/fr\/#website","url":"https:\/\/pro-one.ch\/fr\/","name":"proone","description":"","potentialAction":[{"@type":"SearchAction","target":{"@type":"EntryPoint","urlTemplate":"https:\/\/pro-one.ch\/fr\/?s={search_term_string}"},"query-input":{"@type":"PropertyValueSpecification","valueRequired":true,"valueName":"search_term_string"}}],"inLanguage":"fr-FR"}]}},"_links":{"self":[{"href":"https:\/\/pro-one.ch\/fr\/wp-json\/wp\/v2\/product\/84320","targetHints":{"allow":["GET"]}}],"collection":[{"href":"https:\/\/pro-one.ch\/fr\/wp-json\/wp\/v2\/product"}],"about":[{"href":"https:\/\/pro-one.ch\/fr\/wp-json\/wp\/v2\/types\/product"}],"wp:featuredmedia":[{"embeddable":true,"href":"https:\/\/pro-one.ch\/fr\/wp-json\/wp\/v2\/media\/30607"}],"wp:attachment":[{"href":"https:\/\/pro-one.ch\/fr\/wp-json\/wp\/v2\/media?parent=84320"}],"wp:term":[{"taxonomy":"product_brand","embeddable":true,"href":"https:\/\/pro-one.ch\/fr\/wp-json\/wp\/v2\/product_brand?post=84320"},{"taxonomy":"product_cat","embeddable":true,"href":"https:\/\/pro-one.ch\/fr\/wp-json\/wp\/v2\/product_cat?post=84320"},{"taxonomy":"product_tag","embeddable":true,"href":"https:\/\/pro-one.ch\/fr\/wp-json\/wp\/v2\/product_tag?post=84320"}],"curies":[{"name":"wp","href":"https:\/\/api.w.org\/{rel}","templated":true}]}}