{"id":84475,"date":"2025-11-17T08:28:41","date_gmt":"2025-11-17T07:28:41","guid":{"rendered":"https:\/\/pro-one.ch\/produkte\/multiprise-32-prises\/"},"modified":"2025-11-17T09:54:11","modified_gmt":"2025-11-17T08:54:11","slug":"multiprise-32-prises","status":"publish","type":"product","link":"https:\/\/pro-one.ch\/fr\/produits\/multiprise-32-prises\/","title":{"rendered":"Multiprise 3+2 prises"},"content":{"rendered":"<p>\u2022 Multiprise compacte stable et esth\u00e9tique pour la maison<br \/>\n\u2022 Longueur du c\u00e2ble : 3 m\u00e8tres<br \/>\n\u2022 En plastique ultra-r\u00e9sistant aux chocs<br \/>\n\u2022 Interrupteur de s\u00e9curit\u00e9 \u00e9clair\u00e9, bipolaire, marche\/arr\u00eat<br \/>\n\u2022 5 prises, dont 2 dispos\u00e9es de mani\u00e8re sp\u00e9ciale \u00e0 90\u00b0 pour les adaptateurs secteur et les fiches coud\u00e9es<br \/>\n\u2022 1 port de charge USB-A et 1 port de charge USB-C avec un courant de charge total maximal de 2,1 A<\/p>\n","protected":false},"excerpt":{"rendered":"<p>\u2022 Multiprise compacte stable et esth\u00e9tique pour la maison<br \/>\n\u2022 Longueur du c\u00e2ble : 3 m\u00e8tres<br \/>\n\u2022 En plastique ultra-r\u00e9sistant aux chocs<br \/>\n\u2022 Interrupteur de s\u00e9curit\u00e9 \u00e9clair\u00e9, bipolaire, marche\/arr\u00eat<br \/>\n\u2022 5 prises, dont 2 dispos\u00e9es de mani\u00e8re sp\u00e9ciale \u00e0 90\u00b0 pour les adaptateurs secteur et les fiches coud\u00e9es<br \/>\n\u2022 1 port de charge USB-A et 1 port de charge USB-C avec un courant de charge total maximal de 2,1 A<\/p>\n","protected":false},"featured_media":30301,"template":"","meta":[],"product_brand":[],"product_cat":[79],"product_tag":[],"class_list":{"0":"post-84475","1":"product","2":"type-product","3":"status-publish","4":"has-post-thumbnail","6":"product_cat-outillage","8":"first","9":"instock","10":"purchasable","11":"product-type-simple"},"yoast_head":"<!-- This site is optimized with the Yoast SEO plugin v27.0 - https:\/\/yoast.com\/product\/yoast-seo-wordpress\/ -->\n<title>Multiprise 3+2 prises - proone<\/title>\n<meta name=\"robots\" content=\"index, follow, max-snippet:-1, max-image-preview:large, max-video-preview:-1\" \/>\n<link rel=\"canonical\" href=\"https:\/\/pro-one.ch\/fr\/produits\/multiprise-32-prises\/\" \/>\n<meta property=\"og:locale\" content=\"fr_FR\" \/>\n<meta property=\"og:type\" content=\"article\" \/>\n<meta property=\"og:title\" content=\"Multiprise 3+2 prises - proone\" \/>\n<meta property=\"og:description\" content=\"\u2022 Multiprise compacte stable et esth\u00e9tique pour la maison \u2022 Longueur du c\u00e2ble : 3 m\u00e8tres \u2022 En plastique ultra-r\u00e9sistant aux chocs \u2022 Interrupteur de s\u00e9curit\u00e9 \u00e9clair\u00e9, bipolaire, marche\/arr\u00eat \u2022 5 prises, dont 2 dispos\u00e9es de mani\u00e8re sp\u00e9ciale \u00e0 90\u00b0 pour les adaptateurs secteur et les fiches coud\u00e9es \u2022 1 port de charge USB-A et 1 port de charge USB-C avec un courant de charge total maximal de 2,1 A\" \/>\n<meta property=\"og:url\" content=\"https:\/\/pro-one.ch\/fr\/produits\/multiprise-32-prises\/\" \/>\n<meta property=\"og:site_name\" content=\"proone\" \/>\n<meta property=\"article:modified_time\" content=\"2025-11-17T08:54:11+00:00\" \/>\n<meta property=\"og:image\" content=\"https:\/\/pro-one.ch\/wp-content\/uploads\/products\/8145689.jpg\" \/>\n\t<meta property=\"og:image:width\" content=\"1556\" \/>\n\t<meta property=\"og:image:height\" content=\"1452\" \/>\n\t<meta property=\"og:image:type\" content=\"image\/jpeg\" \/>\n<meta name=\"twitter:card\" content=\"summary_large_image\" \/>\n<script type=\"application\/ld+json\" class=\"yoast-schema-graph\">{\"@context\":\"https:\/\/schema.org\",\"@graph\":[{\"@type\":\"WebPage\",\"@id\":\"https:\/\/pro-one.ch\/fr\/produits\/multiprise-32-prises\/\",\"url\":\"https:\/\/pro-one.ch\/fr\/produits\/multiprise-32-prises\/\",\"name\":\"Multiprise 3+2 prises - proone\",\"isPartOf\":{\"@id\":\"https:\/\/pro-one.ch\/fr\/#website\"},\"primaryImageOfPage\":{\"@id\":\"https:\/\/pro-one.ch\/fr\/produits\/multiprise-32-prises\/#primaryimage\"},\"image\":{\"@id\":\"https:\/\/pro-one.ch\/fr\/produits\/multiprise-32-prises\/#primaryimage\"},\"thumbnailUrl\":\"https:\/\/pro-one.ch\/wp-content\/uploads\/products\/8145689.jpg\",\"datePublished\":\"2025-11-17T07:28:41+00:00\",\"dateModified\":\"2025-11-17T08:54:11+00:00\",\"breadcrumb\":{\"@id\":\"https:\/\/pro-one.ch\/fr\/produits\/multiprise-32-prises\/#breadcrumb\"},\"inLanguage\":\"fr-FR\",\"potentialAction\":[{\"@type\":\"ReadAction\",\"target\":[\"https:\/\/pro-one.ch\/fr\/produits\/multiprise-32-prises\/\"]}]},{\"@type\":\"ImageObject\",\"inLanguage\":\"fr-FR\",\"@id\":\"https:\/\/pro-one.ch\/fr\/produits\/multiprise-32-prises\/#primaryimage\",\"url\":\"https:\/\/pro-one.ch\/wp-content\/uploads\/products\/8145689.jpg\",\"contentUrl\":\"https:\/\/pro-one.ch\/wp-content\/uploads\/products\/8145689.jpg\",\"width\":1556,\"height\":1452},{\"@type\":\"BreadcrumbList\",\"@id\":\"https:\/\/pro-one.ch\/fr\/produits\/multiprise-32-prises\/#breadcrumb\",\"itemListElement\":[{\"@type\":\"ListItem\",\"position\":1,\"name\":\"Accueil\",\"item\":\"https:\/\/pro-one.ch\/fr\/\"},{\"@type\":\"ListItem\",\"position\":2,\"name\":\"Assortiment\",\"item\":\"https:\/\/pro-one.ch\/fr\/assortiment\/\"},{\"@type\":\"ListItem\",\"position\":3,\"name\":\"Multiprise 3+2 prises\"}]},{\"@type\":\"WebSite\",\"@id\":\"https:\/\/pro-one.ch\/fr\/#website\",\"url\":\"https:\/\/pro-one.ch\/fr\/\",\"name\":\"proone\",\"description\":\"\",\"potentialAction\":[{\"@type\":\"SearchAction\",\"target\":{\"@type\":\"EntryPoint\",\"urlTemplate\":\"https:\/\/pro-one.ch\/fr\/?s={search_term_string}\"},\"query-input\":{\"@type\":\"PropertyValueSpecification\",\"valueRequired\":true,\"valueName\":\"search_term_string\"}}],\"inLanguage\":\"fr-FR\"}]}<\/script>\n<!-- \/ Yoast SEO plugin. -->","yoast_head_json":{"title":"Multiprise 3+2 prises - proone","robots":{"index":"index","follow":"follow","max-snippet":"max-snippet:-1","max-image-preview":"max-image-preview:large","max-video-preview":"max-video-preview:-1"},"canonical":"https:\/\/pro-one.ch\/fr\/produits\/multiprise-32-prises\/","og_locale":"fr_FR","og_type":"article","og_title":"Multiprise 3+2 prises - proone","og_description":"\u2022 Multiprise compacte stable et esth\u00e9tique pour la maison \u2022 Longueur du c\u00e2ble : 3 m\u00e8tres \u2022 En plastique ultra-r\u00e9sistant aux chocs \u2022 Interrupteur de s\u00e9curit\u00e9 \u00e9clair\u00e9, bipolaire, marche\/arr\u00eat \u2022 5 prises, dont 2 dispos\u00e9es de mani\u00e8re sp\u00e9ciale \u00e0 90\u00b0 pour les adaptateurs secteur et les fiches coud\u00e9es \u2022 1 port de charge USB-A et 1 port de charge USB-C avec un courant de charge total maximal de 2,1 A","og_url":"https:\/\/pro-one.ch\/fr\/produits\/multiprise-32-prises\/","og_site_name":"proone","article_modified_time":"2025-11-17T08:54:11+00:00","og_image":[{"width":1556,"height":1452,"url":"https:\/\/pro-one.ch\/wp-content\/uploads\/products\/8145689.jpg","type":"image\/jpeg"}],"twitter_card":"summary_large_image","schema":{"@context":"https:\/\/schema.org","@graph":[{"@type":"WebPage","@id":"https:\/\/pro-one.ch\/fr\/produits\/multiprise-32-prises\/","url":"https:\/\/pro-one.ch\/fr\/produits\/multiprise-32-prises\/","name":"Multiprise 3+2 prises - proone","isPartOf":{"@id":"https:\/\/pro-one.ch\/fr\/#website"},"primaryImageOfPage":{"@id":"https:\/\/pro-one.ch\/fr\/produits\/multiprise-32-prises\/#primaryimage"},"image":{"@id":"https:\/\/pro-one.ch\/fr\/produits\/multiprise-32-prises\/#primaryimage"},"thumbnailUrl":"https:\/\/pro-one.ch\/wp-content\/uploads\/products\/8145689.jpg","datePublished":"2025-11-17T07:28:41+00:00","dateModified":"2025-11-17T08:54:11+00:00","breadcrumb":{"@id":"https:\/\/pro-one.ch\/fr\/produits\/multiprise-32-prises\/#breadcrumb"},"inLanguage":"fr-FR","potentialAction":[{"@type":"ReadAction","target":["https:\/\/pro-one.ch\/fr\/produits\/multiprise-32-prises\/"]}]},{"@type":"ImageObject","inLanguage":"fr-FR","@id":"https:\/\/pro-one.ch\/fr\/produits\/multiprise-32-prises\/#primaryimage","url":"https:\/\/pro-one.ch\/wp-content\/uploads\/products\/8145689.jpg","contentUrl":"https:\/\/pro-one.ch\/wp-content\/uploads\/products\/8145689.jpg","width":1556,"height":1452},{"@type":"BreadcrumbList","@id":"https:\/\/pro-one.ch\/fr\/produits\/multiprise-32-prises\/#breadcrumb","itemListElement":[{"@type":"ListItem","position":1,"name":"Accueil","item":"https:\/\/pro-one.ch\/fr\/"},{"@type":"ListItem","position":2,"name":"Assortiment","item":"https:\/\/pro-one.ch\/fr\/assortiment\/"},{"@type":"ListItem","position":3,"name":"Multiprise 3+2 prises"}]},{"@type":"WebSite","@id":"https:\/\/pro-one.ch\/fr\/#website","url":"https:\/\/pro-one.ch\/fr\/","name":"proone","description":"","potentialAction":[{"@type":"SearchAction","target":{"@type":"EntryPoint","urlTemplate":"https:\/\/pro-one.ch\/fr\/?s={search_term_string}"},"query-input":{"@type":"PropertyValueSpecification","valueRequired":true,"valueName":"search_term_string"}}],"inLanguage":"fr-FR"}]}},"_links":{"self":[{"href":"https:\/\/pro-one.ch\/fr\/wp-json\/wp\/v2\/product\/84475","targetHints":{"allow":["GET"]}}],"collection":[{"href":"https:\/\/pro-one.ch\/fr\/wp-json\/wp\/v2\/product"}],"about":[{"href":"https:\/\/pro-one.ch\/fr\/wp-json\/wp\/v2\/types\/product"}],"wp:featuredmedia":[{"embeddable":true,"href":"https:\/\/pro-one.ch\/fr\/wp-json\/wp\/v2\/media\/30301"}],"wp:attachment":[{"href":"https:\/\/pro-one.ch\/fr\/wp-json\/wp\/v2\/media?parent=84475"}],"wp:term":[{"taxonomy":"product_brand","embeddable":true,"href":"https:\/\/pro-one.ch\/fr\/wp-json\/wp\/v2\/product_brand?post=84475"},{"taxonomy":"product_cat","embeddable":true,"href":"https:\/\/pro-one.ch\/fr\/wp-json\/wp\/v2\/product_cat?post=84475"},{"taxonomy":"product_tag","embeddable":true,"href":"https:\/\/pro-one.ch\/fr\/wp-json\/wp\/v2\/product_tag?post=84475"}],"curies":[{"name":"wp","href":"https:\/\/api.w.org\/{rel}","templated":true}]}}