{"id":84547,"date":"2025-11-17T08:29:37","date_gmt":"2025-11-17T07:29:37","guid":{"rendered":"https:\/\/pro-one.ch\/produkte\/kit-de-forets-diamantes-pg-m14\/"},"modified":"2025-11-17T09:54:45","modified_gmt":"2025-11-17T08:54:45","slug":"kit-de-forets-diamantes-pg-m14","status":"publish","type":"product","link":"https:\/\/pro-one.ch\/fr\/produits\/kit-de-forets-diamantes-pg-m14\/","title":{"rendered":"Kit de forets diamant\u00e9s PG-M14"},"content":{"rendered":"<p>\u2022 Embout M14<br \/>\n\u2022 Utilisation meuleuse d\u2019angle 115 \/ 125\u00a0mm<br \/>\n\u2022 Utilisation \u00e0 sec<br \/>\n\u2022 Certification EN 13236<br \/>\n\u2022 Domaines d\u2019utilisation gr\u00e8s c\u00e9rame, granit, c\u00e9ramique, carrelages,<br \/>\ndalles de pierre, marbre, pierre naturelle<br \/>\n\u2022 Kit 4\u00a0pi\u00e8ces \u00d8 35, 50, 60, 68\u00a0mm<br \/>\n\u2022 Kit 8\u00a0pi\u00e8ces \u00d8 20, 25, 32, 35, 40, 50, 60, 68\u00a0mm<br \/>\n\u2022 Kit 7\u00a0pi\u00e8ces \u00d8 6 &#038; 8 de 2\u00a0unit\u00e9s + 10, 12, 14\u00a0mm<br \/>\n\u2022 Groupe cible carreleurs, montage sanitaire final,<br \/>\nhorticulture et am\u00e9nagement paysager, couvreurs<\/p>\n","protected":false},"excerpt":{"rendered":"<p>\u2022 Embout M14<br \/>\n\u2022 Utilisation meuleuse d\u2019angle 115 \/ 125\u00a0mm<br \/>\n\u2022 Utilisation \u00e0 sec<br \/>\n\u2022 Certification EN 13236<br \/>\n\u2022 Domaines d\u2019utilisation gr\u00e8s c\u00e9rame, granit, c\u00e9ramique, carrelages,<br \/>\ndalles de pierre, marbre, pierre naturelle<br \/>\n\u2022 Kit 4\u00a0pi\u00e8ces \u00d8 35, 50, 60, 68\u00a0mm<br \/>\n\u2022 Kit 8\u00a0pi\u00e8ces \u00d8 20, 25, 32, 35, 40, 50, 60, 68\u00a0mm<br \/>\n\u2022 Kit 7\u00a0pi\u00e8ces \u00d8 6 &#038; 8 de 2\u00a0unit\u00e9s + 10, 12, 14\u00a0mm<br \/>\n\u2022 Groupe cible carreleurs, montage sanitaire final,<br \/>\nhorticulture et am\u00e9nagement paysager, couvreurs<\/p>\n","protected":false},"featured_media":30361,"template":"","meta":[],"product_brand":[],"product_cat":[79],"product_tag":[],"class_list":{"0":"post-84547","1":"product","2":"type-product","3":"status-publish","4":"has-post-thumbnail","6":"product_cat-outillage","8":"first","9":"instock","10":"purchasable","11":"product-type-variable"},"yoast_head":"<!-- This site is optimized with the Yoast SEO plugin v27.0 - https:\/\/yoast.com\/product\/yoast-seo-wordpress\/ -->\n<title>Kit de forets diamant\u00e9s PG-M14 - proone<\/title>\n<meta name=\"robots\" content=\"index, follow, max-snippet:-1, max-image-preview:large, max-video-preview:-1\" \/>\n<link rel=\"canonical\" href=\"https:\/\/pro-one.ch\/fr\/produits\/kit-de-forets-diamantes-pg-m14\/\" \/>\n<meta property=\"og:locale\" content=\"fr_FR\" \/>\n<meta property=\"og:type\" content=\"article\" \/>\n<meta property=\"og:title\" content=\"Kit de forets diamant\u00e9s PG-M14 - proone\" \/>\n<meta property=\"og:description\" content=\"\u2022 Embout M14 \u2022 Utilisation meuleuse d\u2019angle 115 \/ 125\u00a0mm \u2022 Utilisation \u00e0 sec \u2022 Certification EN 13236 \u2022 Domaines d\u2019utilisation gr\u00e8s c\u00e9rame, granit, c\u00e9ramique, carrelages, dalles de pierre, marbre, pierre naturelle \u2022 Kit 4\u00a0pi\u00e8ces \u00d8 35, 50, 60, 68\u00a0mm \u2022 Kit 8\u00a0pi\u00e8ces \u00d8 20, 25, 32, 35, 40, 50, 60, 68\u00a0mm \u2022 Kit 7\u00a0pi\u00e8ces \u00d8 6 &amp; 8 de 2\u00a0unit\u00e9s + 10, 12, 14\u00a0mm \u2022 Groupe cible carreleurs, montage sanitaire final, horticulture et am\u00e9nagement paysager, couvreurs\" \/>\n<meta property=\"og:url\" content=\"https:\/\/pro-one.ch\/fr\/produits\/kit-de-forets-diamantes-pg-m14\/\" \/>\n<meta property=\"og:site_name\" content=\"proone\" \/>\n<meta property=\"article:modified_time\" content=\"2025-11-17T08:54:45+00:00\" \/>\n<meta property=\"og:image\" content=\"https:\/\/pro-one.ch\/wp-content\/uploads\/products\/8110218.jpg\" \/>\n\t<meta property=\"og:image:width\" content=\"1200\" \/>\n\t<meta property=\"og:image:height\" content=\"1200\" \/>\n\t<meta property=\"og:image:type\" content=\"image\/jpeg\" \/>\n<meta name=\"twitter:card\" content=\"summary_large_image\" \/>\n<script type=\"application\/ld+json\" class=\"yoast-schema-graph\">{\"@context\":\"https:\/\/schema.org\",\"@graph\":[{\"@type\":\"WebPage\",\"@id\":\"https:\/\/pro-one.ch\/fr\/produits\/kit-de-forets-diamantes-pg-m14\/\",\"url\":\"https:\/\/pro-one.ch\/fr\/produits\/kit-de-forets-diamantes-pg-m14\/\",\"name\":\"Kit de forets diamant\u00e9s PG-M14 - proone\",\"isPartOf\":{\"@id\":\"https:\/\/pro-one.ch\/fr\/#website\"},\"primaryImageOfPage\":{\"@id\":\"https:\/\/pro-one.ch\/fr\/produits\/kit-de-forets-diamantes-pg-m14\/#primaryimage\"},\"image\":{\"@id\":\"https:\/\/pro-one.ch\/fr\/produits\/kit-de-forets-diamantes-pg-m14\/#primaryimage\"},\"thumbnailUrl\":\"https:\/\/pro-one.ch\/wp-content\/uploads\/products\/8110218.jpg\",\"datePublished\":\"2025-11-17T07:29:37+00:00\",\"dateModified\":\"2025-11-17T08:54:45+00:00\",\"breadcrumb\":{\"@id\":\"https:\/\/pro-one.ch\/fr\/produits\/kit-de-forets-diamantes-pg-m14\/#breadcrumb\"},\"inLanguage\":\"fr-FR\",\"potentialAction\":[{\"@type\":\"ReadAction\",\"target\":[\"https:\/\/pro-one.ch\/fr\/produits\/kit-de-forets-diamantes-pg-m14\/\"]}]},{\"@type\":\"ImageObject\",\"inLanguage\":\"fr-FR\",\"@id\":\"https:\/\/pro-one.ch\/fr\/produits\/kit-de-forets-diamantes-pg-m14\/#primaryimage\",\"url\":\"https:\/\/pro-one.ch\/wp-content\/uploads\/products\/8110218.jpg\",\"contentUrl\":\"https:\/\/pro-one.ch\/wp-content\/uploads\/products\/8110218.jpg\",\"width\":1200,\"height\":1200},{\"@type\":\"BreadcrumbList\",\"@id\":\"https:\/\/pro-one.ch\/fr\/produits\/kit-de-forets-diamantes-pg-m14\/#breadcrumb\",\"itemListElement\":[{\"@type\":\"ListItem\",\"position\":1,\"name\":\"Accueil\",\"item\":\"https:\/\/pro-one.ch\/fr\/\"},{\"@type\":\"ListItem\",\"position\":2,\"name\":\"Assortiment\",\"item\":\"https:\/\/pro-one.ch\/fr\/assortiment\/\"},{\"@type\":\"ListItem\",\"position\":3,\"name\":\"Kit de forets diamant\u00e9s PG-M14\"}]},{\"@type\":\"WebSite\",\"@id\":\"https:\/\/pro-one.ch\/fr\/#website\",\"url\":\"https:\/\/pro-one.ch\/fr\/\",\"name\":\"proone\",\"description\":\"\",\"potentialAction\":[{\"@type\":\"SearchAction\",\"target\":{\"@type\":\"EntryPoint\",\"urlTemplate\":\"https:\/\/pro-one.ch\/fr\/?s={search_term_string}\"},\"query-input\":{\"@type\":\"PropertyValueSpecification\",\"valueRequired\":true,\"valueName\":\"search_term_string\"}}],\"inLanguage\":\"fr-FR\"}]}<\/script>\n<!-- \/ Yoast SEO plugin. -->","yoast_head_json":{"title":"Kit de forets diamant\u00e9s PG-M14 - proone","robots":{"index":"index","follow":"follow","max-snippet":"max-snippet:-1","max-image-preview":"max-image-preview:large","max-video-preview":"max-video-preview:-1"},"canonical":"https:\/\/pro-one.ch\/fr\/produits\/kit-de-forets-diamantes-pg-m14\/","og_locale":"fr_FR","og_type":"article","og_title":"Kit de forets diamant\u00e9s PG-M14 - proone","og_description":"\u2022 Embout M14 \u2022 Utilisation meuleuse d\u2019angle 115 \/ 125\u00a0mm \u2022 Utilisation \u00e0 sec \u2022 Certification EN 13236 \u2022 Domaines d\u2019utilisation gr\u00e8s c\u00e9rame, granit, c\u00e9ramique, carrelages, dalles de pierre, marbre, pierre naturelle \u2022 Kit 4\u00a0pi\u00e8ces \u00d8 35, 50, 60, 68\u00a0mm \u2022 Kit 8\u00a0pi\u00e8ces \u00d8 20, 25, 32, 35, 40, 50, 60, 68\u00a0mm \u2022 Kit 7\u00a0pi\u00e8ces \u00d8 6 & 8 de 2\u00a0unit\u00e9s + 10, 12, 14\u00a0mm \u2022 Groupe cible carreleurs, montage sanitaire final, horticulture et am\u00e9nagement paysager, couvreurs","og_url":"https:\/\/pro-one.ch\/fr\/produits\/kit-de-forets-diamantes-pg-m14\/","og_site_name":"proone","article_modified_time":"2025-11-17T08:54:45+00:00","og_image":[{"width":1200,"height":1200,"url":"https:\/\/pro-one.ch\/wp-content\/uploads\/products\/8110218.jpg","type":"image\/jpeg"}],"twitter_card":"summary_large_image","schema":{"@context":"https:\/\/schema.org","@graph":[{"@type":"WebPage","@id":"https:\/\/pro-one.ch\/fr\/produits\/kit-de-forets-diamantes-pg-m14\/","url":"https:\/\/pro-one.ch\/fr\/produits\/kit-de-forets-diamantes-pg-m14\/","name":"Kit de forets diamant\u00e9s PG-M14 - proone","isPartOf":{"@id":"https:\/\/pro-one.ch\/fr\/#website"},"primaryImageOfPage":{"@id":"https:\/\/pro-one.ch\/fr\/produits\/kit-de-forets-diamantes-pg-m14\/#primaryimage"},"image":{"@id":"https:\/\/pro-one.ch\/fr\/produits\/kit-de-forets-diamantes-pg-m14\/#primaryimage"},"thumbnailUrl":"https:\/\/pro-one.ch\/wp-content\/uploads\/products\/8110218.jpg","datePublished":"2025-11-17T07:29:37+00:00","dateModified":"2025-11-17T08:54:45+00:00","breadcrumb":{"@id":"https:\/\/pro-one.ch\/fr\/produits\/kit-de-forets-diamantes-pg-m14\/#breadcrumb"},"inLanguage":"fr-FR","potentialAction":[{"@type":"ReadAction","target":["https:\/\/pro-one.ch\/fr\/produits\/kit-de-forets-diamantes-pg-m14\/"]}]},{"@type":"ImageObject","inLanguage":"fr-FR","@id":"https:\/\/pro-one.ch\/fr\/produits\/kit-de-forets-diamantes-pg-m14\/#primaryimage","url":"https:\/\/pro-one.ch\/wp-content\/uploads\/products\/8110218.jpg","contentUrl":"https:\/\/pro-one.ch\/wp-content\/uploads\/products\/8110218.jpg","width":1200,"height":1200},{"@type":"BreadcrumbList","@id":"https:\/\/pro-one.ch\/fr\/produits\/kit-de-forets-diamantes-pg-m14\/#breadcrumb","itemListElement":[{"@type":"ListItem","position":1,"name":"Accueil","item":"https:\/\/pro-one.ch\/fr\/"},{"@type":"ListItem","position":2,"name":"Assortiment","item":"https:\/\/pro-one.ch\/fr\/assortiment\/"},{"@type":"ListItem","position":3,"name":"Kit de forets diamant\u00e9s PG-M14"}]},{"@type":"WebSite","@id":"https:\/\/pro-one.ch\/fr\/#website","url":"https:\/\/pro-one.ch\/fr\/","name":"proone","description":"","potentialAction":[{"@type":"SearchAction","target":{"@type":"EntryPoint","urlTemplate":"https:\/\/pro-one.ch\/fr\/?s={search_term_string}"},"query-input":{"@type":"PropertyValueSpecification","valueRequired":true,"valueName":"search_term_string"}}],"inLanguage":"fr-FR"}]}},"_links":{"self":[{"href":"https:\/\/pro-one.ch\/fr\/wp-json\/wp\/v2\/product\/84547","targetHints":{"allow":["GET"]}}],"collection":[{"href":"https:\/\/pro-one.ch\/fr\/wp-json\/wp\/v2\/product"}],"about":[{"href":"https:\/\/pro-one.ch\/fr\/wp-json\/wp\/v2\/types\/product"}],"wp:featuredmedia":[{"embeddable":true,"href":"https:\/\/pro-one.ch\/fr\/wp-json\/wp\/v2\/media\/30361"}],"wp:attachment":[{"href":"https:\/\/pro-one.ch\/fr\/wp-json\/wp\/v2\/media?parent=84547"}],"wp:term":[{"taxonomy":"product_brand","embeddable":true,"href":"https:\/\/pro-one.ch\/fr\/wp-json\/wp\/v2\/product_brand?post=84547"},{"taxonomy":"product_cat","embeddable":true,"href":"https:\/\/pro-one.ch\/fr\/wp-json\/wp\/v2\/product_cat?post=84547"},{"taxonomy":"product_tag","embeddable":true,"href":"https:\/\/pro-one.ch\/fr\/wp-json\/wp\/v2\/product_tag?post=84547"}],"curies":[{"name":"wp","href":"https:\/\/api.w.org\/{rel}","templated":true}]}}