{"id":84580,"date":"2025-11-17T08:30:14","date_gmt":"2025-11-17T07:30:14","guid":{"rendered":"https:\/\/pro-one.ch\/produkte\/meule-diamantee-cu-cup\/"},"modified":"2025-11-17T09:54:55","modified_gmt":"2025-11-17T08:54:55","slug":"meule-diamantee-cu-cup","status":"publish","type":"product","link":"https:\/\/pro-one.ch\/fr\/produits\/meule-diamantee-cu-cup\/","title":{"rendered":"Meule diamant\u00e9e CU-Cup"},"content":{"rendered":"<p>\u2022 Embout 22,23\u00a0mm<br \/>\n\u2022 Utilisation ponceuse d\u2019angle \/ de sol et de r\u00e9novation<br \/>\n\u2022 Utilisation \u00e0 sec<br \/>\n\u2022 Certification EN 13236<br \/>\n\u2022 Version double rev\u00eatement<br \/>\n\u2022 Domaine d\u2019utilisation universel, b\u00e9ton, chape<br \/>\n\u2022 Groupe cible b\u00e2timent et g\u00e9nie civil, carreleurs, horticulture et am\u00e9nagement paysager,  carreleurs paveurs<\/p>\n","protected":false},"excerpt":{"rendered":"<p>\u2022 Embout 22,23\u00a0mm<br \/>\n\u2022 Utilisation ponceuse d\u2019angle \/ de sol et de r\u00e9novation<br \/>\n\u2022 Utilisation \u00e0 sec<br \/>\n\u2022 Certification EN 13236<br \/>\n\u2022 Version double rev\u00eatement<br \/>\n\u2022 Domaine d\u2019utilisation universel, b\u00e9ton, chape<br \/>\n\u2022 Groupe cible b\u00e2timent et g\u00e9nie civil, carreleurs, horticulture et am\u00e9nagement paysager,  carreleurs paveurs<\/p>\n","protected":false},"featured_media":30331,"template":"","meta":[],"product_brand":[],"product_cat":[79],"product_tag":[],"class_list":{"0":"post-84580","1":"product","2":"type-product","3":"status-publish","4":"has-post-thumbnail","6":"product_cat-outillage","8":"first","9":"instock","10":"purchasable","11":"product-type-variable"},"yoast_head":"<!-- This site is optimized with the Yoast SEO plugin v27.0 - https:\/\/yoast.com\/product\/yoast-seo-wordpress\/ -->\n<title>Meule diamant\u00e9e CU-Cup - proone<\/title>\n<meta name=\"robots\" content=\"index, follow, max-snippet:-1, max-image-preview:large, max-video-preview:-1\" \/>\n<link rel=\"canonical\" href=\"https:\/\/pro-one.ch\/fr\/produits\/meule-diamantee-cu-cup\/\" \/>\n<meta property=\"og:locale\" content=\"fr_FR\" \/>\n<meta property=\"og:type\" content=\"article\" \/>\n<meta property=\"og:title\" content=\"Meule diamant\u00e9e CU-Cup - proone\" \/>\n<meta property=\"og:description\" content=\"\u2022 Embout 22,23\u00a0mm \u2022 Utilisation ponceuse d\u2019angle \/ de sol et de r\u00e9novation \u2022 Utilisation \u00e0 sec \u2022 Certification EN 13236 \u2022 Version double rev\u00eatement \u2022 Domaine d\u2019utilisation universel, b\u00e9ton, chape \u2022 Groupe cible b\u00e2timent et g\u00e9nie civil, carreleurs, horticulture et am\u00e9nagement paysager, carreleurs paveurs\" \/>\n<meta property=\"og:url\" content=\"https:\/\/pro-one.ch\/fr\/produits\/meule-diamantee-cu-cup\/\" \/>\n<meta property=\"og:site_name\" content=\"proone\" \/>\n<meta property=\"article:modified_time\" content=\"2025-11-17T08:54:55+00:00\" \/>\n<meta property=\"og:image\" content=\"https:\/\/pro-one.ch\/wp-content\/uploads\/products\/8110244.jpg\" \/>\n\t<meta property=\"og:image:width\" content=\"1600\" \/>\n\t<meta property=\"og:image:height\" content=\"1600\" \/>\n\t<meta property=\"og:image:type\" content=\"image\/jpeg\" \/>\n<meta name=\"twitter:card\" content=\"summary_large_image\" \/>\n<script type=\"application\/ld+json\" class=\"yoast-schema-graph\">{\"@context\":\"https:\/\/schema.org\",\"@graph\":[{\"@type\":\"WebPage\",\"@id\":\"https:\/\/pro-one.ch\/fr\/produits\/meule-diamantee-cu-cup\/\",\"url\":\"https:\/\/pro-one.ch\/fr\/produits\/meule-diamantee-cu-cup\/\",\"name\":\"Meule diamant\u00e9e CU-Cup - proone\",\"isPartOf\":{\"@id\":\"https:\/\/pro-one.ch\/fr\/#website\"},\"primaryImageOfPage\":{\"@id\":\"https:\/\/pro-one.ch\/fr\/produits\/meule-diamantee-cu-cup\/#primaryimage\"},\"image\":{\"@id\":\"https:\/\/pro-one.ch\/fr\/produits\/meule-diamantee-cu-cup\/#primaryimage\"},\"thumbnailUrl\":\"https:\/\/pro-one.ch\/wp-content\/uploads\/products\/8110244.jpg\",\"datePublished\":\"2025-11-17T07:30:14+00:00\",\"dateModified\":\"2025-11-17T08:54:55+00:00\",\"breadcrumb\":{\"@id\":\"https:\/\/pro-one.ch\/fr\/produits\/meule-diamantee-cu-cup\/#breadcrumb\"},\"inLanguage\":\"fr-FR\",\"potentialAction\":[{\"@type\":\"ReadAction\",\"target\":[\"https:\/\/pro-one.ch\/fr\/produits\/meule-diamantee-cu-cup\/\"]}]},{\"@type\":\"ImageObject\",\"inLanguage\":\"fr-FR\",\"@id\":\"https:\/\/pro-one.ch\/fr\/produits\/meule-diamantee-cu-cup\/#primaryimage\",\"url\":\"https:\/\/pro-one.ch\/wp-content\/uploads\/products\/8110244.jpg\",\"contentUrl\":\"https:\/\/pro-one.ch\/wp-content\/uploads\/products\/8110244.jpg\",\"width\":1600,\"height\":1600},{\"@type\":\"BreadcrumbList\",\"@id\":\"https:\/\/pro-one.ch\/fr\/produits\/meule-diamantee-cu-cup\/#breadcrumb\",\"itemListElement\":[{\"@type\":\"ListItem\",\"position\":1,\"name\":\"Accueil\",\"item\":\"https:\/\/pro-one.ch\/fr\/\"},{\"@type\":\"ListItem\",\"position\":2,\"name\":\"Assortiment\",\"item\":\"https:\/\/pro-one.ch\/fr\/assortiment\/\"},{\"@type\":\"ListItem\",\"position\":3,\"name\":\"Meule diamant\u00e9e CU-Cup\"}]},{\"@type\":\"WebSite\",\"@id\":\"https:\/\/pro-one.ch\/fr\/#website\",\"url\":\"https:\/\/pro-one.ch\/fr\/\",\"name\":\"proone\",\"description\":\"\",\"potentialAction\":[{\"@type\":\"SearchAction\",\"target\":{\"@type\":\"EntryPoint\",\"urlTemplate\":\"https:\/\/pro-one.ch\/fr\/?s={search_term_string}\"},\"query-input\":{\"@type\":\"PropertyValueSpecification\",\"valueRequired\":true,\"valueName\":\"search_term_string\"}}],\"inLanguage\":\"fr-FR\"}]}<\/script>\n<!-- \/ Yoast SEO plugin. -->","yoast_head_json":{"title":"Meule diamant\u00e9e CU-Cup - proone","robots":{"index":"index","follow":"follow","max-snippet":"max-snippet:-1","max-image-preview":"max-image-preview:large","max-video-preview":"max-video-preview:-1"},"canonical":"https:\/\/pro-one.ch\/fr\/produits\/meule-diamantee-cu-cup\/","og_locale":"fr_FR","og_type":"article","og_title":"Meule diamant\u00e9e CU-Cup - proone","og_description":"\u2022 Embout 22,23\u00a0mm \u2022 Utilisation ponceuse d\u2019angle \/ de sol et de r\u00e9novation \u2022 Utilisation \u00e0 sec \u2022 Certification EN 13236 \u2022 Version double rev\u00eatement \u2022 Domaine d\u2019utilisation universel, b\u00e9ton, chape \u2022 Groupe cible b\u00e2timent et g\u00e9nie civil, carreleurs, horticulture et am\u00e9nagement paysager, carreleurs paveurs","og_url":"https:\/\/pro-one.ch\/fr\/produits\/meule-diamantee-cu-cup\/","og_site_name":"proone","article_modified_time":"2025-11-17T08:54:55+00:00","og_image":[{"width":1600,"height":1600,"url":"https:\/\/pro-one.ch\/wp-content\/uploads\/products\/8110244.jpg","type":"image\/jpeg"}],"twitter_card":"summary_large_image","schema":{"@context":"https:\/\/schema.org","@graph":[{"@type":"WebPage","@id":"https:\/\/pro-one.ch\/fr\/produits\/meule-diamantee-cu-cup\/","url":"https:\/\/pro-one.ch\/fr\/produits\/meule-diamantee-cu-cup\/","name":"Meule diamant\u00e9e CU-Cup - proone","isPartOf":{"@id":"https:\/\/pro-one.ch\/fr\/#website"},"primaryImageOfPage":{"@id":"https:\/\/pro-one.ch\/fr\/produits\/meule-diamantee-cu-cup\/#primaryimage"},"image":{"@id":"https:\/\/pro-one.ch\/fr\/produits\/meule-diamantee-cu-cup\/#primaryimage"},"thumbnailUrl":"https:\/\/pro-one.ch\/wp-content\/uploads\/products\/8110244.jpg","datePublished":"2025-11-17T07:30:14+00:00","dateModified":"2025-11-17T08:54:55+00:00","breadcrumb":{"@id":"https:\/\/pro-one.ch\/fr\/produits\/meule-diamantee-cu-cup\/#breadcrumb"},"inLanguage":"fr-FR","potentialAction":[{"@type":"ReadAction","target":["https:\/\/pro-one.ch\/fr\/produits\/meule-diamantee-cu-cup\/"]}]},{"@type":"ImageObject","inLanguage":"fr-FR","@id":"https:\/\/pro-one.ch\/fr\/produits\/meule-diamantee-cu-cup\/#primaryimage","url":"https:\/\/pro-one.ch\/wp-content\/uploads\/products\/8110244.jpg","contentUrl":"https:\/\/pro-one.ch\/wp-content\/uploads\/products\/8110244.jpg","width":1600,"height":1600},{"@type":"BreadcrumbList","@id":"https:\/\/pro-one.ch\/fr\/produits\/meule-diamantee-cu-cup\/#breadcrumb","itemListElement":[{"@type":"ListItem","position":1,"name":"Accueil","item":"https:\/\/pro-one.ch\/fr\/"},{"@type":"ListItem","position":2,"name":"Assortiment","item":"https:\/\/pro-one.ch\/fr\/assortiment\/"},{"@type":"ListItem","position":3,"name":"Meule diamant\u00e9e CU-Cup"}]},{"@type":"WebSite","@id":"https:\/\/pro-one.ch\/fr\/#website","url":"https:\/\/pro-one.ch\/fr\/","name":"proone","description":"","potentialAction":[{"@type":"SearchAction","target":{"@type":"EntryPoint","urlTemplate":"https:\/\/pro-one.ch\/fr\/?s={search_term_string}"},"query-input":{"@type":"PropertyValueSpecification","valueRequired":true,"valueName":"search_term_string"}}],"inLanguage":"fr-FR"}]}},"_links":{"self":[{"href":"https:\/\/pro-one.ch\/fr\/wp-json\/wp\/v2\/product\/84580","targetHints":{"allow":["GET"]}}],"collection":[{"href":"https:\/\/pro-one.ch\/fr\/wp-json\/wp\/v2\/product"}],"about":[{"href":"https:\/\/pro-one.ch\/fr\/wp-json\/wp\/v2\/types\/product"}],"wp:featuredmedia":[{"embeddable":true,"href":"https:\/\/pro-one.ch\/fr\/wp-json\/wp\/v2\/media\/30331"}],"wp:attachment":[{"href":"https:\/\/pro-one.ch\/fr\/wp-json\/wp\/v2\/media?parent=84580"}],"wp:term":[{"taxonomy":"product_brand","embeddable":true,"href":"https:\/\/pro-one.ch\/fr\/wp-json\/wp\/v2\/product_brand?post=84580"},{"taxonomy":"product_cat","embeddable":true,"href":"https:\/\/pro-one.ch\/fr\/wp-json\/wp\/v2\/product_cat?post=84580"},{"taxonomy":"product_tag","embeddable":true,"href":"https:\/\/pro-one.ch\/fr\/wp-json\/wp\/v2\/product_tag?post=84580"}],"curies":[{"name":"wp","href":"https:\/\/api.w.org\/{rel}","templated":true}]}}