{"id":84583,"date":"2025-11-17T08:30:14","date_gmt":"2025-11-17T07:30:14","guid":{"rendered":"https:\/\/pro-one.ch\/produkte\/disque-a-tronconner-s-inox\/"},"modified":"2025-11-17T09:54:56","modified_gmt":"2025-11-17T08:54:56","slug":"disque-a-tronconner-s-inox","status":"publish","type":"product","link":"https:\/\/pro-one.ch\/fr\/produits\/disque-a-tronconner-s-inox\/","title":{"rendered":"Disque \u00e0 tron\u00e7onner S-INOX"},"content":{"rendered":"<p>\u2022 Technique des parois minces en corindon<br \/>\n\u2022 Diam\u00e8tre 115 \/ 125\u00a0mm<br \/>\n\u2022 Embout 22,23\u00a0mm<br \/>\n\u2022 Utilisation meuleuse d\u2019angle<br \/>\n\u2022 Certification EN 12413<br \/>\n\u2022 Domaines d\u2019utilisation tubes, profil\u00e9s et t\u00f4les \u00e0 paroi mince en acier et en acier inoxydable<br \/>\n\u2022 Groupe cible b\u00e2timent et g\u00e9nie civil, chauffage et sanitaire, carreleurs, horticulture et am\u00e9nagement paysager<\/p>\n","protected":false},"excerpt":{"rendered":"<p>\u2022 Technique des parois minces en corindon<br \/>\n\u2022 Diam\u00e8tre 115 \/ 125\u00a0mm<br \/>\n\u2022 Embout 22,23\u00a0mm<br \/>\n\u2022 Utilisation meuleuse d\u2019angle<br \/>\n\u2022 Certification EN 12413<br \/>\n\u2022 Domaines d\u2019utilisation tubes, profil\u00e9s et t\u00f4les \u00e0 paroi mince en acier et en acier inoxydable<br \/>\n\u2022 Groupe cible b\u00e2timent et g\u00e9nie civil, chauffage et sanitaire, carreleurs, horticulture et am\u00e9nagement paysager<\/p>\n","protected":false},"featured_media":30328,"template":"","meta":[],"product_brand":[],"product_cat":[79],"product_tag":[],"class_list":{"0":"post-84583","1":"product","2":"type-product","3":"status-publish","4":"has-post-thumbnail","6":"product_cat-outillage","8":"first","9":"instock","10":"purchasable","11":"product-type-variable"},"yoast_head":"<!-- This site is optimized with the Yoast SEO plugin v27.0 - https:\/\/yoast.com\/product\/yoast-seo-wordpress\/ -->\n<title>Disque \u00e0 tron\u00e7onner S-INOX - proone<\/title>\n<meta name=\"robots\" content=\"index, follow, max-snippet:-1, max-image-preview:large, max-video-preview:-1\" \/>\n<link rel=\"canonical\" href=\"https:\/\/pro-one.ch\/fr\/produits\/disque-a-tronconner-s-inox\/\" \/>\n<meta property=\"og:locale\" content=\"fr_FR\" \/>\n<meta property=\"og:type\" content=\"article\" \/>\n<meta property=\"og:title\" content=\"Disque \u00e0 tron\u00e7onner S-INOX - proone\" \/>\n<meta property=\"og:description\" content=\"\u2022 Technique des parois minces en corindon \u2022 Diam\u00e8tre 115 \/ 125\u00a0mm \u2022 Embout 22,23\u00a0mm \u2022 Utilisation meuleuse d\u2019angle \u2022 Certification EN 12413 \u2022 Domaines d\u2019utilisation tubes, profil\u00e9s et t\u00f4les \u00e0 paroi mince en acier et en acier inoxydable \u2022 Groupe cible b\u00e2timent et g\u00e9nie civil, chauffage et sanitaire, carreleurs, horticulture et am\u00e9nagement paysager\" \/>\n<meta property=\"og:url\" content=\"https:\/\/pro-one.ch\/fr\/produits\/disque-a-tronconner-s-inox\/\" \/>\n<meta property=\"og:site_name\" content=\"proone\" \/>\n<meta property=\"article:modified_time\" content=\"2025-11-17T08:54:56+00:00\" \/>\n<meta property=\"og:image\" content=\"https:\/\/pro-one.ch\/wp-content\/uploads\/products\/8110246.jpg\" \/>\n\t<meta property=\"og:image:width\" content=\"1200\" \/>\n\t<meta property=\"og:image:height\" content=\"1200\" \/>\n\t<meta property=\"og:image:type\" content=\"image\/jpeg\" \/>\n<meta name=\"twitter:card\" content=\"summary_large_image\" \/>\n<script type=\"application\/ld+json\" class=\"yoast-schema-graph\">{\"@context\":\"https:\/\/schema.org\",\"@graph\":[{\"@type\":\"WebPage\",\"@id\":\"https:\/\/pro-one.ch\/fr\/produits\/disque-a-tronconner-s-inox\/\",\"url\":\"https:\/\/pro-one.ch\/fr\/produits\/disque-a-tronconner-s-inox\/\",\"name\":\"Disque \u00e0 tron\u00e7onner S-INOX - proone\",\"isPartOf\":{\"@id\":\"https:\/\/pro-one.ch\/fr\/#website\"},\"primaryImageOfPage\":{\"@id\":\"https:\/\/pro-one.ch\/fr\/produits\/disque-a-tronconner-s-inox\/#primaryimage\"},\"image\":{\"@id\":\"https:\/\/pro-one.ch\/fr\/produits\/disque-a-tronconner-s-inox\/#primaryimage\"},\"thumbnailUrl\":\"https:\/\/pro-one.ch\/wp-content\/uploads\/products\/8110246.jpg\",\"datePublished\":\"2025-11-17T07:30:14+00:00\",\"dateModified\":\"2025-11-17T08:54:56+00:00\",\"breadcrumb\":{\"@id\":\"https:\/\/pro-one.ch\/fr\/produits\/disque-a-tronconner-s-inox\/#breadcrumb\"},\"inLanguage\":\"fr-FR\",\"potentialAction\":[{\"@type\":\"ReadAction\",\"target\":[\"https:\/\/pro-one.ch\/fr\/produits\/disque-a-tronconner-s-inox\/\"]}]},{\"@type\":\"ImageObject\",\"inLanguage\":\"fr-FR\",\"@id\":\"https:\/\/pro-one.ch\/fr\/produits\/disque-a-tronconner-s-inox\/#primaryimage\",\"url\":\"https:\/\/pro-one.ch\/wp-content\/uploads\/products\/8110246.jpg\",\"contentUrl\":\"https:\/\/pro-one.ch\/wp-content\/uploads\/products\/8110246.jpg\",\"width\":1200,\"height\":1200},{\"@type\":\"BreadcrumbList\",\"@id\":\"https:\/\/pro-one.ch\/fr\/produits\/disque-a-tronconner-s-inox\/#breadcrumb\",\"itemListElement\":[{\"@type\":\"ListItem\",\"position\":1,\"name\":\"Accueil\",\"item\":\"https:\/\/pro-one.ch\/fr\/\"},{\"@type\":\"ListItem\",\"position\":2,\"name\":\"Assortiment\",\"item\":\"https:\/\/pro-one.ch\/fr\/assortiment\/\"},{\"@type\":\"ListItem\",\"position\":3,\"name\":\"Disque \u00e0 tron\u00e7onner S-INOX\"}]},{\"@type\":\"WebSite\",\"@id\":\"https:\/\/pro-one.ch\/fr\/#website\",\"url\":\"https:\/\/pro-one.ch\/fr\/\",\"name\":\"proone\",\"description\":\"\",\"potentialAction\":[{\"@type\":\"SearchAction\",\"target\":{\"@type\":\"EntryPoint\",\"urlTemplate\":\"https:\/\/pro-one.ch\/fr\/?s={search_term_string}\"},\"query-input\":{\"@type\":\"PropertyValueSpecification\",\"valueRequired\":true,\"valueName\":\"search_term_string\"}}],\"inLanguage\":\"fr-FR\"}]}<\/script>\n<!-- \/ Yoast SEO plugin. -->","yoast_head_json":{"title":"Disque \u00e0 tron\u00e7onner S-INOX - proone","robots":{"index":"index","follow":"follow","max-snippet":"max-snippet:-1","max-image-preview":"max-image-preview:large","max-video-preview":"max-video-preview:-1"},"canonical":"https:\/\/pro-one.ch\/fr\/produits\/disque-a-tronconner-s-inox\/","og_locale":"fr_FR","og_type":"article","og_title":"Disque \u00e0 tron\u00e7onner S-INOX - proone","og_description":"\u2022 Technique des parois minces en corindon \u2022 Diam\u00e8tre 115 \/ 125\u00a0mm \u2022 Embout 22,23\u00a0mm \u2022 Utilisation meuleuse d\u2019angle \u2022 Certification EN 12413 \u2022 Domaines d\u2019utilisation tubes, profil\u00e9s et t\u00f4les \u00e0 paroi mince en acier et en acier inoxydable \u2022 Groupe cible b\u00e2timent et g\u00e9nie civil, chauffage et sanitaire, carreleurs, horticulture et am\u00e9nagement paysager","og_url":"https:\/\/pro-one.ch\/fr\/produits\/disque-a-tronconner-s-inox\/","og_site_name":"proone","article_modified_time":"2025-11-17T08:54:56+00:00","og_image":[{"width":1200,"height":1200,"url":"https:\/\/pro-one.ch\/wp-content\/uploads\/products\/8110246.jpg","type":"image\/jpeg"}],"twitter_card":"summary_large_image","schema":{"@context":"https:\/\/schema.org","@graph":[{"@type":"WebPage","@id":"https:\/\/pro-one.ch\/fr\/produits\/disque-a-tronconner-s-inox\/","url":"https:\/\/pro-one.ch\/fr\/produits\/disque-a-tronconner-s-inox\/","name":"Disque \u00e0 tron\u00e7onner S-INOX - proone","isPartOf":{"@id":"https:\/\/pro-one.ch\/fr\/#website"},"primaryImageOfPage":{"@id":"https:\/\/pro-one.ch\/fr\/produits\/disque-a-tronconner-s-inox\/#primaryimage"},"image":{"@id":"https:\/\/pro-one.ch\/fr\/produits\/disque-a-tronconner-s-inox\/#primaryimage"},"thumbnailUrl":"https:\/\/pro-one.ch\/wp-content\/uploads\/products\/8110246.jpg","datePublished":"2025-11-17T07:30:14+00:00","dateModified":"2025-11-17T08:54:56+00:00","breadcrumb":{"@id":"https:\/\/pro-one.ch\/fr\/produits\/disque-a-tronconner-s-inox\/#breadcrumb"},"inLanguage":"fr-FR","potentialAction":[{"@type":"ReadAction","target":["https:\/\/pro-one.ch\/fr\/produits\/disque-a-tronconner-s-inox\/"]}]},{"@type":"ImageObject","inLanguage":"fr-FR","@id":"https:\/\/pro-one.ch\/fr\/produits\/disque-a-tronconner-s-inox\/#primaryimage","url":"https:\/\/pro-one.ch\/wp-content\/uploads\/products\/8110246.jpg","contentUrl":"https:\/\/pro-one.ch\/wp-content\/uploads\/products\/8110246.jpg","width":1200,"height":1200},{"@type":"BreadcrumbList","@id":"https:\/\/pro-one.ch\/fr\/produits\/disque-a-tronconner-s-inox\/#breadcrumb","itemListElement":[{"@type":"ListItem","position":1,"name":"Accueil","item":"https:\/\/pro-one.ch\/fr\/"},{"@type":"ListItem","position":2,"name":"Assortiment","item":"https:\/\/pro-one.ch\/fr\/assortiment\/"},{"@type":"ListItem","position":3,"name":"Disque \u00e0 tron\u00e7onner S-INOX"}]},{"@type":"WebSite","@id":"https:\/\/pro-one.ch\/fr\/#website","url":"https:\/\/pro-one.ch\/fr\/","name":"proone","description":"","potentialAction":[{"@type":"SearchAction","target":{"@type":"EntryPoint","urlTemplate":"https:\/\/pro-one.ch\/fr\/?s={search_term_string}"},"query-input":{"@type":"PropertyValueSpecification","valueRequired":true,"valueName":"search_term_string"}}],"inLanguage":"fr-FR"}]}},"_links":{"self":[{"href":"https:\/\/pro-one.ch\/fr\/wp-json\/wp\/v2\/product\/84583","targetHints":{"allow":["GET"]}}],"collection":[{"href":"https:\/\/pro-one.ch\/fr\/wp-json\/wp\/v2\/product"}],"about":[{"href":"https:\/\/pro-one.ch\/fr\/wp-json\/wp\/v2\/types\/product"}],"wp:featuredmedia":[{"embeddable":true,"href":"https:\/\/pro-one.ch\/fr\/wp-json\/wp\/v2\/media\/30328"}],"wp:attachment":[{"href":"https:\/\/pro-one.ch\/fr\/wp-json\/wp\/v2\/media?parent=84583"}],"wp:term":[{"taxonomy":"product_brand","embeddable":true,"href":"https:\/\/pro-one.ch\/fr\/wp-json\/wp\/v2\/product_brand?post=84583"},{"taxonomy":"product_cat","embeddable":true,"href":"https:\/\/pro-one.ch\/fr\/wp-json\/wp\/v2\/product_cat?post=84583"},{"taxonomy":"product_tag","embeddable":true,"href":"https:\/\/pro-one.ch\/fr\/wp-json\/wp\/v2\/product_tag?post=84583"}],"curies":[{"name":"wp","href":"https:\/\/api.w.org\/{rel}","templated":true}]}}