{"id":84609,"date":"2025-11-17T08:30:31","date_gmt":"2025-11-17T07:30:31","guid":{"rendered":"https:\/\/pro-one.ch\/produkte\/serre-joint\/"},"modified":"2025-11-17T09:54:57","modified_gmt":"2025-11-17T08:54:57","slug":"serre-joint","status":"publish","type":"product","link":"https:\/\/pro-one.ch\/fr\/produits\/serre-joint\/","title":{"rendered":"Serre-joint"},"content":{"rendered":"<p>Serre-joint en fonte mall\u00e9able selon DIN 5117<br \/>\n\u2022 Bras de serrage en fonte mall\u00e9able de haute qualit\u00e9<br \/>\n\u2022 Rail profil\u00e9 galvanis\u00e9, nervur\u00e9 des deux c\u00f4t\u00e9s,<br \/>\nantid\u00e9rapant<br \/>\n\u2022 Broche galvanis\u00e9e<br \/>\n\u2022 Manche en bois, laqu\u00e9 vert<br \/>\n\u2022 Capuchons de protection en plastique sur les zones de<br \/>\npression<\/p>\n","protected":false},"excerpt":{"rendered":"<p>Serre-joint en fonte mall\u00e9able selon DIN 5117<br \/>\n\u2022 Bras de serrage en fonte mall\u00e9able de haute qualit\u00e9<br \/>\n\u2022 Rail profil\u00e9 galvanis\u00e9, nervur\u00e9 des deux c\u00f4t\u00e9s,<br \/>\nantid\u00e9rapant<br \/>\n\u2022 Broche galvanis\u00e9e<br \/>\n\u2022 Manche en bois, laqu\u00e9 vert<br \/>\n\u2022 Capuchons de protection en plastique sur les zones de<br \/>\npression<\/p>\n","protected":false},"featured_media":30979,"template":"","meta":[],"product_brand":[],"product_cat":[79],"product_tag":[],"class_list":{"0":"post-84609","1":"product","2":"type-product","3":"status-publish","4":"has-post-thumbnail","6":"product_cat-outillage","8":"first","9":"instock","10":"purchasable","11":"product-type-variable"},"yoast_head":"<!-- This site is optimized with the Yoast SEO plugin v27.0 - https:\/\/yoast.com\/product\/yoast-seo-wordpress\/ -->\n<title>Serre-joint - proone<\/title>\n<meta name=\"robots\" content=\"index, follow, max-snippet:-1, max-image-preview:large, max-video-preview:-1\" \/>\n<link rel=\"canonical\" href=\"https:\/\/pro-one.ch\/fr\/produits\/serre-joint\/\" \/>\n<meta property=\"og:locale\" content=\"fr_FR\" \/>\n<meta property=\"og:type\" content=\"article\" \/>\n<meta property=\"og:title\" content=\"Serre-joint - proone\" \/>\n<meta property=\"og:description\" content=\"Serre-joint en fonte mall\u00e9able selon DIN 5117 \u2022 Bras de serrage en fonte mall\u00e9able de haute qualit\u00e9 \u2022 Rail profil\u00e9 galvanis\u00e9, nervur\u00e9 des deux c\u00f4t\u00e9s, antid\u00e9rapant \u2022 Broche galvanis\u00e9e \u2022 Manche en bois, laqu\u00e9 vert \u2022 Capuchons de protection en plastique sur les zones de pression\" \/>\n<meta property=\"og:url\" content=\"https:\/\/pro-one.ch\/fr\/produits\/serre-joint\/\" \/>\n<meta property=\"og:site_name\" content=\"proone\" \/>\n<meta property=\"article:modified_time\" content=\"2025-11-17T08:54:57+00:00\" \/>\n<meta property=\"og:image\" content=\"https:\/\/pro-one.ch\/wp-content\/uploads\/products\/4477164.jpg\" \/>\n\t<meta property=\"og:image:width\" content=\"800\" \/>\n\t<meta property=\"og:image:height\" content=\"533\" \/>\n\t<meta property=\"og:image:type\" content=\"image\/jpeg\" \/>\n<meta name=\"twitter:card\" content=\"summary_large_image\" \/>\n<script type=\"application\/ld+json\" class=\"yoast-schema-graph\">{\"@context\":\"https:\/\/schema.org\",\"@graph\":[{\"@type\":\"WebPage\",\"@id\":\"https:\/\/pro-one.ch\/fr\/produits\/serre-joint\/\",\"url\":\"https:\/\/pro-one.ch\/fr\/produits\/serre-joint\/\",\"name\":\"Serre-joint - proone\",\"isPartOf\":{\"@id\":\"https:\/\/pro-one.ch\/fr\/#website\"},\"primaryImageOfPage\":{\"@id\":\"https:\/\/pro-one.ch\/fr\/produits\/serre-joint\/#primaryimage\"},\"image\":{\"@id\":\"https:\/\/pro-one.ch\/fr\/produits\/serre-joint\/#primaryimage\"},\"thumbnailUrl\":\"https:\/\/pro-one.ch\/wp-content\/uploads\/products\/4477164.jpg\",\"datePublished\":\"2025-11-17T07:30:31+00:00\",\"dateModified\":\"2025-11-17T08:54:57+00:00\",\"breadcrumb\":{\"@id\":\"https:\/\/pro-one.ch\/fr\/produits\/serre-joint\/#breadcrumb\"},\"inLanguage\":\"fr-FR\",\"potentialAction\":[{\"@type\":\"ReadAction\",\"target\":[\"https:\/\/pro-one.ch\/fr\/produits\/serre-joint\/\"]}]},{\"@type\":\"ImageObject\",\"inLanguage\":\"fr-FR\",\"@id\":\"https:\/\/pro-one.ch\/fr\/produits\/serre-joint\/#primaryimage\",\"url\":\"https:\/\/pro-one.ch\/wp-content\/uploads\/products\/4477164.jpg\",\"contentUrl\":\"https:\/\/pro-one.ch\/wp-content\/uploads\/products\/4477164.jpg\",\"width\":800,\"height\":533},{\"@type\":\"BreadcrumbList\",\"@id\":\"https:\/\/pro-one.ch\/fr\/produits\/serre-joint\/#breadcrumb\",\"itemListElement\":[{\"@type\":\"ListItem\",\"position\":1,\"name\":\"Accueil\",\"item\":\"https:\/\/pro-one.ch\/fr\/\"},{\"@type\":\"ListItem\",\"position\":2,\"name\":\"Assortiment\",\"item\":\"https:\/\/pro-one.ch\/fr\/assortiment\/\"},{\"@type\":\"ListItem\",\"position\":3,\"name\":\"Serre-joint\"}]},{\"@type\":\"WebSite\",\"@id\":\"https:\/\/pro-one.ch\/fr\/#website\",\"url\":\"https:\/\/pro-one.ch\/fr\/\",\"name\":\"proone\",\"description\":\"\",\"potentialAction\":[{\"@type\":\"SearchAction\",\"target\":{\"@type\":\"EntryPoint\",\"urlTemplate\":\"https:\/\/pro-one.ch\/fr\/?s={search_term_string}\"},\"query-input\":{\"@type\":\"PropertyValueSpecification\",\"valueRequired\":true,\"valueName\":\"search_term_string\"}}],\"inLanguage\":\"fr-FR\"}]}<\/script>\n<!-- \/ Yoast SEO plugin. -->","yoast_head_json":{"title":"Serre-joint - proone","robots":{"index":"index","follow":"follow","max-snippet":"max-snippet:-1","max-image-preview":"max-image-preview:large","max-video-preview":"max-video-preview:-1"},"canonical":"https:\/\/pro-one.ch\/fr\/produits\/serre-joint\/","og_locale":"fr_FR","og_type":"article","og_title":"Serre-joint - proone","og_description":"Serre-joint en fonte mall\u00e9able selon DIN 5117 \u2022 Bras de serrage en fonte mall\u00e9able de haute qualit\u00e9 \u2022 Rail profil\u00e9 galvanis\u00e9, nervur\u00e9 des deux c\u00f4t\u00e9s, antid\u00e9rapant \u2022 Broche galvanis\u00e9e \u2022 Manche en bois, laqu\u00e9 vert \u2022 Capuchons de protection en plastique sur les zones de pression","og_url":"https:\/\/pro-one.ch\/fr\/produits\/serre-joint\/","og_site_name":"proone","article_modified_time":"2025-11-17T08:54:57+00:00","og_image":[{"width":800,"height":533,"url":"https:\/\/pro-one.ch\/wp-content\/uploads\/products\/4477164.jpg","type":"image\/jpeg"}],"twitter_card":"summary_large_image","schema":{"@context":"https:\/\/schema.org","@graph":[{"@type":"WebPage","@id":"https:\/\/pro-one.ch\/fr\/produits\/serre-joint\/","url":"https:\/\/pro-one.ch\/fr\/produits\/serre-joint\/","name":"Serre-joint - proone","isPartOf":{"@id":"https:\/\/pro-one.ch\/fr\/#website"},"primaryImageOfPage":{"@id":"https:\/\/pro-one.ch\/fr\/produits\/serre-joint\/#primaryimage"},"image":{"@id":"https:\/\/pro-one.ch\/fr\/produits\/serre-joint\/#primaryimage"},"thumbnailUrl":"https:\/\/pro-one.ch\/wp-content\/uploads\/products\/4477164.jpg","datePublished":"2025-11-17T07:30:31+00:00","dateModified":"2025-11-17T08:54:57+00:00","breadcrumb":{"@id":"https:\/\/pro-one.ch\/fr\/produits\/serre-joint\/#breadcrumb"},"inLanguage":"fr-FR","potentialAction":[{"@type":"ReadAction","target":["https:\/\/pro-one.ch\/fr\/produits\/serre-joint\/"]}]},{"@type":"ImageObject","inLanguage":"fr-FR","@id":"https:\/\/pro-one.ch\/fr\/produits\/serre-joint\/#primaryimage","url":"https:\/\/pro-one.ch\/wp-content\/uploads\/products\/4477164.jpg","contentUrl":"https:\/\/pro-one.ch\/wp-content\/uploads\/products\/4477164.jpg","width":800,"height":533},{"@type":"BreadcrumbList","@id":"https:\/\/pro-one.ch\/fr\/produits\/serre-joint\/#breadcrumb","itemListElement":[{"@type":"ListItem","position":1,"name":"Accueil","item":"https:\/\/pro-one.ch\/fr\/"},{"@type":"ListItem","position":2,"name":"Assortiment","item":"https:\/\/pro-one.ch\/fr\/assortiment\/"},{"@type":"ListItem","position":3,"name":"Serre-joint"}]},{"@type":"WebSite","@id":"https:\/\/pro-one.ch\/fr\/#website","url":"https:\/\/pro-one.ch\/fr\/","name":"proone","description":"","potentialAction":[{"@type":"SearchAction","target":{"@type":"EntryPoint","urlTemplate":"https:\/\/pro-one.ch\/fr\/?s={search_term_string}"},"query-input":{"@type":"PropertyValueSpecification","valueRequired":true,"valueName":"search_term_string"}}],"inLanguage":"fr-FR"}]}},"_links":{"self":[{"href":"https:\/\/pro-one.ch\/fr\/wp-json\/wp\/v2\/product\/84609","targetHints":{"allow":["GET"]}}],"collection":[{"href":"https:\/\/pro-one.ch\/fr\/wp-json\/wp\/v2\/product"}],"about":[{"href":"https:\/\/pro-one.ch\/fr\/wp-json\/wp\/v2\/types\/product"}],"wp:featuredmedia":[{"embeddable":true,"href":"https:\/\/pro-one.ch\/fr\/wp-json\/wp\/v2\/media\/30979"}],"wp:attachment":[{"href":"https:\/\/pro-one.ch\/fr\/wp-json\/wp\/v2\/media?parent=84609"}],"wp:term":[{"taxonomy":"product_brand","embeddable":true,"href":"https:\/\/pro-one.ch\/fr\/wp-json\/wp\/v2\/product_brand?post=84609"},{"taxonomy":"product_cat","embeddable":true,"href":"https:\/\/pro-one.ch\/fr\/wp-json\/wp\/v2\/product_cat?post=84609"},{"taxonomy":"product_tag","embeddable":true,"href":"https:\/\/pro-one.ch\/fr\/wp-json\/wp\/v2\/product_tag?post=84609"}],"curies":[{"name":"wp","href":"https:\/\/api.w.org\/{rel}","templated":true}]}}