{"id":84723,"date":"2025-11-17T08:32:11","date_gmt":"2025-11-17T07:32:11","guid":{"rendered":"https:\/\/pro-one.ch\/produkte\/kit-de-systeme-de-nivellement\/"},"modified":"2025-11-17T09:55:39","modified_gmt":"2025-11-17T08:55:39","slug":"kit-de-systeme-de-nivellement","status":"publish","type":"product","link":"https:\/\/pro-one.ch\/fr\/produits\/kit-de-systeme-de-nivellement\/","title":{"rendered":"Kit de syst\u00e8me de nivellement"},"content":{"rendered":"<p>\u2022 Emball\u00e9 dans un seau pratique<br \/>\n\u2022 Attaches de 1,5 mm\/2 mm pour carrelage de 11 \u00e0 20 mm<br \/>\n\u2022 R\u00e9utilisable<br \/>\n\u2022 Pince r\u00e9glable en hauteur (6 niveaux) id\u00e9ale<br \/>\npour chaque \u00e9paisseur de carrelage<br \/>\n\u2022 Le kit est compos\u00e9 d\u2019une pince, de 100 attaches et<br \/>\nde 100 cales r\u00e9utilisables<\/p>\n","protected":false},"excerpt":{"rendered":"<p>\u2022 Emball\u00e9 dans un seau pratique<br \/>\n\u2022 Attaches de 1,5 mm\/2 mm pour carrelage de 11 \u00e0 20 mm<br \/>\n\u2022 R\u00e9utilisable<br \/>\n\u2022 Pince r\u00e9glable en hauteur (6 niveaux) id\u00e9ale<br \/>\npour chaque \u00e9paisseur de carrelage<br \/>\n\u2022 Le kit est compos\u00e9 d\u2019une pince, de 100 attaches et<br \/>\nde 100 cales r\u00e9utilisables<\/p>\n","protected":false},"featured_media":30499,"template":"","meta":[],"product_brand":[],"product_cat":[79],"product_tag":[],"class_list":{"0":"post-84723","1":"product","2":"type-product","3":"status-publish","4":"has-post-thumbnail","6":"product_cat-outillage","8":"first","9":"instock","10":"purchasable","11":"product-type-variable"},"yoast_head":"<!-- This site is optimized with the Yoast SEO plugin v27.0 - https:\/\/yoast.com\/product\/yoast-seo-wordpress\/ -->\n<title>Kit de syst\u00e8me de nivellement - proone<\/title>\n<meta name=\"robots\" content=\"index, follow, max-snippet:-1, max-image-preview:large, max-video-preview:-1\" \/>\n<link rel=\"canonical\" href=\"https:\/\/pro-one.ch\/fr\/produits\/kit-de-systeme-de-nivellement\/\" \/>\n<meta property=\"og:locale\" content=\"fr_FR\" \/>\n<meta property=\"og:type\" content=\"article\" \/>\n<meta property=\"og:title\" content=\"Kit de syst\u00e8me de nivellement - proone\" \/>\n<meta property=\"og:description\" content=\"\u2022 Emball\u00e9 dans un seau pratique \u2022 Attaches de 1,5 mm\/2 mm pour carrelage de 11 \u00e0 20 mm \u2022 R\u00e9utilisable \u2022 Pince r\u00e9glable en hauteur (6 niveaux) id\u00e9ale pour chaque \u00e9paisseur de carrelage \u2022 Le kit est compos\u00e9 d\u2019une pince, de 100 attaches et de 100 cales r\u00e9utilisables\" \/>\n<meta property=\"og:url\" content=\"https:\/\/pro-one.ch\/fr\/produits\/kit-de-systeme-de-nivellement\/\" \/>\n<meta property=\"og:site_name\" content=\"proone\" \/>\n<meta property=\"article:modified_time\" content=\"2025-11-17T08:55:39+00:00\" \/>\n<meta property=\"og:image\" content=\"https:\/\/pro-one.ch\/wp-content\/uploads\/products\/7913569.jpg\" \/>\n\t<meta property=\"og:image:width\" content=\"500\" \/>\n\t<meta property=\"og:image:height\" content=\"500\" \/>\n\t<meta property=\"og:image:type\" content=\"image\/jpeg\" \/>\n<meta name=\"twitter:card\" content=\"summary_large_image\" \/>\n<script type=\"application\/ld+json\" class=\"yoast-schema-graph\">{\"@context\":\"https:\/\/schema.org\",\"@graph\":[{\"@type\":\"WebPage\",\"@id\":\"https:\/\/pro-one.ch\/fr\/produits\/kit-de-systeme-de-nivellement\/\",\"url\":\"https:\/\/pro-one.ch\/fr\/produits\/kit-de-systeme-de-nivellement\/\",\"name\":\"Kit de syst\u00e8me de nivellement - proone\",\"isPartOf\":{\"@id\":\"https:\/\/pro-one.ch\/fr\/#website\"},\"primaryImageOfPage\":{\"@id\":\"https:\/\/pro-one.ch\/fr\/produits\/kit-de-systeme-de-nivellement\/#primaryimage\"},\"image\":{\"@id\":\"https:\/\/pro-one.ch\/fr\/produits\/kit-de-systeme-de-nivellement\/#primaryimage\"},\"thumbnailUrl\":\"https:\/\/pro-one.ch\/wp-content\/uploads\/products\/7913569.jpg\",\"datePublished\":\"2025-11-17T07:32:11+00:00\",\"dateModified\":\"2025-11-17T08:55:39+00:00\",\"breadcrumb\":{\"@id\":\"https:\/\/pro-one.ch\/fr\/produits\/kit-de-systeme-de-nivellement\/#breadcrumb\"},\"inLanguage\":\"fr-FR\",\"potentialAction\":[{\"@type\":\"ReadAction\",\"target\":[\"https:\/\/pro-one.ch\/fr\/produits\/kit-de-systeme-de-nivellement\/\"]}]},{\"@type\":\"ImageObject\",\"inLanguage\":\"fr-FR\",\"@id\":\"https:\/\/pro-one.ch\/fr\/produits\/kit-de-systeme-de-nivellement\/#primaryimage\",\"url\":\"https:\/\/pro-one.ch\/wp-content\/uploads\/products\/7913569.jpg\",\"contentUrl\":\"https:\/\/pro-one.ch\/wp-content\/uploads\/products\/7913569.jpg\",\"width\":500,\"height\":500},{\"@type\":\"BreadcrumbList\",\"@id\":\"https:\/\/pro-one.ch\/fr\/produits\/kit-de-systeme-de-nivellement\/#breadcrumb\",\"itemListElement\":[{\"@type\":\"ListItem\",\"position\":1,\"name\":\"Accueil\",\"item\":\"https:\/\/pro-one.ch\/fr\/\"},{\"@type\":\"ListItem\",\"position\":2,\"name\":\"Assortiment\",\"item\":\"https:\/\/pro-one.ch\/fr\/assortiment\/\"},{\"@type\":\"ListItem\",\"position\":3,\"name\":\"Kit de syst\u00e8me de nivellement\"}]},{\"@type\":\"WebSite\",\"@id\":\"https:\/\/pro-one.ch\/fr\/#website\",\"url\":\"https:\/\/pro-one.ch\/fr\/\",\"name\":\"proone\",\"description\":\"\",\"potentialAction\":[{\"@type\":\"SearchAction\",\"target\":{\"@type\":\"EntryPoint\",\"urlTemplate\":\"https:\/\/pro-one.ch\/fr\/?s={search_term_string}\"},\"query-input\":{\"@type\":\"PropertyValueSpecification\",\"valueRequired\":true,\"valueName\":\"search_term_string\"}}],\"inLanguage\":\"fr-FR\"}]}<\/script>\n<!-- \/ Yoast SEO plugin. -->","yoast_head_json":{"title":"Kit de syst\u00e8me de nivellement - proone","robots":{"index":"index","follow":"follow","max-snippet":"max-snippet:-1","max-image-preview":"max-image-preview:large","max-video-preview":"max-video-preview:-1"},"canonical":"https:\/\/pro-one.ch\/fr\/produits\/kit-de-systeme-de-nivellement\/","og_locale":"fr_FR","og_type":"article","og_title":"Kit de syst\u00e8me de nivellement - proone","og_description":"\u2022 Emball\u00e9 dans un seau pratique \u2022 Attaches de 1,5 mm\/2 mm pour carrelage de 11 \u00e0 20 mm \u2022 R\u00e9utilisable \u2022 Pince r\u00e9glable en hauteur (6 niveaux) id\u00e9ale pour chaque \u00e9paisseur de carrelage \u2022 Le kit est compos\u00e9 d\u2019une pince, de 100 attaches et de 100 cales r\u00e9utilisables","og_url":"https:\/\/pro-one.ch\/fr\/produits\/kit-de-systeme-de-nivellement\/","og_site_name":"proone","article_modified_time":"2025-11-17T08:55:39+00:00","og_image":[{"width":500,"height":500,"url":"https:\/\/pro-one.ch\/wp-content\/uploads\/products\/7913569.jpg","type":"image\/jpeg"}],"twitter_card":"summary_large_image","schema":{"@context":"https:\/\/schema.org","@graph":[{"@type":"WebPage","@id":"https:\/\/pro-one.ch\/fr\/produits\/kit-de-systeme-de-nivellement\/","url":"https:\/\/pro-one.ch\/fr\/produits\/kit-de-systeme-de-nivellement\/","name":"Kit de syst\u00e8me de nivellement - proone","isPartOf":{"@id":"https:\/\/pro-one.ch\/fr\/#website"},"primaryImageOfPage":{"@id":"https:\/\/pro-one.ch\/fr\/produits\/kit-de-systeme-de-nivellement\/#primaryimage"},"image":{"@id":"https:\/\/pro-one.ch\/fr\/produits\/kit-de-systeme-de-nivellement\/#primaryimage"},"thumbnailUrl":"https:\/\/pro-one.ch\/wp-content\/uploads\/products\/7913569.jpg","datePublished":"2025-11-17T07:32:11+00:00","dateModified":"2025-11-17T08:55:39+00:00","breadcrumb":{"@id":"https:\/\/pro-one.ch\/fr\/produits\/kit-de-systeme-de-nivellement\/#breadcrumb"},"inLanguage":"fr-FR","potentialAction":[{"@type":"ReadAction","target":["https:\/\/pro-one.ch\/fr\/produits\/kit-de-systeme-de-nivellement\/"]}]},{"@type":"ImageObject","inLanguage":"fr-FR","@id":"https:\/\/pro-one.ch\/fr\/produits\/kit-de-systeme-de-nivellement\/#primaryimage","url":"https:\/\/pro-one.ch\/wp-content\/uploads\/products\/7913569.jpg","contentUrl":"https:\/\/pro-one.ch\/wp-content\/uploads\/products\/7913569.jpg","width":500,"height":500},{"@type":"BreadcrumbList","@id":"https:\/\/pro-one.ch\/fr\/produits\/kit-de-systeme-de-nivellement\/#breadcrumb","itemListElement":[{"@type":"ListItem","position":1,"name":"Accueil","item":"https:\/\/pro-one.ch\/fr\/"},{"@type":"ListItem","position":2,"name":"Assortiment","item":"https:\/\/pro-one.ch\/fr\/assortiment\/"},{"@type":"ListItem","position":3,"name":"Kit de syst\u00e8me de nivellement"}]},{"@type":"WebSite","@id":"https:\/\/pro-one.ch\/fr\/#website","url":"https:\/\/pro-one.ch\/fr\/","name":"proone","description":"","potentialAction":[{"@type":"SearchAction","target":{"@type":"EntryPoint","urlTemplate":"https:\/\/pro-one.ch\/fr\/?s={search_term_string}"},"query-input":{"@type":"PropertyValueSpecification","valueRequired":true,"valueName":"search_term_string"}}],"inLanguage":"fr-FR"}]}},"_links":{"self":[{"href":"https:\/\/pro-one.ch\/fr\/wp-json\/wp\/v2\/product\/84723","targetHints":{"allow":["GET"]}}],"collection":[{"href":"https:\/\/pro-one.ch\/fr\/wp-json\/wp\/v2\/product"}],"about":[{"href":"https:\/\/pro-one.ch\/fr\/wp-json\/wp\/v2\/types\/product"}],"wp:featuredmedia":[{"embeddable":true,"href":"https:\/\/pro-one.ch\/fr\/wp-json\/wp\/v2\/media\/30499"}],"wp:attachment":[{"href":"https:\/\/pro-one.ch\/fr\/wp-json\/wp\/v2\/media?parent=84723"}],"wp:term":[{"taxonomy":"product_brand","embeddable":true,"href":"https:\/\/pro-one.ch\/fr\/wp-json\/wp\/v2\/product_brand?post=84723"},{"taxonomy":"product_cat","embeddable":true,"href":"https:\/\/pro-one.ch\/fr\/wp-json\/wp\/v2\/product_cat?post=84723"},{"taxonomy":"product_tag","embeddable":true,"href":"https:\/\/pro-one.ch\/fr\/wp-json\/wp\/v2\/product_tag?post=84723"}],"curies":[{"name":"wp","href":"https:\/\/api.w.org\/{rel}","templated":true}]}}