{"id":84741,"date":"2025-11-17T08:32:26","date_gmt":"2025-11-17T07:32:26","guid":{"rendered":"https:\/\/pro-one.ch\/produkte\/porte-anti-poussiere-pro-type-magnet\/"},"modified":"2025-11-17T09:55:45","modified_gmt":"2025-11-17T08:55:45","slug":"porte-anti-poussiere-pro-type-magnet","status":"publish","type":"product","link":"https:\/\/pro-one.ch\/fr\/produits\/porte-anti-poussiere-pro-type-magnet\/","title":{"rendered":"Porte anti-poussi\u00e8re Pro Type Magnet"},"content":{"rendered":"<p>\u2022 Avec la porte anti-poussi\u00e8re pr\u00e9mont\u00e9e Type Magnet,<br \/>\nvous pouvez facilement et rapidement cr\u00e9er un<br \/>\nsas anti-poussi\u00e8re entre les pi\u00e8ces<br \/>\n\u2022 La fermeture \u00e9clair cousue assure un maintien durable<br \/>\n\u2022 La porte en film sans seuil permet de circuler de<br \/>\nmani\u00e8re optimale<br \/>\n\u2022 Elle convient \u00e0 toutes les portes avec une hauteur<br \/>\nmax. de 2,1 m et une largeur de 1,1 m et<br \/>\npeut \u00eatre utilis\u00e9e plusieurs fois<br \/>\n\u2022 Etanche \u00e0 la poussi\u00e8re sur tout son pourtour<br \/>\n\u2022 Fermeture magn\u00e9tique<\/p>\n","protected":false},"excerpt":{"rendered":"<p>\u2022 Avec la porte anti-poussi\u00e8re pr\u00e9mont\u00e9e Type Magnet,<br \/>\nvous pouvez facilement et rapidement cr\u00e9er un<br \/>\nsas anti-poussi\u00e8re entre les pi\u00e8ces<br \/>\n\u2022 La fermeture \u00e9clair cousue assure un maintien durable<br \/>\n\u2022 La porte en film sans seuil permet de circuler de<br \/>\nmani\u00e8re optimale<br \/>\n\u2022 Elle convient \u00e0 toutes les portes avec une hauteur<br \/>\nmax. de 2,1 m et une largeur de 1,1 m et<br \/>\npeut \u00eatre utilis\u00e9e plusieurs fois<br \/>\n\u2022 Etanche \u00e0 la poussi\u00e8re sur tout son pourtour<br \/>\n\u2022 Fermeture magn\u00e9tique<\/p>\n","protected":false},"featured_media":30487,"template":"","meta":[],"product_brand":[],"product_cat":[79],"product_tag":[],"class_list":{"0":"post-84741","1":"product","2":"type-product","3":"status-publish","4":"has-post-thumbnail","6":"product_cat-outillage","8":"first","9":"instock","10":"purchasable","11":"product-type-simple"},"yoast_head":"<!-- This site is optimized with the Yoast SEO plugin v27.0 - https:\/\/yoast.com\/product\/yoast-seo-wordpress\/ -->\n<title>Porte anti-poussi\u00e8re Pro Type Magnet - proone<\/title>\n<meta name=\"robots\" content=\"index, follow, max-snippet:-1, max-image-preview:large, max-video-preview:-1\" \/>\n<link rel=\"canonical\" href=\"https:\/\/pro-one.ch\/fr\/produits\/porte-anti-poussiere-pro-type-magnet\/\" \/>\n<meta property=\"og:locale\" content=\"fr_FR\" \/>\n<meta property=\"og:type\" content=\"article\" \/>\n<meta property=\"og:title\" content=\"Porte anti-poussi\u00e8re Pro Type Magnet - proone\" \/>\n<meta property=\"og:description\" content=\"\u2022 Avec la porte anti-poussi\u00e8re pr\u00e9mont\u00e9e Type Magnet, vous pouvez facilement et rapidement cr\u00e9er un sas anti-poussi\u00e8re entre les pi\u00e8ces \u2022 La fermeture \u00e9clair cousue assure un maintien durable \u2022 La porte en film sans seuil permet de circuler de mani\u00e8re optimale \u2022 Elle convient \u00e0 toutes les portes avec une hauteur max. de 2,1 m et une largeur de 1,1 m et peut \u00eatre utilis\u00e9e plusieurs fois \u2022 Etanche \u00e0 la poussi\u00e8re sur tout son pourtour \u2022 Fermeture magn\u00e9tique\" \/>\n<meta property=\"og:url\" content=\"https:\/\/pro-one.ch\/fr\/produits\/porte-anti-poussiere-pro-type-magnet\/\" \/>\n<meta property=\"og:site_name\" content=\"proone\" \/>\n<meta property=\"article:modified_time\" content=\"2025-11-17T08:55:45+00:00\" \/>\n<meta property=\"og:image\" content=\"https:\/\/pro-one.ch\/wp-content\/uploads\/products\/7924202.jpg\" \/>\n\t<meta property=\"og:image:width\" content=\"1097\" \/>\n\t<meta property=\"og:image:height\" content=\"1920\" \/>\n\t<meta property=\"og:image:type\" content=\"image\/jpeg\" \/>\n<meta name=\"twitter:card\" content=\"summary_large_image\" \/>\n<script type=\"application\/ld+json\" class=\"yoast-schema-graph\">{\"@context\":\"https:\/\/schema.org\",\"@graph\":[{\"@type\":\"WebPage\",\"@id\":\"https:\/\/pro-one.ch\/fr\/produits\/porte-anti-poussiere-pro-type-magnet\/\",\"url\":\"https:\/\/pro-one.ch\/fr\/produits\/porte-anti-poussiere-pro-type-magnet\/\",\"name\":\"Porte anti-poussi\u00e8re Pro Type Magnet - proone\",\"isPartOf\":{\"@id\":\"https:\/\/pro-one.ch\/fr\/#website\"},\"primaryImageOfPage\":{\"@id\":\"https:\/\/pro-one.ch\/fr\/produits\/porte-anti-poussiere-pro-type-magnet\/#primaryimage\"},\"image\":{\"@id\":\"https:\/\/pro-one.ch\/fr\/produits\/porte-anti-poussiere-pro-type-magnet\/#primaryimage\"},\"thumbnailUrl\":\"https:\/\/pro-one.ch\/wp-content\/uploads\/products\/7924202.jpg\",\"datePublished\":\"2025-11-17T07:32:26+00:00\",\"dateModified\":\"2025-11-17T08:55:45+00:00\",\"breadcrumb\":{\"@id\":\"https:\/\/pro-one.ch\/fr\/produits\/porte-anti-poussiere-pro-type-magnet\/#breadcrumb\"},\"inLanguage\":\"fr-FR\",\"potentialAction\":[{\"@type\":\"ReadAction\",\"target\":[\"https:\/\/pro-one.ch\/fr\/produits\/porte-anti-poussiere-pro-type-magnet\/\"]}]},{\"@type\":\"ImageObject\",\"inLanguage\":\"fr-FR\",\"@id\":\"https:\/\/pro-one.ch\/fr\/produits\/porte-anti-poussiere-pro-type-magnet\/#primaryimage\",\"url\":\"https:\/\/pro-one.ch\/wp-content\/uploads\/products\/7924202.jpg\",\"contentUrl\":\"https:\/\/pro-one.ch\/wp-content\/uploads\/products\/7924202.jpg\",\"width\":1097,\"height\":1920},{\"@type\":\"BreadcrumbList\",\"@id\":\"https:\/\/pro-one.ch\/fr\/produits\/porte-anti-poussiere-pro-type-magnet\/#breadcrumb\",\"itemListElement\":[{\"@type\":\"ListItem\",\"position\":1,\"name\":\"Accueil\",\"item\":\"https:\/\/pro-one.ch\/fr\/\"},{\"@type\":\"ListItem\",\"position\":2,\"name\":\"Assortiment\",\"item\":\"https:\/\/pro-one.ch\/fr\/assortiment\/\"},{\"@type\":\"ListItem\",\"position\":3,\"name\":\"Porte anti-poussi\u00e8re Pro Type Magnet\"}]},{\"@type\":\"WebSite\",\"@id\":\"https:\/\/pro-one.ch\/fr\/#website\",\"url\":\"https:\/\/pro-one.ch\/fr\/\",\"name\":\"proone\",\"description\":\"\",\"potentialAction\":[{\"@type\":\"SearchAction\",\"target\":{\"@type\":\"EntryPoint\",\"urlTemplate\":\"https:\/\/pro-one.ch\/fr\/?s={search_term_string}\"},\"query-input\":{\"@type\":\"PropertyValueSpecification\",\"valueRequired\":true,\"valueName\":\"search_term_string\"}}],\"inLanguage\":\"fr-FR\"}]}<\/script>\n<!-- \/ Yoast SEO plugin. -->","yoast_head_json":{"title":"Porte anti-poussi\u00e8re Pro Type Magnet - proone","robots":{"index":"index","follow":"follow","max-snippet":"max-snippet:-1","max-image-preview":"max-image-preview:large","max-video-preview":"max-video-preview:-1"},"canonical":"https:\/\/pro-one.ch\/fr\/produits\/porte-anti-poussiere-pro-type-magnet\/","og_locale":"fr_FR","og_type":"article","og_title":"Porte anti-poussi\u00e8re Pro Type Magnet - proone","og_description":"\u2022 Avec la porte anti-poussi\u00e8re pr\u00e9mont\u00e9e Type Magnet, vous pouvez facilement et rapidement cr\u00e9er un sas anti-poussi\u00e8re entre les pi\u00e8ces \u2022 La fermeture \u00e9clair cousue assure un maintien durable \u2022 La porte en film sans seuil permet de circuler de mani\u00e8re optimale \u2022 Elle convient \u00e0 toutes les portes avec une hauteur max. de 2,1 m et une largeur de 1,1 m et peut \u00eatre utilis\u00e9e plusieurs fois \u2022 Etanche \u00e0 la poussi\u00e8re sur tout son pourtour \u2022 Fermeture magn\u00e9tique","og_url":"https:\/\/pro-one.ch\/fr\/produits\/porte-anti-poussiere-pro-type-magnet\/","og_site_name":"proone","article_modified_time":"2025-11-17T08:55:45+00:00","og_image":[{"width":1097,"height":1920,"url":"https:\/\/pro-one.ch\/wp-content\/uploads\/products\/7924202.jpg","type":"image\/jpeg"}],"twitter_card":"summary_large_image","schema":{"@context":"https:\/\/schema.org","@graph":[{"@type":"WebPage","@id":"https:\/\/pro-one.ch\/fr\/produits\/porte-anti-poussiere-pro-type-magnet\/","url":"https:\/\/pro-one.ch\/fr\/produits\/porte-anti-poussiere-pro-type-magnet\/","name":"Porte anti-poussi\u00e8re Pro Type Magnet - proone","isPartOf":{"@id":"https:\/\/pro-one.ch\/fr\/#website"},"primaryImageOfPage":{"@id":"https:\/\/pro-one.ch\/fr\/produits\/porte-anti-poussiere-pro-type-magnet\/#primaryimage"},"image":{"@id":"https:\/\/pro-one.ch\/fr\/produits\/porte-anti-poussiere-pro-type-magnet\/#primaryimage"},"thumbnailUrl":"https:\/\/pro-one.ch\/wp-content\/uploads\/products\/7924202.jpg","datePublished":"2025-11-17T07:32:26+00:00","dateModified":"2025-11-17T08:55:45+00:00","breadcrumb":{"@id":"https:\/\/pro-one.ch\/fr\/produits\/porte-anti-poussiere-pro-type-magnet\/#breadcrumb"},"inLanguage":"fr-FR","potentialAction":[{"@type":"ReadAction","target":["https:\/\/pro-one.ch\/fr\/produits\/porte-anti-poussiere-pro-type-magnet\/"]}]},{"@type":"ImageObject","inLanguage":"fr-FR","@id":"https:\/\/pro-one.ch\/fr\/produits\/porte-anti-poussiere-pro-type-magnet\/#primaryimage","url":"https:\/\/pro-one.ch\/wp-content\/uploads\/products\/7924202.jpg","contentUrl":"https:\/\/pro-one.ch\/wp-content\/uploads\/products\/7924202.jpg","width":1097,"height":1920},{"@type":"BreadcrumbList","@id":"https:\/\/pro-one.ch\/fr\/produits\/porte-anti-poussiere-pro-type-magnet\/#breadcrumb","itemListElement":[{"@type":"ListItem","position":1,"name":"Accueil","item":"https:\/\/pro-one.ch\/fr\/"},{"@type":"ListItem","position":2,"name":"Assortiment","item":"https:\/\/pro-one.ch\/fr\/assortiment\/"},{"@type":"ListItem","position":3,"name":"Porte anti-poussi\u00e8re Pro Type Magnet"}]},{"@type":"WebSite","@id":"https:\/\/pro-one.ch\/fr\/#website","url":"https:\/\/pro-one.ch\/fr\/","name":"proone","description":"","potentialAction":[{"@type":"SearchAction","target":{"@type":"EntryPoint","urlTemplate":"https:\/\/pro-one.ch\/fr\/?s={search_term_string}"},"query-input":{"@type":"PropertyValueSpecification","valueRequired":true,"valueName":"search_term_string"}}],"inLanguage":"fr-FR"}]}},"_links":{"self":[{"href":"https:\/\/pro-one.ch\/fr\/wp-json\/wp\/v2\/product\/84741","targetHints":{"allow":["GET"]}}],"collection":[{"href":"https:\/\/pro-one.ch\/fr\/wp-json\/wp\/v2\/product"}],"about":[{"href":"https:\/\/pro-one.ch\/fr\/wp-json\/wp\/v2\/types\/product"}],"wp:featuredmedia":[{"embeddable":true,"href":"https:\/\/pro-one.ch\/fr\/wp-json\/wp\/v2\/media\/30487"}],"wp:attachment":[{"href":"https:\/\/pro-one.ch\/fr\/wp-json\/wp\/v2\/media?parent=84741"}],"wp:term":[{"taxonomy":"product_brand","embeddable":true,"href":"https:\/\/pro-one.ch\/fr\/wp-json\/wp\/v2\/product_brand?post=84741"},{"taxonomy":"product_cat","embeddable":true,"href":"https:\/\/pro-one.ch\/fr\/wp-json\/wp\/v2\/product_cat?post=84741"},{"taxonomy":"product_tag","embeddable":true,"href":"https:\/\/pro-one.ch\/fr\/wp-json\/wp\/v2\/product_tag?post=84741"}],"curies":[{"name":"wp","href":"https:\/\/api.w.org\/{rel}","templated":true}]}}