{"id":84979,"date":"2025-11-17T08:35:26","date_gmt":"2025-11-17T07:35:26","guid":{"rendered":"https:\/\/pro-one.ch\/produkte\/masque-anti-particules-fines-ffp3avec-filtre\/"},"modified":"2025-11-17T09:57:10","modified_gmt":"2025-11-17T08:57:10","slug":"masque-anti-particules-fines-ffp3avec-filtre","status":"publish","type":"product","link":"https:\/\/pro-one.ch\/fr\/produits\/masque-anti-particules-fines-ffp3avec-filtre\/","title":{"rendered":"Masque anti-particules fines FFP3\navec filtre"},"content":{"rendered":"<p>\u2022 Contre les particules solides ainsi que les a\u00e9rosols<br \/>\nliquides non volatils<br \/>\n\u2022 Confort \u00e9lev\u00e9 gr\u00e2ce \u00e0 une conception en 3 parties<br \/>\n\u2022 FFP3, avec filtre<br \/>\n\u2022 Carton de 12 unit\u00e9s<\/p>\n","protected":false},"excerpt":{"rendered":"<p>\u2022 Contre les particules solides ainsi que les a\u00e9rosols<br \/>\nliquides non volatils<br \/>\n\u2022 Confort \u00e9lev\u00e9 gr\u00e2ce \u00e0 une conception en 3 parties<br \/>\n\u2022 FFP3, avec filtre<br \/>\n\u2022 Carton de 12 unit\u00e9s<\/p>\n","protected":false},"featured_media":30865,"template":"","meta":[],"product_brand":[],"product_cat":[75],"product_tag":[],"class_list":{"0":"post-84979","1":"product","2":"type-product","3":"status-publish","4":"has-post-thumbnail","6":"product_cat-vetements-de-travail-et-de-protection","8":"first","9":"instock","10":"purchasable","11":"product-type-simple"},"yoast_head":"<!-- This site is optimized with the Yoast SEO plugin v27.0 - https:\/\/yoast.com\/product\/yoast-seo-wordpress\/ -->\n<title>Masque anti-particules fines FFP3 avec filtre - proone<\/title>\n<meta name=\"robots\" content=\"index, follow, max-snippet:-1, max-image-preview:large, max-video-preview:-1\" \/>\n<link rel=\"canonical\" href=\"https:\/\/pro-one.ch\/fr\/produits\/masque-anti-particules-fines-ffp3avec-filtre\/\" \/>\n<meta property=\"og:locale\" content=\"fr_FR\" \/>\n<meta property=\"og:type\" content=\"article\" \/>\n<meta property=\"og:title\" content=\"Masque anti-particules fines FFP3 avec filtre - proone\" \/>\n<meta property=\"og:description\" content=\"\u2022 Contre les particules solides ainsi que les a\u00e9rosols liquides non volatils \u2022 Confort \u00e9lev\u00e9 gr\u00e2ce \u00e0 une conception en 3 parties \u2022 FFP3, avec filtre \u2022 Carton de 12 unit\u00e9s\" \/>\n<meta property=\"og:url\" content=\"https:\/\/pro-one.ch\/fr\/produits\/masque-anti-particules-fines-ffp3avec-filtre\/\" \/>\n<meta property=\"og:site_name\" content=\"proone\" \/>\n<meta property=\"article:modified_time\" content=\"2025-11-17T08:57:10+00:00\" \/>\n<meta property=\"og:image\" content=\"https:\/\/pro-one.ch\/wp-content\/uploads\/products\/5376495.jpg\" \/>\n\t<meta property=\"og:image:width\" content=\"1589\" \/>\n\t<meta property=\"og:image:height\" content=\"1696\" \/>\n\t<meta property=\"og:image:type\" content=\"image\/jpeg\" \/>\n<meta name=\"twitter:card\" content=\"summary_large_image\" \/>\n<script type=\"application\/ld+json\" class=\"yoast-schema-graph\">{\"@context\":\"https:\/\/schema.org\",\"@graph\":[{\"@type\":\"WebPage\",\"@id\":\"https:\/\/pro-one.ch\/fr\/produits\/masque-anti-particules-fines-ffp3avec-filtre\/\",\"url\":\"https:\/\/pro-one.ch\/fr\/produits\/masque-anti-particules-fines-ffp3avec-filtre\/\",\"name\":\"Masque anti-particules fines FFP3 avec filtre - proone\",\"isPartOf\":{\"@id\":\"https:\/\/pro-one.ch\/fr\/#website\"},\"primaryImageOfPage\":{\"@id\":\"https:\/\/pro-one.ch\/fr\/produits\/masque-anti-particules-fines-ffp3avec-filtre\/#primaryimage\"},\"image\":{\"@id\":\"https:\/\/pro-one.ch\/fr\/produits\/masque-anti-particules-fines-ffp3avec-filtre\/#primaryimage\"},\"thumbnailUrl\":\"https:\/\/pro-one.ch\/wp-content\/uploads\/products\/5376495.jpg\",\"datePublished\":\"2025-11-17T07:35:26+00:00\",\"dateModified\":\"2025-11-17T08:57:10+00:00\",\"breadcrumb\":{\"@id\":\"https:\/\/pro-one.ch\/fr\/produits\/masque-anti-particules-fines-ffp3avec-filtre\/#breadcrumb\"},\"inLanguage\":\"fr-FR\",\"potentialAction\":[{\"@type\":\"ReadAction\",\"target\":[\"https:\/\/pro-one.ch\/fr\/produits\/masque-anti-particules-fines-ffp3avec-filtre\/\"]}]},{\"@type\":\"ImageObject\",\"inLanguage\":\"fr-FR\",\"@id\":\"https:\/\/pro-one.ch\/fr\/produits\/masque-anti-particules-fines-ffp3avec-filtre\/#primaryimage\",\"url\":\"https:\/\/pro-one.ch\/wp-content\/uploads\/products\/5376495.jpg\",\"contentUrl\":\"https:\/\/pro-one.ch\/wp-content\/uploads\/products\/5376495.jpg\",\"width\":1589,\"height\":1696},{\"@type\":\"BreadcrumbList\",\"@id\":\"https:\/\/pro-one.ch\/fr\/produits\/masque-anti-particules-fines-ffp3avec-filtre\/#breadcrumb\",\"itemListElement\":[{\"@type\":\"ListItem\",\"position\":1,\"name\":\"Accueil\",\"item\":\"https:\/\/pro-one.ch\/fr\/\"},{\"@type\":\"ListItem\",\"position\":2,\"name\":\"Assortiment\",\"item\":\"https:\/\/pro-one.ch\/fr\/assortiment\/\"},{\"@type\":\"ListItem\",\"position\":3,\"name\":\"Masque anti-particules fines FFP3 avec filtre\"}]},{\"@type\":\"WebSite\",\"@id\":\"https:\/\/pro-one.ch\/fr\/#website\",\"url\":\"https:\/\/pro-one.ch\/fr\/\",\"name\":\"proone\",\"description\":\"\",\"potentialAction\":[{\"@type\":\"SearchAction\",\"target\":{\"@type\":\"EntryPoint\",\"urlTemplate\":\"https:\/\/pro-one.ch\/fr\/?s={search_term_string}\"},\"query-input\":{\"@type\":\"PropertyValueSpecification\",\"valueRequired\":true,\"valueName\":\"search_term_string\"}}],\"inLanguage\":\"fr-FR\"}]}<\/script>\n<!-- \/ Yoast SEO plugin. -->","yoast_head_json":{"title":"Masque anti-particules fines FFP3 avec filtre - proone","robots":{"index":"index","follow":"follow","max-snippet":"max-snippet:-1","max-image-preview":"max-image-preview:large","max-video-preview":"max-video-preview:-1"},"canonical":"https:\/\/pro-one.ch\/fr\/produits\/masque-anti-particules-fines-ffp3avec-filtre\/","og_locale":"fr_FR","og_type":"article","og_title":"Masque anti-particules fines FFP3 avec filtre - proone","og_description":"\u2022 Contre les particules solides ainsi que les a\u00e9rosols liquides non volatils \u2022 Confort \u00e9lev\u00e9 gr\u00e2ce \u00e0 une conception en 3 parties \u2022 FFP3, avec filtre \u2022 Carton de 12 unit\u00e9s","og_url":"https:\/\/pro-one.ch\/fr\/produits\/masque-anti-particules-fines-ffp3avec-filtre\/","og_site_name":"proone","article_modified_time":"2025-11-17T08:57:10+00:00","og_image":[{"width":1589,"height":1696,"url":"https:\/\/pro-one.ch\/wp-content\/uploads\/products\/5376495.jpg","type":"image\/jpeg"}],"twitter_card":"summary_large_image","schema":{"@context":"https:\/\/schema.org","@graph":[{"@type":"WebPage","@id":"https:\/\/pro-one.ch\/fr\/produits\/masque-anti-particules-fines-ffp3avec-filtre\/","url":"https:\/\/pro-one.ch\/fr\/produits\/masque-anti-particules-fines-ffp3avec-filtre\/","name":"Masque anti-particules fines FFP3 avec filtre - proone","isPartOf":{"@id":"https:\/\/pro-one.ch\/fr\/#website"},"primaryImageOfPage":{"@id":"https:\/\/pro-one.ch\/fr\/produits\/masque-anti-particules-fines-ffp3avec-filtre\/#primaryimage"},"image":{"@id":"https:\/\/pro-one.ch\/fr\/produits\/masque-anti-particules-fines-ffp3avec-filtre\/#primaryimage"},"thumbnailUrl":"https:\/\/pro-one.ch\/wp-content\/uploads\/products\/5376495.jpg","datePublished":"2025-11-17T07:35:26+00:00","dateModified":"2025-11-17T08:57:10+00:00","breadcrumb":{"@id":"https:\/\/pro-one.ch\/fr\/produits\/masque-anti-particules-fines-ffp3avec-filtre\/#breadcrumb"},"inLanguage":"fr-FR","potentialAction":[{"@type":"ReadAction","target":["https:\/\/pro-one.ch\/fr\/produits\/masque-anti-particules-fines-ffp3avec-filtre\/"]}]},{"@type":"ImageObject","inLanguage":"fr-FR","@id":"https:\/\/pro-one.ch\/fr\/produits\/masque-anti-particules-fines-ffp3avec-filtre\/#primaryimage","url":"https:\/\/pro-one.ch\/wp-content\/uploads\/products\/5376495.jpg","contentUrl":"https:\/\/pro-one.ch\/wp-content\/uploads\/products\/5376495.jpg","width":1589,"height":1696},{"@type":"BreadcrumbList","@id":"https:\/\/pro-one.ch\/fr\/produits\/masque-anti-particules-fines-ffp3avec-filtre\/#breadcrumb","itemListElement":[{"@type":"ListItem","position":1,"name":"Accueil","item":"https:\/\/pro-one.ch\/fr\/"},{"@type":"ListItem","position":2,"name":"Assortiment","item":"https:\/\/pro-one.ch\/fr\/assortiment\/"},{"@type":"ListItem","position":3,"name":"Masque anti-particules fines FFP3 avec filtre"}]},{"@type":"WebSite","@id":"https:\/\/pro-one.ch\/fr\/#website","url":"https:\/\/pro-one.ch\/fr\/","name":"proone","description":"","potentialAction":[{"@type":"SearchAction","target":{"@type":"EntryPoint","urlTemplate":"https:\/\/pro-one.ch\/fr\/?s={search_term_string}"},"query-input":{"@type":"PropertyValueSpecification","valueRequired":true,"valueName":"search_term_string"}}],"inLanguage":"fr-FR"}]}},"_links":{"self":[{"href":"https:\/\/pro-one.ch\/fr\/wp-json\/wp\/v2\/product\/84979","targetHints":{"allow":["GET"]}}],"collection":[{"href":"https:\/\/pro-one.ch\/fr\/wp-json\/wp\/v2\/product"}],"about":[{"href":"https:\/\/pro-one.ch\/fr\/wp-json\/wp\/v2\/types\/product"}],"wp:featuredmedia":[{"embeddable":true,"href":"https:\/\/pro-one.ch\/fr\/wp-json\/wp\/v2\/media\/30865"}],"wp:attachment":[{"href":"https:\/\/pro-one.ch\/fr\/wp-json\/wp\/v2\/media?parent=84979"}],"wp:term":[{"taxonomy":"product_brand","embeddable":true,"href":"https:\/\/pro-one.ch\/fr\/wp-json\/wp\/v2\/product_brand?post=84979"},{"taxonomy":"product_cat","embeddable":true,"href":"https:\/\/pro-one.ch\/fr\/wp-json\/wp\/v2\/product_cat?post=84979"},{"taxonomy":"product_tag","embeddable":true,"href":"https:\/\/pro-one.ch\/fr\/wp-json\/wp\/v2\/product_tag?post=84979"}],"curies":[{"name":"wp","href":"https:\/\/api.w.org\/{rel}","templated":true}]}}