{"id":85764,"date":"2025-11-17T08:47:00","date_gmt":"2025-11-17T07:47:00","guid":{"rendered":"https:\/\/pro-one.ch\/produkte\/nettoyant-pour-chasses-deau\/"},"modified":"2025-11-17T09:59:07","modified_gmt":"2025-11-17T08:59:07","slug":"nettoyant-pour-chasses-deau","status":"publish","type":"product","link":"https:\/\/pro-one.ch\/fr\/produits\/nettoyant-pour-chasses-deau\/","title":{"rendered":"Nettoyant pour chasses d\u2019eau"},"content":{"rendered":"<p>\u2022 Convient \u00e0 tous les r\u00e9servoirs de chasse d\u2019eau<br \/>\n\u2022 Dissout le calcaire et les d\u00e9p\u00f4ts de tartre et \u00e9limine efficacement la salet\u00e9 incrust\u00e9e<br \/>\n\u2022 Entretient les joints et les tuyaux<br \/>\n\u2022 Contenu 500 ml<\/p>\n","protected":false},"excerpt":{"rendered":"<p>\u2022 Convient \u00e0 tous les r\u00e9servoirs de chasse d\u2019eau<br \/>\n\u2022 Dissout le calcaire et les d\u00e9p\u00f4ts de tartre et \u00e9limine efficacement la salet\u00e9 incrust\u00e9e<br \/>\n\u2022 Entretient les joints et les tuyaux<br \/>\n\u2022 Contenu 500 ml<\/p>\n","protected":false},"featured_media":30544,"template":"","meta":[],"product_brand":[],"product_cat":[78],"product_tag":[],"class_list":{"0":"post-85764","1":"product","2":"type-product","3":"status-publish","4":"has-post-thumbnail","6":"product_cat-produits-nettoyants","8":"first","9":"instock","10":"purchasable","11":"product-type-simple"},"yoast_head":"<!-- This site is optimized with the Yoast SEO plugin v27.0 - https:\/\/yoast.com\/product\/yoast-seo-wordpress\/ -->\n<title>Nettoyant pour chasses d\u2019eau - proone<\/title>\n<meta name=\"robots\" content=\"index, follow, max-snippet:-1, max-image-preview:large, max-video-preview:-1\" \/>\n<link rel=\"canonical\" href=\"https:\/\/pro-one.ch\/fr\/produits\/nettoyant-pour-chasses-deau\/\" \/>\n<meta property=\"og:locale\" content=\"fr_FR\" \/>\n<meta property=\"og:type\" content=\"article\" \/>\n<meta property=\"og:title\" content=\"Nettoyant pour chasses d\u2019eau - proone\" \/>\n<meta property=\"og:description\" content=\"\u2022 Convient \u00e0 tous les r\u00e9servoirs de chasse d\u2019eau \u2022 Dissout le calcaire et les d\u00e9p\u00f4ts de tartre et \u00e9limine efficacement la salet\u00e9 incrust\u00e9e \u2022 Entretient les joints et les tuyaux \u2022 Contenu 500 ml\" \/>\n<meta property=\"og:url\" content=\"https:\/\/pro-one.ch\/fr\/produits\/nettoyant-pour-chasses-deau\/\" \/>\n<meta property=\"og:site_name\" content=\"proone\" \/>\n<meta property=\"article:modified_time\" content=\"2025-11-17T08:59:07+00:00\" \/>\n<meta property=\"og:image\" content=\"https:\/\/pro-one.ch\/wp-content\/uploads\/products\/7796920.jpg\" \/>\n\t<meta property=\"og:image:width\" content=\"1251\" \/>\n\t<meta property=\"og:image:height\" content=\"1902\" \/>\n\t<meta property=\"og:image:type\" content=\"image\/jpeg\" \/>\n<meta name=\"twitter:card\" content=\"summary_large_image\" \/>\n<script type=\"application\/ld+json\" class=\"yoast-schema-graph\">{\"@context\":\"https:\/\/schema.org\",\"@graph\":[{\"@type\":\"WebPage\",\"@id\":\"https:\/\/pro-one.ch\/fr\/produits\/nettoyant-pour-chasses-deau\/\",\"url\":\"https:\/\/pro-one.ch\/fr\/produits\/nettoyant-pour-chasses-deau\/\",\"name\":\"Nettoyant pour chasses d\u2019eau - proone\",\"isPartOf\":{\"@id\":\"https:\/\/pro-one.ch\/fr\/#website\"},\"primaryImageOfPage\":{\"@id\":\"https:\/\/pro-one.ch\/fr\/produits\/nettoyant-pour-chasses-deau\/#primaryimage\"},\"image\":{\"@id\":\"https:\/\/pro-one.ch\/fr\/produits\/nettoyant-pour-chasses-deau\/#primaryimage\"},\"thumbnailUrl\":\"https:\/\/pro-one.ch\/wp-content\/uploads\/products\/7796920.jpg\",\"datePublished\":\"2025-11-17T07:47:00+00:00\",\"dateModified\":\"2025-11-17T08:59:07+00:00\",\"breadcrumb\":{\"@id\":\"https:\/\/pro-one.ch\/fr\/produits\/nettoyant-pour-chasses-deau\/#breadcrumb\"},\"inLanguage\":\"fr-FR\",\"potentialAction\":[{\"@type\":\"ReadAction\",\"target\":[\"https:\/\/pro-one.ch\/fr\/produits\/nettoyant-pour-chasses-deau\/\"]}]},{\"@type\":\"ImageObject\",\"inLanguage\":\"fr-FR\",\"@id\":\"https:\/\/pro-one.ch\/fr\/produits\/nettoyant-pour-chasses-deau\/#primaryimage\",\"url\":\"https:\/\/pro-one.ch\/wp-content\/uploads\/products\/7796920.jpg\",\"contentUrl\":\"https:\/\/pro-one.ch\/wp-content\/uploads\/products\/7796920.jpg\",\"width\":1251,\"height\":1902},{\"@type\":\"BreadcrumbList\",\"@id\":\"https:\/\/pro-one.ch\/fr\/produits\/nettoyant-pour-chasses-deau\/#breadcrumb\",\"itemListElement\":[{\"@type\":\"ListItem\",\"position\":1,\"name\":\"Accueil\",\"item\":\"https:\/\/pro-one.ch\/fr\/\"},{\"@type\":\"ListItem\",\"position\":2,\"name\":\"Assortiment\",\"item\":\"https:\/\/pro-one.ch\/fr\/assortiment\/\"},{\"@type\":\"ListItem\",\"position\":3,\"name\":\"Nettoyant pour chasses d\u2019eau\"}]},{\"@type\":\"WebSite\",\"@id\":\"https:\/\/pro-one.ch\/fr\/#website\",\"url\":\"https:\/\/pro-one.ch\/fr\/\",\"name\":\"proone\",\"description\":\"\",\"potentialAction\":[{\"@type\":\"SearchAction\",\"target\":{\"@type\":\"EntryPoint\",\"urlTemplate\":\"https:\/\/pro-one.ch\/fr\/?s={search_term_string}\"},\"query-input\":{\"@type\":\"PropertyValueSpecification\",\"valueRequired\":true,\"valueName\":\"search_term_string\"}}],\"inLanguage\":\"fr-FR\"}]}<\/script>\n<!-- \/ Yoast SEO plugin. -->","yoast_head_json":{"title":"Nettoyant pour chasses d\u2019eau - proone","robots":{"index":"index","follow":"follow","max-snippet":"max-snippet:-1","max-image-preview":"max-image-preview:large","max-video-preview":"max-video-preview:-1"},"canonical":"https:\/\/pro-one.ch\/fr\/produits\/nettoyant-pour-chasses-deau\/","og_locale":"fr_FR","og_type":"article","og_title":"Nettoyant pour chasses d\u2019eau - proone","og_description":"\u2022 Convient \u00e0 tous les r\u00e9servoirs de chasse d\u2019eau \u2022 Dissout le calcaire et les d\u00e9p\u00f4ts de tartre et \u00e9limine efficacement la salet\u00e9 incrust\u00e9e \u2022 Entretient les joints et les tuyaux \u2022 Contenu 500 ml","og_url":"https:\/\/pro-one.ch\/fr\/produits\/nettoyant-pour-chasses-deau\/","og_site_name":"proone","article_modified_time":"2025-11-17T08:59:07+00:00","og_image":[{"width":1251,"height":1902,"url":"https:\/\/pro-one.ch\/wp-content\/uploads\/products\/7796920.jpg","type":"image\/jpeg"}],"twitter_card":"summary_large_image","schema":{"@context":"https:\/\/schema.org","@graph":[{"@type":"WebPage","@id":"https:\/\/pro-one.ch\/fr\/produits\/nettoyant-pour-chasses-deau\/","url":"https:\/\/pro-one.ch\/fr\/produits\/nettoyant-pour-chasses-deau\/","name":"Nettoyant pour chasses d\u2019eau - proone","isPartOf":{"@id":"https:\/\/pro-one.ch\/fr\/#website"},"primaryImageOfPage":{"@id":"https:\/\/pro-one.ch\/fr\/produits\/nettoyant-pour-chasses-deau\/#primaryimage"},"image":{"@id":"https:\/\/pro-one.ch\/fr\/produits\/nettoyant-pour-chasses-deau\/#primaryimage"},"thumbnailUrl":"https:\/\/pro-one.ch\/wp-content\/uploads\/products\/7796920.jpg","datePublished":"2025-11-17T07:47:00+00:00","dateModified":"2025-11-17T08:59:07+00:00","breadcrumb":{"@id":"https:\/\/pro-one.ch\/fr\/produits\/nettoyant-pour-chasses-deau\/#breadcrumb"},"inLanguage":"fr-FR","potentialAction":[{"@type":"ReadAction","target":["https:\/\/pro-one.ch\/fr\/produits\/nettoyant-pour-chasses-deau\/"]}]},{"@type":"ImageObject","inLanguage":"fr-FR","@id":"https:\/\/pro-one.ch\/fr\/produits\/nettoyant-pour-chasses-deau\/#primaryimage","url":"https:\/\/pro-one.ch\/wp-content\/uploads\/products\/7796920.jpg","contentUrl":"https:\/\/pro-one.ch\/wp-content\/uploads\/products\/7796920.jpg","width":1251,"height":1902},{"@type":"BreadcrumbList","@id":"https:\/\/pro-one.ch\/fr\/produits\/nettoyant-pour-chasses-deau\/#breadcrumb","itemListElement":[{"@type":"ListItem","position":1,"name":"Accueil","item":"https:\/\/pro-one.ch\/fr\/"},{"@type":"ListItem","position":2,"name":"Assortiment","item":"https:\/\/pro-one.ch\/fr\/assortiment\/"},{"@type":"ListItem","position":3,"name":"Nettoyant pour chasses d\u2019eau"}]},{"@type":"WebSite","@id":"https:\/\/pro-one.ch\/fr\/#website","url":"https:\/\/pro-one.ch\/fr\/","name":"proone","description":"","potentialAction":[{"@type":"SearchAction","target":{"@type":"EntryPoint","urlTemplate":"https:\/\/pro-one.ch\/fr\/?s={search_term_string}"},"query-input":{"@type":"PropertyValueSpecification","valueRequired":true,"valueName":"search_term_string"}}],"inLanguage":"fr-FR"}]}},"_links":{"self":[{"href":"https:\/\/pro-one.ch\/fr\/wp-json\/wp\/v2\/product\/85764","targetHints":{"allow":["GET"]}}],"collection":[{"href":"https:\/\/pro-one.ch\/fr\/wp-json\/wp\/v2\/product"}],"about":[{"href":"https:\/\/pro-one.ch\/fr\/wp-json\/wp\/v2\/types\/product"}],"wp:featuredmedia":[{"embeddable":true,"href":"https:\/\/pro-one.ch\/fr\/wp-json\/wp\/v2\/media\/30544"}],"wp:attachment":[{"href":"https:\/\/pro-one.ch\/fr\/wp-json\/wp\/v2\/media?parent=85764"}],"wp:term":[{"taxonomy":"product_brand","embeddable":true,"href":"https:\/\/pro-one.ch\/fr\/wp-json\/wp\/v2\/product_brand?post=85764"},{"taxonomy":"product_cat","embeddable":true,"href":"https:\/\/pro-one.ch\/fr\/wp-json\/wp\/v2\/product_cat?post=85764"},{"taxonomy":"product_tag","embeddable":true,"href":"https:\/\/pro-one.ch\/fr\/wp-json\/wp\/v2\/product_tag?post=85764"}],"curies":[{"name":"wp","href":"https:\/\/api.w.org\/{rel}","templated":true}]}}