{"id":85784,"date":"2025-11-17T08:47:14","date_gmt":"2025-11-17T07:47:14","guid":{"rendered":"https:\/\/pro-one.ch\/produkte\/cubes-de-nettoyage-des-reservoirs-deau\/"},"modified":"2025-11-17T09:59:21","modified_gmt":"2025-11-17T08:59:21","slug":"cubes-de-nettoyage-des-reservoirs-deau","status":"publish","type":"product","link":"https:\/\/pro-one.ch\/fr\/produits\/cubes-de-nettoyage-des-reservoirs-deau\/","title":{"rendered":"Cubes de nettoyage des r\u00e9servoirs d&rsquo;eau"},"content":{"rendered":"<p>\u2022 Pour Geberit, TECE et autres r\u00e9servoirs de chasse d\u2019eau<br \/>\n\u2022 Cubes de r\u00e9servoir de chasse d\u2019eau \u00e0 nettoyage actif<br \/>\n\u2022 A base de tensioactifs biod\u00e9gradables<br \/>\n\u2022 Fra\u00eecheur et propret\u00e9 \u00e0 chaque chasse d\u2019eau<br \/>\n\u2022 Amen\u00e9e simple et directe au tiroir d\u2019introduction<br \/>\n\u2022 Tr\u00e8s puissant<br \/>\n\u2022 Profitez d\u2019un parfum agr\u00e9able et d\u2019une eau<br \/>\npure pendant 4 semaines<br \/>\n\u2022 L\u2019alternative \u00e9l\u00e9gante et invisible aux blocsp WC<br \/>\n\u2022 Sans danger pour les stations d\u2019\u00e9puration biologiques<br \/>\n\u2022 L\u2019emballage se dissout dans l\u2019eau de mani\u00e8re<br \/>\nbiod\u00e9gradable<br \/>\n\u2022 Pas de date de conservation minimale si stockage \u00e0 sec<br \/>\n\u2022 Contenu 10 pi\u00e8ces<\/p>\n","protected":false},"excerpt":{"rendered":"<p>\u2022 Pour Geberit, TECE et autres r\u00e9servoirs de chasse d\u2019eau<br \/>\n\u2022 Cubes de r\u00e9servoir de chasse d\u2019eau \u00e0 nettoyage actif<br \/>\n\u2022 A base de tensioactifs biod\u00e9gradables<br \/>\n\u2022 Fra\u00eecheur et propret\u00e9 \u00e0 chaque chasse d\u2019eau<br \/>\n\u2022 Amen\u00e9e simple et directe au tiroir d\u2019introduction<br \/>\n\u2022 Tr\u00e8s puissant<br \/>\n\u2022 Profitez d\u2019un parfum agr\u00e9able et d\u2019une eau<br \/>\npure pendant 4 semaines<br \/>\n\u2022 L\u2019alternative \u00e9l\u00e9gante et invisible aux blocsp WC<br \/>\n\u2022 Sans danger pour les stations d\u2019\u00e9puration biologiques<br \/>\n\u2022 L\u2019emballage se dissout dans l\u2019eau de mani\u00e8re<br \/>\nbiod\u00e9gradable<br \/>\n\u2022 Pas de date de conservation minimale si stockage \u00e0 sec<br \/>\n\u2022 Contenu 10 pi\u00e8ces<\/p>\n","protected":false},"featured_media":30769,"template":"","meta":[],"product_brand":[],"product_cat":[78],"product_tag":[],"class_list":{"0":"post-85784","1":"product","2":"type-product","3":"status-publish","4":"has-post-thumbnail","6":"product_cat-produits-nettoyants","8":"first","9":"instock","10":"purchasable","11":"product-type-simple"},"yoast_head":"<!-- This site is optimized with the Yoast SEO plugin v27.5 - https:\/\/yoast.com\/product\/yoast-seo-wordpress\/ -->\n<title>Cubes de nettoyage des r\u00e9servoirs d&#039;eau - proone<\/title>\n<meta name=\"robots\" content=\"index, follow, max-snippet:-1, max-image-preview:large, max-video-preview:-1\" \/>\n<link rel=\"canonical\" href=\"https:\/\/pro-one.ch\/fr\/produits\/cubes-de-nettoyage-des-reservoirs-deau\/\" \/>\n<meta property=\"og:locale\" content=\"fr_FR\" \/>\n<meta property=\"og:type\" content=\"article\" \/>\n<meta property=\"og:title\" content=\"Cubes de nettoyage des r\u00e9servoirs d&#039;eau - proone\" \/>\n<meta property=\"og:description\" content=\"\u2022 Pour Geberit, TECE et autres r\u00e9servoirs de chasse d\u2019eau \u2022 Cubes de r\u00e9servoir de chasse d\u2019eau \u00e0 nettoyage actif \u2022 A base de tensioactifs biod\u00e9gradables \u2022 Fra\u00eecheur et propret\u00e9 \u00e0 chaque chasse d\u2019eau \u2022 Amen\u00e9e simple et directe au tiroir d\u2019introduction \u2022 Tr\u00e8s puissant \u2022 Profitez d\u2019un parfum agr\u00e9able et d\u2019une eau pure pendant 4 semaines \u2022 L\u2019alternative \u00e9l\u00e9gante et invisible aux blocsp WC \u2022 Sans danger pour les stations d\u2019\u00e9puration biologiques \u2022 L\u2019emballage se dissout dans l\u2019eau de mani\u00e8re biod\u00e9gradable \u2022 Pas de date de conservation minimale si stockage \u00e0 sec \u2022 Contenu 10 pi\u00e8ces\" \/>\n<meta property=\"og:url\" content=\"https:\/\/pro-one.ch\/fr\/produits\/cubes-de-nettoyage-des-reservoirs-deau\/\" \/>\n<meta property=\"og:site_name\" content=\"proone\" \/>\n<meta property=\"article:modified_time\" content=\"2025-11-17T08:59:21+00:00\" \/>\n<meta property=\"og:image\" content=\"https:\/\/pro-one.ch\/wp-content\/uploads\/products\/6208659-scaled.jpg\" \/>\n\t<meta property=\"og:image:width\" content=\"1920\" \/>\n\t<meta property=\"og:image:height\" content=\"1599\" \/>\n\t<meta property=\"og:image:type\" content=\"image\/jpeg\" \/>\n<meta name=\"twitter:card\" content=\"summary_large_image\" \/>\n<meta name=\"twitter:label1\" content=\"Dur\u00e9e de lecture estim\u00e9e\" \/>\n\t<meta name=\"twitter:data1\" content=\"1 minute\" \/>\n<script type=\"application\/ld+json\" class=\"yoast-schema-graph\">{\"@context\":\"https:\\\/\\\/schema.org\",\"@graph\":[{\"@type\":\"WebPage\",\"@id\":\"https:\\\/\\\/pro-one.ch\\\/fr\\\/produits\\\/cubes-de-nettoyage-des-reservoirs-deau\\\/\",\"url\":\"https:\\\/\\\/pro-one.ch\\\/fr\\\/produits\\\/cubes-de-nettoyage-des-reservoirs-deau\\\/\",\"name\":\"Cubes de nettoyage des r\u00e9servoirs d'eau - proone\",\"isPartOf\":{\"@id\":\"https:\\\/\\\/pro-one.ch\\\/fr\\\/#website\"},\"primaryImageOfPage\":{\"@id\":\"https:\\\/\\\/pro-one.ch\\\/fr\\\/produits\\\/cubes-de-nettoyage-des-reservoirs-deau\\\/#primaryimage\"},\"image\":{\"@id\":\"https:\\\/\\\/pro-one.ch\\\/fr\\\/produits\\\/cubes-de-nettoyage-des-reservoirs-deau\\\/#primaryimage\"},\"thumbnailUrl\":\"https:\\\/\\\/pro-one.ch\\\/wp-content\\\/uploads\\\/products\\\/6208659-scaled.jpg\",\"datePublished\":\"2025-11-17T07:47:14+00:00\",\"dateModified\":\"2025-11-17T08:59:21+00:00\",\"breadcrumb\":{\"@id\":\"https:\\\/\\\/pro-one.ch\\\/fr\\\/produits\\\/cubes-de-nettoyage-des-reservoirs-deau\\\/#breadcrumb\"},\"inLanguage\":\"fr-FR\",\"potentialAction\":[{\"@type\":\"ReadAction\",\"target\":[\"https:\\\/\\\/pro-one.ch\\\/fr\\\/produits\\\/cubes-de-nettoyage-des-reservoirs-deau\\\/\"]}]},{\"@type\":\"ImageObject\",\"inLanguage\":\"fr-FR\",\"@id\":\"https:\\\/\\\/pro-one.ch\\\/fr\\\/produits\\\/cubes-de-nettoyage-des-reservoirs-deau\\\/#primaryimage\",\"url\":\"https:\\\/\\\/pro-one.ch\\\/wp-content\\\/uploads\\\/products\\\/6208659-scaled.jpg\",\"contentUrl\":\"https:\\\/\\\/pro-one.ch\\\/wp-content\\\/uploads\\\/products\\\/6208659-scaled.jpg\",\"width\":1920,\"height\":1599},{\"@type\":\"BreadcrumbList\",\"@id\":\"https:\\\/\\\/pro-one.ch\\\/fr\\\/produits\\\/cubes-de-nettoyage-des-reservoirs-deau\\\/#breadcrumb\",\"itemListElement\":[{\"@type\":\"ListItem\",\"position\":1,\"name\":\"Accueil\",\"item\":\"https:\\\/\\\/pro-one.ch\\\/fr\\\/\"},{\"@type\":\"ListItem\",\"position\":2,\"name\":\"Assortiment\",\"item\":\"https:\\\/\\\/pro-one.ch\\\/fr\\\/assortiment\\\/\"},{\"@type\":\"ListItem\",\"position\":3,\"name\":\"Cubes de nettoyage des r\u00e9servoirs d&rsquo;eau\"}]},{\"@type\":\"WebSite\",\"@id\":\"https:\\\/\\\/pro-one.ch\\\/fr\\\/#website\",\"url\":\"https:\\\/\\\/pro-one.ch\\\/fr\\\/\",\"name\":\"proone\",\"description\":\"\",\"potentialAction\":[{\"@type\":\"SearchAction\",\"target\":{\"@type\":\"EntryPoint\",\"urlTemplate\":\"https:\\\/\\\/pro-one.ch\\\/fr\\\/?s={search_term_string}\"},\"query-input\":{\"@type\":\"PropertyValueSpecification\",\"valueRequired\":true,\"valueName\":\"search_term_string\"}}],\"inLanguage\":\"fr-FR\"}]}<\/script>\n<!-- \/ Yoast SEO plugin. -->","yoast_head_json":{"title":"Cubes de nettoyage des r\u00e9servoirs d'eau - proone","robots":{"index":"index","follow":"follow","max-snippet":"max-snippet:-1","max-image-preview":"max-image-preview:large","max-video-preview":"max-video-preview:-1"},"canonical":"https:\/\/pro-one.ch\/fr\/produits\/cubes-de-nettoyage-des-reservoirs-deau\/","og_locale":"fr_FR","og_type":"article","og_title":"Cubes de nettoyage des r\u00e9servoirs d'eau - proone","og_description":"\u2022 Pour Geberit, TECE et autres r\u00e9servoirs de chasse d\u2019eau \u2022 Cubes de r\u00e9servoir de chasse d\u2019eau \u00e0 nettoyage actif \u2022 A base de tensioactifs biod\u00e9gradables \u2022 Fra\u00eecheur et propret\u00e9 \u00e0 chaque chasse d\u2019eau \u2022 Amen\u00e9e simple et directe au tiroir d\u2019introduction \u2022 Tr\u00e8s puissant \u2022 Profitez d\u2019un parfum agr\u00e9able et d\u2019une eau pure pendant 4 semaines \u2022 L\u2019alternative \u00e9l\u00e9gante et invisible aux blocsp WC \u2022 Sans danger pour les stations d\u2019\u00e9puration biologiques \u2022 L\u2019emballage se dissout dans l\u2019eau de mani\u00e8re biod\u00e9gradable \u2022 Pas de date de conservation minimale si stockage \u00e0 sec \u2022 Contenu 10 pi\u00e8ces","og_url":"https:\/\/pro-one.ch\/fr\/produits\/cubes-de-nettoyage-des-reservoirs-deau\/","og_site_name":"proone","article_modified_time":"2025-11-17T08:59:21+00:00","og_image":[{"width":1920,"height":1599,"url":"https:\/\/pro-one.ch\/wp-content\/uploads\/products\/6208659-scaled.jpg","type":"image\/jpeg"}],"twitter_card":"summary_large_image","twitter_misc":{"Dur\u00e9e de lecture estim\u00e9e":"1 minute"},"schema":{"@context":"https:\/\/schema.org","@graph":[{"@type":"WebPage","@id":"https:\/\/pro-one.ch\/fr\/produits\/cubes-de-nettoyage-des-reservoirs-deau\/","url":"https:\/\/pro-one.ch\/fr\/produits\/cubes-de-nettoyage-des-reservoirs-deau\/","name":"Cubes de nettoyage des r\u00e9servoirs d'eau - proone","isPartOf":{"@id":"https:\/\/pro-one.ch\/fr\/#website"},"primaryImageOfPage":{"@id":"https:\/\/pro-one.ch\/fr\/produits\/cubes-de-nettoyage-des-reservoirs-deau\/#primaryimage"},"image":{"@id":"https:\/\/pro-one.ch\/fr\/produits\/cubes-de-nettoyage-des-reservoirs-deau\/#primaryimage"},"thumbnailUrl":"https:\/\/pro-one.ch\/wp-content\/uploads\/products\/6208659-scaled.jpg","datePublished":"2025-11-17T07:47:14+00:00","dateModified":"2025-11-17T08:59:21+00:00","breadcrumb":{"@id":"https:\/\/pro-one.ch\/fr\/produits\/cubes-de-nettoyage-des-reservoirs-deau\/#breadcrumb"},"inLanguage":"fr-FR","potentialAction":[{"@type":"ReadAction","target":["https:\/\/pro-one.ch\/fr\/produits\/cubes-de-nettoyage-des-reservoirs-deau\/"]}]},{"@type":"ImageObject","inLanguage":"fr-FR","@id":"https:\/\/pro-one.ch\/fr\/produits\/cubes-de-nettoyage-des-reservoirs-deau\/#primaryimage","url":"https:\/\/pro-one.ch\/wp-content\/uploads\/products\/6208659-scaled.jpg","contentUrl":"https:\/\/pro-one.ch\/wp-content\/uploads\/products\/6208659-scaled.jpg","width":1920,"height":1599},{"@type":"BreadcrumbList","@id":"https:\/\/pro-one.ch\/fr\/produits\/cubes-de-nettoyage-des-reservoirs-deau\/#breadcrumb","itemListElement":[{"@type":"ListItem","position":1,"name":"Accueil","item":"https:\/\/pro-one.ch\/fr\/"},{"@type":"ListItem","position":2,"name":"Assortiment","item":"https:\/\/pro-one.ch\/fr\/assortiment\/"},{"@type":"ListItem","position":3,"name":"Cubes de nettoyage des r\u00e9servoirs d&rsquo;eau"}]},{"@type":"WebSite","@id":"https:\/\/pro-one.ch\/fr\/#website","url":"https:\/\/pro-one.ch\/fr\/","name":"proone","description":"","potentialAction":[{"@type":"SearchAction","target":{"@type":"EntryPoint","urlTemplate":"https:\/\/pro-one.ch\/fr\/?s={search_term_string}"},"query-input":{"@type":"PropertyValueSpecification","valueRequired":true,"valueName":"search_term_string"}}],"inLanguage":"fr-FR"}]}},"_links":{"self":[{"href":"https:\/\/pro-one.ch\/fr\/wp-json\/wp\/v2\/product\/85784","targetHints":{"allow":["GET"]}}],"collection":[{"href":"https:\/\/pro-one.ch\/fr\/wp-json\/wp\/v2\/product"}],"about":[{"href":"https:\/\/pro-one.ch\/fr\/wp-json\/wp\/v2\/types\/product"}],"wp:featuredmedia":[{"embeddable":true,"href":"https:\/\/pro-one.ch\/fr\/wp-json\/wp\/v2\/media\/30769"}],"wp:attachment":[{"href":"https:\/\/pro-one.ch\/fr\/wp-json\/wp\/v2\/media?parent=85784"}],"wp:term":[{"taxonomy":"product_brand","embeddable":true,"href":"https:\/\/pro-one.ch\/fr\/wp-json\/wp\/v2\/product_brand?post=85784"},{"taxonomy":"product_cat","embeddable":true,"href":"https:\/\/pro-one.ch\/fr\/wp-json\/wp\/v2\/product_cat?post=85784"},{"taxonomy":"product_tag","embeddable":true,"href":"https:\/\/pro-one.ch\/fr\/wp-json\/wp\/v2\/product_tag?post=85784"}],"curies":[{"name":"wp","href":"https:\/\/api.w.org\/{rel}","templated":true}]}}