{"id":85786,"date":"2025-11-17T08:47:14","date_gmt":"2025-11-17T07:47:14","guid":{"rendered":"https:\/\/pro-one.ch\/produkte\/produit-anti-odeurs-pour-canalisations\/"},"modified":"2025-11-17T09:59:23","modified_gmt":"2025-11-17T08:59:23","slug":"produit-anti-odeurs-pour-canalisations","status":"publish","type":"product","link":"https:\/\/pro-one.ch\/fr\/produits\/produit-anti-odeurs-pour-canalisations\/","title":{"rendered":"Produit anti-odeurs pour canalisations"},"content":{"rendered":"<p>\u2022 Le produit anti-odeurs pour canalisations<br \/>\nProOne est utilis\u00e9 pour l\u2019obturation liquide<br \/>\ndes conduits d\u2019\u00e9vacuation inutilis\u00e9s ou<br \/>\npeu utilis\u00e9s.<br \/>\n\u2022 Il r\u00e9sout le probl\u00e8me de l\u2019\u00e9vaporation<br \/>\nd\u2019eau dans les siphons de tous types et<br \/>\nemp\u00eache ainsi efficacement<br \/>\nle d\u00e9veloppement de mauvaises odeurs<br \/>\n\u2022 Id\u00e9al pour les maisons de vacances,<br \/>\nles logements saisonniers et en principe<br \/>\npour tous les siphons pouvant pr\u00e9senter<br \/>\nune \u00e9vaporation.<br \/>\n\u2022 Contenu 500 ml<\/p>\n","protected":false},"excerpt":{"rendered":"<p>\u2022 Le produit anti-odeurs pour canalisations<br \/>\nProOne est utilis\u00e9 pour l\u2019obturation liquide<br \/>\ndes conduits d\u2019\u00e9vacuation inutilis\u00e9s ou<br \/>\npeu utilis\u00e9s.<br \/>\n\u2022 Il r\u00e9sout le probl\u00e8me de l\u2019\u00e9vaporation<br \/>\nd\u2019eau dans les siphons de tous types et<br \/>\nemp\u00eache ainsi efficacement<br \/>\nle d\u00e9veloppement de mauvaises odeurs<br \/>\n\u2022 Id\u00e9al pour les maisons de vacances,<br \/>\nles logements saisonniers et en principe<br \/>\npour tous les siphons pouvant pr\u00e9senter<br \/>\nune \u00e9vaporation.<br \/>\n\u2022 Contenu 500 ml<\/p>\n","protected":false},"featured_media":30583,"template":"","meta":[],"product_brand":[],"product_cat":[78],"product_tag":[],"class_list":{"0":"post-85786","1":"product","2":"type-product","3":"status-publish","4":"has-post-thumbnail","6":"product_cat-produits-nettoyants","8":"first","9":"instock","10":"purchasable","11":"product-type-simple"},"yoast_head":"<!-- This site is optimized with the Yoast SEO plugin v27.5 - https:\/\/yoast.com\/product\/yoast-seo-wordpress\/ -->\n<title>Produit anti-odeurs pour canalisations - proone<\/title>\n<meta name=\"robots\" content=\"index, follow, max-snippet:-1, max-image-preview:large, max-video-preview:-1\" \/>\n<link rel=\"canonical\" href=\"https:\/\/pro-one.ch\/fr\/produits\/produit-anti-odeurs-pour-canalisations\/\" \/>\n<meta property=\"og:locale\" content=\"fr_FR\" \/>\n<meta property=\"og:type\" content=\"article\" \/>\n<meta property=\"og:title\" content=\"Produit anti-odeurs pour canalisations - proone\" \/>\n<meta property=\"og:description\" content=\"\u2022 Le produit anti-odeurs pour canalisations ProOne est utilis\u00e9 pour l\u2019obturation liquide des conduits d\u2019\u00e9vacuation inutilis\u00e9s ou peu utilis\u00e9s. \u2022 Il r\u00e9sout le probl\u00e8me de l\u2019\u00e9vaporation d\u2019eau dans les siphons de tous types et emp\u00eache ainsi efficacement le d\u00e9veloppement de mauvaises odeurs \u2022 Id\u00e9al pour les maisons de vacances, les logements saisonniers et en principe pour tous les siphons pouvant pr\u00e9senter une \u00e9vaporation. \u2022 Contenu 500 ml\" \/>\n<meta property=\"og:url\" content=\"https:\/\/pro-one.ch\/fr\/produits\/produit-anti-odeurs-pour-canalisations\/\" \/>\n<meta property=\"og:site_name\" content=\"proone\" \/>\n<meta property=\"article:modified_time\" content=\"2025-11-17T08:59:23+00:00\" \/>\n<meta property=\"og:image\" content=\"https:\/\/pro-one.ch\/wp-content\/uploads\/products\/7746110.jpg\" \/>\n\t<meta property=\"og:image:width\" content=\"766\" \/>\n\t<meta property=\"og:image:height\" content=\"1464\" \/>\n\t<meta property=\"og:image:type\" content=\"image\/jpeg\" \/>\n<meta name=\"twitter:card\" content=\"summary_large_image\" \/>\n<script type=\"application\/ld+json\" class=\"yoast-schema-graph\">{\"@context\":\"https:\\\/\\\/schema.org\",\"@graph\":[{\"@type\":\"WebPage\",\"@id\":\"https:\\\/\\\/pro-one.ch\\\/fr\\\/produits\\\/produit-anti-odeurs-pour-canalisations\\\/\",\"url\":\"https:\\\/\\\/pro-one.ch\\\/fr\\\/produits\\\/produit-anti-odeurs-pour-canalisations\\\/\",\"name\":\"Produit anti-odeurs pour canalisations - proone\",\"isPartOf\":{\"@id\":\"https:\\\/\\\/pro-one.ch\\\/fr\\\/#website\"},\"primaryImageOfPage\":{\"@id\":\"https:\\\/\\\/pro-one.ch\\\/fr\\\/produits\\\/produit-anti-odeurs-pour-canalisations\\\/#primaryimage\"},\"image\":{\"@id\":\"https:\\\/\\\/pro-one.ch\\\/fr\\\/produits\\\/produit-anti-odeurs-pour-canalisations\\\/#primaryimage\"},\"thumbnailUrl\":\"https:\\\/\\\/pro-one.ch\\\/wp-content\\\/uploads\\\/products\\\/7746110.jpg\",\"datePublished\":\"2025-11-17T07:47:14+00:00\",\"dateModified\":\"2025-11-17T08:59:23+00:00\",\"breadcrumb\":{\"@id\":\"https:\\\/\\\/pro-one.ch\\\/fr\\\/produits\\\/produit-anti-odeurs-pour-canalisations\\\/#breadcrumb\"},\"inLanguage\":\"fr-FR\",\"potentialAction\":[{\"@type\":\"ReadAction\",\"target\":[\"https:\\\/\\\/pro-one.ch\\\/fr\\\/produits\\\/produit-anti-odeurs-pour-canalisations\\\/\"]}]},{\"@type\":\"ImageObject\",\"inLanguage\":\"fr-FR\",\"@id\":\"https:\\\/\\\/pro-one.ch\\\/fr\\\/produits\\\/produit-anti-odeurs-pour-canalisations\\\/#primaryimage\",\"url\":\"https:\\\/\\\/pro-one.ch\\\/wp-content\\\/uploads\\\/products\\\/7746110.jpg\",\"contentUrl\":\"https:\\\/\\\/pro-one.ch\\\/wp-content\\\/uploads\\\/products\\\/7746110.jpg\",\"width\":766,\"height\":1464},{\"@type\":\"BreadcrumbList\",\"@id\":\"https:\\\/\\\/pro-one.ch\\\/fr\\\/produits\\\/produit-anti-odeurs-pour-canalisations\\\/#breadcrumb\",\"itemListElement\":[{\"@type\":\"ListItem\",\"position\":1,\"name\":\"Accueil\",\"item\":\"https:\\\/\\\/pro-one.ch\\\/fr\\\/\"},{\"@type\":\"ListItem\",\"position\":2,\"name\":\"Assortiment\",\"item\":\"https:\\\/\\\/pro-one.ch\\\/fr\\\/assortiment\\\/\"},{\"@type\":\"ListItem\",\"position\":3,\"name\":\"Produit anti-odeurs pour canalisations\"}]},{\"@type\":\"WebSite\",\"@id\":\"https:\\\/\\\/pro-one.ch\\\/fr\\\/#website\",\"url\":\"https:\\\/\\\/pro-one.ch\\\/fr\\\/\",\"name\":\"proone\",\"description\":\"\",\"potentialAction\":[{\"@type\":\"SearchAction\",\"target\":{\"@type\":\"EntryPoint\",\"urlTemplate\":\"https:\\\/\\\/pro-one.ch\\\/fr\\\/?s={search_term_string}\"},\"query-input\":{\"@type\":\"PropertyValueSpecification\",\"valueRequired\":true,\"valueName\":\"search_term_string\"}}],\"inLanguage\":\"fr-FR\"}]}<\/script>\n<!-- \/ Yoast SEO plugin. -->","yoast_head_json":{"title":"Produit anti-odeurs pour canalisations - proone","robots":{"index":"index","follow":"follow","max-snippet":"max-snippet:-1","max-image-preview":"max-image-preview:large","max-video-preview":"max-video-preview:-1"},"canonical":"https:\/\/pro-one.ch\/fr\/produits\/produit-anti-odeurs-pour-canalisations\/","og_locale":"fr_FR","og_type":"article","og_title":"Produit anti-odeurs pour canalisations - proone","og_description":"\u2022 Le produit anti-odeurs pour canalisations ProOne est utilis\u00e9 pour l\u2019obturation liquide des conduits d\u2019\u00e9vacuation inutilis\u00e9s ou peu utilis\u00e9s. \u2022 Il r\u00e9sout le probl\u00e8me de l\u2019\u00e9vaporation d\u2019eau dans les siphons de tous types et emp\u00eache ainsi efficacement le d\u00e9veloppement de mauvaises odeurs \u2022 Id\u00e9al pour les maisons de vacances, les logements saisonniers et en principe pour tous les siphons pouvant pr\u00e9senter une \u00e9vaporation. \u2022 Contenu 500 ml","og_url":"https:\/\/pro-one.ch\/fr\/produits\/produit-anti-odeurs-pour-canalisations\/","og_site_name":"proone","article_modified_time":"2025-11-17T08:59:23+00:00","og_image":[{"width":766,"height":1464,"url":"https:\/\/pro-one.ch\/wp-content\/uploads\/products\/7746110.jpg","type":"image\/jpeg"}],"twitter_card":"summary_large_image","schema":{"@context":"https:\/\/schema.org","@graph":[{"@type":"WebPage","@id":"https:\/\/pro-one.ch\/fr\/produits\/produit-anti-odeurs-pour-canalisations\/","url":"https:\/\/pro-one.ch\/fr\/produits\/produit-anti-odeurs-pour-canalisations\/","name":"Produit anti-odeurs pour canalisations - proone","isPartOf":{"@id":"https:\/\/pro-one.ch\/fr\/#website"},"primaryImageOfPage":{"@id":"https:\/\/pro-one.ch\/fr\/produits\/produit-anti-odeurs-pour-canalisations\/#primaryimage"},"image":{"@id":"https:\/\/pro-one.ch\/fr\/produits\/produit-anti-odeurs-pour-canalisations\/#primaryimage"},"thumbnailUrl":"https:\/\/pro-one.ch\/wp-content\/uploads\/products\/7746110.jpg","datePublished":"2025-11-17T07:47:14+00:00","dateModified":"2025-11-17T08:59:23+00:00","breadcrumb":{"@id":"https:\/\/pro-one.ch\/fr\/produits\/produit-anti-odeurs-pour-canalisations\/#breadcrumb"},"inLanguage":"fr-FR","potentialAction":[{"@type":"ReadAction","target":["https:\/\/pro-one.ch\/fr\/produits\/produit-anti-odeurs-pour-canalisations\/"]}]},{"@type":"ImageObject","inLanguage":"fr-FR","@id":"https:\/\/pro-one.ch\/fr\/produits\/produit-anti-odeurs-pour-canalisations\/#primaryimage","url":"https:\/\/pro-one.ch\/wp-content\/uploads\/products\/7746110.jpg","contentUrl":"https:\/\/pro-one.ch\/wp-content\/uploads\/products\/7746110.jpg","width":766,"height":1464},{"@type":"BreadcrumbList","@id":"https:\/\/pro-one.ch\/fr\/produits\/produit-anti-odeurs-pour-canalisations\/#breadcrumb","itemListElement":[{"@type":"ListItem","position":1,"name":"Accueil","item":"https:\/\/pro-one.ch\/fr\/"},{"@type":"ListItem","position":2,"name":"Assortiment","item":"https:\/\/pro-one.ch\/fr\/assortiment\/"},{"@type":"ListItem","position":3,"name":"Produit anti-odeurs pour canalisations"}]},{"@type":"WebSite","@id":"https:\/\/pro-one.ch\/fr\/#website","url":"https:\/\/pro-one.ch\/fr\/","name":"proone","description":"","potentialAction":[{"@type":"SearchAction","target":{"@type":"EntryPoint","urlTemplate":"https:\/\/pro-one.ch\/fr\/?s={search_term_string}"},"query-input":{"@type":"PropertyValueSpecification","valueRequired":true,"valueName":"search_term_string"}}],"inLanguage":"fr-FR"}]}},"_links":{"self":[{"href":"https:\/\/pro-one.ch\/fr\/wp-json\/wp\/v2\/product\/85786","targetHints":{"allow":["GET"]}}],"collection":[{"href":"https:\/\/pro-one.ch\/fr\/wp-json\/wp\/v2\/product"}],"about":[{"href":"https:\/\/pro-one.ch\/fr\/wp-json\/wp\/v2\/types\/product"}],"wp:featuredmedia":[{"embeddable":true,"href":"https:\/\/pro-one.ch\/fr\/wp-json\/wp\/v2\/media\/30583"}],"wp:attachment":[{"href":"https:\/\/pro-one.ch\/fr\/wp-json\/wp\/v2\/media?parent=85786"}],"wp:term":[{"taxonomy":"product_brand","embeddable":true,"href":"https:\/\/pro-one.ch\/fr\/wp-json\/wp\/v2\/product_brand?post=85786"},{"taxonomy":"product_cat","embeddable":true,"href":"https:\/\/pro-one.ch\/fr\/wp-json\/wp\/v2\/product_cat?post=85786"},{"taxonomy":"product_tag","embeddable":true,"href":"https:\/\/pro-one.ch\/fr\/wp-json\/wp\/v2\/product_tag?post=85786"}],"curies":[{"name":"wp","href":"https:\/\/api.w.org\/{rel}","templated":true}]}}