{"id":85792,"date":"2025-11-17T08:47:14","date_gmt":"2025-11-17T07:47:14","guid":{"rendered":"https:\/\/pro-one.ch\/produkte\/bio-nettoyant-pour-sanitaires\/"},"modified":"2025-11-17T09:59:29","modified_gmt":"2025-11-17T08:59:29","slug":"bio-nettoyant-pour-sanitaires","status":"publish","type":"product","link":"https:\/\/pro-one.ch\/fr\/produits\/bio-nettoyant-pour-sanitaires\/","title":{"rendered":"BIO Nettoyant pour sanitaires"},"content":{"rendered":"<p>\u2022 Nettoyant hygi\u00e9nique puissant pour tous les sanitaires et pi\u00e8ces humides.<br \/>\n\u2022 \u00c9limine les traces de calcaire, la rouille, les d\u00e9p\u00f4ts de graisse et de savon.<br \/>\n\u2022 Prot\u00e8ge les robinetteries et fait briller.<br \/>\n\u2022 Composants d\u2019origine 100\u00a0% naturelle.<br \/>\n\u2022 Diffuse un agr\u00e9able parfum de menthe poivr\u00e9e.<br \/>\n\u2022 Contenu 1 l<\/p>\n","protected":false},"excerpt":{"rendered":"<p>\u2022 Nettoyant hygi\u00e9nique puissant pour tous les sanitaires et pi\u00e8ces humides.<br \/>\n\u2022 \u00c9limine les traces de calcaire, la rouille, les d\u00e9p\u00f4ts de graisse et de savon.<br \/>\n\u2022 Prot\u00e8ge les robinetteries et fait briller.<br \/>\n\u2022 Composants d\u2019origine 100\u00a0% naturelle.<br \/>\n\u2022 Diffuse un agr\u00e9able parfum de menthe poivr\u00e9e.<br \/>\n\u2022 Contenu 1 l<\/p>\n","protected":false},"featured_media":30541,"template":"","meta":[],"product_brand":[],"product_cat":[78],"product_tag":[],"class_list":{"0":"post-85792","1":"product","2":"type-product","3":"status-publish","4":"has-post-thumbnail","6":"product_cat-produits-nettoyants","8":"first","9":"instock","10":"purchasable","11":"product-type-simple"},"yoast_head":"<!-- This site is optimized with the Yoast SEO plugin v27.0 - https:\/\/yoast.com\/product\/yoast-seo-wordpress\/ -->\n<title>BIO Nettoyant pour sanitaires - proone<\/title>\n<meta name=\"robots\" content=\"index, follow, max-snippet:-1, max-image-preview:large, max-video-preview:-1\" \/>\n<link rel=\"canonical\" href=\"https:\/\/pro-one.ch\/fr\/produits\/bio-nettoyant-pour-sanitaires\/\" \/>\n<meta property=\"og:locale\" content=\"fr_FR\" \/>\n<meta property=\"og:type\" content=\"article\" \/>\n<meta property=\"og:title\" content=\"BIO Nettoyant pour sanitaires - proone\" \/>\n<meta property=\"og:description\" content=\"\u2022 Nettoyant hygi\u00e9nique puissant pour tous les sanitaires et pi\u00e8ces humides. \u2022 \u00c9limine les traces de calcaire, la rouille, les d\u00e9p\u00f4ts de graisse et de savon. \u2022 Prot\u00e8ge les robinetteries et fait briller. \u2022 Composants d\u2019origine 100\u00a0% naturelle. \u2022 Diffuse un agr\u00e9able parfum de menthe poivr\u00e9e. \u2022 Contenu 1 l\" \/>\n<meta property=\"og:url\" content=\"https:\/\/pro-one.ch\/fr\/produits\/bio-nettoyant-pour-sanitaires\/\" \/>\n<meta property=\"og:site_name\" content=\"proone\" \/>\n<meta property=\"article:modified_time\" content=\"2025-11-17T08:59:29+00:00\" \/>\n<meta property=\"og:image\" content=\"https:\/\/pro-one.ch\/wp-content\/uploads\/products\/7796921.jpg\" \/>\n\t<meta property=\"og:image:width\" content=\"1121\" \/>\n\t<meta property=\"og:image:height\" content=\"1920\" \/>\n\t<meta property=\"og:image:type\" content=\"image\/jpeg\" \/>\n<meta name=\"twitter:card\" content=\"summary_large_image\" \/>\n<script type=\"application\/ld+json\" class=\"yoast-schema-graph\">{\"@context\":\"https:\/\/schema.org\",\"@graph\":[{\"@type\":\"WebPage\",\"@id\":\"https:\/\/pro-one.ch\/fr\/produits\/bio-nettoyant-pour-sanitaires\/\",\"url\":\"https:\/\/pro-one.ch\/fr\/produits\/bio-nettoyant-pour-sanitaires\/\",\"name\":\"BIO Nettoyant pour sanitaires - proone\",\"isPartOf\":{\"@id\":\"https:\/\/pro-one.ch\/fr\/#website\"},\"primaryImageOfPage\":{\"@id\":\"https:\/\/pro-one.ch\/fr\/produits\/bio-nettoyant-pour-sanitaires\/#primaryimage\"},\"image\":{\"@id\":\"https:\/\/pro-one.ch\/fr\/produits\/bio-nettoyant-pour-sanitaires\/#primaryimage\"},\"thumbnailUrl\":\"https:\/\/pro-one.ch\/wp-content\/uploads\/products\/7796921.jpg\",\"datePublished\":\"2025-11-17T07:47:14+00:00\",\"dateModified\":\"2025-11-17T08:59:29+00:00\",\"breadcrumb\":{\"@id\":\"https:\/\/pro-one.ch\/fr\/produits\/bio-nettoyant-pour-sanitaires\/#breadcrumb\"},\"inLanguage\":\"fr-FR\",\"potentialAction\":[{\"@type\":\"ReadAction\",\"target\":[\"https:\/\/pro-one.ch\/fr\/produits\/bio-nettoyant-pour-sanitaires\/\"]}]},{\"@type\":\"ImageObject\",\"inLanguage\":\"fr-FR\",\"@id\":\"https:\/\/pro-one.ch\/fr\/produits\/bio-nettoyant-pour-sanitaires\/#primaryimage\",\"url\":\"https:\/\/pro-one.ch\/wp-content\/uploads\/products\/7796921.jpg\",\"contentUrl\":\"https:\/\/pro-one.ch\/wp-content\/uploads\/products\/7796921.jpg\",\"width\":1121,\"height\":1920},{\"@type\":\"BreadcrumbList\",\"@id\":\"https:\/\/pro-one.ch\/fr\/produits\/bio-nettoyant-pour-sanitaires\/#breadcrumb\",\"itemListElement\":[{\"@type\":\"ListItem\",\"position\":1,\"name\":\"Accueil\",\"item\":\"https:\/\/pro-one.ch\/fr\/\"},{\"@type\":\"ListItem\",\"position\":2,\"name\":\"Assortiment\",\"item\":\"https:\/\/pro-one.ch\/fr\/assortiment\/\"},{\"@type\":\"ListItem\",\"position\":3,\"name\":\"BIO Nettoyant pour sanitaires\"}]},{\"@type\":\"WebSite\",\"@id\":\"https:\/\/pro-one.ch\/fr\/#website\",\"url\":\"https:\/\/pro-one.ch\/fr\/\",\"name\":\"proone\",\"description\":\"\",\"potentialAction\":[{\"@type\":\"SearchAction\",\"target\":{\"@type\":\"EntryPoint\",\"urlTemplate\":\"https:\/\/pro-one.ch\/fr\/?s={search_term_string}\"},\"query-input\":{\"@type\":\"PropertyValueSpecification\",\"valueRequired\":true,\"valueName\":\"search_term_string\"}}],\"inLanguage\":\"fr-FR\"}]}<\/script>\n<!-- \/ Yoast SEO plugin. -->","yoast_head_json":{"title":"BIO Nettoyant pour sanitaires - proone","robots":{"index":"index","follow":"follow","max-snippet":"max-snippet:-1","max-image-preview":"max-image-preview:large","max-video-preview":"max-video-preview:-1"},"canonical":"https:\/\/pro-one.ch\/fr\/produits\/bio-nettoyant-pour-sanitaires\/","og_locale":"fr_FR","og_type":"article","og_title":"BIO Nettoyant pour sanitaires - proone","og_description":"\u2022 Nettoyant hygi\u00e9nique puissant pour tous les sanitaires et pi\u00e8ces humides. \u2022 \u00c9limine les traces de calcaire, la rouille, les d\u00e9p\u00f4ts de graisse et de savon. \u2022 Prot\u00e8ge les robinetteries et fait briller. \u2022 Composants d\u2019origine 100\u00a0% naturelle. \u2022 Diffuse un agr\u00e9able parfum de menthe poivr\u00e9e. \u2022 Contenu 1 l","og_url":"https:\/\/pro-one.ch\/fr\/produits\/bio-nettoyant-pour-sanitaires\/","og_site_name":"proone","article_modified_time":"2025-11-17T08:59:29+00:00","og_image":[{"width":1121,"height":1920,"url":"https:\/\/pro-one.ch\/wp-content\/uploads\/products\/7796921.jpg","type":"image\/jpeg"}],"twitter_card":"summary_large_image","schema":{"@context":"https:\/\/schema.org","@graph":[{"@type":"WebPage","@id":"https:\/\/pro-one.ch\/fr\/produits\/bio-nettoyant-pour-sanitaires\/","url":"https:\/\/pro-one.ch\/fr\/produits\/bio-nettoyant-pour-sanitaires\/","name":"BIO Nettoyant pour sanitaires - proone","isPartOf":{"@id":"https:\/\/pro-one.ch\/fr\/#website"},"primaryImageOfPage":{"@id":"https:\/\/pro-one.ch\/fr\/produits\/bio-nettoyant-pour-sanitaires\/#primaryimage"},"image":{"@id":"https:\/\/pro-one.ch\/fr\/produits\/bio-nettoyant-pour-sanitaires\/#primaryimage"},"thumbnailUrl":"https:\/\/pro-one.ch\/wp-content\/uploads\/products\/7796921.jpg","datePublished":"2025-11-17T07:47:14+00:00","dateModified":"2025-11-17T08:59:29+00:00","breadcrumb":{"@id":"https:\/\/pro-one.ch\/fr\/produits\/bio-nettoyant-pour-sanitaires\/#breadcrumb"},"inLanguage":"fr-FR","potentialAction":[{"@type":"ReadAction","target":["https:\/\/pro-one.ch\/fr\/produits\/bio-nettoyant-pour-sanitaires\/"]}]},{"@type":"ImageObject","inLanguage":"fr-FR","@id":"https:\/\/pro-one.ch\/fr\/produits\/bio-nettoyant-pour-sanitaires\/#primaryimage","url":"https:\/\/pro-one.ch\/wp-content\/uploads\/products\/7796921.jpg","contentUrl":"https:\/\/pro-one.ch\/wp-content\/uploads\/products\/7796921.jpg","width":1121,"height":1920},{"@type":"BreadcrumbList","@id":"https:\/\/pro-one.ch\/fr\/produits\/bio-nettoyant-pour-sanitaires\/#breadcrumb","itemListElement":[{"@type":"ListItem","position":1,"name":"Accueil","item":"https:\/\/pro-one.ch\/fr\/"},{"@type":"ListItem","position":2,"name":"Assortiment","item":"https:\/\/pro-one.ch\/fr\/assortiment\/"},{"@type":"ListItem","position":3,"name":"BIO Nettoyant pour sanitaires"}]},{"@type":"WebSite","@id":"https:\/\/pro-one.ch\/fr\/#website","url":"https:\/\/pro-one.ch\/fr\/","name":"proone","description":"","potentialAction":[{"@type":"SearchAction","target":{"@type":"EntryPoint","urlTemplate":"https:\/\/pro-one.ch\/fr\/?s={search_term_string}"},"query-input":{"@type":"PropertyValueSpecification","valueRequired":true,"valueName":"search_term_string"}}],"inLanguage":"fr-FR"}]}},"_links":{"self":[{"href":"https:\/\/pro-one.ch\/fr\/wp-json\/wp\/v2\/product\/85792","targetHints":{"allow":["GET"]}}],"collection":[{"href":"https:\/\/pro-one.ch\/fr\/wp-json\/wp\/v2\/product"}],"about":[{"href":"https:\/\/pro-one.ch\/fr\/wp-json\/wp\/v2\/types\/product"}],"wp:featuredmedia":[{"embeddable":true,"href":"https:\/\/pro-one.ch\/fr\/wp-json\/wp\/v2\/media\/30541"}],"wp:attachment":[{"href":"https:\/\/pro-one.ch\/fr\/wp-json\/wp\/v2\/media?parent=85792"}],"wp:term":[{"taxonomy":"product_brand","embeddable":true,"href":"https:\/\/pro-one.ch\/fr\/wp-json\/wp\/v2\/product_brand?post=85792"},{"taxonomy":"product_cat","embeddable":true,"href":"https:\/\/pro-one.ch\/fr\/wp-json\/wp\/v2\/product_cat?post=85792"},{"taxonomy":"product_tag","embeddable":true,"href":"https:\/\/pro-one.ch\/fr\/wp-json\/wp\/v2\/product_tag?post=85792"}],"curies":[{"name":"wp","href":"https:\/\/api.w.org\/{rel}","templated":true}]}}