{"id":85795,"date":"2025-11-17T08:47:14","date_gmt":"2025-11-17T07:47:14","guid":{"rendered":"https:\/\/pro-one.ch\/produkte\/bio-nettoyant-wc\/"},"modified":"2025-11-17T09:59:31","modified_gmt":"2025-11-17T08:59:31","slug":"bio-nettoyant-wc","status":"publish","type":"product","link":"https:\/\/pro-one.ch\/fr\/produits\/bio-nettoyant-wc\/","title":{"rendered":"BIO Nettoyant WC"},"content":{"rendered":"<p>\u2022 Elimine rapidement et sans probl\u00e8me les<br \/>\nd\u00e9p\u00f4ts de calcaire, l\u2019urine et les salet\u00e9s<br \/>\n\u2022 Adh\u00e8re bien \u00e0 toutes les cuvettes de WC<br \/>\net d\u2019urinoirs<br \/>\n\u2022 Nettoyage hygi\u00e9nique et fra\u00eecheur durable<br \/>\net agr\u00e9able<br \/>\n\u2022 100 % des composants d\u2019origine naturelle<br \/>\n\u2022 Contenu 750 ml<\/p>\n","protected":false},"excerpt":{"rendered":"<p>\u2022 Elimine rapidement et sans probl\u00e8me les<br \/>\nd\u00e9p\u00f4ts de calcaire, l\u2019urine et les salet\u00e9s<br \/>\n\u2022 Adh\u00e8re bien \u00e0 toutes les cuvettes de WC<br \/>\net d\u2019urinoirs<br \/>\n\u2022 Nettoyage hygi\u00e9nique et fra\u00eecheur durable<br \/>\net agr\u00e9able<br \/>\n\u2022 100 % des composants d\u2019origine naturelle<br \/>\n\u2022 Contenu 750 ml<\/p>\n","protected":false},"featured_media":30532,"template":"","meta":[],"product_brand":[],"product_cat":[78],"product_tag":[],"class_list":{"0":"post-85795","1":"product","2":"type-product","3":"status-publish","4":"has-post-thumbnail","6":"product_cat-produits-nettoyants","8":"first","9":"instock","10":"purchasable","11":"product-type-simple"},"yoast_head":"<!-- This site is optimized with the Yoast SEO plugin v27.0 - https:\/\/yoast.com\/product\/yoast-seo-wordpress\/ -->\n<title>BIO Nettoyant WC - proone<\/title>\n<meta name=\"robots\" content=\"index, follow, max-snippet:-1, max-image-preview:large, max-video-preview:-1\" \/>\n<link rel=\"canonical\" href=\"https:\/\/pro-one.ch\/fr\/produits\/bio-nettoyant-wc\/\" \/>\n<meta property=\"og:locale\" content=\"fr_FR\" \/>\n<meta property=\"og:type\" content=\"article\" \/>\n<meta property=\"og:title\" content=\"BIO Nettoyant WC - proone\" \/>\n<meta property=\"og:description\" content=\"\u2022 Elimine rapidement et sans probl\u00e8me les d\u00e9p\u00f4ts de calcaire, l\u2019urine et les salet\u00e9s \u2022 Adh\u00e8re bien \u00e0 toutes les cuvettes de WC et d\u2019urinoirs \u2022 Nettoyage hygi\u00e9nique et fra\u00eecheur durable et agr\u00e9able \u2022 100 % des composants d\u2019origine naturelle \u2022 Contenu 750 ml\" \/>\n<meta property=\"og:url\" content=\"https:\/\/pro-one.ch\/fr\/produits\/bio-nettoyant-wc\/\" \/>\n<meta property=\"og:site_name\" content=\"proone\" \/>\n<meta property=\"article:modified_time\" content=\"2025-11-17T08:59:31+00:00\" \/>\n<meta property=\"og:image\" content=\"https:\/\/pro-one.ch\/wp-content\/uploads\/products\/7796924.jpg\" \/>\n\t<meta property=\"og:image:width\" content=\"1231\" \/>\n\t<meta property=\"og:image:height\" content=\"1920\" \/>\n\t<meta property=\"og:image:type\" content=\"image\/jpeg\" \/>\n<meta name=\"twitter:card\" content=\"summary_large_image\" \/>\n<script type=\"application\/ld+json\" class=\"yoast-schema-graph\">{\"@context\":\"https:\/\/schema.org\",\"@graph\":[{\"@type\":\"WebPage\",\"@id\":\"https:\/\/pro-one.ch\/fr\/produits\/bio-nettoyant-wc\/\",\"url\":\"https:\/\/pro-one.ch\/fr\/produits\/bio-nettoyant-wc\/\",\"name\":\"BIO Nettoyant WC - proone\",\"isPartOf\":{\"@id\":\"https:\/\/pro-one.ch\/fr\/#website\"},\"primaryImageOfPage\":{\"@id\":\"https:\/\/pro-one.ch\/fr\/produits\/bio-nettoyant-wc\/#primaryimage\"},\"image\":{\"@id\":\"https:\/\/pro-one.ch\/fr\/produits\/bio-nettoyant-wc\/#primaryimage\"},\"thumbnailUrl\":\"https:\/\/pro-one.ch\/wp-content\/uploads\/products\/7796924.jpg\",\"datePublished\":\"2025-11-17T07:47:14+00:00\",\"dateModified\":\"2025-11-17T08:59:31+00:00\",\"breadcrumb\":{\"@id\":\"https:\/\/pro-one.ch\/fr\/produits\/bio-nettoyant-wc\/#breadcrumb\"},\"inLanguage\":\"fr-FR\",\"potentialAction\":[{\"@type\":\"ReadAction\",\"target\":[\"https:\/\/pro-one.ch\/fr\/produits\/bio-nettoyant-wc\/\"]}]},{\"@type\":\"ImageObject\",\"inLanguage\":\"fr-FR\",\"@id\":\"https:\/\/pro-one.ch\/fr\/produits\/bio-nettoyant-wc\/#primaryimage\",\"url\":\"https:\/\/pro-one.ch\/wp-content\/uploads\/products\/7796924.jpg\",\"contentUrl\":\"https:\/\/pro-one.ch\/wp-content\/uploads\/products\/7796924.jpg\",\"width\":1231,\"height\":1920},{\"@type\":\"BreadcrumbList\",\"@id\":\"https:\/\/pro-one.ch\/fr\/produits\/bio-nettoyant-wc\/#breadcrumb\",\"itemListElement\":[{\"@type\":\"ListItem\",\"position\":1,\"name\":\"Accueil\",\"item\":\"https:\/\/pro-one.ch\/fr\/\"},{\"@type\":\"ListItem\",\"position\":2,\"name\":\"Assortiment\",\"item\":\"https:\/\/pro-one.ch\/fr\/assortiment\/\"},{\"@type\":\"ListItem\",\"position\":3,\"name\":\"BIO Nettoyant WC\"}]},{\"@type\":\"WebSite\",\"@id\":\"https:\/\/pro-one.ch\/fr\/#website\",\"url\":\"https:\/\/pro-one.ch\/fr\/\",\"name\":\"proone\",\"description\":\"\",\"potentialAction\":[{\"@type\":\"SearchAction\",\"target\":{\"@type\":\"EntryPoint\",\"urlTemplate\":\"https:\/\/pro-one.ch\/fr\/?s={search_term_string}\"},\"query-input\":{\"@type\":\"PropertyValueSpecification\",\"valueRequired\":true,\"valueName\":\"search_term_string\"}}],\"inLanguage\":\"fr-FR\"}]}<\/script>\n<!-- \/ Yoast SEO plugin. -->","yoast_head_json":{"title":"BIO Nettoyant WC - proone","robots":{"index":"index","follow":"follow","max-snippet":"max-snippet:-1","max-image-preview":"max-image-preview:large","max-video-preview":"max-video-preview:-1"},"canonical":"https:\/\/pro-one.ch\/fr\/produits\/bio-nettoyant-wc\/","og_locale":"fr_FR","og_type":"article","og_title":"BIO Nettoyant WC - proone","og_description":"\u2022 Elimine rapidement et sans probl\u00e8me les d\u00e9p\u00f4ts de calcaire, l\u2019urine et les salet\u00e9s \u2022 Adh\u00e8re bien \u00e0 toutes les cuvettes de WC et d\u2019urinoirs \u2022 Nettoyage hygi\u00e9nique et fra\u00eecheur durable et agr\u00e9able \u2022 100 % des composants d\u2019origine naturelle \u2022 Contenu 750 ml","og_url":"https:\/\/pro-one.ch\/fr\/produits\/bio-nettoyant-wc\/","og_site_name":"proone","article_modified_time":"2025-11-17T08:59:31+00:00","og_image":[{"width":1231,"height":1920,"url":"https:\/\/pro-one.ch\/wp-content\/uploads\/products\/7796924.jpg","type":"image\/jpeg"}],"twitter_card":"summary_large_image","schema":{"@context":"https:\/\/schema.org","@graph":[{"@type":"WebPage","@id":"https:\/\/pro-one.ch\/fr\/produits\/bio-nettoyant-wc\/","url":"https:\/\/pro-one.ch\/fr\/produits\/bio-nettoyant-wc\/","name":"BIO Nettoyant WC - proone","isPartOf":{"@id":"https:\/\/pro-one.ch\/fr\/#website"},"primaryImageOfPage":{"@id":"https:\/\/pro-one.ch\/fr\/produits\/bio-nettoyant-wc\/#primaryimage"},"image":{"@id":"https:\/\/pro-one.ch\/fr\/produits\/bio-nettoyant-wc\/#primaryimage"},"thumbnailUrl":"https:\/\/pro-one.ch\/wp-content\/uploads\/products\/7796924.jpg","datePublished":"2025-11-17T07:47:14+00:00","dateModified":"2025-11-17T08:59:31+00:00","breadcrumb":{"@id":"https:\/\/pro-one.ch\/fr\/produits\/bio-nettoyant-wc\/#breadcrumb"},"inLanguage":"fr-FR","potentialAction":[{"@type":"ReadAction","target":["https:\/\/pro-one.ch\/fr\/produits\/bio-nettoyant-wc\/"]}]},{"@type":"ImageObject","inLanguage":"fr-FR","@id":"https:\/\/pro-one.ch\/fr\/produits\/bio-nettoyant-wc\/#primaryimage","url":"https:\/\/pro-one.ch\/wp-content\/uploads\/products\/7796924.jpg","contentUrl":"https:\/\/pro-one.ch\/wp-content\/uploads\/products\/7796924.jpg","width":1231,"height":1920},{"@type":"BreadcrumbList","@id":"https:\/\/pro-one.ch\/fr\/produits\/bio-nettoyant-wc\/#breadcrumb","itemListElement":[{"@type":"ListItem","position":1,"name":"Accueil","item":"https:\/\/pro-one.ch\/fr\/"},{"@type":"ListItem","position":2,"name":"Assortiment","item":"https:\/\/pro-one.ch\/fr\/assortiment\/"},{"@type":"ListItem","position":3,"name":"BIO Nettoyant WC"}]},{"@type":"WebSite","@id":"https:\/\/pro-one.ch\/fr\/#website","url":"https:\/\/pro-one.ch\/fr\/","name":"proone","description":"","potentialAction":[{"@type":"SearchAction","target":{"@type":"EntryPoint","urlTemplate":"https:\/\/pro-one.ch\/fr\/?s={search_term_string}"},"query-input":{"@type":"PropertyValueSpecification","valueRequired":true,"valueName":"search_term_string"}}],"inLanguage":"fr-FR"}]}},"_links":{"self":[{"href":"https:\/\/pro-one.ch\/fr\/wp-json\/wp\/v2\/product\/85795","targetHints":{"allow":["GET"]}}],"collection":[{"href":"https:\/\/pro-one.ch\/fr\/wp-json\/wp\/v2\/product"}],"about":[{"href":"https:\/\/pro-one.ch\/fr\/wp-json\/wp\/v2\/types\/product"}],"wp:featuredmedia":[{"embeddable":true,"href":"https:\/\/pro-one.ch\/fr\/wp-json\/wp\/v2\/media\/30532"}],"wp:attachment":[{"href":"https:\/\/pro-one.ch\/fr\/wp-json\/wp\/v2\/media?parent=85795"}],"wp:term":[{"taxonomy":"product_brand","embeddable":true,"href":"https:\/\/pro-one.ch\/fr\/wp-json\/wp\/v2\/product_brand?post=85795"},{"taxonomy":"product_cat","embeddable":true,"href":"https:\/\/pro-one.ch\/fr\/wp-json\/wp\/v2\/product_cat?post=85795"},{"taxonomy":"product_tag","embeddable":true,"href":"https:\/\/pro-one.ch\/fr\/wp-json\/wp\/v2\/product_tag?post=85795"}],"curies":[{"name":"wp","href":"https:\/\/api.w.org\/{rel}","templated":true}]}}