{"id":85799,"date":"2025-11-17T08:47:14","date_gmt":"2025-11-17T07:47:14","guid":{"rendered":"https:\/\/pro-one.ch\/produkte\/produit-lave-glace-auto-all-season\/"},"modified":"2025-11-17T09:59:33","modified_gmt":"2025-11-17T08:59:33","slug":"produit-lave-glace-auto-all-season","status":"publish","type":"product","link":"https:\/\/pro-one.ch\/fr\/produits\/produit-lave-glace-auto-all-season\/","title":{"rendered":"Produit lave-glace auto ALL SEASON"},"content":{"rendered":"<p>\u2022 M\u00e9lange pr\u00eat \u00e0 l\u2019emploi avec d\u2019excellentes performances<br \/>\nde nettoyage<br \/>\n\u2022 Elimine les salissures telles que les d\u00e9p\u00f4ts de sel,<br \/>\nde silicone, de suie, d\u2019huile et de graisse<br \/>\n\u2022 R\u00e9siste au gel jusqu\u2019\u00e0 -20 \u00b0C<br \/>\n\u2022 Evite le gel des vitres et du syst\u00e8me de lavage des phares<br \/>\n\u2022 Senteur citron<br \/>\n\u2022 Contenu  2 l<\/p>\n","protected":false},"excerpt":{"rendered":"<p>\u2022 M\u00e9lange pr\u00eat \u00e0 l\u2019emploi avec d\u2019excellentes performances<br \/>\nde nettoyage<br \/>\n\u2022 Elimine les salissures telles que les d\u00e9p\u00f4ts de sel,<br \/>\nde silicone, de suie, d\u2019huile et de graisse<br \/>\n\u2022 R\u00e9siste au gel jusqu\u2019\u00e0 -20 \u00b0C<br \/>\n\u2022 Evite le gel des vitres et du syst\u00e8me de lavage des phares<br \/>\n\u2022 Senteur citron<br \/>\n\u2022 Contenu  2 l<\/p>\n","protected":false},"featured_media":30643,"template":"","meta":[],"product_brand":[],"product_cat":[78],"product_tag":[],"class_list":{"0":"post-85799","1":"product","2":"type-product","3":"status-publish","4":"has-post-thumbnail","6":"product_cat-produits-nettoyants","8":"first","9":"instock","10":"purchasable","11":"product-type-simple"},"yoast_head":"<!-- This site is optimized with the Yoast SEO plugin v27.5 - https:\/\/yoast.com\/product\/yoast-seo-wordpress\/ -->\n<title>Produit lave-glace auto ALL SEASON - proone<\/title>\n<meta name=\"robots\" content=\"index, follow, max-snippet:-1, max-image-preview:large, max-video-preview:-1\" \/>\n<link rel=\"canonical\" href=\"https:\/\/pro-one.ch\/fr\/produits\/produit-lave-glace-auto-all-season\/\" \/>\n<meta property=\"og:locale\" content=\"fr_FR\" \/>\n<meta property=\"og:type\" content=\"article\" \/>\n<meta property=\"og:title\" content=\"Produit lave-glace auto ALL SEASON - proone\" \/>\n<meta property=\"og:description\" content=\"\u2022 M\u00e9lange pr\u00eat \u00e0 l\u2019emploi avec d\u2019excellentes performances de nettoyage \u2022 Elimine les salissures telles que les d\u00e9p\u00f4ts de sel, de silicone, de suie, d\u2019huile et de graisse \u2022 R\u00e9siste au gel jusqu\u2019\u00e0 -20 \u00b0C \u2022 Evite le gel des vitres et du syst\u00e8me de lavage des phares \u2022 Senteur citron \u2022 Contenu 2 l\" \/>\n<meta property=\"og:url\" content=\"https:\/\/pro-one.ch\/fr\/produits\/produit-lave-glace-auto-all-season\/\" \/>\n<meta property=\"og:site_name\" content=\"proone\" \/>\n<meta property=\"article:modified_time\" content=\"2025-11-17T08:59:33+00:00\" \/>\n<meta property=\"og:image\" content=\"https:\/\/pro-one.ch\/wp-content\/uploads\/products\/7505650-scaled.jpg\" \/>\n\t<meta property=\"og:image:width\" content=\"1334\" \/>\n\t<meta property=\"og:image:height\" content=\"1920\" \/>\n\t<meta property=\"og:image:type\" content=\"image\/jpeg\" \/>\n<meta name=\"twitter:card\" content=\"summary_large_image\" \/>\n<script type=\"application\/ld+json\" class=\"yoast-schema-graph\">{\"@context\":\"https:\\\/\\\/schema.org\",\"@graph\":[{\"@type\":\"WebPage\",\"@id\":\"https:\\\/\\\/pro-one.ch\\\/fr\\\/produits\\\/produit-lave-glace-auto-all-season\\\/\",\"url\":\"https:\\\/\\\/pro-one.ch\\\/fr\\\/produits\\\/produit-lave-glace-auto-all-season\\\/\",\"name\":\"Produit lave-glace auto ALL SEASON - proone\",\"isPartOf\":{\"@id\":\"https:\\\/\\\/pro-one.ch\\\/fr\\\/#website\"},\"primaryImageOfPage\":{\"@id\":\"https:\\\/\\\/pro-one.ch\\\/fr\\\/produits\\\/produit-lave-glace-auto-all-season\\\/#primaryimage\"},\"image\":{\"@id\":\"https:\\\/\\\/pro-one.ch\\\/fr\\\/produits\\\/produit-lave-glace-auto-all-season\\\/#primaryimage\"},\"thumbnailUrl\":\"https:\\\/\\\/pro-one.ch\\\/wp-content\\\/uploads\\\/products\\\/7505650-scaled.jpg\",\"datePublished\":\"2025-11-17T07:47:14+00:00\",\"dateModified\":\"2025-11-17T08:59:33+00:00\",\"breadcrumb\":{\"@id\":\"https:\\\/\\\/pro-one.ch\\\/fr\\\/produits\\\/produit-lave-glace-auto-all-season\\\/#breadcrumb\"},\"inLanguage\":\"fr-FR\",\"potentialAction\":[{\"@type\":\"ReadAction\",\"target\":[\"https:\\\/\\\/pro-one.ch\\\/fr\\\/produits\\\/produit-lave-glace-auto-all-season\\\/\"]}]},{\"@type\":\"ImageObject\",\"inLanguage\":\"fr-FR\",\"@id\":\"https:\\\/\\\/pro-one.ch\\\/fr\\\/produits\\\/produit-lave-glace-auto-all-season\\\/#primaryimage\",\"url\":\"https:\\\/\\\/pro-one.ch\\\/wp-content\\\/uploads\\\/products\\\/7505650-scaled.jpg\",\"contentUrl\":\"https:\\\/\\\/pro-one.ch\\\/wp-content\\\/uploads\\\/products\\\/7505650-scaled.jpg\",\"width\":1334,\"height\":1920},{\"@type\":\"BreadcrumbList\",\"@id\":\"https:\\\/\\\/pro-one.ch\\\/fr\\\/produits\\\/produit-lave-glace-auto-all-season\\\/#breadcrumb\",\"itemListElement\":[{\"@type\":\"ListItem\",\"position\":1,\"name\":\"Accueil\",\"item\":\"https:\\\/\\\/pro-one.ch\\\/fr\\\/\"},{\"@type\":\"ListItem\",\"position\":2,\"name\":\"Assortiment\",\"item\":\"https:\\\/\\\/pro-one.ch\\\/fr\\\/assortiment\\\/\"},{\"@type\":\"ListItem\",\"position\":3,\"name\":\"Produit lave-glace auto ALL SEASON\"}]},{\"@type\":\"WebSite\",\"@id\":\"https:\\\/\\\/pro-one.ch\\\/fr\\\/#website\",\"url\":\"https:\\\/\\\/pro-one.ch\\\/fr\\\/\",\"name\":\"proone\",\"description\":\"\",\"potentialAction\":[{\"@type\":\"SearchAction\",\"target\":{\"@type\":\"EntryPoint\",\"urlTemplate\":\"https:\\\/\\\/pro-one.ch\\\/fr\\\/?s={search_term_string}\"},\"query-input\":{\"@type\":\"PropertyValueSpecification\",\"valueRequired\":true,\"valueName\":\"search_term_string\"}}],\"inLanguage\":\"fr-FR\"}]}<\/script>\n<!-- \/ Yoast SEO plugin. -->","yoast_head_json":{"title":"Produit lave-glace auto ALL SEASON - proone","robots":{"index":"index","follow":"follow","max-snippet":"max-snippet:-1","max-image-preview":"max-image-preview:large","max-video-preview":"max-video-preview:-1"},"canonical":"https:\/\/pro-one.ch\/fr\/produits\/produit-lave-glace-auto-all-season\/","og_locale":"fr_FR","og_type":"article","og_title":"Produit lave-glace auto ALL SEASON - proone","og_description":"\u2022 M\u00e9lange pr\u00eat \u00e0 l\u2019emploi avec d\u2019excellentes performances de nettoyage \u2022 Elimine les salissures telles que les d\u00e9p\u00f4ts de sel, de silicone, de suie, d\u2019huile et de graisse \u2022 R\u00e9siste au gel jusqu\u2019\u00e0 -20 \u00b0C \u2022 Evite le gel des vitres et du syst\u00e8me de lavage des phares \u2022 Senteur citron \u2022 Contenu 2 l","og_url":"https:\/\/pro-one.ch\/fr\/produits\/produit-lave-glace-auto-all-season\/","og_site_name":"proone","article_modified_time":"2025-11-17T08:59:33+00:00","og_image":[{"width":1334,"height":1920,"url":"https:\/\/pro-one.ch\/wp-content\/uploads\/products\/7505650-scaled.jpg","type":"image\/jpeg"}],"twitter_card":"summary_large_image","schema":{"@context":"https:\/\/schema.org","@graph":[{"@type":"WebPage","@id":"https:\/\/pro-one.ch\/fr\/produits\/produit-lave-glace-auto-all-season\/","url":"https:\/\/pro-one.ch\/fr\/produits\/produit-lave-glace-auto-all-season\/","name":"Produit lave-glace auto ALL SEASON - proone","isPartOf":{"@id":"https:\/\/pro-one.ch\/fr\/#website"},"primaryImageOfPage":{"@id":"https:\/\/pro-one.ch\/fr\/produits\/produit-lave-glace-auto-all-season\/#primaryimage"},"image":{"@id":"https:\/\/pro-one.ch\/fr\/produits\/produit-lave-glace-auto-all-season\/#primaryimage"},"thumbnailUrl":"https:\/\/pro-one.ch\/wp-content\/uploads\/products\/7505650-scaled.jpg","datePublished":"2025-11-17T07:47:14+00:00","dateModified":"2025-11-17T08:59:33+00:00","breadcrumb":{"@id":"https:\/\/pro-one.ch\/fr\/produits\/produit-lave-glace-auto-all-season\/#breadcrumb"},"inLanguage":"fr-FR","potentialAction":[{"@type":"ReadAction","target":["https:\/\/pro-one.ch\/fr\/produits\/produit-lave-glace-auto-all-season\/"]}]},{"@type":"ImageObject","inLanguage":"fr-FR","@id":"https:\/\/pro-one.ch\/fr\/produits\/produit-lave-glace-auto-all-season\/#primaryimage","url":"https:\/\/pro-one.ch\/wp-content\/uploads\/products\/7505650-scaled.jpg","contentUrl":"https:\/\/pro-one.ch\/wp-content\/uploads\/products\/7505650-scaled.jpg","width":1334,"height":1920},{"@type":"BreadcrumbList","@id":"https:\/\/pro-one.ch\/fr\/produits\/produit-lave-glace-auto-all-season\/#breadcrumb","itemListElement":[{"@type":"ListItem","position":1,"name":"Accueil","item":"https:\/\/pro-one.ch\/fr\/"},{"@type":"ListItem","position":2,"name":"Assortiment","item":"https:\/\/pro-one.ch\/fr\/assortiment\/"},{"@type":"ListItem","position":3,"name":"Produit lave-glace auto ALL SEASON"}]},{"@type":"WebSite","@id":"https:\/\/pro-one.ch\/fr\/#website","url":"https:\/\/pro-one.ch\/fr\/","name":"proone","description":"","potentialAction":[{"@type":"SearchAction","target":{"@type":"EntryPoint","urlTemplate":"https:\/\/pro-one.ch\/fr\/?s={search_term_string}"},"query-input":{"@type":"PropertyValueSpecification","valueRequired":true,"valueName":"search_term_string"}}],"inLanguage":"fr-FR"}]}},"_links":{"self":[{"href":"https:\/\/pro-one.ch\/fr\/wp-json\/wp\/v2\/product\/85799","targetHints":{"allow":["GET"]}}],"collection":[{"href":"https:\/\/pro-one.ch\/fr\/wp-json\/wp\/v2\/product"}],"about":[{"href":"https:\/\/pro-one.ch\/fr\/wp-json\/wp\/v2\/types\/product"}],"wp:featuredmedia":[{"embeddable":true,"href":"https:\/\/pro-one.ch\/fr\/wp-json\/wp\/v2\/media\/30643"}],"wp:attachment":[{"href":"https:\/\/pro-one.ch\/fr\/wp-json\/wp\/v2\/media?parent=85799"}],"wp:term":[{"taxonomy":"product_brand","embeddable":true,"href":"https:\/\/pro-one.ch\/fr\/wp-json\/wp\/v2\/product_brand?post=85799"},{"taxonomy":"product_cat","embeddable":true,"href":"https:\/\/pro-one.ch\/fr\/wp-json\/wp\/v2\/product_cat?post=85799"},{"taxonomy":"product_tag","embeddable":true,"href":"https:\/\/pro-one.ch\/fr\/wp-json\/wp\/v2\/product_tag?post=85799"}],"curies":[{"name":"wp","href":"https:\/\/api.w.org\/{rel}","templated":true}]}}