{"id":85800,"date":"2025-11-17T08:47:24","date_gmt":"2025-11-17T07:47:24","guid":{"rendered":"https:\/\/pro-one.ch\/produkte\/lingettes-nettoyantes\/"},"modified":"2025-11-17T09:59:34","modified_gmt":"2025-11-17T08:59:34","slug":"lingettes-nettoyantes","status":"publish","type":"product","link":"https:\/\/pro-one.ch\/fr\/produits\/lingettes-nettoyantes\/","title":{"rendered":"Lingettes nettoyantes"},"content":{"rendered":"<p>\u2022 Lingettes impr\u00e9gn\u00e9es de liquide nettoyant<br \/>\n\u2022 Pour \u00e9liminer les mastics et mousses avant durcissement,<br \/>\nainsi que l\u2019huile, les lubrifiants, la peinture fra\u00eeche,<br \/>\nl\u2019encre, le toner, l\u2019odeur d\u2019essence sur les mains,<br \/>\nsur les outils et sur toutes les autres surfaces<br \/>\n\u2022 Un c\u00f4t\u00e9 doux et un c\u00f4t\u00e9 r\u00eache<br \/>\n\u2022 Contenu 75 pi\u00e8ces<\/p>\n","protected":false},"excerpt":{"rendered":"<p>\u2022 Lingettes impr\u00e9gn\u00e9es de liquide nettoyant<br \/>\n\u2022 Pour \u00e9liminer les mastics et mousses avant durcissement,<br \/>\nainsi que l\u2019huile, les lubrifiants, la peinture fra\u00eeche,<br \/>\nl\u2019encre, le toner, l\u2019odeur d\u2019essence sur les mains,<br \/>\nsur les outils et sur toutes les autres surfaces<br \/>\n\u2022 Un c\u00f4t\u00e9 doux et un c\u00f4t\u00e9 r\u00eache<br \/>\n\u2022 Contenu 75 pi\u00e8ces<\/p>\n","protected":false},"featured_media":31069,"template":"","meta":[],"product_brand":[],"product_cat":[78],"product_tag":[],"class_list":{"0":"post-85800","1":"product","2":"type-product","3":"status-publish","4":"has-post-thumbnail","6":"product_cat-produits-nettoyants","8":"first","9":"instock","10":"purchasable","11":"product-type-simple"},"yoast_head":"<!-- This site is optimized with the Yoast SEO plugin v27.5 - https:\/\/yoast.com\/product\/yoast-seo-wordpress\/ -->\n<title>Lingettes nettoyantes - proone<\/title>\n<meta name=\"robots\" content=\"index, follow, max-snippet:-1, max-image-preview:large, max-video-preview:-1\" \/>\n<link rel=\"canonical\" href=\"https:\/\/pro-one.ch\/fr\/produits\/lingettes-nettoyantes\/\" \/>\n<meta property=\"og:locale\" content=\"fr_FR\" \/>\n<meta property=\"og:type\" content=\"article\" \/>\n<meta property=\"og:title\" content=\"Lingettes nettoyantes - proone\" \/>\n<meta property=\"og:description\" content=\"\u2022 Lingettes impr\u00e9gn\u00e9es de liquide nettoyant \u2022 Pour \u00e9liminer les mastics et mousses avant durcissement, ainsi que l\u2019huile, les lubrifiants, la peinture fra\u00eeche, l\u2019encre, le toner, l\u2019odeur d\u2019essence sur les mains, sur les outils et sur toutes les autres surfaces \u2022 Un c\u00f4t\u00e9 doux et un c\u00f4t\u00e9 r\u00eache \u2022 Contenu 75 pi\u00e8ces\" \/>\n<meta property=\"og:url\" content=\"https:\/\/pro-one.ch\/fr\/produits\/lingettes-nettoyantes\/\" \/>\n<meta property=\"og:site_name\" content=\"proone\" \/>\n<meta property=\"article:modified_time\" content=\"2025-11-17T08:59:34+00:00\" \/>\n<meta property=\"og:image\" content=\"https:\/\/pro-one.ch\/wp-content\/uploads\/products\/4424495-scaled.jpg\" \/>\n\t<meta property=\"og:image:width\" content=\"1920\" \/>\n\t<meta property=\"og:image:height\" content=\"1280\" \/>\n\t<meta property=\"og:image:type\" content=\"image\/jpeg\" \/>\n<meta name=\"twitter:card\" content=\"summary_large_image\" \/>\n<script type=\"application\/ld+json\" class=\"yoast-schema-graph\">{\"@context\":\"https:\\\/\\\/schema.org\",\"@graph\":[{\"@type\":\"WebPage\",\"@id\":\"https:\\\/\\\/pro-one.ch\\\/fr\\\/produits\\\/lingettes-nettoyantes\\\/\",\"url\":\"https:\\\/\\\/pro-one.ch\\\/fr\\\/produits\\\/lingettes-nettoyantes\\\/\",\"name\":\"Lingettes nettoyantes - proone\",\"isPartOf\":{\"@id\":\"https:\\\/\\\/pro-one.ch\\\/fr\\\/#website\"},\"primaryImageOfPage\":{\"@id\":\"https:\\\/\\\/pro-one.ch\\\/fr\\\/produits\\\/lingettes-nettoyantes\\\/#primaryimage\"},\"image\":{\"@id\":\"https:\\\/\\\/pro-one.ch\\\/fr\\\/produits\\\/lingettes-nettoyantes\\\/#primaryimage\"},\"thumbnailUrl\":\"https:\\\/\\\/pro-one.ch\\\/wp-content\\\/uploads\\\/products\\\/4424495-scaled.jpg\",\"datePublished\":\"2025-11-17T07:47:24+00:00\",\"dateModified\":\"2025-11-17T08:59:34+00:00\",\"breadcrumb\":{\"@id\":\"https:\\\/\\\/pro-one.ch\\\/fr\\\/produits\\\/lingettes-nettoyantes\\\/#breadcrumb\"},\"inLanguage\":\"fr-FR\",\"potentialAction\":[{\"@type\":\"ReadAction\",\"target\":[\"https:\\\/\\\/pro-one.ch\\\/fr\\\/produits\\\/lingettes-nettoyantes\\\/\"]}]},{\"@type\":\"ImageObject\",\"inLanguage\":\"fr-FR\",\"@id\":\"https:\\\/\\\/pro-one.ch\\\/fr\\\/produits\\\/lingettes-nettoyantes\\\/#primaryimage\",\"url\":\"https:\\\/\\\/pro-one.ch\\\/wp-content\\\/uploads\\\/products\\\/4424495-scaled.jpg\",\"contentUrl\":\"https:\\\/\\\/pro-one.ch\\\/wp-content\\\/uploads\\\/products\\\/4424495-scaled.jpg\",\"width\":1920,\"height\":1280},{\"@type\":\"BreadcrumbList\",\"@id\":\"https:\\\/\\\/pro-one.ch\\\/fr\\\/produits\\\/lingettes-nettoyantes\\\/#breadcrumb\",\"itemListElement\":[{\"@type\":\"ListItem\",\"position\":1,\"name\":\"Accueil\",\"item\":\"https:\\\/\\\/pro-one.ch\\\/fr\\\/\"},{\"@type\":\"ListItem\",\"position\":2,\"name\":\"Assortiment\",\"item\":\"https:\\\/\\\/pro-one.ch\\\/fr\\\/assortiment\\\/\"},{\"@type\":\"ListItem\",\"position\":3,\"name\":\"Lingettes nettoyantes\"}]},{\"@type\":\"WebSite\",\"@id\":\"https:\\\/\\\/pro-one.ch\\\/fr\\\/#website\",\"url\":\"https:\\\/\\\/pro-one.ch\\\/fr\\\/\",\"name\":\"proone\",\"description\":\"\",\"potentialAction\":[{\"@type\":\"SearchAction\",\"target\":{\"@type\":\"EntryPoint\",\"urlTemplate\":\"https:\\\/\\\/pro-one.ch\\\/fr\\\/?s={search_term_string}\"},\"query-input\":{\"@type\":\"PropertyValueSpecification\",\"valueRequired\":true,\"valueName\":\"search_term_string\"}}],\"inLanguage\":\"fr-FR\"}]}<\/script>\n<!-- \/ Yoast SEO plugin. -->","yoast_head_json":{"title":"Lingettes nettoyantes - proone","robots":{"index":"index","follow":"follow","max-snippet":"max-snippet:-1","max-image-preview":"max-image-preview:large","max-video-preview":"max-video-preview:-1"},"canonical":"https:\/\/pro-one.ch\/fr\/produits\/lingettes-nettoyantes\/","og_locale":"fr_FR","og_type":"article","og_title":"Lingettes nettoyantes - proone","og_description":"\u2022 Lingettes impr\u00e9gn\u00e9es de liquide nettoyant \u2022 Pour \u00e9liminer les mastics et mousses avant durcissement, ainsi que l\u2019huile, les lubrifiants, la peinture fra\u00eeche, l\u2019encre, le toner, l\u2019odeur d\u2019essence sur les mains, sur les outils et sur toutes les autres surfaces \u2022 Un c\u00f4t\u00e9 doux et un c\u00f4t\u00e9 r\u00eache \u2022 Contenu 75 pi\u00e8ces","og_url":"https:\/\/pro-one.ch\/fr\/produits\/lingettes-nettoyantes\/","og_site_name":"proone","article_modified_time":"2025-11-17T08:59:34+00:00","og_image":[{"width":1920,"height":1280,"url":"https:\/\/pro-one.ch\/wp-content\/uploads\/products\/4424495-scaled.jpg","type":"image\/jpeg"}],"twitter_card":"summary_large_image","schema":{"@context":"https:\/\/schema.org","@graph":[{"@type":"WebPage","@id":"https:\/\/pro-one.ch\/fr\/produits\/lingettes-nettoyantes\/","url":"https:\/\/pro-one.ch\/fr\/produits\/lingettes-nettoyantes\/","name":"Lingettes nettoyantes - proone","isPartOf":{"@id":"https:\/\/pro-one.ch\/fr\/#website"},"primaryImageOfPage":{"@id":"https:\/\/pro-one.ch\/fr\/produits\/lingettes-nettoyantes\/#primaryimage"},"image":{"@id":"https:\/\/pro-one.ch\/fr\/produits\/lingettes-nettoyantes\/#primaryimage"},"thumbnailUrl":"https:\/\/pro-one.ch\/wp-content\/uploads\/products\/4424495-scaled.jpg","datePublished":"2025-11-17T07:47:24+00:00","dateModified":"2025-11-17T08:59:34+00:00","breadcrumb":{"@id":"https:\/\/pro-one.ch\/fr\/produits\/lingettes-nettoyantes\/#breadcrumb"},"inLanguage":"fr-FR","potentialAction":[{"@type":"ReadAction","target":["https:\/\/pro-one.ch\/fr\/produits\/lingettes-nettoyantes\/"]}]},{"@type":"ImageObject","inLanguage":"fr-FR","@id":"https:\/\/pro-one.ch\/fr\/produits\/lingettes-nettoyantes\/#primaryimage","url":"https:\/\/pro-one.ch\/wp-content\/uploads\/products\/4424495-scaled.jpg","contentUrl":"https:\/\/pro-one.ch\/wp-content\/uploads\/products\/4424495-scaled.jpg","width":1920,"height":1280},{"@type":"BreadcrumbList","@id":"https:\/\/pro-one.ch\/fr\/produits\/lingettes-nettoyantes\/#breadcrumb","itemListElement":[{"@type":"ListItem","position":1,"name":"Accueil","item":"https:\/\/pro-one.ch\/fr\/"},{"@type":"ListItem","position":2,"name":"Assortiment","item":"https:\/\/pro-one.ch\/fr\/assortiment\/"},{"@type":"ListItem","position":3,"name":"Lingettes nettoyantes"}]},{"@type":"WebSite","@id":"https:\/\/pro-one.ch\/fr\/#website","url":"https:\/\/pro-one.ch\/fr\/","name":"proone","description":"","potentialAction":[{"@type":"SearchAction","target":{"@type":"EntryPoint","urlTemplate":"https:\/\/pro-one.ch\/fr\/?s={search_term_string}"},"query-input":{"@type":"PropertyValueSpecification","valueRequired":true,"valueName":"search_term_string"}}],"inLanguage":"fr-FR"}]}},"_links":{"self":[{"href":"https:\/\/pro-one.ch\/fr\/wp-json\/wp\/v2\/product\/85800","targetHints":{"allow":["GET"]}}],"collection":[{"href":"https:\/\/pro-one.ch\/fr\/wp-json\/wp\/v2\/product"}],"about":[{"href":"https:\/\/pro-one.ch\/fr\/wp-json\/wp\/v2\/types\/product"}],"wp:featuredmedia":[{"embeddable":true,"href":"https:\/\/pro-one.ch\/fr\/wp-json\/wp\/v2\/media\/31069"}],"wp:attachment":[{"href":"https:\/\/pro-one.ch\/fr\/wp-json\/wp\/v2\/media?parent=85800"}],"wp:term":[{"taxonomy":"product_brand","embeddable":true,"href":"https:\/\/pro-one.ch\/fr\/wp-json\/wp\/v2\/product_brand?post=85800"},{"taxonomy":"product_cat","embeddable":true,"href":"https:\/\/pro-one.ch\/fr\/wp-json\/wp\/v2\/product_cat?post=85800"},{"taxonomy":"product_tag","embeddable":true,"href":"https:\/\/pro-one.ch\/fr\/wp-json\/wp\/v2\/product_tag?post=85800"}],"curies":[{"name":"wp","href":"https:\/\/api.w.org\/{rel}","templated":true}]}}