{"id":85803,"date":"2025-11-17T08:47:24","date_gmt":"2025-11-17T07:47:24","guid":{"rendered":"https:\/\/pro-one.ch\/produkte\/impermeabilisant-et-anti-taches-pour-sols-facades-et-murs\/"},"modified":"2025-11-17T09:59:39","modified_gmt":"2025-11-17T08:59:39","slug":"impermeabilisant-et-anti-taches-pour-sols-facades-et-murs","status":"publish","type":"product","link":"https:\/\/pro-one.ch\/fr\/produits\/impermeabilisant-et-anti-taches-pour-sols-facades-et-murs\/","title":{"rendered":"Imperm\u00e9abilisant et anti-t\u00e2ches pour sols, fa\u00e7ades et murs"},"content":{"rendered":"<p>\u2022 Protection invisible contre l\u2019eau, l\u2019huile et les graffitis pour tous les mat\u00e9riaux poreux \u00e0 l\u2019int\u00e9rieur et \u00e0 l\u2019ext\u00e9rieur<br \/>\n\u2022 Retarde le vieillissement du support et facilite son entretien<br \/>\n\u2022 Ne laisse pas de film, ce qui laisse le support perm\u00e9able \u00e0 l\u2019air et \u00e0 la vapeur d\u2019eau<br \/>\n\u2022 Incolore et r\u00e9sistant aux UV<\/p>\n","protected":false},"excerpt":{"rendered":"<p>\u2022 Protection invisible contre l\u2019eau, l\u2019huile et les graffitis pour tous les mat\u00e9riaux poreux \u00e0 l\u2019int\u00e9rieur et \u00e0 l\u2019ext\u00e9rieur<br \/>\n\u2022 Retarde le vieillissement du support et facilite son entretien<br \/>\n\u2022 Ne laisse pas de film, ce qui laisse le support perm\u00e9able \u00e0 l\u2019air et \u00e0 la vapeur d\u2019eau<br \/>\n\u2022 Incolore et r\u00e9sistant aux UV<\/p>\n","protected":false},"featured_media":30622,"template":"","meta":[],"product_brand":[],"product_cat":[78],"product_tag":[],"class_list":{"0":"post-85803","1":"product","2":"type-product","3":"status-publish","4":"has-post-thumbnail","6":"product_cat-produits-nettoyants","8":"first","9":"instock","10":"purchasable","11":"product-type-variable"},"yoast_head":"<!-- This site is optimized with the Yoast SEO plugin v27.5 - https:\/\/yoast.com\/product\/yoast-seo-wordpress\/ -->\n<title>Imperm\u00e9abilisant et anti-t\u00e2ches pour sols, fa\u00e7ades et murs - proone<\/title>\n<meta name=\"robots\" content=\"index, follow, max-snippet:-1, max-image-preview:large, max-video-preview:-1\" \/>\n<link rel=\"canonical\" href=\"https:\/\/pro-one.ch\/fr\/produits\/impermeabilisant-et-anti-taches-pour-sols-facades-et-murs\/\" \/>\n<meta property=\"og:locale\" content=\"fr_FR\" \/>\n<meta property=\"og:type\" content=\"article\" \/>\n<meta property=\"og:title\" content=\"Imperm\u00e9abilisant et anti-t\u00e2ches pour sols, fa\u00e7ades et murs - proone\" \/>\n<meta property=\"og:description\" content=\"\u2022 Protection invisible contre l\u2019eau, l\u2019huile et les graffitis pour tous les mat\u00e9riaux poreux \u00e0 l\u2019int\u00e9rieur et \u00e0 l\u2019ext\u00e9rieur \u2022 Retarde le vieillissement du support et facilite son entretien \u2022 Ne laisse pas de film, ce qui laisse le support perm\u00e9able \u00e0 l\u2019air et \u00e0 la vapeur d\u2019eau \u2022 Incolore et r\u00e9sistant aux UV\" \/>\n<meta property=\"og:url\" content=\"https:\/\/pro-one.ch\/fr\/produits\/impermeabilisant-et-anti-taches-pour-sols-facades-et-murs\/\" \/>\n<meta property=\"og:site_name\" content=\"proone\" \/>\n<meta property=\"article:modified_time\" content=\"2025-11-17T08:59:39+00:00\" \/>\n<meta property=\"og:image\" content=\"https:\/\/pro-one.ch\/wp-content\/uploads\/products\/7514987.jpg\" \/>\n\t<meta property=\"og:image:width\" content=\"1495\" \/>\n\t<meta property=\"og:image:height\" content=\"1920\" \/>\n\t<meta property=\"og:image:type\" content=\"image\/jpeg\" \/>\n<meta name=\"twitter:card\" content=\"summary_large_image\" \/>\n<script type=\"application\/ld+json\" class=\"yoast-schema-graph\">{\"@context\":\"https:\\\/\\\/schema.org\",\"@graph\":[{\"@type\":\"WebPage\",\"@id\":\"https:\\\/\\\/pro-one.ch\\\/fr\\\/produits\\\/impermeabilisant-et-anti-taches-pour-sols-facades-et-murs\\\/\",\"url\":\"https:\\\/\\\/pro-one.ch\\\/fr\\\/produits\\\/impermeabilisant-et-anti-taches-pour-sols-facades-et-murs\\\/\",\"name\":\"Imperm\u00e9abilisant et anti-t\u00e2ches pour sols, fa\u00e7ades et murs - proone\",\"isPartOf\":{\"@id\":\"https:\\\/\\\/pro-one.ch\\\/fr\\\/#website\"},\"primaryImageOfPage\":{\"@id\":\"https:\\\/\\\/pro-one.ch\\\/fr\\\/produits\\\/impermeabilisant-et-anti-taches-pour-sols-facades-et-murs\\\/#primaryimage\"},\"image\":{\"@id\":\"https:\\\/\\\/pro-one.ch\\\/fr\\\/produits\\\/impermeabilisant-et-anti-taches-pour-sols-facades-et-murs\\\/#primaryimage\"},\"thumbnailUrl\":\"https:\\\/\\\/pro-one.ch\\\/wp-content\\\/uploads\\\/products\\\/7514987.jpg\",\"datePublished\":\"2025-11-17T07:47:24+00:00\",\"dateModified\":\"2025-11-17T08:59:39+00:00\",\"breadcrumb\":{\"@id\":\"https:\\\/\\\/pro-one.ch\\\/fr\\\/produits\\\/impermeabilisant-et-anti-taches-pour-sols-facades-et-murs\\\/#breadcrumb\"},\"inLanguage\":\"fr-FR\",\"potentialAction\":[{\"@type\":\"ReadAction\",\"target\":[\"https:\\\/\\\/pro-one.ch\\\/fr\\\/produits\\\/impermeabilisant-et-anti-taches-pour-sols-facades-et-murs\\\/\"]}]},{\"@type\":\"ImageObject\",\"inLanguage\":\"fr-FR\",\"@id\":\"https:\\\/\\\/pro-one.ch\\\/fr\\\/produits\\\/impermeabilisant-et-anti-taches-pour-sols-facades-et-murs\\\/#primaryimage\",\"url\":\"https:\\\/\\\/pro-one.ch\\\/wp-content\\\/uploads\\\/products\\\/7514987.jpg\",\"contentUrl\":\"https:\\\/\\\/pro-one.ch\\\/wp-content\\\/uploads\\\/products\\\/7514987.jpg\",\"width\":1495,\"height\":1920},{\"@type\":\"BreadcrumbList\",\"@id\":\"https:\\\/\\\/pro-one.ch\\\/fr\\\/produits\\\/impermeabilisant-et-anti-taches-pour-sols-facades-et-murs\\\/#breadcrumb\",\"itemListElement\":[{\"@type\":\"ListItem\",\"position\":1,\"name\":\"Accueil\",\"item\":\"https:\\\/\\\/pro-one.ch\\\/fr\\\/\"},{\"@type\":\"ListItem\",\"position\":2,\"name\":\"Assortiment\",\"item\":\"https:\\\/\\\/pro-one.ch\\\/fr\\\/assortiment\\\/\"},{\"@type\":\"ListItem\",\"position\":3,\"name\":\"Imperm\u00e9abilisant et anti-t\u00e2ches pour sols, fa\u00e7ades et murs\"}]},{\"@type\":\"WebSite\",\"@id\":\"https:\\\/\\\/pro-one.ch\\\/fr\\\/#website\",\"url\":\"https:\\\/\\\/pro-one.ch\\\/fr\\\/\",\"name\":\"proone\",\"description\":\"\",\"potentialAction\":[{\"@type\":\"SearchAction\",\"target\":{\"@type\":\"EntryPoint\",\"urlTemplate\":\"https:\\\/\\\/pro-one.ch\\\/fr\\\/?s={search_term_string}\"},\"query-input\":{\"@type\":\"PropertyValueSpecification\",\"valueRequired\":true,\"valueName\":\"search_term_string\"}}],\"inLanguage\":\"fr-FR\"}]}<\/script>\n<!-- \/ Yoast SEO plugin. -->","yoast_head_json":{"title":"Imperm\u00e9abilisant et anti-t\u00e2ches pour sols, fa\u00e7ades et murs - proone","robots":{"index":"index","follow":"follow","max-snippet":"max-snippet:-1","max-image-preview":"max-image-preview:large","max-video-preview":"max-video-preview:-1"},"canonical":"https:\/\/pro-one.ch\/fr\/produits\/impermeabilisant-et-anti-taches-pour-sols-facades-et-murs\/","og_locale":"fr_FR","og_type":"article","og_title":"Imperm\u00e9abilisant et anti-t\u00e2ches pour sols, fa\u00e7ades et murs - proone","og_description":"\u2022 Protection invisible contre l\u2019eau, l\u2019huile et les graffitis pour tous les mat\u00e9riaux poreux \u00e0 l\u2019int\u00e9rieur et \u00e0 l\u2019ext\u00e9rieur \u2022 Retarde le vieillissement du support et facilite son entretien \u2022 Ne laisse pas de film, ce qui laisse le support perm\u00e9able \u00e0 l\u2019air et \u00e0 la vapeur d\u2019eau \u2022 Incolore et r\u00e9sistant aux UV","og_url":"https:\/\/pro-one.ch\/fr\/produits\/impermeabilisant-et-anti-taches-pour-sols-facades-et-murs\/","og_site_name":"proone","article_modified_time":"2025-11-17T08:59:39+00:00","og_image":[{"width":1495,"height":1920,"url":"https:\/\/pro-one.ch\/wp-content\/uploads\/products\/7514987.jpg","type":"image\/jpeg"}],"twitter_card":"summary_large_image","schema":{"@context":"https:\/\/schema.org","@graph":[{"@type":"WebPage","@id":"https:\/\/pro-one.ch\/fr\/produits\/impermeabilisant-et-anti-taches-pour-sols-facades-et-murs\/","url":"https:\/\/pro-one.ch\/fr\/produits\/impermeabilisant-et-anti-taches-pour-sols-facades-et-murs\/","name":"Imperm\u00e9abilisant et anti-t\u00e2ches pour sols, fa\u00e7ades et murs - proone","isPartOf":{"@id":"https:\/\/pro-one.ch\/fr\/#website"},"primaryImageOfPage":{"@id":"https:\/\/pro-one.ch\/fr\/produits\/impermeabilisant-et-anti-taches-pour-sols-facades-et-murs\/#primaryimage"},"image":{"@id":"https:\/\/pro-one.ch\/fr\/produits\/impermeabilisant-et-anti-taches-pour-sols-facades-et-murs\/#primaryimage"},"thumbnailUrl":"https:\/\/pro-one.ch\/wp-content\/uploads\/products\/7514987.jpg","datePublished":"2025-11-17T07:47:24+00:00","dateModified":"2025-11-17T08:59:39+00:00","breadcrumb":{"@id":"https:\/\/pro-one.ch\/fr\/produits\/impermeabilisant-et-anti-taches-pour-sols-facades-et-murs\/#breadcrumb"},"inLanguage":"fr-FR","potentialAction":[{"@type":"ReadAction","target":["https:\/\/pro-one.ch\/fr\/produits\/impermeabilisant-et-anti-taches-pour-sols-facades-et-murs\/"]}]},{"@type":"ImageObject","inLanguage":"fr-FR","@id":"https:\/\/pro-one.ch\/fr\/produits\/impermeabilisant-et-anti-taches-pour-sols-facades-et-murs\/#primaryimage","url":"https:\/\/pro-one.ch\/wp-content\/uploads\/products\/7514987.jpg","contentUrl":"https:\/\/pro-one.ch\/wp-content\/uploads\/products\/7514987.jpg","width":1495,"height":1920},{"@type":"BreadcrumbList","@id":"https:\/\/pro-one.ch\/fr\/produits\/impermeabilisant-et-anti-taches-pour-sols-facades-et-murs\/#breadcrumb","itemListElement":[{"@type":"ListItem","position":1,"name":"Accueil","item":"https:\/\/pro-one.ch\/fr\/"},{"@type":"ListItem","position":2,"name":"Assortiment","item":"https:\/\/pro-one.ch\/fr\/assortiment\/"},{"@type":"ListItem","position":3,"name":"Imperm\u00e9abilisant et anti-t\u00e2ches pour sols, fa\u00e7ades et murs"}]},{"@type":"WebSite","@id":"https:\/\/pro-one.ch\/fr\/#website","url":"https:\/\/pro-one.ch\/fr\/","name":"proone","description":"","potentialAction":[{"@type":"SearchAction","target":{"@type":"EntryPoint","urlTemplate":"https:\/\/pro-one.ch\/fr\/?s={search_term_string}"},"query-input":{"@type":"PropertyValueSpecification","valueRequired":true,"valueName":"search_term_string"}}],"inLanguage":"fr-FR"}]}},"_links":{"self":[{"href":"https:\/\/pro-one.ch\/fr\/wp-json\/wp\/v2\/product\/85803","targetHints":{"allow":["GET"]}}],"collection":[{"href":"https:\/\/pro-one.ch\/fr\/wp-json\/wp\/v2\/product"}],"about":[{"href":"https:\/\/pro-one.ch\/fr\/wp-json\/wp\/v2\/types\/product"}],"wp:featuredmedia":[{"embeddable":true,"href":"https:\/\/pro-one.ch\/fr\/wp-json\/wp\/v2\/media\/30622"}],"wp:attachment":[{"href":"https:\/\/pro-one.ch\/fr\/wp-json\/wp\/v2\/media?parent=85803"}],"wp:term":[{"taxonomy":"product_brand","embeddable":true,"href":"https:\/\/pro-one.ch\/fr\/wp-json\/wp\/v2\/product_brand?post=85803"},{"taxonomy":"product_cat","embeddable":true,"href":"https:\/\/pro-one.ch\/fr\/wp-json\/wp\/v2\/product_cat?post=85803"},{"taxonomy":"product_tag","embeddable":true,"href":"https:\/\/pro-one.ch\/fr\/wp-json\/wp\/v2\/product_tag?post=85803"}],"curies":[{"name":"wp","href":"https:\/\/api.w.org\/{rel}","templated":true}]}}