{"id":85820,"date":"2025-11-17T08:47:40","date_gmt":"2025-11-17T07:47:40","guid":{"rendered":"https:\/\/pro-one.ch\/produkte\/ntense-impregnation-anti-tache-surfaces-peu-poreuses\/"},"modified":"2025-11-17T09:59:44","modified_gmt":"2025-11-17T08:59:44","slug":"ntense-impregnation-anti-tache-surfaces-peu-poreuses","status":"publish","type":"product","link":"https:\/\/pro-one.ch\/fr\/produits\/ntense-impregnation-anti-tache-surfaces-peu-poreuses\/","title":{"rendered":"NTENSE Impr\u00e9gnation anti-t\u00e2che surfaces peu poreuses"},"content":{"rendered":"<p>Hydrofuge, ol\u00e9ofuge, anti-taches et anti-salissures, la protection totale des mat\u00e9riaux tr\u00e8s peu poreux, polis ou cristallis\u00e9s<\/p>\n<p>\u2022 Protection eau, huile, taches, gel, graffiti<br \/>\n\u2022 R\u00e9siste \u00e0 l\u2019abrasion<br \/>\n\u2022 Ne change pas la couleur<br \/>\n\u2022 Int\u00e9rieur et ext\u00e9rieur<br \/>\n\u2022 Formul\u00e9 avec plus de 90 % de mati\u00e8re active<br \/>\n\u2022 Ne forme pas de film, laisse respirer le support<br \/>\n\u2022 R\u00e9siste aux uv et au gel<\/p>\n","protected":false},"excerpt":{"rendered":"<p>Hydrofuge, ol\u00e9ofuge, anti-taches et anti-salissures, la protection totale des mat\u00e9riaux tr\u00e8s peu poreux, polis ou cristallis\u00e9s<\/p>\n<p>\u2022 Protection eau, huile, taches, gel, graffiti<br \/>\n\u2022 R\u00e9siste \u00e0 l\u2019abrasion<br \/>\n\u2022 Ne change pas la couleur<br \/>\n\u2022 Int\u00e9rieur et ext\u00e9rieur<br \/>\n\u2022 Formul\u00e9 avec plus de 90 % de mati\u00e8re active<br \/>\n\u2022 Ne forme pas de film, laisse respirer le support<br \/>\n\u2022 R\u00e9siste aux uv et au gel<\/p>\n","protected":false},"featured_media":62327,"template":"","meta":[],"product_brand":[],"product_cat":[78],"product_tag":[],"class_list":{"0":"post-85820","1":"product","2":"type-product","3":"status-publish","4":"has-post-thumbnail","6":"product_cat-produits-nettoyants","8":"first","9":"instock","10":"purchasable","11":"product-type-variable"},"yoast_head":"<!-- This site is optimized with the Yoast SEO plugin v27.5 - https:\/\/yoast.com\/product\/yoast-seo-wordpress\/ -->\n<title>NTENSE Impr\u00e9gnation anti-t\u00e2che surfaces peu poreuses - proone<\/title>\n<meta name=\"robots\" content=\"index, follow, max-snippet:-1, max-image-preview:large, max-video-preview:-1\" \/>\n<link rel=\"canonical\" href=\"https:\/\/pro-one.ch\/fr\/produits\/ntense-impregnation-anti-tache-surfaces-peu-poreuses\/\" \/>\n<meta property=\"og:locale\" content=\"fr_FR\" \/>\n<meta property=\"og:type\" content=\"article\" \/>\n<meta property=\"og:title\" content=\"NTENSE Impr\u00e9gnation anti-t\u00e2che surfaces peu poreuses - proone\" \/>\n<meta property=\"og:description\" content=\"Hydrofuge, ol\u00e9ofuge, anti-taches et anti-salissures, la protection totale des mat\u00e9riaux tr\u00e8s peu poreux, polis ou cristallis\u00e9s \u2022 Protection eau, huile, taches, gel, graffiti \u2022 R\u00e9siste \u00e0 l\u2019abrasion \u2022 Ne change pas la couleur \u2022 Int\u00e9rieur et ext\u00e9rieur \u2022 Formul\u00e9 avec plus de 90 % de mati\u00e8re active \u2022 Ne forme pas de film, laisse respirer le support \u2022 R\u00e9siste aux uv et au gel\" \/>\n<meta property=\"og:url\" content=\"https:\/\/pro-one.ch\/fr\/produits\/ntense-impregnation-anti-tache-surfaces-peu-poreuses\/\" \/>\n<meta property=\"og:site_name\" content=\"proone\" \/>\n<meta property=\"article:modified_time\" content=\"2025-11-17T08:59:44+00:00\" \/>\n<meta property=\"og:image\" content=\"https:\/\/pro-one.ch\/wp-content\/uploads\/products\/9148776.jpg\" \/>\n\t<meta property=\"og:image:width\" content=\"446\" \/>\n\t<meta property=\"og:image:height\" content=\"1200\" \/>\n\t<meta property=\"og:image:type\" content=\"image\/jpeg\" \/>\n<meta name=\"twitter:card\" content=\"summary_large_image\" \/>\n<script type=\"application\/ld+json\" class=\"yoast-schema-graph\">{\"@context\":\"https:\\\/\\\/schema.org\",\"@graph\":[{\"@type\":\"WebPage\",\"@id\":\"https:\\\/\\\/pro-one.ch\\\/fr\\\/produits\\\/ntense-impregnation-anti-tache-surfaces-peu-poreuses\\\/\",\"url\":\"https:\\\/\\\/pro-one.ch\\\/fr\\\/produits\\\/ntense-impregnation-anti-tache-surfaces-peu-poreuses\\\/\",\"name\":\"NTENSE Impr\u00e9gnation anti-t\u00e2che surfaces peu poreuses - proone\",\"isPartOf\":{\"@id\":\"https:\\\/\\\/pro-one.ch\\\/fr\\\/#website\"},\"primaryImageOfPage\":{\"@id\":\"https:\\\/\\\/pro-one.ch\\\/fr\\\/produits\\\/ntense-impregnation-anti-tache-surfaces-peu-poreuses\\\/#primaryimage\"},\"image\":{\"@id\":\"https:\\\/\\\/pro-one.ch\\\/fr\\\/produits\\\/ntense-impregnation-anti-tache-surfaces-peu-poreuses\\\/#primaryimage\"},\"thumbnailUrl\":\"https:\\\/\\\/pro-one.ch\\\/wp-content\\\/uploads\\\/products\\\/9148776.jpg\",\"datePublished\":\"2025-11-17T07:47:40+00:00\",\"dateModified\":\"2025-11-17T08:59:44+00:00\",\"breadcrumb\":{\"@id\":\"https:\\\/\\\/pro-one.ch\\\/fr\\\/produits\\\/ntense-impregnation-anti-tache-surfaces-peu-poreuses\\\/#breadcrumb\"},\"inLanguage\":\"fr-FR\",\"potentialAction\":[{\"@type\":\"ReadAction\",\"target\":[\"https:\\\/\\\/pro-one.ch\\\/fr\\\/produits\\\/ntense-impregnation-anti-tache-surfaces-peu-poreuses\\\/\"]}]},{\"@type\":\"ImageObject\",\"inLanguage\":\"fr-FR\",\"@id\":\"https:\\\/\\\/pro-one.ch\\\/fr\\\/produits\\\/ntense-impregnation-anti-tache-surfaces-peu-poreuses\\\/#primaryimage\",\"url\":\"https:\\\/\\\/pro-one.ch\\\/wp-content\\\/uploads\\\/products\\\/9148776.jpg\",\"contentUrl\":\"https:\\\/\\\/pro-one.ch\\\/wp-content\\\/uploads\\\/products\\\/9148776.jpg\",\"width\":446,\"height\":1200},{\"@type\":\"BreadcrumbList\",\"@id\":\"https:\\\/\\\/pro-one.ch\\\/fr\\\/produits\\\/ntense-impregnation-anti-tache-surfaces-peu-poreuses\\\/#breadcrumb\",\"itemListElement\":[{\"@type\":\"ListItem\",\"position\":1,\"name\":\"Accueil\",\"item\":\"https:\\\/\\\/pro-one.ch\\\/fr\\\/\"},{\"@type\":\"ListItem\",\"position\":2,\"name\":\"Assortiment\",\"item\":\"https:\\\/\\\/pro-one.ch\\\/fr\\\/assortiment\\\/\"},{\"@type\":\"ListItem\",\"position\":3,\"name\":\"NTENSE Impr\u00e9gnation anti-t\u00e2che surfaces peu poreuses\"}]},{\"@type\":\"WebSite\",\"@id\":\"https:\\\/\\\/pro-one.ch\\\/fr\\\/#website\",\"url\":\"https:\\\/\\\/pro-one.ch\\\/fr\\\/\",\"name\":\"proone\",\"description\":\"\",\"potentialAction\":[{\"@type\":\"SearchAction\",\"target\":{\"@type\":\"EntryPoint\",\"urlTemplate\":\"https:\\\/\\\/pro-one.ch\\\/fr\\\/?s={search_term_string}\"},\"query-input\":{\"@type\":\"PropertyValueSpecification\",\"valueRequired\":true,\"valueName\":\"search_term_string\"}}],\"inLanguage\":\"fr-FR\"}]}<\/script>\n<!-- \/ Yoast SEO plugin. -->","yoast_head_json":{"title":"NTENSE Impr\u00e9gnation anti-t\u00e2che surfaces peu poreuses - proone","robots":{"index":"index","follow":"follow","max-snippet":"max-snippet:-1","max-image-preview":"max-image-preview:large","max-video-preview":"max-video-preview:-1"},"canonical":"https:\/\/pro-one.ch\/fr\/produits\/ntense-impregnation-anti-tache-surfaces-peu-poreuses\/","og_locale":"fr_FR","og_type":"article","og_title":"NTENSE Impr\u00e9gnation anti-t\u00e2che surfaces peu poreuses - proone","og_description":"Hydrofuge, ol\u00e9ofuge, anti-taches et anti-salissures, la protection totale des mat\u00e9riaux tr\u00e8s peu poreux, polis ou cristallis\u00e9s \u2022 Protection eau, huile, taches, gel, graffiti \u2022 R\u00e9siste \u00e0 l\u2019abrasion \u2022 Ne change pas la couleur \u2022 Int\u00e9rieur et ext\u00e9rieur \u2022 Formul\u00e9 avec plus de 90 % de mati\u00e8re active \u2022 Ne forme pas de film, laisse respirer le support \u2022 R\u00e9siste aux uv et au gel","og_url":"https:\/\/pro-one.ch\/fr\/produits\/ntense-impregnation-anti-tache-surfaces-peu-poreuses\/","og_site_name":"proone","article_modified_time":"2025-11-17T08:59:44+00:00","og_image":[{"width":446,"height":1200,"url":"https:\/\/pro-one.ch\/wp-content\/uploads\/products\/9148776.jpg","type":"image\/jpeg"}],"twitter_card":"summary_large_image","schema":{"@context":"https:\/\/schema.org","@graph":[{"@type":"WebPage","@id":"https:\/\/pro-one.ch\/fr\/produits\/ntense-impregnation-anti-tache-surfaces-peu-poreuses\/","url":"https:\/\/pro-one.ch\/fr\/produits\/ntense-impregnation-anti-tache-surfaces-peu-poreuses\/","name":"NTENSE Impr\u00e9gnation anti-t\u00e2che surfaces peu poreuses - proone","isPartOf":{"@id":"https:\/\/pro-one.ch\/fr\/#website"},"primaryImageOfPage":{"@id":"https:\/\/pro-one.ch\/fr\/produits\/ntense-impregnation-anti-tache-surfaces-peu-poreuses\/#primaryimage"},"image":{"@id":"https:\/\/pro-one.ch\/fr\/produits\/ntense-impregnation-anti-tache-surfaces-peu-poreuses\/#primaryimage"},"thumbnailUrl":"https:\/\/pro-one.ch\/wp-content\/uploads\/products\/9148776.jpg","datePublished":"2025-11-17T07:47:40+00:00","dateModified":"2025-11-17T08:59:44+00:00","breadcrumb":{"@id":"https:\/\/pro-one.ch\/fr\/produits\/ntense-impregnation-anti-tache-surfaces-peu-poreuses\/#breadcrumb"},"inLanguage":"fr-FR","potentialAction":[{"@type":"ReadAction","target":["https:\/\/pro-one.ch\/fr\/produits\/ntense-impregnation-anti-tache-surfaces-peu-poreuses\/"]}]},{"@type":"ImageObject","inLanguage":"fr-FR","@id":"https:\/\/pro-one.ch\/fr\/produits\/ntense-impregnation-anti-tache-surfaces-peu-poreuses\/#primaryimage","url":"https:\/\/pro-one.ch\/wp-content\/uploads\/products\/9148776.jpg","contentUrl":"https:\/\/pro-one.ch\/wp-content\/uploads\/products\/9148776.jpg","width":446,"height":1200},{"@type":"BreadcrumbList","@id":"https:\/\/pro-one.ch\/fr\/produits\/ntense-impregnation-anti-tache-surfaces-peu-poreuses\/#breadcrumb","itemListElement":[{"@type":"ListItem","position":1,"name":"Accueil","item":"https:\/\/pro-one.ch\/fr\/"},{"@type":"ListItem","position":2,"name":"Assortiment","item":"https:\/\/pro-one.ch\/fr\/assortiment\/"},{"@type":"ListItem","position":3,"name":"NTENSE Impr\u00e9gnation anti-t\u00e2che surfaces peu poreuses"}]},{"@type":"WebSite","@id":"https:\/\/pro-one.ch\/fr\/#website","url":"https:\/\/pro-one.ch\/fr\/","name":"proone","description":"","potentialAction":[{"@type":"SearchAction","target":{"@type":"EntryPoint","urlTemplate":"https:\/\/pro-one.ch\/fr\/?s={search_term_string}"},"query-input":{"@type":"PropertyValueSpecification","valueRequired":true,"valueName":"search_term_string"}}],"inLanguage":"fr-FR"}]}},"_links":{"self":[{"href":"https:\/\/pro-one.ch\/fr\/wp-json\/wp\/v2\/product\/85820","targetHints":{"allow":["GET"]}}],"collection":[{"href":"https:\/\/pro-one.ch\/fr\/wp-json\/wp\/v2\/product"}],"about":[{"href":"https:\/\/pro-one.ch\/fr\/wp-json\/wp\/v2\/types\/product"}],"wp:featuredmedia":[{"embeddable":true,"href":"https:\/\/pro-one.ch\/fr\/wp-json\/wp\/v2\/media\/62327"}],"wp:attachment":[{"href":"https:\/\/pro-one.ch\/fr\/wp-json\/wp\/v2\/media?parent=85820"}],"wp:term":[{"taxonomy":"product_brand","embeddable":true,"href":"https:\/\/pro-one.ch\/fr\/wp-json\/wp\/v2\/product_brand?post=85820"},{"taxonomy":"product_cat","embeddable":true,"href":"https:\/\/pro-one.ch\/fr\/wp-json\/wp\/v2\/product_cat?post=85820"},{"taxonomy":"product_tag","embeddable":true,"href":"https:\/\/pro-one.ch\/fr\/wp-json\/wp\/v2\/product_tag?post=85820"}],"curies":[{"name":"wp","href":"https:\/\/api.w.org\/{rel}","templated":true}]}}