{"id":44168,"date":"2024-09-11T23:02:23","date_gmt":"2024-09-11T21:02:23","guid":{"rendered":"https:\/\/dev-proone.ch\/lista-di-confronto\/"},"modified":"2024-10-14T15:42:12","modified_gmt":"2024-10-14T13:42:12","slug":"lista-di-confronto","status":"publish","type":"page","link":"https:\/\/pro-one.ch\/it\/lista-di-confronto\/","title":{"rendered":"Lista di confronto"},"content":{"rendered":"\t\t<div data-elementor-type=\"wp-page\" data-elementor-id=\"44168\" class=\"elementor elementor-44168 elementor-44029\">\n\t\t\t\t<div class=\"elementor-element elementor-element-3a2e197 e-flex e-con-boxed e-con e-parent\" data-id=\"3a2e197\" data-element_type=\"container\" data-e-type=\"container\" data-settings=\"{&quot;jet_parallax_layout_list&quot;:[]}\">\n\t\t\t\t\t<div class=\"e-con-inner\">\n\t\t\t\t<div class=\"elementor-element elementor-element-be98a15 elementor-widget elementor-widget-text-editor\" data-id=\"be98a15\" data-element_type=\"widget\" data-e-type=\"widget\" data-widget_type=\"text-editor.default\">\n\t\t\t\t<div class=\"elementor-widget-container\">\n\t\t\t\t\t\t\t\t\t<h1>Lista di confronto<\/h1>\n\t\t\t\t\t\t\t\t<\/div>\n\t\t\t\t<\/div>\n\t\t\t\t<div class=\"elementor-element elementor-element-c38255f elementor-widget elementor-widget-jet-compare\" data-id=\"c38255f\" data-element_type=\"widget\" data-e-type=\"widget\" data-widget_type=\"jet-compare.default\">\n\t\t\t\t<div class=\"elementor-widget-container\">\n\t\t\t\t\t<div class=\"jet-cw jet-compare\">\n\t\t\t<div class=\"jet-compare-table__wrapper\" data-widget-type=\"jet-compare\" data-widget-id=\"c38255f\">\n\t\t\t\t<h5 class=\"jet-compare-table-empty\">Non ci sono liste di confronto. Aggiungi prodotti per il confronto. <\/h5>\n\t\t\t<\/div>\n\n\t\t\t<\/div>\t\t\t\t<\/div>\n\t\t\t\t<\/div>\n\t\t<div class=\"elementor-element elementor-element-b286ab2 e-con-full e-flex e-con e-child\" data-id=\"b286ab2\" data-element_type=\"container\" data-e-type=\"container\" data-settings=\"{&quot;jet_parallax_layout_list&quot;:[]}\">\n\t\t<div class=\"elementor-element elementor-element-e819201 e-con-full conditionnel e-flex e-con e-child\" data-id=\"e819201\" data-element_type=\"container\" data-e-type=\"container\" data-settings=\"{&quot;jet_parallax_layout_list&quot;:[]}\">\n\t\t\t\t<div class=\"elementor-element elementor-element-3b427f6 conditionnel elementor-widget elementor-widget-text-editor\" data-id=\"3b427f6\" data-element_type=\"widget\" data-e-type=\"widget\" data-widget_type=\"text-editor.default\">\n\t\t\t\t<div class=\"elementor-widget-container\">\n\t\t\t\t\t\t\t\t\t<p>Fare clic sull&#8217;icona \u201cConfronta\u201d nella pagina del prodotto,<br \/>per selezionare due o tre prodotti da confrontare.<\/p>\t\t\t\t\t\t\t\t<\/div>\n\t\t\t\t<\/div>\n\t\t\t\t<div class=\"elementor-element elementor-element-e3f6fe6 elementor-widget elementor-widget-button\" data-id=\"e3f6fe6\" data-element_type=\"widget\" data-e-type=\"widget\" data-widget_type=\"button.default\">\n\t\t\t\t<div class=\"elementor-widget-container\">\n\t\t\t\t\t\t\t\t\t<div class=\"elementor-button-wrapper\">\n\t\t\t\t\t<a class=\"elementor-button elementor-button-link elementor-size-sm\" href=\"\/it\/assortimento\/\">\n\t\t\t\t\t\t<span class=\"elementor-button-content-wrapper\">\n\t\t\t\t\t\t\t\t\t<span class=\"elementor-button-text\">&lt; Seleziona i prodotti<\/span>\n\t\t\t\t\t<\/span>\n\t\t\t\t\t<\/a>\n\t\t\t\t<\/div>\n\t\t\t\t\t\t\t\t<\/div>\n\t\t\t\t<\/div>\n\t\t\t\t<div class=\"elementor-element elementor-element-bfe6c4c elementor-widget elementor-widget-image\" data-id=\"bfe6c4c\" data-element_type=\"widget\" data-e-type=\"widget\" data-widget_type=\"image.default\">\n\t\t\t\t<div class=\"elementor-widget-container\">\n\t\t\t\t\t\t\t\t\t\t\t\t\t\t\t<img fetchpriority=\"high\" decoding=\"async\" width=\"319\" height=\"328\" src=\"https:\/\/pro-one.ch\/wp-content\/uploads\/2024\/09\/product-vergleichen-it.jpg\" class=\"attachment-full size-full wp-image-44351\" alt=\"\" srcset=\"https:\/\/pro-one.ch\/wp-content\/uploads\/2024\/09\/product-vergleichen-it.jpg 319w, https:\/\/pro-one.ch\/wp-content\/uploads\/2024\/09\/product-vergleichen-it-292x300.jpg 292w\" sizes=\"(max-width: 319px) 100vw, 319px\" \/>\t\t\t\t\t\t\t\t\t\t\t\t\t\t\t<\/div>\n\t\t\t\t<\/div>\n\t\t\t\t<\/div>\n\t\t\t\t<\/div>\n\t\t\t\t<div class=\"elementor-element elementor-element-bc4bbaf elementor-widget elementor-widget-html\" data-id=\"bc4bbaf\" data-element_type=\"widget\" data-e-type=\"widget\" data-widget_type=\"html.default\">\n\t\t\t\t<div class=\"elementor-widget-container\">\n\t\t\t\t\t\n\n<script>\n    \/\/ V\u00e9rifier si la page contient une balise <table>\n    if (document.querySelector('table')) {\n        \/\/ S\u00e9lectionner tous les \u00e9l\u00e9ments avec la classe 'conditionnel'\n        let elements = document.querySelectorAll('.conditionnel');\n        \/\/ Masquer chaque \u00e9l\u00e9ment de la classe\n        elements.forEach(function(element) {\n            element.style.display = 'none';\n        });\n    }\n<\/script>\t\t\t\t<\/div>\n\t\t\t\t<\/div>\n\t\t\t\t\t<\/div>\n\t\t\t\t<\/div>\n\t\t\t\t<\/div>\n\t\t","protected":false},"excerpt":{"rendered":"<p>Lista di confronto Non ci sono liste di confronto. Aggiungi prodotti per il confronto. Fare clic sull&#8217;icona \u201cConfronta\u201d nella pagina del prodotto,per selezionare due o tre prodotti da confrontare. < Seleziona i prodotti\n<\/p>\n","protected":false},"author":1,"featured_media":0,"parent":0,"menu_order":0,"comment_status":"closed","ping_status":"closed","template":"","meta":{"footnotes":""},"class_list":["post-44168","page","type-page","status-publish","hentry"],"yoast_head":"<!-- This site is optimized with the Yoast SEO plugin v27.0 - https:\/\/yoast.com\/product\/yoast-seo-wordpress\/ -->\n<title>Lista di confronto - proone<\/title>\n<meta name=\"robots\" content=\"index, follow, max-snippet:-1, max-image-preview:large, max-video-preview:-1\" \/>\n<link rel=\"canonical\" href=\"https:\/\/pro-one.ch\/it\/lista-di-confronto\/\" \/>\n<meta property=\"og:locale\" content=\"it_IT\" \/>\n<meta property=\"og:type\" content=\"article\" \/>\n<meta property=\"og:title\" content=\"Lista di confronto - proone\" \/>\n<meta property=\"og:description\" content=\"Lista di confronto Non ci sono liste di confronto. Aggiungi prodotti per il confronto. Fare clic sull&#8217;icona \u201cConfronta\u201d nella pagina del prodotto,per selezionare due o tre prodotti da confrontare. &lt; Seleziona i prodotti\" \/>\n<meta property=\"og:url\" content=\"https:\/\/pro-one.ch\/it\/lista-di-confronto\/\" \/>\n<meta property=\"og:site_name\" content=\"proone\" \/>\n<meta property=\"article:modified_time\" content=\"2024-10-14T13:42:12+00:00\" \/>\n<meta property=\"og:image\" content=\"http:\/\/pro-one.ch\/wp-content\/uploads\/2024\/09\/product-vergleichen-it.jpg\" \/>\n<meta name=\"twitter:card\" content=\"summary_large_image\" \/>\n<meta name=\"twitter:label1\" content=\"Tempo di lettura stimato\" \/>\n\t<meta name=\"twitter:data1\" content=\"1 minuto\" \/>\n<script type=\"application\/ld+json\" class=\"yoast-schema-graph\">{\"@context\":\"https:\/\/schema.org\",\"@graph\":[{\"@type\":\"WebPage\",\"@id\":\"https:\/\/pro-one.ch\/it\/lista-di-confronto\/\",\"url\":\"https:\/\/pro-one.ch\/it\/lista-di-confronto\/\",\"name\":\"Lista di confronto - proone\",\"isPartOf\":{\"@id\":\"https:\/\/pro-one.ch\/it\/#website\"},\"primaryImageOfPage\":{\"@id\":\"https:\/\/pro-one.ch\/it\/lista-di-confronto\/#primaryimage\"},\"image\":{\"@id\":\"https:\/\/pro-one.ch\/it\/lista-di-confronto\/#primaryimage\"},\"thumbnailUrl\":\"http:\/\/pro-one.ch\/wp-content\/uploads\/2024\/09\/product-vergleichen-it.jpg\",\"datePublished\":\"2024-09-11T21:02:23+00:00\",\"dateModified\":\"2024-10-14T13:42:12+00:00\",\"breadcrumb\":{\"@id\":\"https:\/\/pro-one.ch\/it\/lista-di-confronto\/#breadcrumb\"},\"inLanguage\":\"it-IT\",\"potentialAction\":[{\"@type\":\"ReadAction\",\"target\":[\"https:\/\/pro-one.ch\/it\/lista-di-confronto\/\"]}]},{\"@type\":\"ImageObject\",\"inLanguage\":\"it-IT\",\"@id\":\"https:\/\/pro-one.ch\/it\/lista-di-confronto\/#primaryimage\",\"url\":\"http:\/\/pro-one.ch\/wp-content\/uploads\/2024\/09\/product-vergleichen-it.jpg\",\"contentUrl\":\"http:\/\/pro-one.ch\/wp-content\/uploads\/2024\/09\/product-vergleichen-it.jpg\"},{\"@type\":\"BreadcrumbList\",\"@id\":\"https:\/\/pro-one.ch\/it\/lista-di-confronto\/#breadcrumb\",\"itemListElement\":[{\"@type\":\"ListItem\",\"position\":1,\"name\":\"Accueil\",\"item\":\"https:\/\/pro-one.ch\/it\/\"},{\"@type\":\"ListItem\",\"position\":2,\"name\":\"Lista di confronto\"}]},{\"@type\":\"WebSite\",\"@id\":\"https:\/\/pro-one.ch\/it\/#website\",\"url\":\"https:\/\/pro-one.ch\/it\/\",\"name\":\"proone\",\"description\":\"\",\"potentialAction\":[{\"@type\":\"SearchAction\",\"target\":{\"@type\":\"EntryPoint\",\"urlTemplate\":\"https:\/\/pro-one.ch\/it\/?s={search_term_string}\"},\"query-input\":{\"@type\":\"PropertyValueSpecification\",\"valueRequired\":true,\"valueName\":\"search_term_string\"}}],\"inLanguage\":\"it-IT\"}]}<\/script>\n<!-- \/ Yoast SEO plugin. -->","yoast_head_json":{"title":"Lista di confronto - proone","robots":{"index":"index","follow":"follow","max-snippet":"max-snippet:-1","max-image-preview":"max-image-preview:large","max-video-preview":"max-video-preview:-1"},"canonical":"https:\/\/pro-one.ch\/it\/lista-di-confronto\/","og_locale":"it_IT","og_type":"article","og_title":"Lista di confronto - proone","og_description":"Lista di confronto Non ci sono liste di confronto. Aggiungi prodotti per il confronto. Fare clic sull&#8217;icona \u201cConfronta\u201d nella pagina del prodotto,per selezionare due o tre prodotti da confrontare. < Seleziona i prodotti","og_url":"https:\/\/pro-one.ch\/it\/lista-di-confronto\/","og_site_name":"proone","article_modified_time":"2024-10-14T13:42:12+00:00","og_image":[{"url":"http:\/\/pro-one.ch\/wp-content\/uploads\/2024\/09\/product-vergleichen-it.jpg","type":"","width":"","height":""}],"twitter_card":"summary_large_image","twitter_misc":{"Tempo di lettura stimato":"1 minuto"},"schema":{"@context":"https:\/\/schema.org","@graph":[{"@type":"WebPage","@id":"https:\/\/pro-one.ch\/it\/lista-di-confronto\/","url":"https:\/\/pro-one.ch\/it\/lista-di-confronto\/","name":"Lista di confronto - proone","isPartOf":{"@id":"https:\/\/pro-one.ch\/it\/#website"},"primaryImageOfPage":{"@id":"https:\/\/pro-one.ch\/it\/lista-di-confronto\/#primaryimage"},"image":{"@id":"https:\/\/pro-one.ch\/it\/lista-di-confronto\/#primaryimage"},"thumbnailUrl":"http:\/\/pro-one.ch\/wp-content\/uploads\/2024\/09\/product-vergleichen-it.jpg","datePublished":"2024-09-11T21:02:23+00:00","dateModified":"2024-10-14T13:42:12+00:00","breadcrumb":{"@id":"https:\/\/pro-one.ch\/it\/lista-di-confronto\/#breadcrumb"},"inLanguage":"it-IT","potentialAction":[{"@type":"ReadAction","target":["https:\/\/pro-one.ch\/it\/lista-di-confronto\/"]}]},{"@type":"ImageObject","inLanguage":"it-IT","@id":"https:\/\/pro-one.ch\/it\/lista-di-confronto\/#primaryimage","url":"http:\/\/pro-one.ch\/wp-content\/uploads\/2024\/09\/product-vergleichen-it.jpg","contentUrl":"http:\/\/pro-one.ch\/wp-content\/uploads\/2024\/09\/product-vergleichen-it.jpg"},{"@type":"BreadcrumbList","@id":"https:\/\/pro-one.ch\/it\/lista-di-confronto\/#breadcrumb","itemListElement":[{"@type":"ListItem","position":1,"name":"Accueil","item":"https:\/\/pro-one.ch\/it\/"},{"@type":"ListItem","position":2,"name":"Lista di confronto"}]},{"@type":"WebSite","@id":"https:\/\/pro-one.ch\/it\/#website","url":"https:\/\/pro-one.ch\/it\/","name":"proone","description":"","potentialAction":[{"@type":"SearchAction","target":{"@type":"EntryPoint","urlTemplate":"https:\/\/pro-one.ch\/it\/?s={search_term_string}"},"query-input":{"@type":"PropertyValueSpecification","valueRequired":true,"valueName":"search_term_string"}}],"inLanguage":"it-IT"}]}},"_links":{"self":[{"href":"https:\/\/pro-one.ch\/it\/wp-json\/wp\/v2\/pages\/44168","targetHints":{"allow":["GET"]}}],"collection":[{"href":"https:\/\/pro-one.ch\/it\/wp-json\/wp\/v2\/pages"}],"about":[{"href":"https:\/\/pro-one.ch\/it\/wp-json\/wp\/v2\/types\/page"}],"author":[{"embeddable":true,"href":"https:\/\/pro-one.ch\/it\/wp-json\/wp\/v2\/users\/1"}],"replies":[{"embeddable":true,"href":"https:\/\/pro-one.ch\/it\/wp-json\/wp\/v2\/comments?post=44168"}],"version-history":[{"count":22,"href":"https:\/\/pro-one.ch\/it\/wp-json\/wp\/v2\/pages\/44168\/revisions"}],"predecessor-version":[{"id":52848,"href":"https:\/\/pro-one.ch\/it\/wp-json\/wp\/v2\/pages\/44168\/revisions\/52848"}],"wp:attachment":[{"href":"https:\/\/pro-one.ch\/it\/wp-json\/wp\/v2\/media?parent=44168"}],"curies":[{"name":"wp","href":"https:\/\/api.w.org\/{rel}","templated":true}]}}